{"id":4670,"date":"2026-01-19T14:36:48","date_gmt":"2026-01-19T13:36:48","guid":{"rendered":"https:\/\/agora.xtec.cat\/insvaleriahaline\/?page_id=4670"},"modified":"2026-01-19T18:53:31","modified_gmt":"2026-01-19T17:53:31","slug":"henka","status":"publish","type":"page","link":"https:\/\/agora.xtec.cat\/insvaleriahaline\/henka\/","title":{"rendered":"HENKA"},"content":{"rendered":"<p>Des del curs 25-26 l&#8217;intitut foma part dels centre HENKA. Aquesta formaci\u00f3 que han rebut els tutors del centre serveix per desenvolupar tallers i activitats a tutoria que serveixen per <strong>millorar la resili\u00e8ncia dels alumnes, fomentar la comunicaci\u00f3 positiva i, en definitiva, millorar-ne la salut mental<\/strong>. HENKA sorgeix d&#8217;una col\u00b7laboraci\u00f3 entre el Departament d&#8217;Educaci\u00f3 i de l&#8217;Hospital de Sant Joan de D\u00e9u. Per a m\u00e9s infomaci\u00f3, cliqueu l&#8217;enlla\u00e7:<\/p>\n<p><a href=\"https:\/\/www.behenka.org\/ca\/centres-educatius\">EXPLICACI\u00d3 PROJECTE HENKA<\/a><\/p>\n","protected":false},"excerpt":{"rendered":"<p>Des del curs 25-26 l&#8217;intitut foma part dels centre HENKA. Aquesta formaci\u00f3 que han rebut els tutors del centre serveix per desenvolupar tallers i activitats a tutoria que serveixen per millorar la resili\u00e8ncia dels alumnes, fomentar la comunicaci\u00f3 positiva i, en definitiva, millorar-ne la salut mental. HENKA sorgeix d&#8217;una col\u00b7laboraci\u00f3 entre el Departament d&#8217;Educaci\u00f3 i [&hellip;]<\/p>\n","protected":false},"author":1,"featured_media":0,"parent":0,"menu_order":0,"comment_status":"closed","ping_status":"closed","template":"","meta":{"_bbp_topic_count":0,"_bbp_reply_count":0,"_bbp_total_topic_count":0,"_bbp_total_reply_count":0,"_bbp_voice_count":0,"_bbp_anonymous_reply_count":0,"_bbp_topic_count_hidden":0,"_bbp_reply_count_hidden":0,"_bbp_forum_subforum_count":0,"site-sidebar-layout":"default","site-content-layout":"","ast-site-content-layout":"default","site-content-style":"default","site-sidebar-style":"default","ast-global-header-display":"","ast-banner-title-visibility":"","ast-main-header-display":"","ast-hfb-above-header-display":"","ast-hfb-below-header-display":"","ast-hfb-mobile-header-display":"","site-post-title":"","ast-breadcrumbs-content":"","ast-featured-img":"","footer-sml-layout":"","theme-transparent-header-meta":"default","adv-header-id-meta":"","stick-header-meta":"","header-above-stick-meta":"","header-main-stick-meta":"","header-below-stick-meta":"","astra-migrate-meta-layouts":"set","ast-page-background-enabled":"default","ast-page-background-meta":{"desktop":{"background-color":"var(--ast-global-color-4)","background-image":"","background-repeat":"repeat","background-position":"center center","background-size":"auto","background-attachment":"scroll","background-type":"","background-media":"","overlay-type":"","overlay-color":"","overlay-opacity":"","overlay-gradient":""},"tablet":{"background-color":"","background-image":"","background-repeat":"repeat","background-position":"center center","background-size":"auto","background-attachment":"scroll","background-type":"","background-media":"","overlay-type":"","overlay-color":"","overlay-opacity":"","overlay-gradient":""},"mobile":{"background-color":"","background-image":"","background-repeat":"repeat","background-position":"center center","background-size":"auto","background-attachment":"scroll","background-type":"","background-media":"","overlay-type":"","overlay-color":"","overlay-opacity":"","overlay-gradient":""}},"ast-content-background-meta":{"desktop":{"background-color":"var(--ast-global-color-5)","background-image":"","background-repeat":"repeat","background-position":"center center","background-size":"auto","background-attachment":"scroll","background-type":"","background-media":"","overlay-type":"","overlay-color":"","overlay-opacity":"","overlay-gradient":""},"tablet":{"background-color":"var(--ast-global-color-5)","background-image":"","background-repeat":"repeat","background-position":"center center","background-size":"auto","background-attachment":"scroll","background-type":"","background-media":"","overlay-type":"","overlay-color":"","overlay-opacity":"","overlay-gradient":""},"mobile":{"background-color":"var(--ast-global-color-5)","background-image":"","background-repeat":"repeat","background-position":"center center","background-size":"auto","background-attachment":"scroll","background-type":"","background-media":"","overlay-type":"","overlay-color":"","overlay-opacity":"","overlay-gradient":""}},"footnotes":""},"class_list":["post-4670","page","type-page","status-publish","hentry"],"post_mailing_queue_ids":[],"_links":{"self":[{"href":"https:\/\/agora.xtec.cat\/insvaleriahaline\/wp-json\/wp\/v2\/pages\/4670","targetHints":{"allow":["GET"]}}],"collection":[{"href":"https:\/\/agora.xtec.cat\/insvaleriahaline\/wp-json\/wp\/v2\/pages"}],"about":[{"href":"https:\/\/agora.xtec.cat\/insvaleriahaline\/wp-json\/wp\/v2\/types\/page"}],"author":[{"embeddable":true,"href":"https:\/\/agora.xtec.cat\/insvaleriahaline\/wp-json\/wp\/v2\/users\/1"}],"replies":[{"embeddable":true,"href":"https:\/\/agora.xtec.cat\/insvaleriahaline\/wp-json\/wp\/v2\/comments?post=4670"}],"version-history":[{"count":4,"href":"https:\/\/agora.xtec.cat\/insvaleriahaline\/wp-json\/wp\/v2\/pages\/4670\/revisions"}],"predecessor-version":[{"id":4696,"href":"https:\/\/agora.xtec.cat\/insvaleriahaline\/wp-json\/wp\/v2\/pages\/4670\/revisions\/4696"}],"wp:attachment":[{"href":"https:\/\/agora.xtec.cat\/insvaleriahaline\/wp-json\/wp\/v2\/media?parent=4670"}],"curies":[{"name":"wp","href":"https:\/\/api.w.org\/{rel}","templated":true}]}}