{"id":46,"date":"2014-09-17T16:53:45","date_gmt":"2014-09-17T16:53:45","guid":{"rendered":"http:\/\/agora.xtec.cat\/insvaleriahaline\/?page_id=46"},"modified":"2025-12-15T14:11:36","modified_gmt":"2025-12-15T13:11:36","slug":"organigrama","status":"publish","type":"page","link":"https:\/\/agora.xtec.cat\/insvaleriahaline\/linstitut\/organigrama\/","title":{"rendered":"Organigrama"},"content":{"rendered":"<p>&nbsp;<\/p>\n<ul>\n<li>Equip directiu:\n<ul>\n<li>Director : Joan Vi\u00f1als Pascual<\/li>\n<li>Cap d&#8217;Estudis : Joan V\u00e1zquez<\/li>\n<li>Secretari :\u00a0Josep Maria Piulachs<\/li>\n<li>Coordinadora Pedag\u00f2gica : Pilar Moya Castellano<\/li>\n<\/ul>\n<\/li>\n<li>Departaments\n<ul>\n<li>Cient\u00edfic-Tecnol\u00f2gic<\/li>\n<li>Matem\u00e0tiques<\/li>\n<li>Lleng\u00fces<\/li>\n<li>Lleng\u00fces estrangeres<\/li>\n<li>Expressi\u00f3 art\u00edstica<\/li>\n<li>Humanitats<\/li>\n<li>Orientaci\u00f3 educativa<\/li>\n<\/ul>\n<\/li>\n<li><a href=\"https:\/\/agora.xtec.cat\/insvaleriahaline\/relacio-tutors-es-eso-20-21\/\">Tutories<\/a><\/li>\n<li><a href=\"http:\/\/agora.xtec.cat\/insvaleriahaline\/linstitut\/consell-escolar\/\">Consell Escolar<\/a><\/li>\n<li>PAS<\/li>\n<li><a href=\"http:\/\/agora.xtec.cat\/insvaleriahaline\/afa\">AFA<\/a><\/li>\n<\/ul>\n","protected":false},"excerpt":{"rendered":"<p>&nbsp; Equip directiu: Director : Joan Vi\u00f1als Pascual Cap d&#8217;Estudis : Joan V\u00e1zquez Secretari :\u00a0Josep Maria Piulachs Coordinadora Pedag\u00f2gica : Pilar Moya Castellano Departaments Cient\u00edfic-Tecnol\u00f2gic Matem\u00e0tiques Lleng\u00fces Lleng\u00fces estrangeres Expressi\u00f3 art\u00edstica Humanitats Orientaci\u00f3 educativa Tutories Consell Escolar PAS AFA<\/p>\n","protected":false},"author":1,"featured_media":0,"parent":19,"menu_order":50,"comment_status":"closed","ping_status":"closed","template":"","meta":{"_bbp_topic_count":0,"_bbp_reply_count":0,"_bbp_total_topic_count":0,"_bbp_total_reply_count":0,"_bbp_voice_count":0,"_bbp_anonymous_reply_count":0,"_bbp_topic_count_hidden":0,"_bbp_reply_count_hidden":0,"_bbp_forum_subforum_count":0,"site-sidebar-layout":"default","site-content-layout":"","ast-site-content-layout":"default","site-content-style":"default","site-sidebar-style":"default","ast-global-header-display":"","ast-banner-title-visibility":"","ast-main-header-display":"","ast-hfb-above-header-display":"","ast-hfb-below-header-display":"","ast-hfb-mobile-header-display":"","site-post-title":"","ast-breadcrumbs-content":"","ast-featured-img":"","footer-sml-layout":"","theme-transparent-header-meta":"default","adv-header-id-meta":"","stick-header-meta":"","header-above-stick-meta":"","header-main-stick-meta":"","header-below-stick-meta":"","astra-migrate-meta-layouts":"set","ast-page-background-enabled":"default","ast-page-background-meta":{"desktop":{"background-color":"var(--ast-global-color-4)","background-image":"","background-repeat":"repeat","background-position":"center center","background-size":"auto","background-attachment":"scroll","background-type":"","background-media":"","overlay-type":"","overlay-color":"","overlay-opacity":"","overlay-gradient":""},"tablet":{"background-color":"","background-image":"","background-repeat":"repeat","background-position":"center center","background-size":"auto","background-attachment":"scroll","background-type":"","background-media":"","overlay-type":"","overlay-color":"","overlay-opacity":"","overlay-gradient":""},"mobile":{"background-color":"","background-image":"","background-repeat":"repeat","background-position":"center center","background-size":"auto","background-attachment":"scroll","background-type":"","background-media":"","overlay-type":"","overlay-color":"","overlay-opacity":"","overlay-gradient":""}},"ast-content-background-meta":{"desktop":{"background-color":"var(--ast-global-color-5)","background-image":"","background-repeat":"repeat","background-position":"center center","background-size":"auto","background-attachment":"scroll","background-type":"","background-media":"","overlay-type":"","overlay-color":"","overlay-opacity":"","overlay-gradient":""},"tablet":{"background-color":"var(--ast-global-color-5)","background-image":"","background-repeat":"repeat","background-position":"center center","background-size":"auto","background-attachment":"scroll","background-type":"","background-media":"","overlay-type":"","overlay-color":"","overlay-opacity":"","overlay-gradient":""},"mobile":{"background-color":"var(--ast-global-color-5)","background-image":"","background-repeat":"repeat","background-position":"center center","background-size":"auto","background-attachment":"scroll","background-type":"","background-media":"","overlay-type":"","overlay-color":"","overlay-opacity":"","overlay-gradient":""}},"footnotes":""},"class_list":["post-46","page","type-page","status-publish","hentry"],"post_mailing_queue_ids":[],"_links":{"self":[{"href":"https:\/\/agora.xtec.cat\/insvaleriahaline\/wp-json\/wp\/v2\/pages\/46","targetHints":{"allow":["GET"]}}],"collection":[{"href":"https:\/\/agora.xtec.cat\/insvaleriahaline\/wp-json\/wp\/v2\/pages"}],"about":[{"href":"https:\/\/agora.xtec.cat\/insvaleriahaline\/wp-json\/wp\/v2\/types\/page"}],"author":[{"embeddable":true,"href":"https:\/\/agora.xtec.cat\/insvaleriahaline\/wp-json\/wp\/v2\/users\/1"}],"replies":[{"embeddable":true,"href":"https:\/\/agora.xtec.cat\/insvaleriahaline\/wp-json\/wp\/v2\/comments?post=46"}],"version-history":[{"count":6,"href":"https:\/\/agora.xtec.cat\/insvaleriahaline\/wp-json\/wp\/v2\/pages\/46\/revisions"}],"predecessor-version":[{"id":4638,"href":"https:\/\/agora.xtec.cat\/insvaleriahaline\/wp-json\/wp\/v2\/pages\/46\/revisions\/4638"}],"up":[{"embeddable":true,"href":"https:\/\/agora.xtec.cat\/insvaleriahaline\/wp-json\/wp\/v2\/pages\/19"}],"wp:attachment":[{"href":"https:\/\/agora.xtec.cat\/insvaleriahaline\/wp-json\/wp\/v2\/media?parent=46"}],"curies":[{"name":"wp","href":"https:\/\/api.w.org\/{rel}","templated":true}]}}