{"id":4223,"date":"2024-04-25T13:50:03","date_gmt":"2024-04-25T11:50:03","guid":{"rendered":"https:\/\/agora.xtec.cat\/insvaleriahaline\/?page_id=4223"},"modified":"2024-04-25T13:50:03","modified_gmt":"2024-04-25T11:50:03","slug":"transparencia-i-acces-a-la-informacio-publica","status":"publish","type":"page","link":"https:\/\/agora.xtec.cat\/insvaleriahaline\/transparencia-i-acces-a-la-informacio-publica\/","title":{"rendered":"Transpar\u00e8ncia i acc\u00e9s a la informaci\u00f3 p\u00fablica"},"content":{"rendered":"<p>D\u2019acord amb el que preveu l\u2019apartat de <b>Transpar\u00e8ncia i acc\u00e9s a la informaci\u00f3 p\u00fablica<\/b>, dels<b>\u00a0\u201cDocuments per a l\u2019organitzaci\u00f3 i la gesti\u00f3 dels centres\u201d,\u00a0<\/b>els centres educatius han de publicar, entre d\u2019altres informacions, la corresponent al pressupost amb la descripci\u00f3 de les partides pressupost\u00e0ries anuals i les dades de l&#8217;execuci\u00f3 i liquidaci\u00f3 d&#8217;aquest.<\/p>\n<ul>\n<li><a href=\"https:\/\/agora.xtec.cat\/insvaleriahaline\/wp-content\/uploads\/usu1263\/2024\/04\/Dades-del-pressupost-24.pdf\">Consulta les dades del pressupost 2024<\/a><\/li>\n<li><a href=\"https:\/\/agora.xtec.cat\/insvaleriahaline\/wp-content\/uploads\/usu1263\/2024\/04\/Liquidacio-del-pressupost.pdf\">Liquidaci\u00f3 econ\u00f2mica de l\u2019exercici 2023<\/a><\/li>\n<\/ul>\n","protected":false},"excerpt":{"rendered":"<p>D\u2019acord amb el que preveu l\u2019apartat de Transpar\u00e8ncia i acc\u00e9s a la informaci\u00f3 p\u00fablica, dels\u00a0\u201cDocuments per a l\u2019organitzaci\u00f3 i la gesti\u00f3 dels centres\u201d,\u00a0els centres educatius han de publicar, entre d\u2019altres informacions, la corresponent al pressupost amb la descripci\u00f3 de les partides pressupost\u00e0ries anuals i les dades de l&#8217;execuci\u00f3 i liquidaci\u00f3 d&#8217;aquest. Consulta les dades del [&hellip;]<\/p>\n","protected":false},"author":1,"featured_media":0,"parent":0,"menu_order":0,"comment_status":"closed","ping_status":"closed","template":"","meta":{"_bbp_topic_count":0,"_bbp_reply_count":0,"_bbp_total_topic_count":0,"_bbp_total_reply_count":0,"_bbp_voice_count":0,"_bbp_anonymous_reply_count":0,"_bbp_topic_count_hidden":0,"_bbp_reply_count_hidden":0,"_bbp_forum_subforum_count":0,"site-sidebar-layout":"default","site-content-layout":"","ast-site-content-layout":"","site-content-style":"default","site-sidebar-style":"default","ast-global-header-display":"","ast-banner-title-visibility":"","ast-main-header-display":"","ast-hfb-above-header-display":"","ast-hfb-below-header-display":"","ast-hfb-mobile-header-display":"","site-post-title":"","ast-breadcrumbs-content":"","ast-featured-img":"","footer-sml-layout":"","theme-transparent-header-meta":"","adv-header-id-meta":"","stick-header-meta":"","header-above-stick-meta":"","header-main-stick-meta":"","header-below-stick-meta":"","astra-migrate-meta-layouts":"default","ast-page-background-enabled":"default","ast-page-background-meta":{"desktop":{"background-color":"var(--ast-global-color-4)","background-image":"","background-repeat":"repeat","background-position":"center center","background-size":"auto","background-attachment":"scroll","background-type":"","background-media":"","overlay-type":"","overlay-color":"","overlay-opacity":"","overlay-gradient":""},"tablet":{"background-color":"","background-image":"","background-repeat":"repeat","background-position":"center center","background-size":"auto","background-attachment":"scroll","background-type":"","background-media":"","overlay-type":"","overlay-color":"","overlay-opacity":"","overlay-gradient":""},"mobile":{"background-color":"","background-image":"","background-repeat":"repeat","background-position":"center center","background-size":"auto","background-attachment":"scroll","background-type":"","background-media":"","overlay-type":"","overlay-color":"","overlay-opacity":"","overlay-gradient":""}},"ast-content-background-meta":{"desktop":{"background-color":"var(--ast-global-color-5)","background-image":"","background-repeat":"repeat","background-position":"center center","background-size":"auto","background-attachment":"scroll","background-type":"","background-media":"","overlay-type":"","overlay-color":"","overlay-opacity":"","overlay-gradient":""},"tablet":{"background-color":"var(--ast-global-color-5)","background-image":"","background-repeat":"repeat","background-position":"center center","background-size":"auto","background-attachment":"scroll","background-type":"","background-media":"","overlay-type":"","overlay-color":"","overlay-opacity":"","overlay-gradient":""},"mobile":{"background-color":"var(--ast-global-color-5)","background-image":"","background-repeat":"repeat","background-position":"center center","background-size":"auto","background-attachment":"scroll","background-type":"","background-media":"","overlay-type":"","overlay-color":"","overlay-opacity":"","overlay-gradient":""}},"footnotes":""},"class_list":["post-4223","page","type-page","status-publish","hentry"],"post_mailing_queue_ids":[],"_links":{"self":[{"href":"https:\/\/agora.xtec.cat\/insvaleriahaline\/wp-json\/wp\/v2\/pages\/4223","targetHints":{"allow":["GET"]}}],"collection":[{"href":"https:\/\/agora.xtec.cat\/insvaleriahaline\/wp-json\/wp\/v2\/pages"}],"about":[{"href":"https:\/\/agora.xtec.cat\/insvaleriahaline\/wp-json\/wp\/v2\/types\/page"}],"author":[{"embeddable":true,"href":"https:\/\/agora.xtec.cat\/insvaleriahaline\/wp-json\/wp\/v2\/users\/1"}],"replies":[{"embeddable":true,"href":"https:\/\/agora.xtec.cat\/insvaleriahaline\/wp-json\/wp\/v2\/comments?post=4223"}],"version-history":[{"count":1,"href":"https:\/\/agora.xtec.cat\/insvaleriahaline\/wp-json\/wp\/v2\/pages\/4223\/revisions"}],"predecessor-version":[{"id":4227,"href":"https:\/\/agora.xtec.cat\/insvaleriahaline\/wp-json\/wp\/v2\/pages\/4223\/revisions\/4227"}],"wp:attachment":[{"href":"https:\/\/agora.xtec.cat\/insvaleriahaline\/wp-json\/wp\/v2\/media?parent=4223"}],"curies":[{"name":"wp","href":"https:\/\/api.w.org\/{rel}","templated":true}]}}