{"id":4164,"date":"2024-02-27T14:11:37","date_gmt":"2024-02-27T13:11:37","guid":{"rendered":"https:\/\/agora.xtec.cat\/insvaleriahaline\/?page_id=4164"},"modified":"2025-06-26T11:08:13","modified_gmt":"2025-06-26T09:08:13","slug":"preinscripcio","status":"publish","type":"page","link":"https:\/\/agora.xtec.cat\/insvaleriahaline\/preinscripcio\/","title":{"rendered":"Preinscripci\u00f3"},"content":{"rendered":"<p style=\"text-align: center;\"><a href=\"https:\/\/agora.xtec.cat\/insvaleriahaline\/wp-content\/uploads\/usu1263\/2025\/03\/Exports_V03.jpg\"><img loading=\"lazy\" decoding=\"async\" class=\"alignnone size-large wp-image-4412\" src=\"https:\/\/agora.xtec.cat\/insvaleriahaline\/wp-content\/uploads\/usu1263\/2025\/03\/Exports_V03-1024x200.jpg\" alt=\"\" width=\"1024\" height=\"200\" srcset=\"https:\/\/agora.xtec.cat\/insvaleriahaline\/wp-content\/uploads\/usu1263\/2025\/03\/Exports_V03-1024x200.jpg 1024w, https:\/\/agora.xtec.cat\/insvaleriahaline\/wp-content\/uploads\/usu1263\/2025\/03\/Exports_V03-300x59.jpg 300w, https:\/\/agora.xtec.cat\/insvaleriahaline\/wp-content\/uploads\/usu1263\/2025\/03\/Exports_V03-768x150.jpg 768w, https:\/\/agora.xtec.cat\/insvaleriahaline\/wp-content\/uploads\/usu1263\/2025\/03\/Exports_V03-1536x301.jpg 1536w, https:\/\/agora.xtec.cat\/insvaleriahaline\/wp-content\/uploads\/usu1263\/2025\/03\/Exports_V03.jpg 1900w\" sizes=\"auto, (max-width: 1024px) 100vw, 1024px\" \/><\/a><\/p>\n<p style=\"text-align: center;\"><strong>En aquesta p\u00e0gina hi ha disponible informaci\u00f3 relativa al proc\u00e9s de preinscripci\u00f3 pel curs 2025\/26:<\/strong><\/p>\n<ul>\n<li>P\u00e0gina del departament amb tota la informaci\u00f3 de <a href=\"https:\/\/preinscripcio.gencat.cat\/ca\/estudis\/eso\/inici\/\" target=\"_blank\" rel=\"noopener\">la preinscripci\u00f3 escolar a l&#8217;educaci\u00f3 secund\u00e0ria obligat\u00f2ria (ESO)<\/a><\/li>\n<\/ul>\n<div tabindex=\"0\" role=\"button\" aria-label=\"Edita el codi de la reuni\u00f3\" aria-disabled=\"false\" data-tooltip=\"Edita\" data-tooltip-vertical-offset=\"-12\" data-tooltip-horizontal-offset=\"0\"><strong>Actualitzaci\u00f3 calendari:<\/strong><\/div>\n<div tabindex=\"0\" role=\"button\" aria-label=\"Edita el codi de la reuni\u00f3\" aria-disabled=\"false\" data-tooltip=\"Edita\" data-tooltip-vertical-offset=\"-12\" data-tooltip-horizontal-offset=\"0\"><span style=\"font-size: 12pt;\">5\/03\/24: <a href=\"https:\/\/agora.xtec.cat\/insvaleriahaline\/wp-content\/uploads\/usu1263\/2025\/03\/OFERTA_OME_INFORME_Inicial-.pdf\">Oferta inicial del centre<\/a><\/span><\/div>\n<div tabindex=\"0\" role=\"button\" aria-label=\"Edita el codi de la reuni\u00f3\" aria-disabled=\"false\" data-tooltip=\"Edita\" data-tooltip-vertical-offset=\"-12\" data-tooltip-horizontal-offset=\"0\">fins el 26\/03\/25: presenta la sol\u00b7licitud de preinscripci\u00f3<\/div>\n<div tabindex=\"0\" role=\"button\" aria-label=\"Edita el codi de la reuni\u00f3\" aria-disabled=\"false\" data-tooltip=\"Edita\" data-tooltip-vertical-offset=\"-12\" data-tooltip-horizontal-offset=\"0\"><span style=\"font-size: 12pt;\">24\/04\/25: <a href=\"https:\/\/agora.xtec.cat\/insvaleriahaline\/wp-content\/uploads\/usu1263\/2025\/04\/INFORME_BAREM_PROVISIONAL_BAREM-2025.26.pdf\" target=\"_blank\" rel=\"noopener\">barem provisional de puntuaci\u00f3<\/a>. <\/span>En cas de que vulgueu fer alguna reclamaci\u00f3 ho poder fer telem\u00e0ticament. Tamb\u00e9 us podeu adre\u00e7ar al centre educatiu, en cas de necessitar ajuda. Per saber m\u00e9s sobre la consulta i\/o reclamaci\u00f3, consulta la web de preinscripci\u00f3 del departament<\/div>\n<div tabindex=\"0\" role=\"button\" aria-label=\"Edita el codi de la reuni\u00f3\" aria-disabled=\"false\" data-tooltip=\"Edita\" data-tooltip-vertical-offset=\"-12\" data-tooltip-horizontal-offset=\"0\"><\/div>\n<div tabindex=\"0\" role=\"button\" aria-label=\"Edita el codi de la reuni\u00f3\" aria-disabled=\"false\" data-tooltip=\"Edita\" data-tooltip-vertical-offset=\"-12\" data-tooltip-horizontal-offset=\"0\"><span style=\"font-size: 18pt;\">5\/05\/25: <a href=\"https:\/\/agora.xtec.cat\/insvaleriahaline\/wp-content\/uploads\/usu1263\/2025\/05\/Diligencia-baremacio.pdf\" target=\"_blank\" rel=\"noopener\">llista amb la puntuaci\u00f3 despr\u00e9s de les reclamacions<\/a><\/span><\/div>\n<div tabindex=\"0\" role=\"button\" aria-label=\"Edita el codi de la reuni\u00f3\" aria-disabled=\"false\" data-tooltip=\"Edita\" data-tooltip-vertical-offset=\"-12\" data-tooltip-horizontal-offset=\"0\"><\/div>\n<div tabindex=\"0\" role=\"button\" aria-label=\"Edita el codi de la reuni\u00f3\" aria-disabled=\"false\" data-tooltip=\"Edita\" data-tooltip-vertical-offset=\"-12\" data-tooltip-horizontal-offset=\"0\">8\/05\/25: El n\u00famero de desempat \u00e9s el llista ordenada: 76261<\/div>\n<div tabindex=\"0\" role=\"button\" aria-label=\"Edita el codi de la reuni\u00f3\" aria-disabled=\"false\" data-tooltip=\"Edita\" data-tooltip-vertical-offset=\"-12\" data-tooltip-horizontal-offset=\"0\">properament: publicaci\u00f3 de la llista ordenada<\/div>\n<div tabindex=\"0\" role=\"button\" aria-label=\"Edita el codi de la reuni\u00f3\" aria-disabled=\"false\" data-tooltip=\"Edita\" data-tooltip-vertical-offset=\"-12\" data-tooltip-horizontal-offset=\"0\">properament: Oferta de places definitiva<\/div>\n<div tabindex=\"0\" role=\"button\" aria-label=\"Edita el codi de la reuni\u00f3\" aria-disabled=\"false\" data-tooltip=\"Edita\" data-tooltip-vertical-offset=\"-12\" data-tooltip-horizontal-offset=\"0\">\n<p>16\/06\/25: publicaci\u00f3 de:<\/p>\n<ul>\n<li style=\"list-style-type: none;\">\n<ul>\n<li><a href=\"https:\/\/agora.xtec.cat\/insvaleriahaline\/wp-content\/uploads\/usu1263\/2025\/06\/INFORME_ASSIGNADES_INFORME_ASSIGNADES.pdf\" target=\"_blank\" rel=\"noopener\">llistat definitiu d\u2019alumnat assignat al centre<\/a>: Les fam\u00edlies dels alumnes assignats al centre rebreu properament un correu amb les instruccions per a realitzar la matr\u00edcula.<\/li>\n<li>llista d&#8217;espera<\/li>\n<\/ul>\n<\/li>\n<\/ul>\n<\/div>\n<p><strong>FORMALITZA LA MATRICULACI\u00d3<\/strong>: entra a l&#8217;<a href=\"https:\/\/agora.xtec.cat\/insvaleriahaline\/secretaria\/matricula-alumnat-nou-al-centre-assignacio\/\" target=\"_blank\" rel=\"noopener\">enlla\u00e7 i segueix les instruccions<\/a><\/p>\n<p>&nbsp;<\/p>\n","protected":false},"excerpt":{"rendered":"<p>En aquesta p\u00e0gina hi ha disponible informaci\u00f3 relativa al proc\u00e9s de preinscripci\u00f3 pel curs 2025\/26: P\u00e0gina del departament amb tota la informaci\u00f3 de la preinscripci\u00f3 escolar a l&#8217;educaci\u00f3 secund\u00e0ria obligat\u00f2ria (ESO) Actualitzaci\u00f3 calendari: 5\/03\/24: Oferta inicial del centre fins el 26\/03\/25: presenta la sol\u00b7licitud de preinscripci\u00f3 24\/04\/25: barem provisional de puntuaci\u00f3. En cas de que [&hellip;]<\/p>\n","protected":false},"author":1,"featured_media":0,"parent":0,"menu_order":0,"comment_status":"closed","ping_status":"closed","template":"","meta":{"_bbp_topic_count":0,"_bbp_reply_count":0,"_bbp_total_topic_count":0,"_bbp_total_reply_count":0,"_bbp_voice_count":0,"_bbp_anonymous_reply_count":0,"_bbp_topic_count_hidden":0,"_bbp_reply_count_hidden":0,"_bbp_forum_subforum_count":0,"site-sidebar-layout":"default","site-content-layout":"","ast-site-content-layout":"","site-content-style":"default","site-sidebar-style":"default","ast-global-header-display":"","ast-banner-title-visibility":"","ast-main-header-display":"","ast-hfb-above-header-display":"","ast-hfb-below-header-display":"","ast-hfb-mobile-header-display":"","site-post-title":"","ast-breadcrumbs-content":"","ast-featured-img":"","footer-sml-layout":"","theme-transparent-header-meta":"","adv-header-id-meta":"","stick-header-meta":"","header-above-stick-meta":"","header-main-stick-meta":"","header-below-stick-meta":"","astra-migrate-meta-layouts":"default","ast-page-background-enabled":"default","ast-page-background-meta":{"desktop":{"background-color":"var(--ast-global-color-4)","background-image":"","background-repeat":"repeat","background-position":"center center","background-size":"auto","background-attachment":"scroll","background-type":"","background-media":"","overlay-type":"","overlay-color":"","overlay-opacity":"","overlay-gradient":""},"tablet":{"background-color":"","background-image":"","background-repeat":"repeat","background-position":"center center","background-size":"auto","background-attachment":"scroll","background-type":"","background-media":"","overlay-type":"","overlay-color":"","overlay-opacity":"","overlay-gradient":""},"mobile":{"background-color":"","background-image":"","background-repeat":"repeat","background-position":"center center","background-size":"auto","background-attachment":"scroll","background-type":"","background-media":"","overlay-type":"","overlay-color":"","overlay-opacity":"","overlay-gradient":""}},"ast-content-background-meta":{"desktop":{"background-color":"var(--ast-global-color-5)","background-image":"","background-repeat":"repeat","background-position":"center center","background-size":"auto","background-attachment":"scroll","background-type":"","background-media":"","overlay-type":"","overlay-color":"","overlay-opacity":"","overlay-gradient":""},"tablet":{"background-color":"var(--ast-global-color-5)","background-image":"","background-repeat":"repeat","background-position":"center center","background-size":"auto","background-attachment":"scroll","background-type":"","background-media":"","overlay-type":"","overlay-color":"","overlay-opacity":"","overlay-gradient":""},"mobile":{"background-color":"var(--ast-global-color-5)","background-image":"","background-repeat":"repeat","background-position":"center center","background-size":"auto","background-attachment":"scroll","background-type":"","background-media":"","overlay-type":"","overlay-color":"","overlay-opacity":"","overlay-gradient":""}},"footnotes":""},"class_list":["post-4164","page","type-page","status-publish","hentry"],"post_mailing_queue_ids":[],"_links":{"self":[{"href":"https:\/\/agora.xtec.cat\/insvaleriahaline\/wp-json\/wp\/v2\/pages\/4164","targetHints":{"allow":["GET"]}}],"collection":[{"href":"https:\/\/agora.xtec.cat\/insvaleriahaline\/wp-json\/wp\/v2\/pages"}],"about":[{"href":"https:\/\/agora.xtec.cat\/insvaleriahaline\/wp-json\/wp\/v2\/types\/page"}],"author":[{"embeddable":true,"href":"https:\/\/agora.xtec.cat\/insvaleriahaline\/wp-json\/wp\/v2\/users\/1"}],"replies":[{"embeddable":true,"href":"https:\/\/agora.xtec.cat\/insvaleriahaline\/wp-json\/wp\/v2\/comments?post=4164"}],"version-history":[{"count":7,"href":"https:\/\/agora.xtec.cat\/insvaleriahaline\/wp-json\/wp\/v2\/pages\/4164\/revisions"}],"predecessor-version":[{"id":4476,"href":"https:\/\/agora.xtec.cat\/insvaleriahaline\/wp-json\/wp\/v2\/pages\/4164\/revisions\/4476"}],"wp:attachment":[{"href":"https:\/\/agora.xtec.cat\/insvaleriahaline\/wp-json\/wp\/v2\/media?parent=4164"}],"curies":[{"name":"wp","href":"https:\/\/api.w.org\/{rel}","templated":true}]}}