{"id":3485,"date":"2021-07-02T12:34:06","date_gmt":"2021-07-02T10:34:06","guid":{"rendered":"https:\/\/agora.xtec.cat\/insvaleriahaline\/?page_id=3485"},"modified":"2025-07-15T09:54:03","modified_gmt":"2025-07-15T07:54:03","slug":"4t-eso-instruccions","status":"publish","type":"page","link":"https:\/\/agora.xtec.cat\/insvaleriahaline\/4t-eso-instruccions\/","title":{"rendered":"4t ESO INSTRUCCIONS PER A L\u2019ADQUISICI\u00d3 DELS LLIBRES DIGITALS\u00a02025-26"},"content":{"rendered":"<p><strong>4t ESO: <\/strong><span style=\"font-family: inherit; font-size: 1em;\">heu de fer <span style=\"text-decoration: underline;\">dues compres<\/span>: el <strong>Pack Teide<\/strong> (llic\u00e8ncies digitals i quaderns de CAST i CAT), i el llibre en paper i workbook digital <strong>d&#8217;angl\u00e8s<\/strong> (Choices 4). Els d&#8217;optativa de Franc\u00e8s o Alemany han de fer una compra m\u00e9s.<\/span><\/p>\n<p><span style=\"font-weight: 400;\">Seguiu les instruccions que a continuaci\u00f3 us posem per a fer la compra:<\/span><\/p>\n<p><strong>1.- LLIC\u00c8NCIES WEERAS:<\/strong> anar a la botiga virtual de l\u2019institut per comprar tots els llibres excepte idiomes estrangers <a href=\"https:\/\/insvaleria.tpvweb.com\/servei\/4teso-llicencies-digitals-weeras-2\/\" target=\"_blank\" rel=\"noopener\"><strong><span style=\"background-color: #ff99cc;\">ENLLA\u00c7 BOTIGA VIRTUAL<\/span>.<\/strong><\/a><\/p>\n<ul>\n<li style=\"list-style-type: none;\">\n<ul>\n<li>Si heu cedit un val (30 \u20ac ) o dos vals (60 \u20ac) a l&#8217;institut posteriorment se us abonaran aquestes quantitats mitjan\u00e7ant la mateixa forma de pagament que heu utilitzat.<\/li>\n<li>L&#8217;alumnat que comen\u00e7a nou al centre \u00e9s possible que no us figuri l&#8217;Institut Val\u00e8ria Halin\u00e9 en el moment de fer la cessi\u00f3 al centre. Segons el departament d&#8217;educaci\u00f3, estar\u00e0 disponible a partir del 15 de juliol&#8217;25. En aquest moment, es pot fer la cessi\u00f3 al centre.<\/li>\n<li>Una vegada s&#8217;activi i\/o es cedeixi el val escolar, aquesta acci\u00f3 \u00e9s irreversible.<\/li>\n<\/ul>\n<\/li>\n<\/ul>\n<ul>\n<li><strong>2.- LLIC\u00c8NCIES ANGL\u00c8S:<\/strong><\/li>\n<li><span style=\"font-weight: 400;\">Heu de comprar el llibre en paper i el workbook en versi\u00f3 digital<\/span><span style=\"font-family: inherit; font-size: 1em;\">. Quan us registreu a la p\u00e0gina de l&#8217;editorial es posen les dades personals (i codi postal de Castelldefels -08860- busqueu Val\u00e8ria Halin\u00e9) i a Mis Libros ja s&#8217;aplicar\u00e0 el descompte al preu dels llibres d&#8217;angl\u00e8s<\/span><span style=\"font-family: inherit; font-size: 1em;\">. Poseu l&#8217;adre\u00e7a on voleu que se us envi\u00ef. <\/span>Continuar per comprar el llibre d\u2019angl\u00e8s amb les instruccions del document <span style=\"background-color: #ff99cc;\"><a href=\"https:\/\/drive.google.com\/file\/d\/1sqh_2_dDBs9ik8F6PkKaISZhueJJbspn\/view\" target=\"_blank\" rel=\"noopener\">4t ESO angl\u00e8s<\/a><\/span><\/li>\n<\/ul>\n<ul>\n<li>Choices ESO 4 Student&#8217;s book<\/li>\n<li>Choices ESO 4 Workbook Digital Catal\u00e0<\/li>\n<li>Registreu-vos i aneu a Mis Libros a <a href=\"https:\/\/burlingtonbooks.es\/tienda\/mis-libros\/\">https:\/\/burlingtonbooks.es\/tienda\/mis-libros\/<\/a><\/li>\n<\/ul>\n<p><span style=\"font-weight: 400;\"><span style=\"color: #ff0000;\"><span style=\"color: #000000;\"><strong>3.- ALEMANY (optativa): <\/strong><\/span><\/span><\/span><span style=\"font-weight: 400;\"><span style=\"color: #ff0000;\">nom\u00e9s els que fan alemany <\/span><\/span><span style=\"color: #ff0000;\"><span style=\"color: #000000;\">(\u00e9s una llic\u00e8ncia digital\u00a0 \u00a0<\/span><\/span><span style=\"font-family: inherit; font-size: 1em;\">\u00a0<\/span><span style=\"font-family: inherit; font-size: 1em; background-color: #ff0000;\">&#8220;<span style=\"color: #ffffff;\">A\u00f1adir a mi compra<\/span>&#8220;<\/span><span style=\"font-family: inherit; font-size: 1em; color: #ff0000;\"><span style=\"color: #000000;\">&#8221;\u00a0 <\/span><\/span><span style=\"font-weight: 400;\">enlla\u00e7 <span style=\"color: #00ccff;\"><a href=\"https:\/\/drive.google.com\/file\/d\/1xq6A3727KV56X-hRCC_WCYTAaoGutN1F\/view\" target=\"_blank\" rel=\"noopener\"><span style=\"background-color: #ff99cc;\">4t ESO Alemany<\/span><\/a>\u00a0\u00a0<\/span><\/span><\/p>\n<p>ISBN LLIC\u00c8NCIA DIGITAL\u00a0 ALEMANY\u00a0 per posar a la botiga quan compreu.<\/p>\n<table style=\"border-collapse: collapse; width: 45.2489%; height: 62px;\">\n<tbody>\n<tr style=\"height: 52px;\">\n<td style=\"width: 18.1269%; height: 52px;\" width=\"121\">9783191410513<\/td>\n<td style=\"width: 45.8769%; height: 52px;\" width=\"305\">e: BESTE FREUNDE PLUS A1.2 Kb IV<\/td>\n<td style=\"width: 54.4924%; height: 52px;\" width=\"305\">Llibre de text<\/td>\n<\/tr>\n<\/tbody>\n<\/table>\n<p>Recordeu de posar el seg\u00fcent codi per tenir un descompte del 30 % en els llibres d&#8217;alemany: <b>2536624BAR30<\/b><\/p>\n<p>&nbsp;<\/p>\n<p><span style=\"font-weight: 400;\"><span style=\"color: #ff0000;\"><span style=\"color: #000000;\"><strong>4.- FRANC\u00c8S (optativa):<\/strong><\/span> nom\u00e9s els que fan franc\u00e8s<span style=\"color: #000000;\"> (\u00e9s una llibre digital\u00a0 \u00a0<\/span><\/span><\/span>\u00a0<span style=\"background-color: #ff0000;\">&#8220;<span style=\"color: #ffffff;\">A\u00f1adir a mi compra<\/span><\/span><span style=\"color: #ff0000;\"><span style=\"color: #000000;\">) <\/span>enlla\u00e7\u00a0 <\/span><a style=\"font-family: inherit; font-size: 1em;\" href=\"https:\/\/drive.google.com\/file\/d\/1xq6A3727KV56X-hRCC_WCYTAaoGutN1F\/view?usp=drive_link\" target=\"_blank\" rel=\"noopener\"><span style=\"color: #00ccff;\"><span style=\"background-color: #ff99cc;\">4t ESO franc\u00e8s<\/span><\/span><\/a><\/p>\n<p>ISBN LLIBRE DIGITAL FRANC\u00c8S per posar a la botiga quan compreu.<\/p>\n<table style=\"width: 37.3075%; height: 43px;\">\n<tbody>\n<tr style=\"height: 33px;\">\n<td style=\"height: 33px;\">9788419072115<\/td>\n<td style=\"height: 33px;\">\u00a0LES BLOGUEURS 3 A2.1<\/td>\n<td style=\"height: 33px;\">\u00a0Livre<\/td>\n<\/tr>\n<\/tbody>\n<\/table>\n<p>Recordeu de posar el seg\u00fcent codi per tenir un descompte en els llibres de franc\u00e8s: <b>2536624BAR30<\/b><\/p>\n","protected":false},"excerpt":{"rendered":"<p>4t ESO: heu de fer dues compres: el Pack Teide (llic\u00e8ncies digitals i quaderns de CAST i CAT), i el llibre en paper i workbook digital d&#8217;angl\u00e8s (Choices 4). Els d&#8217;optativa de Franc\u00e8s o Alemany han de fer una compra m\u00e9s. Seguiu les instruccions que a continuaci\u00f3 us posem per a fer la compra: 1.- [&hellip;]<\/p>\n","protected":false},"author":1,"featured_media":0,"parent":0,"menu_order":0,"comment_status":"closed","ping_status":"closed","template":"","meta":{"_bbp_topic_count":0,"_bbp_reply_count":0,"_bbp_total_topic_count":0,"_bbp_total_reply_count":0,"_bbp_voice_count":0,"_bbp_anonymous_reply_count":0,"_bbp_topic_count_hidden":0,"_bbp_reply_count_hidden":0,"_bbp_forum_subforum_count":0,"site-sidebar-layout":"default","site-content-layout":"","ast-site-content-layout":"","site-content-style":"default","site-sidebar-style":"default","ast-global-header-display":"","ast-banner-title-visibility":"","ast-main-header-display":"","ast-hfb-above-header-display":"","ast-hfb-below-header-display":"","ast-hfb-mobile-header-display":"","site-post-title":"","ast-breadcrumbs-content":"","ast-featured-img":"","footer-sml-layout":"","theme-transparent-header-meta":"","adv-header-id-meta":"","stick-header-meta":"","header-above-stick-meta":"","header-main-stick-meta":"","header-below-stick-meta":"","astra-migrate-meta-layouts":"default","ast-page-background-enabled":"default","ast-page-background-meta":{"desktop":{"background-color":"var(--ast-global-color-4)","background-image":"","background-repeat":"repeat","background-position":"center center","background-size":"auto","background-attachment":"scroll","background-type":"","background-media":"","overlay-type":"","overlay-color":"","overlay-opacity":"","overlay-gradient":""},"tablet":{"background-color":"","background-image":"","background-repeat":"repeat","background-position":"center center","background-size":"auto","background-attachment":"scroll","background-type":"","background-media":"","overlay-type":"","overlay-color":"","overlay-opacity":"","overlay-gradient":""},"mobile":{"background-color":"","background-image":"","background-repeat":"repeat","background-position":"center center","background-size":"auto","background-attachment":"scroll","background-type":"","background-media":"","overlay-type":"","overlay-color":"","overlay-opacity":"","overlay-gradient":""}},"ast-content-background-meta":{"desktop":{"background-color":"var(--ast-global-color-5)","background-image":"","background-repeat":"repeat","background-position":"center center","background-size":"auto","background-attachment":"scroll","background-type":"","background-media":"","overlay-type":"","overlay-color":"","overlay-opacity":"","overlay-gradient":""},"tablet":{"background-color":"var(--ast-global-color-5)","background-image":"","background-repeat":"repeat","background-position":"center center","background-size":"auto","background-attachment":"scroll","background-type":"","background-media":"","overlay-type":"","overlay-color":"","overlay-opacity":"","overlay-gradient":""},"mobile":{"background-color":"var(--ast-global-color-5)","background-image":"","background-repeat":"repeat","background-position":"center center","background-size":"auto","background-attachment":"scroll","background-type":"","background-media":"","overlay-type":"","overlay-color":"","overlay-opacity":"","overlay-gradient":""}},"footnotes":""},"class_list":["post-3485","page","type-page","status-publish","hentry"],"post_mailing_queue_ids":[],"_links":{"self":[{"href":"https:\/\/agora.xtec.cat\/insvaleriahaline\/wp-json\/wp\/v2\/pages\/3485","targetHints":{"allow":["GET"]}}],"collection":[{"href":"https:\/\/agora.xtec.cat\/insvaleriahaline\/wp-json\/wp\/v2\/pages"}],"about":[{"href":"https:\/\/agora.xtec.cat\/insvaleriahaline\/wp-json\/wp\/v2\/types\/page"}],"author":[{"embeddable":true,"href":"https:\/\/agora.xtec.cat\/insvaleriahaline\/wp-json\/wp\/v2\/users\/1"}],"replies":[{"embeddable":true,"href":"https:\/\/agora.xtec.cat\/insvaleriahaline\/wp-json\/wp\/v2\/comments?post=3485"}],"version-history":[{"count":7,"href":"https:\/\/agora.xtec.cat\/insvaleriahaline\/wp-json\/wp\/v2\/pages\/3485\/revisions"}],"predecessor-version":[{"id":4574,"href":"https:\/\/agora.xtec.cat\/insvaleriahaline\/wp-json\/wp\/v2\/pages\/3485\/revisions\/4574"}],"wp:attachment":[{"href":"https:\/\/agora.xtec.cat\/insvaleriahaline\/wp-json\/wp\/v2\/media?parent=3485"}],"curies":[{"name":"wp","href":"https:\/\/api.w.org\/{rel}","templated":true}]}}