{"id":3483,"date":"2021-07-02T12:35:02","date_gmt":"2021-07-02T10:35:02","guid":{"rendered":"https:\/\/agora.xtec.cat\/insvaleriahaline\/?page_id=3483"},"modified":"2025-07-15T09:53:37","modified_gmt":"2025-07-15T07:53:37","slug":"3r-eso-instruccions","status":"publish","type":"page","link":"https:\/\/agora.xtec.cat\/insvaleriahaline\/3r-eso-instruccions\/","title":{"rendered":"3r ESO INSTRUCCIONS PER A L\u2019ADQUISICI\u00d3 DELS LLIBRES DIGITALS\u00a02025-26"},"content":{"rendered":"<p><strong>3r ESO: <\/strong>heu de fer <span style=\"text-decoration: underline;\">dues compres<\/span>: el <strong>Pack Teide<\/strong> (llic\u00e8ncies digitals, quaderns de CAST i CAT. Els facilitem en l&#8217;institut), i el llibre en paper i workbook digital <strong>d&#8217;angl\u00e8s<\/strong> (Choices 3- -Us arribar\u00e0 a casa). Els d&#8217;optativa de Franc\u00e8s han de fer una compra m\u00e9s (els d&#8217;Alemany no han de comprar res).<\/p>\n<p><span style=\"font-weight: 400;\">Seguiu les instruccions que a continuaci\u00f3 us posem per a fer la compra:<\/span><\/p>\n<p><strong>1.- LLIC\u00c8NCIES WEERAS:<\/strong> anar a la botiga virtual de l\u2019institut per comprar tots els llibres excepte idiomes estrangers, enlla\u00e7 <a href=\"https:\/\/insvaleria.tpvweb.com\/servei\/3reso-llicencies-digitals-weeras-2\/\" target=\"_blank\" rel=\"noopener\"><span style=\"background-color: #ff99cc;\">BOTIGA VIRTUAL<\/span><\/a><\/p>\n<ul>\n<li style=\"list-style-type: none;\">\n<ul>\n<li>Si heu cedit un val (30 \u20ac ) o dos vals (60 \u20ac) a l&#8217;institut posteriorment se us abonaran aquestes quantitats mitjan\u00e7ant la mateixa forma de pagament que heu utilitzat.<\/li>\n<li>L&#8217;alumnat que comen\u00e7a nou al centre \u00e9s possible que no us figuri l&#8217;Institut Val\u00e8ria Halin\u00e9 en el moment de fer la cessi\u00f3 al centre. Segons el departament d&#8217;educaci\u00f3, estar\u00e0 disponible a partir del 15 de juliol&#8217;25. En aquest moment, es pot fer la cessi\u00f3 al centre.<\/li>\n<li>Una vegada s&#8217;activi i\/o es cedeixi el val escolar, aquesta acci\u00f3 \u00e9s irreversible.<\/li>\n<\/ul>\n<\/li>\n<\/ul>\n<p style=\"text-align: justify;\"><span style=\"font-weight: 400;\"><strong>2.- LLIC\u00c8NCIES ANGL\u00c8S:<\/strong><\/span><\/p>\n<ul>\n<li><span style=\"font-weight: 400;\">Heu de comprar el llibre en paper i el workbook en versi\u00f3 digital<\/span><span style=\"font-family: inherit; font-size: 1em;\">. Quan us registreu a la p\u00e0gina de l&#8217;editorial es posen les dades personals (i codi postal de Castelldefels -08860- busqueu Val\u00e8ria Halin\u00e9) i a Mis Libros ja s&#8217;aplicar\u00e0 el descompte al preu dels llibres d&#8217;angl\u00e8s<\/span>. Poseu l&#8217;adre\u00e7a on voleu que se us envi\u00ef. <span style=\"font-family: inherit; font-size: 1em; text-align: justify;\">C<\/span><span style=\"font-family: inherit; font-size: 1em;\">ontinuar amb les instruccions del document <\/span><span style=\"background-color: #ff99cc;\"><a href=\"https:\/\/drive.google.com\/file\/d\/1sqh_2_dDBs9ik8F6PkKaISZhueJJbspn\/view\" target=\"_blank\" rel=\"noopener\">3r ESO Angl\u00e8s\u00a0\u00a0<\/a><\/span><\/li>\n<\/ul>\n<ul>\n<li style=\"list-style-type: none;\">\n<ul>\n<li>Choices ESO 3 Student&#8217;s book<\/li>\n<li>Choices ESO 3 Workbook Digital Catal\u00e0<\/li>\n<li>Registreu-vos i aneu a Mis Libros a <a href=\"https:\/\/burlingtonbooks.es\/tienda\/mis-libros\/\">https:\/\/burlingtonbooks.es\/tienda\/mis-libros\/<\/a><\/li>\n<\/ul>\n<\/li>\n<\/ul>\n<p><span style=\"font-weight: 400;\"><strong>3.- FRANC\u00c8S (optativa):<\/strong> <span style=\"color: #ff0000;\">Nom\u00e9s els alumnes de franc\u00e8s<span style=\"color: #000000;\"> (comprareu un llibre digital<\/span><\/span><\/span><span style=\"color: #ff0000;\"><span style=\"color: #000000;\">)<\/span> \u00a0enlla\u00e7\u00a0 <\/span><span style=\"background-color: #ff99cc;\"><a style=\"font-family: inherit; font-size: 1em; background-color: #ff99cc;\" href=\"https:\/\/drive.google.com\/file\/d\/1xq6A3727KV56X-hRCC_WCYTAaoGutN1F\/view?usp=drive_link\" target=\"_blank\" rel=\"noopener\"><span style=\"color: #00ccff;\">3r ESO franc\u00e8s<\/span><\/a><\/span><\/p>\n<p>ISBN LLIBRES FRANC\u00c8S per posar a la botiga quan compreu.<\/p>\n<table style=\"border-collapse: collapse; width: 100%; height: 50px;\">\n<tbody>\n<tr style=\"height: 33px;\">\n<td style=\"width: 33.3333%; height: 33px;\"><span style=\"font-size: 16px; background-color: #ffffff;\">9788411570350\u00a0<\/span><\/td>\n<td style=\"width: 33.3333%; height: 33px;\"><span style=\"font-size: 16px; background-color: #ffffff;\">\u00a0LES BLOGUEURS 2 A1.2<\/span><\/td>\n<td style=\"width: 33.3333%; height: 33px;\"><span style=\"font-size: 16px; background-color: #ffffff;\">\u00a0Livre<\/span><\/td>\n<\/tr>\n<\/tbody>\n<\/table>\n<p>En el moment de pagar poseu el codi <b>2536624BAR30 <\/b><strong>per tenir el descompte<\/strong>\u00a0corresponent que fan a les fam\u00edlies del nostre institut<\/p>\n","protected":false},"excerpt":{"rendered":"<p>3r ESO: heu de fer dues compres: el Pack Teide (llic\u00e8ncies digitals, quaderns de CAST i CAT. Els facilitem en l&#8217;institut), i el llibre en paper i workbook digital d&#8217;angl\u00e8s (Choices 3- -Us arribar\u00e0 a casa). Els d&#8217;optativa de Franc\u00e8s han de fer una compra m\u00e9s (els d&#8217;Alemany no han de comprar res). Seguiu les [&hellip;]<\/p>\n","protected":false},"author":1,"featured_media":0,"parent":0,"menu_order":0,"comment_status":"closed","ping_status":"closed","template":"","meta":{"_bbp_topic_count":0,"_bbp_reply_count":0,"_bbp_total_topic_count":0,"_bbp_total_reply_count":0,"_bbp_voice_count":0,"_bbp_anonymous_reply_count":0,"_bbp_topic_count_hidden":0,"_bbp_reply_count_hidden":0,"_bbp_forum_subforum_count":0,"site-sidebar-layout":"default","site-content-layout":"","ast-site-content-layout":"","site-content-style":"default","site-sidebar-style":"default","ast-global-header-display":"","ast-banner-title-visibility":"","ast-main-header-display":"","ast-hfb-above-header-display":"","ast-hfb-below-header-display":"","ast-hfb-mobile-header-display":"","site-post-title":"","ast-breadcrumbs-content":"","ast-featured-img":"","footer-sml-layout":"","theme-transparent-header-meta":"","adv-header-id-meta":"","stick-header-meta":"","header-above-stick-meta":"","header-main-stick-meta":"","header-below-stick-meta":"","astra-migrate-meta-layouts":"default","ast-page-background-enabled":"default","ast-page-background-meta":{"desktop":{"background-color":"var(--ast-global-color-4)","background-image":"","background-repeat":"repeat","background-position":"center center","background-size":"auto","background-attachment":"scroll","background-type":"","background-media":"","overlay-type":"","overlay-color":"","overlay-opacity":"","overlay-gradient":""},"tablet":{"background-color":"","background-image":"","background-repeat":"repeat","background-position":"center center","background-size":"auto","background-attachment":"scroll","background-type":"","background-media":"","overlay-type":"","overlay-color":"","overlay-opacity":"","overlay-gradient":""},"mobile":{"background-color":"","background-image":"","background-repeat":"repeat","background-position":"center center","background-size":"auto","background-attachment":"scroll","background-type":"","background-media":"","overlay-type":"","overlay-color":"","overlay-opacity":"","overlay-gradient":""}},"ast-content-background-meta":{"desktop":{"background-color":"var(--ast-global-color-5)","background-image":"","background-repeat":"repeat","background-position":"center center","background-size":"auto","background-attachment":"scroll","background-type":"","background-media":"","overlay-type":"","overlay-color":"","overlay-opacity":"","overlay-gradient":""},"tablet":{"background-color":"var(--ast-global-color-5)","background-image":"","background-repeat":"repeat","background-position":"center center","background-size":"auto","background-attachment":"scroll","background-type":"","background-media":"","overlay-type":"","overlay-color":"","overlay-opacity":"","overlay-gradient":""},"mobile":{"background-color":"var(--ast-global-color-5)","background-image":"","background-repeat":"repeat","background-position":"center center","background-size":"auto","background-attachment":"scroll","background-type":"","background-media":"","overlay-type":"","overlay-color":"","overlay-opacity":"","overlay-gradient":""}},"footnotes":""},"class_list":["post-3483","page","type-page","status-publish","hentry"],"post_mailing_queue_ids":[],"_links":{"self":[{"href":"https:\/\/agora.xtec.cat\/insvaleriahaline\/wp-json\/wp\/v2\/pages\/3483","targetHints":{"allow":["GET"]}}],"collection":[{"href":"https:\/\/agora.xtec.cat\/insvaleriahaline\/wp-json\/wp\/v2\/pages"}],"about":[{"href":"https:\/\/agora.xtec.cat\/insvaleriahaline\/wp-json\/wp\/v2\/types\/page"}],"author":[{"embeddable":true,"href":"https:\/\/agora.xtec.cat\/insvaleriahaline\/wp-json\/wp\/v2\/users\/1"}],"replies":[{"embeddable":true,"href":"https:\/\/agora.xtec.cat\/insvaleriahaline\/wp-json\/wp\/v2\/comments?post=3483"}],"version-history":[{"count":8,"href":"https:\/\/agora.xtec.cat\/insvaleriahaline\/wp-json\/wp\/v2\/pages\/3483\/revisions"}],"predecessor-version":[{"id":4573,"href":"https:\/\/agora.xtec.cat\/insvaleriahaline\/wp-json\/wp\/v2\/pages\/3483\/revisions\/4573"}],"wp:attachment":[{"href":"https:\/\/agora.xtec.cat\/insvaleriahaline\/wp-json\/wp\/v2\/media?parent=3483"}],"curies":[{"name":"wp","href":"https:\/\/api.w.org\/{rel}","templated":true}]}}