{"id":3480,"date":"2021-07-02T12:35:33","date_gmt":"2021-07-02T10:35:33","guid":{"rendered":"https:\/\/agora.xtec.cat\/insvaleriahaline\/?page_id=3480"},"modified":"2025-07-15T09:52:34","modified_gmt":"2025-07-15T07:52:34","slug":"2n-eso-instruccions","status":"publish","type":"page","link":"https:\/\/agora.xtec.cat\/insvaleriahaline\/2n-eso-instruccions\/","title":{"rendered":"2n ESO  INSTRUCCIONS PER A L\u2019ADQUISICI\u00d3 DELS LLIBRES DIGITALS\u00a02025-26"},"content":{"rendered":"<p><strong>2n ESO: <\/strong>heu de fer <span style=\"text-decoration: underline;\">dues compres<\/span>: el <strong>Pack Teide<\/strong> (llic\u00e8ncies digitals, llibres socialitzats de CAST i CAT i quaderns de CAST i CAT Els facilitem en l&#8217;institut.) i el llibre i workbook digital <strong>d&#8217;angl\u00e8s<\/strong> (Choices 2- -Us arribar\u00e0 a casa). Els d&#8217;optativa de Franc\u00e8s o Alemany han de fer una compra m\u00e9s (en cas de dubte podeu fer la compra al setembre).<\/p>\n<p><span style=\"font-weight: 400;\">Seguiu les instruccions que a continuaci\u00f3 us posem per a fer la compra:<\/span><\/p>\n<ul>\n<li><strong>1.- LLIC\u00c8NCIES WEERAS: <\/strong>anar a la botiga virtual de l\u2019institut per comprar el Pack Teide: <a style=\"font-family: inherit; font-size: 1em;\" href=\"https:\/\/insvaleria.tpvweb.com\/servei\/2neso-llicencies-digitals-llibres-110e-llicencies-20e-deposit\/\" target=\"_blank\" rel=\"noopener\"><span style=\"color: #ff0000; background-color: #ccffcc;\"><strong>BOTIGA VIRTUAL.<\/strong><\/span><\/a><\/li>\n<\/ul>\n<ul>\n<li style=\"list-style-type: none;\">\n<ul>\n<li>Si heu cedit un val (30 \u20ac ) o dos vals (60 \u20ac) a l&#8217;institut posteriorment se us abonaran aquestes quantitats mitjan\u00e7ant la mateixa forma de pagament que heu utilitzat.<\/li>\n<li>L&#8217;alumnat que comen\u00e7a nou al centre \u00e9s possible que no us figuri l&#8217;Institut Val\u00e8ria Halin\u00e9 en el moment de fer la cessi\u00f3 al centre. Segons el departament d&#8217;educaci\u00f3, estar\u00e0 disponible a partir del 15 de juliol&#8217;25. En aquest moment, es pot fer la cessi\u00f3 al centre.<\/li>\n<li>Una vegada s&#8217;activi i\/o es cedeixi el val escolar, aquesta acci\u00f3 \u00e9s irreversible.<\/li>\n<li>El Pack inclou un dip\u00f2sit de 20 \u20ac que se us retornar\u00e0 quan els vostres fill o filla retorni el llibre de CAT i CAST en bon estat.<\/li>\n<\/ul>\n<\/li>\n<\/ul>\n<ul>\n<li><strong>2.- LLIC\u00c8NCIES ANGL\u00c8S:<\/strong> <span style=\"font-weight: 400;\">Heu de comprar el llibre en paper i el workbook en versi\u00f3 digital<\/span><span style=\"font-family: inherit; font-size: 1em;\">. Quan us registreu a la p\u00e0gina de l&#8217;editorial es posen les dades personals (i codi postal de Castelldefels -08860- busqueu Val\u00e8ria Halin\u00e9) i a Mis Libros ja s&#8217;aplicar\u00e0 el descompte al preu dels llibres d&#8217;angl\u00e8s<\/span><span style=\"font-family: inherit; font-size: 1em;\">. Poseu l&#8217;adre\u00e7a on voleu que se us envi\u00ef. <\/span>Continuar per comprar el llibre d\u2019angl\u00e8s amb les instruccions del document enlla\u00e7 <span style=\"color: #00ccff; background-color: #ff99cc;\"><a style=\"color: #00ccff; background-color: #ff99cc;\" href=\"https:\/\/drive.google.com\/file\/d\/1sqh_2_dDBs9ik8F6PkKaISZhueJJbspn\/view\" target=\"_blank\" rel=\"noopener\">2n ESO angl\u00e8s.<\/a><\/span><\/li>\n<li>Choices ESO 2 Student&#8217;s book<\/li>\n<li>Choices ESO 2 Workbook Digital Catal\u00e0<\/li>\n<li>Registreu-vos i aneu a Mis Libros a <a href=\"https:\/\/burlingtonbooks.es\/tienda\/mis-libros\/\">https:\/\/burlingtonbooks.es\/tienda\/mis-libros\/<\/a><\/li>\n<\/ul>\n<p>&nbsp;<\/p>\n<ul>\n<li><span style=\"font-weight: 400;\"><strong>3.- ALEMANY (optativa):<\/strong> <span style=\"color: #ff0000;\">Nom\u00e9s els que volen fer alemany <\/span><\/span><span style=\"color: #ff0000;\"><span style=\"color: #000000;\">(\u00e9s una llic\u00e8ncia digital<\/span><\/span><span style=\"font-family: inherit; font-size: 1em; color: #ff0000;\"><span style=\"color: #000000;\">\u00a0<\/span><\/span><span style=\"font-weight: 400;\">que servir\u00e0 per DOS cursos ) enlla\u00e7 <span style=\"color: #00ccff;\"><a href=\"https:\/\/drive.google.com\/file\/d\/1xq6A3727KV56X-hRCC_WCYTAaoGutN1F\/view\" target=\"_blank\" rel=\"noopener\"><span style=\"background-color: #ff99cc;\">2n ESO Alemany<\/span><\/a> \u00a0<\/span><\/span><\/li>\n<\/ul>\n<p>ISBN LLIBRES ALEMANY\u00a0 per posar a la botiga quan compreu.<\/p>\n<table style=\"border-collapse: collapse; width: 37.9249%; height: 66px;\">\n<tbody>\n<tr style=\"height: 56px;\">\n<td style=\"width: 17.0745%; height: 56px;\" width=\"121\">9783190910519<\/td>\n<td style=\"width: 26.4273%; height: 56px;\" width=\"305\">e: BESTE FREUNDE PLUS A1.1 Kb IV<\/td>\n<\/tr>\n<\/tbody>\n<\/table>\n<p><span style=\"font-family: inherit; font-size: 1em;\">aquesta llic\u00e8ncia serveix per a dos cursos<\/span><\/p>\n<p><span style=\"font-size: 14pt;\"><b><span style=\"background-color: #ffff99;\">2536624BAR30 <\/span> <\/b><span style=\"font-size: 12pt;\">a l&#8217;hora de pagar\u00a0 us faran<\/span><b><span style=\"font-size: 12pt;\"> el descompte.<\/span><\/b><\/span><\/p>\n<p>&nbsp;<\/p>\n<ul>\n<li><span style=\"font-weight: 400;\"><strong>4.- FRANC\u00c8S (optativa):<\/strong> <span style=\"color: #ff0000;\">Nom\u00e9s els que faran franc\u00e8s<span style=\"color: #000000;\"> (s\u00f3n dos llibres a\u00a0 \u00a0<\/span><\/span><\/span>\u00a0<span style=\"background-color: #ff0000;\">&#8220;<span style=\"color: #ffffff;\">A\u00f1adir a mi compra<\/span>&#8220;<\/span><span style=\"color: #ff0000;\"><span style=\"color: #000000;\">&#8221;\u00a0 <\/span>\u00a0<span style=\"color: #000000;\">enlla\u00e7<\/span><span style=\"color: #ff0000;\">\u00a0 <\/span><\/span><span style=\"background-color: #ff99cc;\"><a style=\"font-family: inherit; font-size: 1em; background-color: #ff99cc;\" href=\"https:\/\/drive.google.com\/file\/d\/1xq6A3727KV56X-hRCC_WCYTAaoGutN1F\/view?usp=drive_link\" target=\"_blank\" rel=\"noopener\"><span style=\"color: #00ccff;\">2n ESO franc\u00e8s<\/span><\/a><\/span><\/li>\n<\/ul>\n<p>ISBN LLIBRES FRANC\u00c8S per posar a la botiga quan compreu.<\/p>\n<table style=\"border-collapse: collapse; width: 40.399%; height: 85px;\">\n<tbody>\n<tr style=\"height: 49px;\">\n<td style=\"width: 12.3761%; height: 49px;\">9788419072047<\/td>\n<td style=\"width: 18.54%; height: 49px;\"><span style=\"font-size: 16px; background-color: #ffffff;\">\u00a0LES BLOGUEURS 1 A1.1<\/span><\/td>\n<td style=\"width: 7.37241%; height: 49px;\"><span style=\"font-size: 16px; background-color: #ffffff;\">\u00a0Livre digital<\/span><\/td>\n<\/tr>\n<\/tbody>\n<\/table>\n<p>En el moment de pagar poseu el codi <b>2536624BAR30<\/b><strong>\u00a0per tenir el descompte<\/strong> corresponent que fan a les fam\u00edlies del nostre institut.<\/p>\n","protected":false},"excerpt":{"rendered":"<p>2n ESO: heu de fer dues compres: el Pack Teide (llic\u00e8ncies digitals, llibres socialitzats de CAST i CAT i quaderns de CAST i CAT Els facilitem en l&#8217;institut.) i el llibre i workbook digital d&#8217;angl\u00e8s (Choices 2- -Us arribar\u00e0 a casa). Els d&#8217;optativa de Franc\u00e8s o Alemany han de fer una compra m\u00e9s (en cas [&hellip;]<\/p>\n","protected":false},"author":1,"featured_media":0,"parent":0,"menu_order":0,"comment_status":"closed","ping_status":"closed","template":"","meta":{"_bbp_topic_count":0,"_bbp_reply_count":0,"_bbp_total_topic_count":0,"_bbp_total_reply_count":0,"_bbp_voice_count":0,"_bbp_anonymous_reply_count":0,"_bbp_topic_count_hidden":0,"_bbp_reply_count_hidden":0,"_bbp_forum_subforum_count":0,"site-sidebar-layout":"default","site-content-layout":"","ast-site-content-layout":"","site-content-style":"default","site-sidebar-style":"default","ast-global-header-display":"","ast-banner-title-visibility":"","ast-main-header-display":"","ast-hfb-above-header-display":"","ast-hfb-below-header-display":"","ast-hfb-mobile-header-display":"","site-post-title":"","ast-breadcrumbs-content":"","ast-featured-img":"","footer-sml-layout":"","theme-transparent-header-meta":"","adv-header-id-meta":"","stick-header-meta":"","header-above-stick-meta":"","header-main-stick-meta":"","header-below-stick-meta":"","astra-migrate-meta-layouts":"default","ast-page-background-enabled":"default","ast-page-background-meta":{"desktop":{"background-color":"var(--ast-global-color-4)","background-image":"","background-repeat":"repeat","background-position":"center center","background-size":"auto","background-attachment":"scroll","background-type":"","background-media":"","overlay-type":"","overlay-color":"","overlay-opacity":"","overlay-gradient":""},"tablet":{"background-color":"","background-image":"","background-repeat":"repeat","background-position":"center center","background-size":"auto","background-attachment":"scroll","background-type":"","background-media":"","overlay-type":"","overlay-color":"","overlay-opacity":"","overlay-gradient":""},"mobile":{"background-color":"","background-image":"","background-repeat":"repeat","background-position":"center center","background-size":"auto","background-attachment":"scroll","background-type":"","background-media":"","overlay-type":"","overlay-color":"","overlay-opacity":"","overlay-gradient":""}},"ast-content-background-meta":{"desktop":{"background-color":"var(--ast-global-color-5)","background-image":"","background-repeat":"repeat","background-position":"center center","background-size":"auto","background-attachment":"scroll","background-type":"","background-media":"","overlay-type":"","overlay-color":"","overlay-opacity":"","overlay-gradient":""},"tablet":{"background-color":"var(--ast-global-color-5)","background-image":"","background-repeat":"repeat","background-position":"center center","background-size":"auto","background-attachment":"scroll","background-type":"","background-media":"","overlay-type":"","overlay-color":"","overlay-opacity":"","overlay-gradient":""},"mobile":{"background-color":"var(--ast-global-color-5)","background-image":"","background-repeat":"repeat","background-position":"center center","background-size":"auto","background-attachment":"scroll","background-type":"","background-media":"","overlay-type":"","overlay-color":"","overlay-opacity":"","overlay-gradient":""}},"footnotes":""},"class_list":["post-3480","page","type-page","status-publish","hentry"],"post_mailing_queue_ids":[],"_links":{"self":[{"href":"https:\/\/agora.xtec.cat\/insvaleriahaline\/wp-json\/wp\/v2\/pages\/3480","targetHints":{"allow":["GET"]}}],"collection":[{"href":"https:\/\/agora.xtec.cat\/insvaleriahaline\/wp-json\/wp\/v2\/pages"}],"about":[{"href":"https:\/\/agora.xtec.cat\/insvaleriahaline\/wp-json\/wp\/v2\/types\/page"}],"author":[{"embeddable":true,"href":"https:\/\/agora.xtec.cat\/insvaleriahaline\/wp-json\/wp\/v2\/users\/1"}],"replies":[{"embeddable":true,"href":"https:\/\/agora.xtec.cat\/insvaleriahaline\/wp-json\/wp\/v2\/comments?post=3480"}],"version-history":[{"count":8,"href":"https:\/\/agora.xtec.cat\/insvaleriahaline\/wp-json\/wp\/v2\/pages\/3480\/revisions"}],"predecessor-version":[{"id":4571,"href":"https:\/\/agora.xtec.cat\/insvaleriahaline\/wp-json\/wp\/v2\/pages\/3480\/revisions\/4571"}],"wp:attachment":[{"href":"https:\/\/agora.xtec.cat\/insvaleriahaline\/wp-json\/wp\/v2\/media?parent=3480"}],"curies":[{"name":"wp","href":"https:\/\/api.w.org\/{rel}","templated":true}]}}