{"id":3476,"date":"2021-06-30T08:59:22","date_gmt":"2021-06-30T06:59:22","guid":{"rendered":"https:\/\/agora.xtec.cat\/insvaleriahaline\/?page_id=3476"},"modified":"2025-07-15T09:52:56","modified_gmt":"2025-07-15T07:52:56","slug":"1r-eso-instruccions","status":"publish","type":"page","link":"https:\/\/agora.xtec.cat\/insvaleriahaline\/1r-eso-instruccions\/","title":{"rendered":"1r ESO  INSTRUCCIONS PER A L\u2019ADQUISICI\u00d3 DELS LLIBRES DIGITALS 2025-26"},"content":{"rendered":"<p><strong>1r ESO: <\/strong>heu de fer <span style=\"text-decoration: underline;\">dues compres<\/span>: el <strong>Pack Teide<\/strong> (llic\u00e8ncies digitals, llibres socialitzats de CAST i CAT i quaderns de CAST i CAT. Els facilitem en l&#8217;institut.) i el llibre <strong>d&#8217;angl\u00e8s<\/strong> (Choices 1 -Us arribar\u00e0 a casa)<\/p>\n<p><span style=\"font-weight: 400;\">Seguiu les instruccions que a continuaci\u00f3 us posem per a fer la compra.<\/span><\/p>\n<p><span style=\"font-weight: 400;\"><strong>1.- LLIC\u00c8NCIES WEERAS:<\/strong> anar a la botiga virtual de l&#8217;institut per comprar el Pack Teide, cliqueu en el seg\u00fcent <a href=\"https:\/\/insvaleria.tpvweb.com\/servei\/1reso-llicencies-digitals-llibres-110e-llicencies-20e-deposit\/\" target=\"_blank\" rel=\"noopener\"><span style=\"color: #ff6600; background-color: #ff99cc;\"><strong>ENLLA\u00c7.<\/strong><\/span><\/a><\/span><\/p>\n<ul>\n<li style=\"list-style-type: none;\">\n<ul>\n<li>Si heu cedit un val (30 \u20ac ) o dos vals (60 \u20ac) a l&#8217;institut posteriorment se us abonaran aquestes quantitats mitjan\u00e7ant la mateixa forma de pagament que heu utilitzat.<\/li>\n<li>L&#8217;alumnat que comen\u00e7a 1rESO el curs 25\/26 \u00e9s possible que no us figuri l&#8217;Institut Val\u00e8ria Halin\u00e9 en el moment de fer la cessi\u00f3 al centre. Segons el departament d&#8217;educaci\u00f3, estar\u00e0 disponible a partir del 15 de juliol&#8217;25. En aquest moment, es pot fer la cessi\u00f3 al centre.<\/li>\n<li>Una vegada s&#8217;activi i\/o es cedeixi el val escolar, aquesta acci\u00f3 \u00e9s irreversible.<\/li>\n<li>Els llibres de CAT i CAST s\u00f3n socialitzats, el pack inclou 20 \u20ac de dep\u00f2sit que se us retornaran a finals de curs si el vostre fill o filla retorna els dos llibres en bon estat.<\/li>\n<\/ul>\n<\/li>\n<\/ul>\n<p><span style=\"font-weight: 400;\"><strong>2.- LLIC\u00c8NCIES ANGL\u00c8S:<\/strong><\/span><\/p>\n<ul>\n<li><span style=\"font-weight: 400;\">Heu de comprar el llibre en paper i el workbook en versi\u00f3 digital<\/span><span style=\"font-family: inherit; font-size: 1em;\">. Quan us registreu a la p\u00e0gina de l&#8217;editorial es posen les dades personals (i codi postal de Castelldefels -08860- busqueu Val\u00e8ria Halin\u00e9) i a Mis Libros ja s&#8217;aplicar\u00e0 el descompte al preu dels llibres d&#8217;angl\u00e8s<\/span>. Poseu l&#8217;adre\u00e7a on voleu que us l&#8217;envi\u00efn. Instruccions:\u00a0<span style=\"background-color: #ff99cc;\"> <a href=\"https:\/\/drive.google.com\/file\/d\/1sqh_2_dDBs9ik8F6PkKaISZhueJJbspn\/view\" target=\"_blank\" rel=\"noopener\">1r ESO angl\u00e8s<\/a><\/span><\/li>\n<\/ul>\n<ul>\n<li>Choices ESO 1 Student&#8217;s book<\/li>\n<li>Choices ESO 1 Workbook Digital Catal\u00e0<\/li>\n<li>Registreu-vos i aneu a Mis Libros a <a href=\"https:\/\/burlingtonbooks.es\/tienda\/mis-libros\/\">https:\/\/burlingtonbooks.es\/tienda\/mis-libros\/<\/a><\/li>\n<\/ul>\n<p>&nbsp;<\/p>\n<p>&nbsp;<\/p>\n<p>&nbsp;<\/p>\n","protected":false},"excerpt":{"rendered":"<p>1r ESO: heu de fer dues compres: el Pack Teide (llic\u00e8ncies digitals, llibres socialitzats de CAST i CAT i quaderns de CAST i CAT. Els facilitem en l&#8217;institut.) i el llibre d&#8217;angl\u00e8s (Choices 1 -Us arribar\u00e0 a casa) Seguiu les instruccions que a continuaci\u00f3 us posem per a fer la compra. 1.- LLIC\u00c8NCIES WEERAS: anar [&hellip;]<\/p>\n","protected":false},"author":1,"featured_media":0,"parent":0,"menu_order":0,"comment_status":"closed","ping_status":"closed","template":"","meta":{"_bbp_topic_count":0,"_bbp_reply_count":0,"_bbp_total_topic_count":0,"_bbp_total_reply_count":0,"_bbp_voice_count":0,"_bbp_anonymous_reply_count":0,"_bbp_topic_count_hidden":0,"_bbp_reply_count_hidden":0,"_bbp_forum_subforum_count":0,"site-sidebar-layout":"default","site-content-layout":"","ast-site-content-layout":"","site-content-style":"default","site-sidebar-style":"default","ast-global-header-display":"","ast-banner-title-visibility":"","ast-main-header-display":"","ast-hfb-above-header-display":"","ast-hfb-below-header-display":"","ast-hfb-mobile-header-display":"","site-post-title":"","ast-breadcrumbs-content":"","ast-featured-img":"","footer-sml-layout":"","theme-transparent-header-meta":"","adv-header-id-meta":"","stick-header-meta":"","header-above-stick-meta":"","header-main-stick-meta":"","header-below-stick-meta":"","astra-migrate-meta-layouts":"default","ast-page-background-enabled":"default","ast-page-background-meta":{"desktop":{"background-color":"var(--ast-global-color-4)","background-image":"","background-repeat":"repeat","background-position":"center center","background-size":"auto","background-attachment":"scroll","background-type":"","background-media":"","overlay-type":"","overlay-color":"","overlay-opacity":"","overlay-gradient":""},"tablet":{"background-color":"","background-image":"","background-repeat":"repeat","background-position":"center center","background-size":"auto","background-attachment":"scroll","background-type":"","background-media":"","overlay-type":"","overlay-color":"","overlay-opacity":"","overlay-gradient":""},"mobile":{"background-color":"","background-image":"","background-repeat":"repeat","background-position":"center center","background-size":"auto","background-attachment":"scroll","background-type":"","background-media":"","overlay-type":"","overlay-color":"","overlay-opacity":"","overlay-gradient":""}},"ast-content-background-meta":{"desktop":{"background-color":"var(--ast-global-color-5)","background-image":"","background-repeat":"repeat","background-position":"center center","background-size":"auto","background-attachment":"scroll","background-type":"","background-media":"","overlay-type":"","overlay-color":"","overlay-opacity":"","overlay-gradient":""},"tablet":{"background-color":"var(--ast-global-color-5)","background-image":"","background-repeat":"repeat","background-position":"center center","background-size":"auto","background-attachment":"scroll","background-type":"","background-media":"","overlay-type":"","overlay-color":"","overlay-opacity":"","overlay-gradient":""},"mobile":{"background-color":"var(--ast-global-color-5)","background-image":"","background-repeat":"repeat","background-position":"center center","background-size":"auto","background-attachment":"scroll","background-type":"","background-media":"","overlay-type":"","overlay-color":"","overlay-opacity":"","overlay-gradient":""}},"footnotes":""},"class_list":["post-3476","page","type-page","status-publish","hentry"],"post_mailing_queue_ids":[],"_links":{"self":[{"href":"https:\/\/agora.xtec.cat\/insvaleriahaline\/wp-json\/wp\/v2\/pages\/3476","targetHints":{"allow":["GET"]}}],"collection":[{"href":"https:\/\/agora.xtec.cat\/insvaleriahaline\/wp-json\/wp\/v2\/pages"}],"about":[{"href":"https:\/\/agora.xtec.cat\/insvaleriahaline\/wp-json\/wp\/v2\/types\/page"}],"author":[{"embeddable":true,"href":"https:\/\/agora.xtec.cat\/insvaleriahaline\/wp-json\/wp\/v2\/users\/1"}],"replies":[{"embeddable":true,"href":"https:\/\/agora.xtec.cat\/insvaleriahaline\/wp-json\/wp\/v2\/comments?post=3476"}],"version-history":[{"count":7,"href":"https:\/\/agora.xtec.cat\/insvaleriahaline\/wp-json\/wp\/v2\/pages\/3476\/revisions"}],"predecessor-version":[{"id":4572,"href":"https:\/\/agora.xtec.cat\/insvaleriahaline\/wp-json\/wp\/v2\/pages\/3476\/revisions\/4572"}],"wp:attachment":[{"href":"https:\/\/agora.xtec.cat\/insvaleriahaline\/wp-json\/wp\/v2\/media?parent=3476"}],"curies":[{"name":"wp","href":"https:\/\/api.w.org\/{rel}","templated":true}]}}