{"id":2573,"date":"2019-10-11T09:31:55","date_gmt":"2019-10-11T07:31:55","guid":{"rendered":"https:\/\/agora.xtec.cat\/insvaleriahaline\/?page_id=2573"},"modified":"2025-07-14T14:11:00","modified_gmt":"2025-07-14T12:11:00","slug":"documentacio-families-referents-a-pagaments","status":"publish","type":"page","link":"https:\/\/agora.xtec.cat\/insvaleriahaline\/secretaria\/documentacio-families-referents-a-pagaments\/","title":{"rendered":"Documentaci\u00f3 fam\u00edlies referents a pagaments i autoritzacions diverses"},"content":{"rendered":"<p>Benvolgudes fam\u00edlies,<\/p>\n<p>En aquest espai virtual podreu accedir a la documentaci\u00f3, en format digital, referent als pagaments del curs:<\/p>\n<p>&nbsp;<\/p>\n<p><strong>Informaci\u00f3 General: <a href=\"https:\/\/agora.xtec.cat\/insvaleriahaline\/aportacio-de-les-families-per-material-fungible-quota-material-fungible-centre\/\" target=\"_blank\" rel=\"noopener\">Quotes Institut Curs 2025\/26<\/a><\/strong><\/p>\n<p>&nbsp;<\/p>\n<p><strong>1rESO:<\/strong><\/p>\n<p><a href=\"https:\/\/agora.xtec.cat\/insvaleriahaline\/wp-content\/uploads\/usu1263\/2022\/10\/209F-Autoritzacio-recollir-menor-una-altra-persona.pdf\">Autoritzaci\u00f3 recollir menor una altra persona<\/a><\/p>\n<p>Sortides curriculars (pr\u00f2ximament)<\/p>\n<p>&nbsp;<\/p>\n<p><strong>2nESO:<\/strong><\/p>\n<p><a href=\"https:\/\/agora.xtec.cat\/insvaleriahaline\/wp-content\/uploads\/usu1263\/2022\/10\/209F-Autoritzacio-recollir-menor-una-altra-persona.pdf\">Autoritzaci\u00f3 recollir menor una altra persona<\/a><\/p>\n<p>Sortides curriculars (pr\u00f2ximament)<\/p>\n<p>&nbsp;<\/p>\n<p>&nbsp;<\/p>\n<p><strong>3rESO:<\/strong><\/p>\n<p><a href=\"https:\/\/agora.xtec.cat\/insvaleriahaline\/wp-content\/uploads\/usu1263\/2022\/10\/209F-Autoritzacio-recollir-menor-una-altra-persona.pdf\">Autoritzaci\u00f3 recollir menor una altra persona<\/a><\/p>\n<p><a href=\"https:\/\/agora.xtec.cat\/insvaleriahaline\/wp-content\/uploads\/usu1263\/2021\/07\/215F-Autoritzaci\u00f3-sortida-centre-3r_4tESO-1.pdf\" target=\"_blank\" rel=\"noopener noreferrer\">Autoritzaci\u00f3 sortida centre 3r_4tESO gu\u00e0rdia \u00faltima hora<\/a><\/p>\n<p>Sortides curriculars (pr\u00f2ximament)<\/p>\n<p>&nbsp;<\/p>\n<p>&nbsp;<\/p>\n<p><strong>4tESO:<\/strong><\/p>\n<p><a href=\"https:\/\/agora.xtec.cat\/insvaleriahaline\/wp-content\/uploads\/usu1263\/2022\/10\/209F-Autoritzacio-recollir-menor-una-altra-persona.pdf\">Autoritzaci\u00f3 recollir menor una altra persona<\/a><\/p>\n<p><a href=\"https:\/\/agora.xtec.cat\/insvaleriahaline\/wp-content\/uploads\/usu1263\/2021\/07\/215F-Autoritzaci\u00f3-sortida-centre-3r_4tESO-1.pdf\" target=\"_blank\" rel=\"noopener noreferrer\">Autoritzaci\u00f3 sortida centre 3r_4tESO gu\u00e0rdia \u00faltima hora<\/a><\/p>\n<p>Sortides curriculars (pr\u00f2ximament)<\/p>\n<p>&nbsp;<\/p>\n<p>&nbsp;<\/p>\n","protected":false},"excerpt":{"rendered":"<p>Benvolgudes fam\u00edlies, En aquest espai virtual podreu accedir a la documentaci\u00f3, en format digital, referent als pagaments del curs: &nbsp; Informaci\u00f3 General: Quotes Institut Curs 2025\/26 &nbsp; 1rESO: Autoritzaci\u00f3 recollir menor una altra persona Sortides curriculars (pr\u00f2ximament) &nbsp; 2nESO: Autoritzaci\u00f3 recollir menor una altra persona Sortides curriculars (pr\u00f2ximament) &nbsp; &nbsp; 3rESO: Autoritzaci\u00f3 recollir menor una [&hellip;]<\/p>\n","protected":false},"author":1,"featured_media":0,"parent":81,"menu_order":0,"comment_status":"closed","ping_status":"closed","template":"page-templates\/side-menu.php","meta":{"_bbp_topic_count":0,"_bbp_reply_count":0,"_bbp_total_topic_count":0,"_bbp_total_reply_count":0,"_bbp_voice_count":0,"_bbp_anonymous_reply_count":0,"_bbp_topic_count_hidden":0,"_bbp_reply_count_hidden":0,"_bbp_forum_subforum_count":0,"site-sidebar-layout":"default","site-content-layout":"","ast-site-content-layout":"","site-content-style":"default","site-sidebar-style":"default","ast-global-header-display":"","ast-banner-title-visibility":"","ast-main-header-display":"","ast-hfb-above-header-display":"","ast-hfb-below-header-display":"","ast-hfb-mobile-header-display":"","site-post-title":"","ast-breadcrumbs-content":"","ast-featured-img":"","footer-sml-layout":"","theme-transparent-header-meta":"","adv-header-id-meta":"","stick-header-meta":"","header-above-stick-meta":"","header-main-stick-meta":"","header-below-stick-meta":"","astra-migrate-meta-layouts":"default","ast-page-background-enabled":"default","ast-page-background-meta":{"desktop":{"background-color":"var(--ast-global-color-4)","background-image":"","background-repeat":"repeat","background-position":"center center","background-size":"auto","background-attachment":"scroll","background-type":"","background-media":"","overlay-type":"","overlay-color":"","overlay-opacity":"","overlay-gradient":""},"tablet":{"background-color":"","background-image":"","background-repeat":"repeat","background-position":"center center","background-size":"auto","background-attachment":"scroll","background-type":"","background-media":"","overlay-type":"","overlay-color":"","overlay-opacity":"","overlay-gradient":""},"mobile":{"background-color":"","background-image":"","background-repeat":"repeat","background-position":"center center","background-size":"auto","background-attachment":"scroll","background-type":"","background-media":"","overlay-type":"","overlay-color":"","overlay-opacity":"","overlay-gradient":""}},"ast-content-background-meta":{"desktop":{"background-color":"var(--ast-global-color-5)","background-image":"","background-repeat":"repeat","background-position":"center center","background-size":"auto","background-attachment":"scroll","background-type":"","background-media":"","overlay-type":"","overlay-color":"","overlay-opacity":"","overlay-gradient":""},"tablet":{"background-color":"var(--ast-global-color-5)","background-image":"","background-repeat":"repeat","background-position":"center center","background-size":"auto","background-attachment":"scroll","background-type":"","background-media":"","overlay-type":"","overlay-color":"","overlay-opacity":"","overlay-gradient":""},"mobile":{"background-color":"var(--ast-global-color-5)","background-image":"","background-repeat":"repeat","background-position":"center center","background-size":"auto","background-attachment":"scroll","background-type":"","background-media":"","overlay-type":"","overlay-color":"","overlay-opacity":"","overlay-gradient":""}},"footnotes":""},"class_list":["post-2573","page","type-page","status-publish","hentry"],"post_mailing_queue_ids":[],"_links":{"self":[{"href":"https:\/\/agora.xtec.cat\/insvaleriahaline\/wp-json\/wp\/v2\/pages\/2573","targetHints":{"allow":["GET"]}}],"collection":[{"href":"https:\/\/agora.xtec.cat\/insvaleriahaline\/wp-json\/wp\/v2\/pages"}],"about":[{"href":"https:\/\/agora.xtec.cat\/insvaleriahaline\/wp-json\/wp\/v2\/types\/page"}],"author":[{"embeddable":true,"href":"https:\/\/agora.xtec.cat\/insvaleriahaline\/wp-json\/wp\/v2\/users\/1"}],"replies":[{"embeddable":true,"href":"https:\/\/agora.xtec.cat\/insvaleriahaline\/wp-json\/wp\/v2\/comments?post=2573"}],"version-history":[{"count":6,"href":"https:\/\/agora.xtec.cat\/insvaleriahaline\/wp-json\/wp\/v2\/pages\/2573\/revisions"}],"predecessor-version":[{"id":4554,"href":"https:\/\/agora.xtec.cat\/insvaleriahaline\/wp-json\/wp\/v2\/pages\/2573\/revisions\/4554"}],"up":[{"embeddable":true,"href":"https:\/\/agora.xtec.cat\/insvaleriahaline\/wp-json\/wp\/v2\/pages\/81"}],"wp:attachment":[{"href":"https:\/\/agora.xtec.cat\/insvaleriahaline\/wp-json\/wp\/v2\/media?parent=2573"}],"curies":[{"name":"wp","href":"https:\/\/api.w.org\/{rel}","templated":true}]}}