{"id":19,"date":"2014-09-17T14:56:56","date_gmt":"2014-09-17T14:56:56","guid":{"rendered":"http:\/\/agora.xtec.cat\/insvaleriahaline\/?page_id=19"},"modified":"2025-12-16T13:39:53","modified_gmt":"2025-12-16T12:39:53","slug":"linstitut","status":"publish","type":"page","link":"https:\/\/agora.xtec.cat\/insvaleriahaline\/linstitut\/","title":{"rendered":"L&#8217;institut"},"content":{"rendered":"<h3><span style=\"color: #3366ff;\">DADES IDENTIFICATIVES DEL CENTRE <\/span><\/h3>\n<ul>\n<li>Nom : Institut Val\u00e8ria Halin\u00e9<\/li>\n<li>Codi de centre : 08064911<\/li>\n<li>Adre\u00e7a : Cam\u00ed Fondo ca n&#8217;Aymerich, 4\u00a0 08860 \u2013 Castelldefels<\/li>\n<li>Tel\u00e8fon : <strong>93 636 34 41<\/strong> <strong><br \/>\n<\/strong><\/li>\n<li>Correu electr\u00f2nic : <strong>\u00a0institut@insvaleria.cat\u00a0 <\/strong>o\u00a0 b\u00e9\u00a0 <strong>insvaleriahaline@xtec.cat<\/strong><\/li>\n<li>P\u00e0gines web : <strong>http:\/\/insvaleria.cat<\/strong><\/li>\n<li>NIF : Q0801923D<\/li>\n<li>Equip directiu\n<ul>\n<li>Director: Joan Vi\u00f1als Pascual<\/li>\n<li>Secretari: Josep M\u00aa Piulachs N\u00fa\u00f1ez<\/li>\n<li>Coordinadora Pedag\u00f2gica: Pilar Moya Castellano<\/li>\n<li>Cap d\u2019Estudis: Joan V\u00e1zquez Mor\u00edn<\/li>\n<\/ul>\n<\/li>\n<li>Personal Administratiu i de Serveis\n<ul>\n<li>Merc\u00e8 Bellosta de Ara, Administrativa<\/li>\n<li>J\u00falia Moreno Torres, Conserge<\/li>\n<li>Meritxell Cano Duran, Conserge<\/li>\n<\/ul>\n<\/li>\n<li>Secretaria :\n<ul>\n<li>Horari d&#8217;atenci\u00f3 a secretaria\n<ul>\n<li>De dilluns a divendres, de 9:30 a 13:30h<\/li>\n<li>Els dimecres, tamb\u00e9 per la tarda, de 16:30 a 18:00<\/li>\n<\/ul>\n<\/li>\n<\/ul>\n<\/li>\n<\/ul>\n<p>&nbsp;<\/p>\n<p>&nbsp;<\/p>\n<p>Altres informacions del centre:<\/p>\n<ul>\n<li style=\"color: #444444;\"><a href=\"http:\/\/agora.xtec.cat\/insvaleriahaline\/linstitut\/on-som\/\">Ubicaci\u00f3<\/a><\/li>\n<li style=\"color: #444444;\"><a href=\"http:\/\/agora.xtec.cat\/insvaleriahaline\/linstitut\/historia\/\">Hist\u00f2ria<\/a><\/li>\n<\/ul>\n<p style=\"color: #444444;\">Us recomanem visitar el nostre<a href=\"https:\/\/www.instagram.com\/insvaleria\/\"> Instagram<\/a> i tamb\u00e9 podeu veure, com a curiositat, totes les activitats i les fotografies que s&#8217;han fet relacionades amb cada activitat, al llarg de tota la hist\u00f2ria del nostre centre: <strong><a href=\"http:\/\/agora.xtec.cat\/insvaleriahaline\/linstitut\/historial-dactivitats-i-fotografies\/\">Historial d&#8217;activitats i fotografies<\/a><\/strong><\/p>\n","protected":false},"excerpt":{"rendered":"<p>DADES IDENTIFICATIVES DEL CENTRE Nom : Institut Val\u00e8ria Halin\u00e9 Codi de centre : 08064911 Adre\u00e7a : Cam\u00ed Fondo ca n&#8217;Aymerich, 4\u00a0 08860 \u2013 Castelldefels Tel\u00e8fon : 93 636 34 41 Correu electr\u00f2nic : \u00a0institut@insvaleria.cat\u00a0 o\u00a0 b\u00e9\u00a0 insvaleriahaline@xtec.cat P\u00e0gines web : http:\/\/insvaleria.cat NIF : Q0801923D Equip directiu Director: Joan Vi\u00f1als Pascual Secretari: Josep M\u00aa Piulachs N\u00fa\u00f1ez [&hellip;]<\/p>\n","protected":false},"author":1,"featured_media":0,"parent":0,"menu_order":0,"comment_status":"closed","ping_status":"closed","template":"","meta":{"_bbp_topic_count":0,"_bbp_reply_count":0,"_bbp_total_topic_count":0,"_bbp_total_reply_count":0,"_bbp_voice_count":0,"_bbp_anonymous_reply_count":0,"_bbp_topic_count_hidden":0,"_bbp_reply_count_hidden":0,"_bbp_forum_subforum_count":0,"site-sidebar-layout":"default","site-content-layout":"","ast-site-content-layout":"default","site-content-style":"default","site-sidebar-style":"default","ast-global-header-display":"","ast-banner-title-visibility":"","ast-main-header-display":"","ast-hfb-above-header-display":"","ast-hfb-below-header-display":"","ast-hfb-mobile-header-display":"","site-post-title":"","ast-breadcrumbs-content":"","ast-featured-img":"","footer-sml-layout":"","theme-transparent-header-meta":"default","adv-header-id-meta":"","stick-header-meta":"","header-above-stick-meta":"","header-main-stick-meta":"","header-below-stick-meta":"","astra-migrate-meta-layouts":"set","ast-page-background-enabled":"default","ast-page-background-meta":{"desktop":{"background-color":"var(--ast-global-color-4)","background-image":"","background-repeat":"repeat","background-position":"center center","background-size":"auto","background-attachment":"scroll","background-type":"","background-media":"","overlay-type":"","overlay-color":"","overlay-opacity":"","overlay-gradient":""},"tablet":{"background-color":"","background-image":"","background-repeat":"repeat","background-position":"center center","background-size":"auto","background-attachment":"scroll","background-type":"","background-media":"","overlay-type":"","overlay-color":"","overlay-opacity":"","overlay-gradient":""},"mobile":{"background-color":"","background-image":"","background-repeat":"repeat","background-position":"center center","background-size":"auto","background-attachment":"scroll","background-type":"","background-media":"","overlay-type":"","overlay-color":"","overlay-opacity":"","overlay-gradient":""}},"ast-content-background-meta":{"desktop":{"background-color":"var(--ast-global-color-5)","background-image":"","background-repeat":"repeat","background-position":"center center","background-size":"auto","background-attachment":"scroll","background-type":"","background-media":"","overlay-type":"","overlay-color":"","overlay-opacity":"","overlay-gradient":""},"tablet":{"background-color":"var(--ast-global-color-5)","background-image":"","background-repeat":"repeat","background-position":"center center","background-size":"auto","background-attachment":"scroll","background-type":"","background-media":"","overlay-type":"","overlay-color":"","overlay-opacity":"","overlay-gradient":""},"mobile":{"background-color":"var(--ast-global-color-5)","background-image":"","background-repeat":"repeat","background-position":"center center","background-size":"auto","background-attachment":"scroll","background-type":"","background-media":"","overlay-type":"","overlay-color":"","overlay-opacity":"","overlay-gradient":""}},"footnotes":""},"class_list":["post-19","page","type-page","status-publish","hentry"],"post_mailing_queue_ids":[],"_links":{"self":[{"href":"https:\/\/agora.xtec.cat\/insvaleriahaline\/wp-json\/wp\/v2\/pages\/19","targetHints":{"allow":["GET"]}}],"collection":[{"href":"https:\/\/agora.xtec.cat\/insvaleriahaline\/wp-json\/wp\/v2\/pages"}],"about":[{"href":"https:\/\/agora.xtec.cat\/insvaleriahaline\/wp-json\/wp\/v2\/types\/page"}],"author":[{"embeddable":true,"href":"https:\/\/agora.xtec.cat\/insvaleriahaline\/wp-json\/wp\/v2\/users\/1"}],"replies":[{"embeddable":true,"href":"https:\/\/agora.xtec.cat\/insvaleriahaline\/wp-json\/wp\/v2\/comments?post=19"}],"version-history":[{"count":5,"href":"https:\/\/agora.xtec.cat\/insvaleriahaline\/wp-json\/wp\/v2\/pages\/19\/revisions"}],"predecessor-version":[{"id":4642,"href":"https:\/\/agora.xtec.cat\/insvaleriahaline\/wp-json\/wp\/v2\/pages\/19\/revisions\/4642"}],"wp:attachment":[{"href":"https:\/\/agora.xtec.cat\/insvaleriahaline\/wp-json\/wp\/v2\/media?parent=19"}],"curies":[{"name":"wp","href":"https:\/\/api.w.org\/{rel}","templated":true}]}}