{"id":386,"date":"2016-03-04T11:13:52","date_gmt":"2016-03-04T10:13:52","guid":{"rendered":"http:\/\/agora.xtec.cat\/instorreforta\/?page_id=386"},"modified":"2022-04-05T22:04:47","modified_gmt":"2022-04-05T20:04:47","slug":"infermeria","status":"publish","type":"page","link":"https:\/\/agora.xtec.cat\/instorreforta\/linstitut\/infermeria\/","title":{"rendered":"Infermeria"},"content":{"rendered":"<h1 class=\"entry-title\">Consulta Oberta (Programa Salut i Escola)<\/h1>\n<p>&nbsp;<\/p>\n<p><span style=\"color: #000000;\">L\u2019objectiu del programa Salut i Escola (PSiE) \u00e9s millorar la salut dels adolescents mitjan\u00e7ant accions de promoci\u00f3 de la salut, de prevenci\u00f3 de les situacions de risc i d\u2019atenci\u00f3 preco\u00e7 per als problemes relacionats amb la salut mental, la salut afectiva i sexual, el consum de drogues, alcohol i tabac, en col\u00b7laboraci\u00f3 amb els centres educatius i els serveis de salut comunit\u00e0ria presents en el territori.<\/span><\/p>\n<p><span style=\"color: #000000;\">Els eixos fonamentals d&#8217;actuaci\u00f3 del PSiE s\u00f3n la salut mental; la salut afectiva i sexual; la viol\u00e8ncia i els maltractaments segons g\u00e8nere, els h\u00e0bits de salut (consum de tabac i altres drogues, altres addiccions, exercici f\u00edsic, dieta, etc) i els trastorns de la conducta aliment\u00e0ria.<\/span><\/p>\n<p><span style=\"color: #333399;\"><span style=\"color: #000000;\">Una de les principals l\u00ednies d\u2019actuaci\u00f3 d\u2019aquest programa \u00e9s el servei Consulta Oberta, que implica el despla\u00e7ament peri\u00f2dic de professionals de l\u2019infermeria als centres docents per afavorir l\u2019accessibilitat dels adolescents a l\u2019atenci\u00f3 sanit\u00e0ria amb garanties de privacitat, confidencialitat i proximitat.<\/span><\/span><\/p>\n<p><strong>Poden fer la seva sol\u00b7licitud al seu tutor\/a, cotutor\/a o a trav\u00e9s del Departament d&#8217;Orientaci\u00f3.<\/strong><\/p>\n<h1 class=\"entry-title\"><a href=\"https:\/\/agora.xtec.cat\/instorreforta\/wp-content\/uploads\/usu792\/2019\/10\/PicsArt_02-01-12.38.47-1024x674.jpg\"><img loading=\"lazy\" decoding=\"async\" class=\"alignnone wp-image-2132 size-large\" src=\"https:\/\/agora.xtec.cat\/instorreforta\/wp-content\/uploads\/usu792\/2019\/10\/PicsArt_02-01-12.38.47-1024x674-1024x674.jpg\" alt=\"\" width=\"1024\" height=\"674\" srcset=\"https:\/\/agora.xtec.cat\/instorreforta\/wp-content\/uploads\/usu792\/2019\/10\/PicsArt_02-01-12.38.47-1024x674.jpg 1024w, https:\/\/agora.xtec.cat\/instorreforta\/wp-content\/uploads\/usu792\/2019\/10\/PicsArt_02-01-12.38.47-1024x674-300x197.jpg 300w, https:\/\/agora.xtec.cat\/instorreforta\/wp-content\/uploads\/usu792\/2019\/10\/PicsArt_02-01-12.38.47-1024x674-768x506.jpg 768w\" sizes=\"auto, (max-width: 1024px) 100vw, 1024px\" \/><\/a><\/h1>\n<p><span style=\"color: #000000;\"><span style=\"color: #333399;\"><a href=\"https:\/\/agora.xtec.cat\/instorreforta\/wp-content\/uploads\/usu792\/2019\/10\/Salut_i_escola_gene_col-270x164.jpg\"><img loading=\"lazy\" decoding=\"async\" class=\"alignnone wp-image-2126 size-full\" src=\"https:\/\/agora.xtec.cat\/instorreforta\/wp-content\/uploads\/usu792\/2019\/10\/Salut_i_escola_gene_col-270x164.jpg\" alt=\"\" width=\"270\" height=\"164\" \/> <\/a><\/span><\/span><\/p>\n","protected":false},"excerpt":{"rendered":"<p>Consulta Oberta (Programa Salut i Escola)<br \/>\n&nbsp;<br \/>\nL\u2019objectiu del programa Salut i Escola (PSiE) \u00e9s millorar la salut dels adolescents mitjan\u00e7ant accions de promoci\u00f3 de la salut, de prevenci\u00f3 de les situacions de risc i d\u2019atenci\u00f3 preco\u00e7 per als problemes relacionats amb la salut mental, la salut&hellip;  <a href=\"https:\/\/agora.xtec.cat\/instorreforta\/linstitut\/infermeria\/\" title=\"Read Infermeria\">Llegeix m\u00e9s\u00bb<\/a><\/p>\n","protected":false},"author":1,"featured_media":0,"parent":19,"menu_order":11,"comment_status":"closed","ping_status":"closed","template":"page-templates\/side-menu.php","meta":{"_bbp_topic_count":0,"_bbp_reply_count":0,"_bbp_total_topic_count":0,"_bbp_total_reply_count":0,"_bbp_voice_count":0,"_bbp_anonymous_reply_count":0,"_bbp_topic_count_hidden":0,"_bbp_reply_count_hidden":0,"_bbp_forum_subforum_count":0,"footnotes":""},"class_list":["post-386","page","type-page","status-publish","hentry"],"post_mailing_queue_ids":[],"_links":{"self":[{"href":"https:\/\/agora.xtec.cat\/instorreforta\/wp-json\/wp\/v2\/pages\/386","targetHints":{"allow":["GET"]}}],"collection":[{"href":"https:\/\/agora.xtec.cat\/instorreforta\/wp-json\/wp\/v2\/pages"}],"about":[{"href":"https:\/\/agora.xtec.cat\/instorreforta\/wp-json\/wp\/v2\/types\/page"}],"author":[{"embeddable":true,"href":"https:\/\/agora.xtec.cat\/instorreforta\/wp-json\/wp\/v2\/users\/1"}],"replies":[{"embeddable":true,"href":"https:\/\/agora.xtec.cat\/instorreforta\/wp-json\/wp\/v2\/comments?post=386"}],"version-history":[{"count":3,"href":"https:\/\/agora.xtec.cat\/instorreforta\/wp-json\/wp\/v2\/pages\/386\/revisions"}],"predecessor-version":[{"id":2849,"href":"https:\/\/agora.xtec.cat\/instorreforta\/wp-json\/wp\/v2\/pages\/386\/revisions\/2849"}],"up":[{"embeddable":true,"href":"https:\/\/agora.xtec.cat\/instorreforta\/wp-json\/wp\/v2\/pages\/19"}],"wp:attachment":[{"href":"https:\/\/agora.xtec.cat\/instorreforta\/wp-json\/wp\/v2\/media?parent=386"}],"curies":[{"name":"wp","href":"https:\/\/api.w.org\/{rel}","templated":true}]}}