{"id":27,"date":"2014-09-17T16:24:03","date_gmt":"2014-09-17T16:24:03","guid":{"rendered":"http:\/\/agora.xtec.cat\/instorreforta\/?page_id=27"},"modified":"2022-04-05T22:00:36","modified_gmt":"2022-04-05T20:00:36","slug":"historia","status":"publish","type":"page","link":"https:\/\/agora.xtec.cat\/instorreforta\/linstitut\/historia\/","title":{"rendered":"Hist\u00f2ria"},"content":{"rendered":"<p style=\"text-align: justify;\">Des de 1996, l\u2019Institut Torreforta \u00e9s un centre de refer\u00e8ncia de la zona de Ponent.<br \/>\nEns identifiquem pel nostre comprom\u00eds amb l\u2019educaci\u00f3, per la professionalitat del nostre professorat, per la comunicaci\u00f3 amb les fam\u00edlies i per l\u2019exhaustiu seguiment individual dels seus fills i de les seves filles, aix\u00ed com la valoraci\u00f3 de l\u2019esfor\u00e7.<br \/>\nA l\u2019Institut Torreforta ens distingim per la qualitat en la formaci\u00f3 integral del nostre alumnat i ens caracteritzem per fer-lo cr\u00e9ixer en l\u2019\u00e0mbit personal perqu\u00e8 valors com el respecte, la conviv\u00e8ncia, l\u2019esfor\u00e7, la cohesi\u00f3 social, la inclusi\u00f3, la coeducaci\u00f3 i el respecte a les normes estan presents en el nostre <strong>Projecte Educatiu<\/strong>. Tot aix\u00f2 ens permet mantenir un bon nivell acad\u00e8mic i un destacat afany de superaci\u00f3 per part de l\u2019alumnat.<\/p>\n<p><a href=\"http:\/\/agora.xtec.cat\/instorreforta\/wp-content\/uploads\/usu792\/2014\/09\/PPT-INS-TORREFORTA-2012.jpg\"><img loading=\"lazy\" decoding=\"async\" class=\" wp-image-295 size-medium alignnone\" src=\"http:\/\/agora.xtec.cat\/instorreforta\/wp-content\/uploads\/usu792\/2014\/09\/PPT-INS-TORREFORTA-2012-300x225.jpg\" alt=\" INS TORREFORTA\" width=\"300\" height=\"225\" srcset=\"https:\/\/agora.xtec.cat\/instorreforta\/wp-content\/uploads\/usu792\/2014\/09\/PPT-INS-TORREFORTA-2012-300x225.jpg 300w, https:\/\/agora.xtec.cat\/instorreforta\/wp-content\/uploads\/usu792\/2014\/09\/PPT-INS-TORREFORTA-2012-200x150.jpg 200w, https:\/\/agora.xtec.cat\/instorreforta\/wp-content\/uploads\/usu792\/2014\/09\/PPT-INS-TORREFORTA-2012.jpg 973w\" sizes=\"auto, (max-width: 300px) 100vw, 300px\" \/><\/a><\/p>\n<p style=\"text-align: justify;\">El model pedag\u00f2gic i organitzatiu del nostre institut t\u00e9 com a nucli principal el seguiment individualitzat dels nois i dels noies del nostre centre. Aquesta atenci\u00f3 \u00e9s possible gr\u00e0cies al nou model d\u2019acci\u00f3 tutorial desenvolupat i al treball en equip del nostre professorat i perqu\u00e8 entenem que la relaci\u00f3 amb les fam\u00edlies i l\u2019entorn n\u2019\u00e9s la base fonamental. A l\u2019Institut Torreforta, millorem cada curs perqu\u00e8 ens adaptem als canvis i volem que els seus fills i les seves filles esdevinguin ciutadans i ciutadanes amb qualitats personals, acad\u00e8miques i culturals \u00f2ptimes que garanteixin el progr\u00e9s de la nostra societat.<\/p>\n<p>&nbsp;<\/p>\n<p>&nbsp;<\/p>\n<p>&nbsp;<\/p>\n","protected":false},"excerpt":{"rendered":"<p>Des de 1996, l\u2019Institut Torreforta \u00e9s un centre de refer\u00e8ncia de la zona de Ponent.<br \/>\nEns identifiquem pel nostre comprom\u00eds amb l\u2019educaci\u00f3, per la professionalitat del nostre professorat, per la comunicaci\u00f3 amb les fam\u00edlies i per l\u2019exhaustiu seguiment individual dels seus fills i de les seves&hellip;  <a href=\"https:\/\/agora.xtec.cat\/instorreforta\/linstitut\/historia\/\" title=\"Read Hist\u00f2ria\">Llegeix m\u00e9s\u00bb<\/a><\/p>\n","protected":false},"author":1,"featured_media":0,"parent":19,"menu_order":0,"comment_status":"closed","ping_status":"closed","template":"page-templates\/side-menu.php","meta":{"_bbp_topic_count":0,"_bbp_reply_count":0,"_bbp_total_topic_count":0,"_bbp_total_reply_count":0,"_bbp_voice_count":0,"_bbp_anonymous_reply_count":0,"_bbp_topic_count_hidden":0,"_bbp_reply_count_hidden":0,"_bbp_forum_subforum_count":0,"footnotes":""},"class_list":["post-27","page","type-page","status-publish","hentry"],"post_mailing_queue_ids":[],"_links":{"self":[{"href":"https:\/\/agora.xtec.cat\/instorreforta\/wp-json\/wp\/v2\/pages\/27","targetHints":{"allow":["GET"]}}],"collection":[{"href":"https:\/\/agora.xtec.cat\/instorreforta\/wp-json\/wp\/v2\/pages"}],"about":[{"href":"https:\/\/agora.xtec.cat\/instorreforta\/wp-json\/wp\/v2\/types\/page"}],"author":[{"embeddable":true,"href":"https:\/\/agora.xtec.cat\/instorreforta\/wp-json\/wp\/v2\/users\/1"}],"replies":[{"embeddable":true,"href":"https:\/\/agora.xtec.cat\/instorreforta\/wp-json\/wp\/v2\/comments?post=27"}],"version-history":[{"count":4,"href":"https:\/\/agora.xtec.cat\/instorreforta\/wp-json\/wp\/v2\/pages\/27\/revisions"}],"predecessor-version":[{"id":3894,"href":"https:\/\/agora.xtec.cat\/instorreforta\/wp-json\/wp\/v2\/pages\/27\/revisions\/3894"}],"up":[{"embeddable":true,"href":"https:\/\/agora.xtec.cat\/instorreforta\/wp-json\/wp\/v2\/pages\/19"}],"wp:attachment":[{"href":"https:\/\/agora.xtec.cat\/instorreforta\/wp-json\/wp\/v2\/media?parent=27"}],"curies":[{"name":"wp","href":"https:\/\/api.w.org\/{rel}","templated":true}]}}