{"id":8856,"date":"2021-09-28T18:45:41","date_gmt":"2021-09-28T16:45:41","guid":{"rendered":"https:\/\/agora.xtec.cat\/instorredemalla\/?page_id=8856"},"modified":"2025-12-09T09:50:45","modified_gmt":"2025-12-09T08:50:45","slug":"poc-pla-dorganitzacio-de-centre-curs-2021-2022","status":"publish","type":"page","link":"https:\/\/agora.xtec.cat\/instorredemalla\/poc-pla-dorganitzacio-de-centre-curs-2021-2022\/","title":{"rendered":"Documentaci\u00f3 del centre"},"content":{"rendered":"<p><strong>PEC- PROJECTE EDUCATIU DE CENTRE<\/strong><\/p>\n<p>El podeu llegir en el seg\u00fcent enlla\u00e7: <a href=\"https:\/\/docs.google.com\/document\/d\/1ECL0d64El-PDRxgGjrdUUOIb3urPxzjV\/edit\"><em><strong>PEC<\/strong><\/em><\/a><\/p>\n<p><strong>PROJECTE DE CONVIV\u00c8NCIA<\/strong><\/p>\n<p>El podeu llegir en el seg\u00fcent enlla\u00e7: <a href=\"https:\/\/agora.xtec.cat\/instorredemalla\/wp-content\/uploads\/usu377\/2019\/06\/Projecte-de-conviv%C3%A8ncia.pdf\"><strong>Projecte de conviv\u00e8ncia<\/strong><\/a><\/p>\n<p><strong>NOFC &#8211; NORMES D&#8217;ORGANITZACI\u00d3 I FUNCIONAMENT DE CENTRE <\/strong><\/p>\n<p>Les podeu llegir en el seg\u00fcent enlla\u00e7:<a href=\"https:\/\/docs.google.com\/document\/d\/1Lw5PnKTBGkpTZojTzfHCRQVpyOGNoh3r\/edit#heading=h.3hv69ve\"><strong> NOFC<\/strong><\/a><\/p>\n<p><strong>PGA &#8211; PROGRAMACI\u00d3 GENERAL ANUAL 25-26<\/strong><\/p>\n<p>Les podeu llegir en el seg\u00fcent enlla\u00e7:<strong> <a href=\"https:\/\/agora.xtec.cat\/instorredemalla\/wp-content\/uploads\/usu377\/2025\/11\/PGA-25-26.pdf\">\u00a0<\/a><a href=\"https:\/\/agora.xtec.cat\/instorredemalla\/wp-content\/uploads\/usu377\/2025\/11\/PGA-2025-2026-1.pdf\">PGA 2025-2026<\/a><\/strong><\/p>\n<p><strong>MA- MEM\u00d2RIA ANUAL 24-25<\/strong><\/p>\n<p>Les podeu llegir en el seg\u00fcent enlla\u00e7: <strong><a href=\"https:\/\/agora.xtec.cat\/instorredemalla\/wp-content\/uploads\/usu377\/2025\/12\/MA-2024-2025.pdf\">MA 2024-2025<\/a><\/strong><\/p>\n<p><strong>PL &#8211; PROJECTE LING\u00dc\u00cdSTIC DEL CENTRE<\/strong><\/p>\n<p>El podeu llegir en el seg\u00fcent enlla\u00e7: <a href=\"https:\/\/docs.google.com\/document\/d\/1OAI5ydtF1ht19akfAoxAIBe5Uh_D7agB\/edit\"><strong>Projecte Ling\u00fc\u00edstic<\/strong><\/a><\/p>\n<p><strong>POL\u00cdTICA DE QUALITAT<\/strong><\/p>\n<p>El podeu llegir en el seg\u00fcent enlla\u00e7:<strong>\u00a0<a href=\"https:\/\/agora.xtec.cat\/instorredemalla\/wp-content\/uploads\/usu377\/2023\/03\/PQ.pdf\">PQ<\/a><\/strong><\/p>\n<p><strong>CARTA DE SERVEIS<\/strong><\/p>\n<p>El podeu llegir en el seg\u00fcent enlla\u00e7:<a href=\"https:\/\/docs.google.com\/document\/d\/1NsNoEhkxNyEyFI-H2yMR02SfldHia5Ak\/edit?usp=sharing&amp;ouid=105234963023227589190&amp;rtpof=true&amp;sd=true\"><strong> CS<\/strong><\/a><\/p>\n<p><strong>CARTA DE COMPROM\u00cdS EDUCATIU<\/strong><\/p>\n<p>El podeu llegir en el seg\u00fcent enlla\u00e7:<a href=\"https:\/\/docs.google.com\/document\/d\/1OOZ7fFPiBQEID7T4HaY18wRvEcWCmWXl\/edit?usp=sharing&amp;ouid=105234963023227589190&amp;rtpof=true&amp;sd=true\"><strong> CCE<\/strong><\/a><\/p>\n<p>&nbsp;<\/p>\n","protected":false},"excerpt":{"rendered":"<p>PEC- PROJECTE EDUCATIU DE CENTRE El podeu llegir en el seg\u00fcent enlla\u00e7: PEC PROJECTE DE CONVIV\u00c8NCIA El podeu llegir en el seg\u00fcent enlla\u00e7: Projecte de conviv\u00e8ncia NOFC &#8211; NORMES D&#8217;ORGANITZACI\u00d3 I FUNCIONAMENT DE CENTRE Les podeu llegir en el seg\u00fcent enlla\u00e7: NOFC PGA &#8211; PROGRAMACI\u00d3 GENERAL ANUAL 25-26 Les podeu llegir en el seg\u00fcent enlla\u00e7: [&hellip;]<\/p>\n","protected":false},"author":131,"featured_media":0,"parent":0,"menu_order":0,"comment_status":"closed","ping_status":"closed","template":"","meta":{"_bbp_topic_count":0,"_bbp_reply_count":0,"_bbp_total_topic_count":0,"_bbp_total_reply_count":0,"_bbp_voice_count":0,"_bbp_anonymous_reply_count":0,"_bbp_topic_count_hidden":0,"_bbp_reply_count_hidden":0,"_bbp_forum_subforum_count":0,"site-sidebar-layout":"default","site-content-layout":"","ast-site-content-layout":"","site-content-style":"default","site-sidebar-style":"default","ast-global-header-display":"","ast-banner-title-visibility":"","ast-main-header-display":"","ast-hfb-above-header-display":"","ast-hfb-below-header-display":"","ast-hfb-mobile-header-display":"","site-post-title":"","ast-breadcrumbs-content":"","ast-featured-img":"","footer-sml-layout":"","theme-transparent-header-meta":"","adv-header-id-meta":"","stick-header-meta":"","header-above-stick-meta":"","header-main-stick-meta":"","header-below-stick-meta":"","astra-migrate-meta-layouts":"default","ast-page-background-enabled":"default","ast-page-background-meta":{"desktop":{"background-color":"var(--ast-global-color-4)","background-image":"","background-repeat":"repeat","background-position":"center center","background-size":"auto","background-attachment":"scroll","background-type":"","background-media":"","overlay-type":"","overlay-color":"","overlay-opacity":"","overlay-gradient":""},"tablet":{"background-color":"","background-image":"","background-repeat":"repeat","background-position":"center center","background-size":"auto","background-attachment":"scroll","background-type":"","background-media":"","overlay-type":"","overlay-color":"","overlay-opacity":"","overlay-gradient":""},"mobile":{"background-color":"","background-image":"","background-repeat":"repeat","background-position":"center center","background-size":"auto","background-attachment":"scroll","background-type":"","background-media":"","overlay-type":"","overlay-color":"","overlay-opacity":"","overlay-gradient":""}},"ast-content-background-meta":{"desktop":{"background-color":"var(--ast-global-color-5)","background-image":"","background-repeat":"repeat","background-position":"center center","background-size":"auto","background-attachment":"scroll","background-type":"","background-media":"","overlay-type":"","overlay-color":"","overlay-opacity":"","overlay-gradient":""},"tablet":{"background-color":"var(--ast-global-color-5)","background-image":"","background-repeat":"repeat","background-position":"center center","background-size":"auto","background-attachment":"scroll","background-type":"","background-media":"","overlay-type":"","overlay-color":"","overlay-opacity":"","overlay-gradient":""},"mobile":{"background-color":"var(--ast-global-color-5)","background-image":"","background-repeat":"repeat","background-position":"center center","background-size":"auto","background-attachment":"scroll","background-type":"","background-media":"","overlay-type":"","overlay-color":"","overlay-opacity":"","overlay-gradient":""}},"footnotes":""},"class_list":["post-8856","page","type-page","status-publish","hentry"],"post_mailing_queue_ids":[],"_links":{"self":[{"href":"https:\/\/agora.xtec.cat\/instorredemalla\/wp-json\/wp\/v2\/pages\/8856","targetHints":{"allow":["GET"]}}],"collection":[{"href":"https:\/\/agora.xtec.cat\/instorredemalla\/wp-json\/wp\/v2\/pages"}],"about":[{"href":"https:\/\/agora.xtec.cat\/instorredemalla\/wp-json\/wp\/v2\/types\/page"}],"author":[{"embeddable":true,"href":"https:\/\/agora.xtec.cat\/instorredemalla\/wp-json\/wp\/v2\/users\/131"}],"replies":[{"embeddable":true,"href":"https:\/\/agora.xtec.cat\/instorredemalla\/wp-json\/wp\/v2\/comments?post=8856"}],"version-history":[{"count":7,"href":"https:\/\/agora.xtec.cat\/instorredemalla\/wp-json\/wp\/v2\/pages\/8856\/revisions"}],"predecessor-version":[{"id":16778,"href":"https:\/\/agora.xtec.cat\/instorredemalla\/wp-json\/wp\/v2\/pages\/8856\/revisions\/16778"}],"wp:attachment":[{"href":"https:\/\/agora.xtec.cat\/instorredemalla\/wp-json\/wp\/v2\/media?parent=8856"}],"curies":[{"name":"wp","href":"https:\/\/api.w.org\/{rel}","templated":true}]}}