{"id":8761,"date":"2021-07-06T09:21:37","date_gmt":"2021-07-06T07:21:37","guid":{"rendered":"http:\/\/agora.xtec.cat\/instorredemalla\/?page_id=8761"},"modified":"2021-07-12T08:58:10","modified_gmt":"2021-07-12T06:58:10","slug":"matricula-2n-cfgs-administracio-i-finances-del-12-al-16-de-juliol","status":"publish","type":"page","link":"https:\/\/agora.xtec.cat\/instorredemalla\/matricula-curs-2021-2022\/matricula-2n-cfgs-administracio-i-finances-del-12-al-16-de-juliol\/","title":{"rendered":"Matr\u00edcula 2n CFGS Administraci\u00f3 i finances &#8211; Del 12 al 16 de juliol"},"content":{"rendered":"<p>Si l&#8217;alumne\/a \u00e9s menor d&#8217;edat, el tr\u00e0mit l&#8217;ha de realitzar el pare, la mare o el tutor legal.<br \/>\nSegueixi els seg\u00fcents passos per a la formalitzaci\u00f3 de la matr\u00edcula:<\/p>\n<p>1.<br \/>\nSi l\u2019alumne\/a continua en el centre (per exemple de 1r passa a 2n), heu de contestar aquest formulari:<\/p>\n<h4><a href=\"https:\/\/forms.gle\/jcpMGGoELjU7nQkV8\">https:\/\/forms.gle\/jcpMGGoELjU7nQkV8<\/a><\/h4>\n<p>2.<br \/>\nHeu de llegir atentament tota la informaci\u00f3 i contestar les preguntes contingudes en el formulari, que tamb\u00e9 inclou documents adjuntats que haureu de descarregar i llegir atentament.<\/p>\n<p>3.<br \/>\nHeu de descarregar el document &#8220;Matr\u00edcula 2n AIF&#8221;<br \/>\n(<a href=\"https:\/\/drive.google.com\/file\/d\/1t7NGlav36qjUQmPo2-sG9jGN88sjEfEF\/view?usp=sharing\">https:\/\/drive.google.com\/file\/d\/1t7NGlav36qjUQmPo2-sG9jGN88sjEfEF\/view?usp=sharing<\/a>), emplenar-lo, signar-lo i enviar-lo a l&#8217;adre\u00e7a que indica el mateix document, que \u00e9s: matricula+2adf@instorredemalla.cat. Juntament a aquest document heu d&#8217;enviar la seg\u00fcent documentaci\u00f3:<br \/>\n&#8211; Rebut del banc conforme s&#8217;ha fet el pagament de la quota de material i de sortides.<br \/>\n&#8211; Documentaci\u00f3 acreditativa de l\u2019exempci\u00f3 o bonificaci\u00f3 sol\u00b7licitada, en el seu cas.<\/p>\n<p>A m\u00e9s, en el cas d&#8217;alumnat nou a l&#8217;institut, haur\u00e0 d&#8217;enviar tamb\u00e9:<br \/>\n&#8211; C\u00f2pia del DNI alumne\/a.<br \/>\n&#8211; C\u00f2pia de la targeta sanit\u00e0ria.<br \/>\n&#8211; Full de Seguiment Acad\u00e8mic (alumnat repetidor que no ha cursat 1r a l&#8217;Institut Torre de Malla).<\/p>\n<p>4.<br \/>\nHeu de realitzar el pagament de la QUOTA OFICIAL DE MATR\u00cdCULA i DEL MATERIAL.<br \/>\nL&#8217;import de la matr\u00edcula total \u00e9s de 360\u20ac (preu p\u00fablic oficial) m\u00e9s 40 \u20ac de material.<br \/>\nEn el cas de matr\u00edcules parcials, el cost per unitats formatives \u00e9s de 25 \u20ac de pagament<br \/>\n(preu p\u00fablic oficial) i 6 \u20ac de material.<br \/>\nMatr\u00edcula per FCT \u00e9s 25 \u20ac de pagament (preu p\u00fablic oficial).<br \/>\nTrobareu m\u00e9s informaci\u00f3 en el seg\u00fcent enlla\u00e7:<br \/>\n<a href=\"https:\/\/drive.google.com\/file\/d\/1t8Qfeg_1SjduawRq7CdicG5NnoUKNWQ6\/view?usp=sharing\">https:\/\/drive.google.com\/file\/d\/1t8Qfeg_1SjduawRq7CdicG5NnoUKNWQ6\/view?usp=sharing<\/a><\/p>\n<p>5.<br \/>\nEn cas de dubtes, podeu posar-vos en contacte amb el centre a trav\u00e9s de l\u2019adre\u00e7a de correu electr\u00f2nic general del centre: instorredemalla@xtec.cat<\/p>\n<p>6.<br \/>\nEls llibres de text els podeu consultar en el seg\u00fcent enlla\u00e7:<\/p>\n<p><a href=\"https:\/\/drive.google.com\/file\/d\/1tB9_kqbNsLuylDuOQqF5vWzcNLhm2svE\/view?usp=sharing\">https:\/\/drive.google.com\/file\/d\/1tB9_kqbNsLuylDuOQqF5vWzcNLhm2svE\/view?usp=sharing<\/a><\/p>\n<p>Agra\u00efm la vostra col\u00b7laboraci\u00f3.<\/p>\n","protected":false},"excerpt":{"rendered":"<p>Si l&#8217;alumne\/a \u00e9s menor d&#8217;edat, el tr\u00e0mit l&#8217;ha de realitzar el pare, la mare o el tutor legal. Segueixi els seg\u00fcents passos per a la formalitzaci\u00f3 de la matr\u00edcula: 1. Si l\u2019alumne\/a continua en el centre (per exemple de 1r passa a 2n), heu de contestar aquest formulari: https:\/\/forms.gle\/jcpMGGoELjU7nQkV8 2. Heu de llegir atentament tota [&hellip;]<\/p>\n","protected":false},"author":131,"featured_media":0,"parent":8612,"menu_order":0,"comment_status":"closed","ping_status":"closed","template":"","meta":{"_bbp_topic_count":0,"_bbp_reply_count":0,"_bbp_total_topic_count":0,"_bbp_total_reply_count":0,"_bbp_voice_count":0,"_bbp_anonymous_reply_count":0,"_bbp_topic_count_hidden":0,"_bbp_reply_count_hidden":0,"_bbp_forum_subforum_count":0,"site-sidebar-layout":"default","site-content-layout":"","ast-site-content-layout":"","site-content-style":"default","site-sidebar-style":"default","ast-global-header-display":"","ast-banner-title-visibility":"","ast-main-header-display":"","ast-hfb-above-header-display":"","ast-hfb-below-header-display":"","ast-hfb-mobile-header-display":"","site-post-title":"","ast-breadcrumbs-content":"","ast-featured-img":"","footer-sml-layout":"","theme-transparent-header-meta":"","adv-header-id-meta":"","stick-header-meta":"","header-above-stick-meta":"","header-main-stick-meta":"","header-below-stick-meta":"","astra-migrate-meta-layouts":"default","ast-page-background-enabled":"default","ast-page-background-meta":{"desktop":{"background-color":"var(--ast-global-color-4)","background-image":"","background-repeat":"repeat","background-position":"center center","background-size":"auto","background-attachment":"scroll","background-type":"","background-media":"","overlay-type":"","overlay-color":"","overlay-opacity":"","overlay-gradient":""},"tablet":{"background-color":"","background-image":"","background-repeat":"repeat","background-position":"center center","background-size":"auto","background-attachment":"scroll","background-type":"","background-media":"","overlay-type":"","overlay-color":"","overlay-opacity":"","overlay-gradient":""},"mobile":{"background-color":"","background-image":"","background-repeat":"repeat","background-position":"center center","background-size":"auto","background-attachment":"scroll","background-type":"","background-media":"","overlay-type":"","overlay-color":"","overlay-opacity":"","overlay-gradient":""}},"ast-content-background-meta":{"desktop":{"background-color":"var(--ast-global-color-5)","background-image":"","background-repeat":"repeat","background-position":"center center","background-size":"auto","background-attachment":"scroll","background-type":"","background-media":"","overlay-type":"","overlay-color":"","overlay-opacity":"","overlay-gradient":""},"tablet":{"background-color":"var(--ast-global-color-5)","background-image":"","background-repeat":"repeat","background-position":"center center","background-size":"auto","background-attachment":"scroll","background-type":"","background-media":"","overlay-type":"","overlay-color":"","overlay-opacity":"","overlay-gradient":""},"mobile":{"background-color":"var(--ast-global-color-5)","background-image":"","background-repeat":"repeat","background-position":"center center","background-size":"auto","background-attachment":"scroll","background-type":"","background-media":"","overlay-type":"","overlay-color":"","overlay-opacity":"","overlay-gradient":""}},"footnotes":""},"class_list":["post-8761","page","type-page","status-publish","hentry"],"post_mailing_queue_ids":[],"_links":{"self":[{"href":"https:\/\/agora.xtec.cat\/instorredemalla\/wp-json\/wp\/v2\/pages\/8761","targetHints":{"allow":["GET"]}}],"collection":[{"href":"https:\/\/agora.xtec.cat\/instorredemalla\/wp-json\/wp\/v2\/pages"}],"about":[{"href":"https:\/\/agora.xtec.cat\/instorredemalla\/wp-json\/wp\/v2\/types\/page"}],"author":[{"embeddable":true,"href":"https:\/\/agora.xtec.cat\/instorredemalla\/wp-json\/wp\/v2\/users\/131"}],"replies":[{"embeddable":true,"href":"https:\/\/agora.xtec.cat\/instorredemalla\/wp-json\/wp\/v2\/comments?post=8761"}],"version-history":[{"count":2,"href":"https:\/\/agora.xtec.cat\/instorredemalla\/wp-json\/wp\/v2\/pages\/8761\/revisions"}],"predecessor-version":[{"id":8795,"href":"https:\/\/agora.xtec.cat\/instorredemalla\/wp-json\/wp\/v2\/pages\/8761\/revisions\/8795"}],"up":[{"embeddable":true,"href":"https:\/\/agora.xtec.cat\/instorredemalla\/wp-json\/wp\/v2\/pages\/8612"}],"wp:attachment":[{"href":"https:\/\/agora.xtec.cat\/instorredemalla\/wp-json\/wp\/v2\/media?parent=8761"}],"curies":[{"name":"wp","href":"https:\/\/api.w.org\/{rel}","templated":true}]}}