{"id":8753,"date":"2021-07-06T09:20:25","date_gmt":"2021-07-06T07:20:25","guid":{"rendered":"http:\/\/agora.xtec.cat\/instorredemalla\/?page_id=8753"},"modified":"2021-07-15T09:42:24","modified_gmt":"2021-07-15T07:42:24","slug":"matricula-1r-de-cfgm-sistemes-microinformatics-i-xarxes-curs-2021-2022","status":"publish","type":"page","link":"https:\/\/agora.xtec.cat\/instorredemalla\/matricula-curs-2021-2022\/matricula-1r-de-cfgm-sistemes-microinformatics-i-xarxes-curs-2021-2022\/","title":{"rendered":"Matr\u00edcula 1r de CFGM Sistemes microinform\u00e0tics i xarxes &#8211; curs 2021\/2022"},"content":{"rendered":"<p>El per\u00edode de matr\u00edcula de 1r de CFGM \u00e9s del 12 al 16 de juliol.<\/p>\n<p>Si l&#8217;alumne\/a \u00e9s menor d&#8217;edat, el tr\u00e0mit l&#8217;ha de realitzar el pare, la mare o el tutor legal.<br \/>\nSegueixi els seg\u00fcents passos per a la formalitzaci\u00f3 de la matr\u00edcula:<\/p>\n<p>1.<br \/>\nSi l\u2019alumne\/a es matricula a 1r del CFGM de Sistemes microinform\u00e0tics i xarxes, heu de contestar aquest formulari:<\/p>\n<h4><a href=\"https:\/\/forms.gle\/t4vUz7RQADmcywqZA\">https:\/\/forms.gle\/t4vUz7RQADmcywqZA<\/a><\/h4>\n<p>2.<br \/>\nHeu de llegir atentament tota la informaci\u00f3 i contestar les preguntes contingudes en el formulari, que tamb\u00e9 inclou documents adjuntats que haureu de descarregar i llegir atentament.<\/p>\n<p>3.<br \/>\nHeu de descarregar el document &#8220;Matr\u00edcula 1r SMX&#8221;<br \/>\n(<a href=\"https:\/\/drive.google.com\/file\/d\/1t--oKhpgIMTxF5-zkQbvYwtzAzqMNYYl\/view?usp=sharing\">https:\/\/drive.google.com\/file\/d\/1t&#8211;oKhpgIMTxF5-zkQbvYwtzAzqMNYYl\/view?usp=sharing<\/a>), emplenar-lo, signar-lo i enviar-lo a l&#8217;adre\u00e7a que indica el mateix document, que \u00e9s: matricula+1smx@instorredemalla.cat. Juntament a aquest document heu d&#8217;enviar la seg\u00fcent documentaci\u00f3:<br \/>\n&#8211; Rebut del banc conforme s&#8217;ha fet el pagament de la quota de material i de sortides.<br \/>\n&#8211; C\u00f2pia del DNI alumne\/a.<br \/>\n&#8211; C\u00f2pia del DNI pare\/mare\/tutor\/a legal.<br \/>\n&#8211; C\u00f2pia llibre de fam\u00edlia (per als menors d&#8217;edat).<br \/>\n&#8211; C\u00f2pia de la targeta sanit\u00e0ria.<br \/>\n&#8211; Resguard del t\u00edtol de l\u2019ESO i butllet\u00ed de notes de 4t d\u2019ESO o resguard de la prova d\u2019acc\u00e9s.<\/p>\n<p>4.<br \/>\nHeu de realitzar el pagament de material i sortides i, en el seu cas, de l\u2019AMPA. La informaci\u00f3 per realitzar el pagament es troba en la secci\u00f3 corresponent d&#8217;aquest formulari. Recomanem fer el pagament per transfer\u00e8ncia banc\u00e0ria. Tamb\u00e9, es pot realitzar el pagament en qualsevol caixer del Banc de Sabadell, utilitzant sempre una targeta de cr\u00e8dit, que pot ser de qualsevol entitat banc\u00e0ria (sense cap mena de cost).<br \/>\nEn els seg\u00fcents enlla\u00e7os trobareu tota la informaci\u00f3 relativa a la quota de material i sortides i de l&#8217;AMPA:<br \/>\n&#8211; ENLLA\u00c7 QUOTA MATERIAL I SORTIDES<br \/>\n<a href=\"https:\/\/drive.google.com\/file\/d\/1t-JhaGkweSyPDvZe0Q9Lr5Wgzep4lRlI\/view?usp=sharing\">https:\/\/drive.google.com\/file\/d\/1t-JhaGkweSyPDvZe0Q9Lr5Wgzep4lRlI\/view?usp=sharing<\/a><br \/>\n&#8211; ENLLA\u00c7 AMPA<br \/>\nInformaci\u00f3: <a href=\"https:\/\/drive.google.com\/file\/d\/1Nvjvp-UYczM7dh8CjoRV7PxbWllqj5k6\/view?usp=sharing\">https:\/\/drive.google.com\/file\/d\/1Nvjvp-UYczM7dh8CjoRV7PxbWllqj5k6\/view?usp=sharing<\/a><br \/>\nQuota i pagament: <a href=\"https:\/\/drive.google.com\/file\/d\/1P2vxS3RA7iQ-k3uXmfkablWwHUyYZxVS\/view?usp=sharing\">https:\/\/drive.google.com\/file\/d\/1P2vxS3RA7iQ-k3uXmfkablWwHUyYZxVS\/view?usp=sharing<\/a><\/p>\n<p>5.<br \/>\nEn cas de dubtes, podeu posar-vos en contacte amb el centre a trav\u00e9s de l\u2019adre\u00e7a de correu electr\u00f2nic general del centre: instorredemalla@xtec.cat<\/p>\n<p>6.<br \/>\nEls llibres de text els podeu consultar en el seg\u00fcent enlla\u00e7:<br \/>\n<a href=\"https:\/\/drive.google.com\/file\/d\/1tKO7BI_VhK_wzZtZV4yyKKmLj4WEzBIL\/view?usp=sharing\">https:\/\/drive.google.com\/file\/d\/1t4Bea51o30aA_tiQ3vYoahDEO05dh04C\/view?usp=sharing<\/a><\/p>\n<p>Agra\u00efm la vostra col\u00b7laboraci\u00f3.<\/p>\n","protected":false},"excerpt":{"rendered":"<p>El per\u00edode de matr\u00edcula de 1r de CFGM \u00e9s del 12 al 16 de juliol. Si l&#8217;alumne\/a \u00e9s menor d&#8217;edat, el tr\u00e0mit l&#8217;ha de realitzar el pare, la mare o el tutor legal. Segueixi els seg\u00fcents passos per a la formalitzaci\u00f3 de la matr\u00edcula: 1. Si l\u2019alumne\/a es matricula a 1r del CFGM de Sistemes [&hellip;]<\/p>\n","protected":false},"author":131,"featured_media":0,"parent":8612,"menu_order":0,"comment_status":"closed","ping_status":"closed","template":"","meta":{"_bbp_topic_count":0,"_bbp_reply_count":0,"_bbp_total_topic_count":0,"_bbp_total_reply_count":0,"_bbp_voice_count":0,"_bbp_anonymous_reply_count":0,"_bbp_topic_count_hidden":0,"_bbp_reply_count_hidden":0,"_bbp_forum_subforum_count":0,"site-sidebar-layout":"default","site-content-layout":"","ast-site-content-layout":"","site-content-style":"default","site-sidebar-style":"default","ast-global-header-display":"","ast-banner-title-visibility":"","ast-main-header-display":"","ast-hfb-above-header-display":"","ast-hfb-below-header-display":"","ast-hfb-mobile-header-display":"","site-post-title":"","ast-breadcrumbs-content":"","ast-featured-img":"","footer-sml-layout":"","theme-transparent-header-meta":"","adv-header-id-meta":"","stick-header-meta":"","header-above-stick-meta":"","header-main-stick-meta":"","header-below-stick-meta":"","astra-migrate-meta-layouts":"default","ast-page-background-enabled":"default","ast-page-background-meta":{"desktop":{"background-color":"var(--ast-global-color-4)","background-image":"","background-repeat":"repeat","background-position":"center center","background-size":"auto","background-attachment":"scroll","background-type":"","background-media":"","overlay-type":"","overlay-color":"","overlay-opacity":"","overlay-gradient":""},"tablet":{"background-color":"","background-image":"","background-repeat":"repeat","background-position":"center center","background-size":"auto","background-attachment":"scroll","background-type":"","background-media":"","overlay-type":"","overlay-color":"","overlay-opacity":"","overlay-gradient":""},"mobile":{"background-color":"","background-image":"","background-repeat":"repeat","background-position":"center center","background-size":"auto","background-attachment":"scroll","background-type":"","background-media":"","overlay-type":"","overlay-color":"","overlay-opacity":"","overlay-gradient":""}},"ast-content-background-meta":{"desktop":{"background-color":"var(--ast-global-color-5)","background-image":"","background-repeat":"repeat","background-position":"center center","background-size":"auto","background-attachment":"scroll","background-type":"","background-media":"","overlay-type":"","overlay-color":"","overlay-opacity":"","overlay-gradient":""},"tablet":{"background-color":"var(--ast-global-color-5)","background-image":"","background-repeat":"repeat","background-position":"center center","background-size":"auto","background-attachment":"scroll","background-type":"","background-media":"","overlay-type":"","overlay-color":"","overlay-opacity":"","overlay-gradient":""},"mobile":{"background-color":"var(--ast-global-color-5)","background-image":"","background-repeat":"repeat","background-position":"center center","background-size":"auto","background-attachment":"scroll","background-type":"","background-media":"","overlay-type":"","overlay-color":"","overlay-opacity":"","overlay-gradient":""}},"footnotes":""},"class_list":["post-8753","page","type-page","status-publish","hentry"],"post_mailing_queue_ids":[],"_links":{"self":[{"href":"https:\/\/agora.xtec.cat\/instorredemalla\/wp-json\/wp\/v2\/pages\/8753","targetHints":{"allow":["GET"]}}],"collection":[{"href":"https:\/\/agora.xtec.cat\/instorredemalla\/wp-json\/wp\/v2\/pages"}],"about":[{"href":"https:\/\/agora.xtec.cat\/instorredemalla\/wp-json\/wp\/v2\/types\/page"}],"author":[{"embeddable":true,"href":"https:\/\/agora.xtec.cat\/instorredemalla\/wp-json\/wp\/v2\/users\/131"}],"replies":[{"embeddable":true,"href":"https:\/\/agora.xtec.cat\/instorredemalla\/wp-json\/wp\/v2\/comments?post=8753"}],"version-history":[{"count":2,"href":"https:\/\/agora.xtec.cat\/instorredemalla\/wp-json\/wp\/v2\/pages\/8753\/revisions"}],"predecessor-version":[{"id":8798,"href":"https:\/\/agora.xtec.cat\/instorredemalla\/wp-json\/wp\/v2\/pages\/8753\/revisions\/8798"}],"up":[{"embeddable":true,"href":"https:\/\/agora.xtec.cat\/instorredemalla\/wp-json\/wp\/v2\/pages\/8612"}],"wp:attachment":[{"href":"https:\/\/agora.xtec.cat\/instorredemalla\/wp-json\/wp\/v2\/media?parent=8753"}],"curies":[{"name":"wp","href":"https:\/\/api.w.org\/{rel}","templated":true}]}}