{"id":8731,"date":"2021-06-29T08:34:51","date_gmt":"2021-06-29T06:34:51","guid":{"rendered":"http:\/\/agora.xtec.cat\/instorredemalla\/?page_id=8731"},"modified":"2021-07-13T12:19:10","modified_gmt":"2021-07-13T10:19:10","slug":"matricula-1r-de-batxillerat-curs-2021-2022","status":"publish","type":"page","link":"https:\/\/agora.xtec.cat\/instorredemalla\/matricula-curs-2021-2022\/matricula-1r-de-batxillerat-curs-2021-2022\/","title":{"rendered":"Matr\u00edcula 1r de Batxillerat &#8211; Curs 2021\/2022"},"content":{"rendered":"<p>Benvolgudes, benvolguts<\/p>\n<p>En el seg\u00fcent enlla\u00e7 accedireu a la secci\u00f3 de MATR\u00cdCULA DE BATXILLERAT per al curs 2021\/2022. Hi trobareu tota la informaci\u00f3 detallada del proc\u00e9s detallada per a 1r de batxillerat.<\/p>\n<p>En els propers dies rebreu un correu electr\u00f2nic en el qu\u00e8 se us convoca a venir presencialment a l&#8217;institut a una concreta per rebre un assessorament personalitzat a l&#8217;hora de fer la matr\u00edcula per a 1r de batxillerat. Si heu fet 4t d&#8217;ESO al Torre de Malla se us citar\u00e0 entre el dimarts 6 i el dimecres 7 de juliol; si no heu fet 4t d&#8217;ESO al nostre centre, se us convocar\u00e0 el dijous 8 de juliol.<\/p>\n<p>El procediment detallat \u00e9s el seg\u00fcent:<\/p>\n<ul style=\"list-style-type: square;\">\n<li><span style=\"color: #000000;\">L&#8217;alumnat que ha cursat 4t d&#8217;ESO al Torre de Malla ha de contestar el seg\u00fcent formulari online de matr\u00edcula abans de la cita presencial en l&#8217;institut: <a style=\"color: #000000;\" href=\"https:\/\/forms.gle\/SAjsNSY4V9H8u8Ez8\">https:\/\/forms.gle\/SAjsNSY4V9H8u8Ez8<\/a><\/span><\/li>\n<li>\n<h3><span style=\"color: #008000;\"><strong>L&#8217;alumnat que no ha cursat 4t d&#8217;ESO al Torre de Malla ha de contestar el seg\u00fcent formulari: <a href=\"https:\/\/forms.gle\/SAjsNSY4V9H8u8Ez8\"><span style=\"color: #800080;\">https:\/\/forms.gle\/SAjsNSY4V9H8u8Ez8<\/span><\/a><\/strong><\/span><\/h3>\n<\/li>\n<\/ul>\n<ol>\n<li>Heu de descarregar el document &#8220;Matr\u00edcula 1r de batxillerat&#8221;<br \/>\n(<a href=\"https:\/\/drive.google.com\/file\/d\/1sZi4-QC61_UWyLrqEVjnlmUfhIbJEC4T\/view?usp=sharing\">https:\/\/drive.google.com\/file\/d\/1sZi4-QC61_UWyLrqEVjnlmUfhIbJEC4T\/view?usp=sharing<\/a>), emplenar-lo, signar-lo i <strong>enviar-ho a matricula+1bat@instorredemalla.cat juntament amb la seg\u00fcent documentaci\u00f3:<\/strong><br \/>\n&#8211; C\u00f2pia del DNI alumne\/a<br \/>\n&#8211; C\u00f2pia del DNI pare\/mare\/tutor\/a legal<br \/>\n&#8211; C\u00f2pia llibre de fam\u00edlia (per als menors d&#8217;edat)<br \/>\n&#8211; Resguard t\u00edtol ESO i butllet\u00ed notes finals<br \/>\n&#8211; Rebut del banc conforme s&#8217;ha fet el pagament de la quota de material i de sortides.<br \/>\n&#8211; C\u00f2pia de la targeta sanit\u00e0ria.<\/li>\n<\/ol>\n<p>2. Heu de realitzar el pagament de material i sortides i, en el seu cas, de l\u2019AMPA. La informaci\u00f3 per realitzar el pagament es troba en la secci\u00f3 corresponent d&#8217;aquest formulari. Recomanem fer el pagament per transfer\u00e8ncia banc\u00e0ria. Tamb\u00e9, es pot realitzar el pagament en qualsevol caixer del Banc de Sabadell, utilitzant sempre una targeta de cr\u00e8dit, que pot ser de qualsevol entitat banc\u00e0ria (sense cap mena de cost).<br \/>\nEn els seg\u00fcents enlla\u00e7os trobareu tota la informaci\u00f3 relativa a la quota de material i sortides i de l&#8217;AMPA:<br \/>\n&#8211; ENLLA\u00c7 QUOTA MATERIAL I SORTIDES: <a href=\"https:\/\/drive.google.com\/file\/d\/1sZtPFKS9EtTEyDqe1v5iZGa5H8Jx_8ST\/view?usp=sharing\">https:\/\/drive.google.com\/file\/d\/1sZtPFKS9EtTEyDqe1v5iZGa5H8Jx_8ST\/view?usp=sharing<\/a><\/p>\n<p>&#8211; ENLLA\u00c7 AMPA<br \/>\nInformaci\u00f3: <a href=\"https:\/\/drive.google.com\/file\/d\/1Nvjvp-UYczM7dh8CjoRV7PxbWllqj5k6\/view?usp=sharing\">https:\/\/drive.google.com\/file\/d\/1Nvjvp-UYczM7dh8CjoRV7PxbWllqj5k6\/view?usp=sharing<\/a><br \/>\nQuota i pagament: <a href=\"https:\/\/drive.google.com\/file\/d\/1P2vxS3RA7iQ-k3uXmfkablWwHUyYZxVS\/view?usp=sharing\">https:\/\/drive.google.com\/file\/d\/1P2vxS3RA7iQ-k3uXmfkablWwHUyYZxVS\/view?usp=sharing<\/a><\/p>\n<p>3. La llista de llibres de 1r de batxillerat la podeu descarregar fent clic en el seg\u00fcent enlla\u00e7:<br \/>\n<a href=\"https:\/\/drive.google.com\/file\/d\/1Dc3YOGfPII9HwVNmVB3UDD8ueEeY0NV3\/view?usp=sharing\">https:\/\/drive.google.com\/file\/d\/1Dc3YOGfPII9HwVNmVB3UDD8ueEeY0NV3\/view?usp=sharing<\/a><br \/>\nEl centre ofereix un sistema de reutilitzaci\u00f3 de llibres a trav\u00e9s de l&#8217;empresa IDDINK amb la qual col\u00b7labora l&#8217;AMPA. Tota la informaci\u00f3 la trobareu en els seg\u00fcents enlla\u00e7os:<br \/>\n<a href=\"https:\/\/drive.google.com\/file\/d\/1cf9W8LDiTMNszlWrQ1BOzm8x6WsV8L6B\/view?usp=sharing\">https:\/\/drive.google.com\/file\/d\/1cf9W8LDiTMNszlWrQ1BOzm8x6WsV8L6B\/view?usp=sharing<\/a><br \/>\n<a href=\"https:\/\/drive.google.com\/file\/d\/1d1jjTU-ZQWBubrvC-kwOLouEzHtPt1cL\/view?usp=sharing\">https:\/\/drive.google.com\/file\/d\/1d1jjTU-ZQWBubrvC-kwOLouEzHtPt1cL\/view?usp=sharing<\/a><\/p>\n<p>4. En cas de dubtes, podeu posar-vos en contacte amb el centre a trav\u00e9s de l\u2019adre\u00e7a de correu electr\u00f2nic general del centre: instorredemalla@xtec.cat<\/p>\n<p>Agra\u00efm la vostra col\u00b7laboraci\u00f3.<\/p>\n","protected":false},"excerpt":{"rendered":"<p>Benvolgudes, benvolguts En el seg\u00fcent enlla\u00e7 accedireu a la secci\u00f3 de MATR\u00cdCULA DE BATXILLERAT per al curs 2021\/2022. Hi trobareu tota la informaci\u00f3 detallada del proc\u00e9s detallada per a 1r de batxillerat. En els propers dies rebreu un correu electr\u00f2nic en el qu\u00e8 se us convoca a venir presencialment a l&#8217;institut a una concreta per [&hellip;]<\/p>\n","protected":false},"author":131,"featured_media":0,"parent":8612,"menu_order":0,"comment_status":"closed","ping_status":"closed","template":"","meta":{"_bbp_topic_count":0,"_bbp_reply_count":0,"_bbp_total_topic_count":0,"_bbp_total_reply_count":0,"_bbp_voice_count":0,"_bbp_anonymous_reply_count":0,"_bbp_topic_count_hidden":0,"_bbp_reply_count_hidden":0,"_bbp_forum_subforum_count":0,"site-sidebar-layout":"default","site-content-layout":"","ast-site-content-layout":"","site-content-style":"default","site-sidebar-style":"default","ast-global-header-display":"","ast-banner-title-visibility":"","ast-main-header-display":"","ast-hfb-above-header-display":"","ast-hfb-below-header-display":"","ast-hfb-mobile-header-display":"","site-post-title":"","ast-breadcrumbs-content":"","ast-featured-img":"","footer-sml-layout":"","theme-transparent-header-meta":"","adv-header-id-meta":"","stick-header-meta":"","header-above-stick-meta":"","header-main-stick-meta":"","header-below-stick-meta":"","astra-migrate-meta-layouts":"default","ast-page-background-enabled":"default","ast-page-background-meta":{"desktop":{"background-color":"var(--ast-global-color-4)","background-image":"","background-repeat":"repeat","background-position":"center center","background-size":"auto","background-attachment":"scroll","background-type":"","background-media":"","overlay-type":"","overlay-color":"","overlay-opacity":"","overlay-gradient":""},"tablet":{"background-color":"","background-image":"","background-repeat":"repeat","background-position":"center center","background-size":"auto","background-attachment":"scroll","background-type":"","background-media":"","overlay-type":"","overlay-color":"","overlay-opacity":"","overlay-gradient":""},"mobile":{"background-color":"","background-image":"","background-repeat":"repeat","background-position":"center center","background-size":"auto","background-attachment":"scroll","background-type":"","background-media":"","overlay-type":"","overlay-color":"","overlay-opacity":"","overlay-gradient":""}},"ast-content-background-meta":{"desktop":{"background-color":"var(--ast-global-color-5)","background-image":"","background-repeat":"repeat","background-position":"center center","background-size":"auto","background-attachment":"scroll","background-type":"","background-media":"","overlay-type":"","overlay-color":"","overlay-opacity":"","overlay-gradient":""},"tablet":{"background-color":"var(--ast-global-color-5)","background-image":"","background-repeat":"repeat","background-position":"center center","background-size":"auto","background-attachment":"scroll","background-type":"","background-media":"","overlay-type":"","overlay-color":"","overlay-opacity":"","overlay-gradient":""},"mobile":{"background-color":"var(--ast-global-color-5)","background-image":"","background-repeat":"repeat","background-position":"center center","background-size":"auto","background-attachment":"scroll","background-type":"","background-media":"","overlay-type":"","overlay-color":"","overlay-opacity":"","overlay-gradient":""}},"footnotes":""},"class_list":["post-8731","page","type-page","status-publish","hentry"],"post_mailing_queue_ids":[],"_links":{"self":[{"href":"https:\/\/agora.xtec.cat\/instorredemalla\/wp-json\/wp\/v2\/pages\/8731","targetHints":{"allow":["GET"]}}],"collection":[{"href":"https:\/\/agora.xtec.cat\/instorredemalla\/wp-json\/wp\/v2\/pages"}],"about":[{"href":"https:\/\/agora.xtec.cat\/instorredemalla\/wp-json\/wp\/v2\/types\/page"}],"author":[{"embeddable":true,"href":"https:\/\/agora.xtec.cat\/instorredemalla\/wp-json\/wp\/v2\/users\/131"}],"replies":[{"embeddable":true,"href":"https:\/\/agora.xtec.cat\/instorredemalla\/wp-json\/wp\/v2\/comments?post=8731"}],"version-history":[{"count":3,"href":"https:\/\/agora.xtec.cat\/instorredemalla\/wp-json\/wp\/v2\/pages\/8731\/revisions"}],"predecessor-version":[{"id":8796,"href":"https:\/\/agora.xtec.cat\/instorredemalla\/wp-json\/wp\/v2\/pages\/8731\/revisions\/8796"}],"up":[{"embeddable":true,"href":"https:\/\/agora.xtec.cat\/instorredemalla\/wp-json\/wp\/v2\/pages\/8612"}],"wp:attachment":[{"href":"https:\/\/agora.xtec.cat\/instorredemalla\/wp-json\/wp\/v2\/media?parent=8731"}],"curies":[{"name":"wp","href":"https:\/\/api.w.org\/{rel}","templated":true}]}}