{"id":8614,"date":"2021-06-04T18:52:39","date_gmt":"2021-06-04T16:52:39","guid":{"rendered":"http:\/\/agora.xtec.cat\/instorredemalla\/?page_id=8614"},"modified":"2021-06-21T13:06:08","modified_gmt":"2021-06-21T11:06:08","slug":"matricula-eso-curs-2021-2022","status":"publish","type":"page","link":"https:\/\/agora.xtec.cat\/instorredemalla\/matricula-curs-2021-2022\/matricula-eso-curs-2021-2022\/","title":{"rendered":"Matr\u00edcula ESO curs 2021-2022"},"content":{"rendered":"<p>Els per\u00edodes de matriculaci\u00f3 per a l&#8217;ESO s\u00f3n:<\/p>\n<ul style=\"list-style-type: square;\">\n<li>Matriculaci\u00f3 <strong>1r d\u2019ESO<\/strong>: <span style=\"color: #ff0000;\"><strong>14 al 18 de juny <\/strong><\/span><\/li>\n<li>Matriculaci\u00f3 de <strong>2n a 4t d\u2019ESO<\/strong>: <strong><span style=\"color: #ff0000;\">28 de juny al 2 de juliol<\/span><\/strong><\/li>\n<\/ul>\n<p><span style=\"color: #008000;\"><strong>PROC\u00c9S DE MATR\u00cdCULA<\/strong><\/span><\/p>\n<p>Per matricular-se cal contestar el formulari online de matr\u00edcula del curs corresponent (al qual hi podeu accedir a trav\u00e9s de l&#8217;enlla\u00e7 indicat m\u00e9s avall), llegir atentament les indicacions que s&#8217;hi detallen, descarregar i llegir els documents amb la informaci\u00f3 important (material i sortides escolars, llibres de text, carta de comprom\u00eds educatiu i AMPA) i enviar la documentaci\u00f3 demanada a l&#8217;adre\u00e7a de correu electr\u00f2nica especificada en cada cas.<\/p>\n<p>Els enlla\u00e7os als formularis online de matr\u00edcula s\u00f3n els seg\u00fcents (<strong>estaran operatius a partir del primer dia del per\u00edode de matriculaci\u00f3<\/strong>):<\/p>\n<ul style=\"list-style-type: square;\">\n<li>Formulari online de matr\u00edcula 1r d&#8217;ESO: <a href=\"https:\/\/forms.gle\/McEDrqE9AEcRX8bd7\">https:\/\/forms.gle\/McEDrqE9AEcRX8bd7<\/a><\/li>\n<li><span style=\"color: #ff6600;\"><strong>Formulari online de matr\u00edcula 2n d&#8217;ESO<\/strong><\/span>: <a href=\"https:\/\/forms.gle\/kSwQVMgKNAKqHb4F7\">https:\/\/forms.gle\/kSwQVMgKNAKqHb4F7<\/a><\/li>\n<li><span style=\"color: #0000ff;\"><strong>Formulari online de matr\u00edcula 3r d&#8217;ESO<\/strong><\/span>: <a href=\"https:\/\/forms.gle\/52D8hJLfeGaRoNbo7\">https:\/\/forms.gle\/52D8hJLfeGaRoNbo7<\/a><\/li>\n<li><span style=\"color: #ff00ff;\"><strong>Formulari online de matr\u00edcula 4t d&#8217;ESO<\/strong><\/span>: <a href=\"https:\/\/forms.gle\/ypnZAsTQPZxSEMFw8\">https:\/\/forms.gle\/ypnZAsTQPZxSEMFw8<\/a><\/li>\n<\/ul>\n<h4><\/h4>\n<h4><span style=\"color: #800080;\"><strong>INDICACIONS PER A LA MATR\u00cdCULA DE 2n, 3r i 4t d&#8217;ESO<\/strong><\/span><\/h4>\n<p>Si l&#8217;alumne\/a \u00e9s menor d&#8217;edat, el tr\u00e0mit l&#8217;ha de realitzar el pare, la mare o el tutor legal.<br \/>\nSeguiu els seg\u00fcents passos per a la formalitzaci\u00f3 de la matr\u00edcula:<\/p>\n<ul style=\"list-style-type: square;\">\n<li>Heu de llegir atentament tota la informaci\u00f3 continguda en el formulari.<\/li>\n<li>Contesteu les preguntes contingudes en el formulari, que tamb\u00e9 inclou enlla\u00e7os a documents que haureu de descarregar i llegir atentament.<\/li>\n<li>Heu de descarregar el document de matr\u00edcula corresponent, emplenar-lo, signar-lo i enviar-lo a l&#8217;adre\u00e7a que indica el mateix document i que es detallen a continuaci\u00f3. El per\u00edode de matr\u00edcula \u00e9s del 28 de juny al 2 de juliol.<\/li>\n<\/ul>\n<ul>\n<li style=\"list-style-type: none;\">\n<ul style=\"list-style-type: circle;\">\n<li>&#8220;Matr\u00edcula 2n ESO&#8221; i enviar a l&#8217;adre\u00e7a <strong>matricula+2eso@instorredemalla.cat<\/strong>: <a href=\"https:\/\/drive.google.com\/file\/d\/17uW3_ZCQieI8WF3jKWjaBOkZdQS_FZDc\/view?usp=sharing\">https:\/\/drive.google.com\/file\/d\/17uW3_ZCQieI8WF3jKWjaBOkZdQS_FZDc\/view?usp=sharing<\/a><\/li>\n<li>&#8220;Matr\u00edcula 3r ESO&#8221; i enviar a l&#8217;adre\u00e7a <strong>matricula+3eso@instorredemalla.cat<\/strong>: <a href=\"https:\/\/drive.google.com\/file\/d\/1FnSOCYKPR1z3CdYrQmOAqnHZoa8GMQRo\/view?usp=sharing\">https:\/\/drive.google.com\/file\/d\/1FnSOCYKPR1z3CdYrQmOAqnHZoa8GMQRo\/view?usp=sharing<\/a><\/li>\n<li>&#8220;Matr\u00edcula 4t ESO&#8221; i enviar a l&#8217;adre\u00e7a <strong>matricula+4eso@instorredemalla.cat<\/strong>: <a href=\"https:\/\/drive.google.com\/file\/d\/1OIw0GY9_w31KXlCHF0mul5Z1HjspepOD\/view?usp=sharing\">https:\/\/drive.google.com\/file\/d\/1OIw0GY9_w31KXlCHF0mul5Z1HjspepOD\/view?usp=sharing<\/a><\/li>\n<\/ul>\n<\/li>\n<\/ul>\n<p style=\"padding-left: 40px;\">Juntament a aquest document heu d&#8217;enviar la seg\u00fcent documentaci\u00f3:<\/p>\n<p style=\"padding-left: 40px;\">&#8211; C\u00f2pia del carnet de vacunacions (\u00fanicament si l&#8217;alumne\/a \u00e9s nou o nova el curs 2021-2022).<br \/>\n&#8211; C\u00f2pia de la targeta sanit\u00e0ria de l&#8217;alumne\/a (\u00fanicament si l&#8217;alumne\/a \u00e9s nou o nova el curs 2021-2022).<br \/>\n&#8211; C\u00f2pia del DNI, NIE o passaport de l&#8217;alumne\/a (\u00fanicament si l&#8217;alumne\/a \u00e9s nou o nova el curs 2021-2022).<br \/>\n&#8211; Rebut del banc conforme s&#8217;ha fet el pagament de la quota de material i de sortides.<\/p>\n<ul style=\"list-style-type: square;\">\n<li>Heu de realitzar el pagament de material i sortides i, en el seu cas, de l\u2019AMPA. La informaci\u00f3 per realitzar el pagament es troba en la secci\u00f3 corresponent del formulari. Recomanem fer el pagament per transfer\u00e8ncia banc\u00e0ria.<br \/>\nTota la informaci\u00f3 relativa a la quota de material i sortides i de l&#8217;AMPA la trobareu en els documents enlla\u00e7ats en el mateix formulari.<\/li>\n<\/ul>\n<ul>\n<li style=\"list-style-type: none;\">\n<ul style=\"list-style-type: circle;\">\n<li>Pagament de la quota de material i sortides:\n<ul style=\"list-style-type: circle;\">\n<li>2n ESO: <a href=\"https:\/\/drive.google.com\/file\/d\/1Z77nh6gMklQEHm28dkDOiBywHljwoYut\/view?usp=sharing\">https:\/\/drive.google.com\/file\/d\/1Z77nh6gMklQEHm28dkDOiBywHljwoYut\/view?usp=sharing<\/a><\/li>\n<li>3r ESO: <a href=\"https:\/\/drive.google.com\/file\/d\/1ZZQ1_YmYBgNb3bJKgWAXRow0DeVjoq3k\/view?usp=sharing\">https:\/\/drive.google.com\/file\/d\/1ZZQ1_YmYBgNb3bJKgWAXRow0DeVjoq3k\/view?usp=sharing<\/a><\/li>\n<li>4t ESO: <a href=\"https:\/\/drive.google.com\/file\/d\/1NJJ93eZ-SY7hZclPBGKYyUJyUtIGuXq_\/view?usp=sharing\">https:\/\/drive.google.com\/file\/d\/1NJJ93eZ-SY7hZclPBGKYyUJyUtIGuXq_\/view?usp=sharing<\/a><\/li>\n<\/ul>\n<\/li>\n<li>Quota de l&#8217;AMPA (general): <a href=\"https:\/\/drive.google.com\/file\/d\/1L3I6XFdBsVfYkLq1mzRetED-aFrRtULF\/view?usp=sharing\">https:\/\/drive.google.com\/file\/d\/1L3I6XFdBsVfYkLq1mzRetED-aFrRtULF\/view?usp=sharing<\/a><\/li>\n<li>Informaci\u00f3 de l&#8217;AMPA (general): <a href=\"https:\/\/drive.google.com\/file\/d\/1Nvjvp-UYczM7dh8CjoRV7PxbWllqj5k6\/view?usp=sharing\">https:\/\/drive.google.com\/file\/d\/1Nvjvp-UYczM7dh8CjoRV7PxbWllqj5k6\/view?usp=sharing<\/a><\/li>\n<\/ul>\n<\/li>\n<\/ul>\n<ul style=\"list-style-type: square;\">\n<li><span style=\"font-family: inherit; font-size: 1em;\">La llista de llibres la podreu descarregar fent clic en l&#8217;enlla\u00e7 que tamb\u00e9 trobareu en el formulari: <a href=\"https:\/\/drive.google.com\/file\/d\/1Dc3YOGfPII9HwVNmVB3UDD8ueEeY0NV3\/view?usp=sharing\">https:\/\/drive.google.com\/file\/d\/1Dc3YOGfPII9HwVNmVB3UDD8ueEeY0NV3\/view?usp=sharing<\/a><\/span><\/li>\n<li>El centre ofereix un sistema de reutilitzaci\u00f3 de llibres a trav\u00e9s de l&#8217;empresa <a href=\"https:\/\/drive.google.com\/file\/d\/1cf9W8LDiTMNszlWrQ1BOzm8x6WsV8L6B\/view?usp=sharing\">IDDINK<\/a> (<a href=\"https:\/\/drive.google.com\/file\/d\/1cf9W8LDiTMNszlWrQ1BOzm8x6WsV8L6B\/view?usp=sharing\">https:\/\/drive.google.com\/file\/d\/1cf9W8LDiTMNszlWrQ1BOzm8x6WsV8L6B\/view?usp=sharing<\/a>) amb la qual col\u00b7labora l&#8217;AMPA. Tota la <a href=\"https:\/\/drive.google.com\/file\/d\/1d1jjTU-ZQWBubrvC-kwOLouEzHtPt1cL\/view?usp=sharing\">informaci\u00f3<\/a> (<a href=\"https:\/\/drive.google.com\/file\/d\/1d1jjTU-ZQWBubrvC-kwOLouEzHtPt1cL\/view?usp=sharing\">https:\/\/drive.google.com\/file\/d\/1d1jjTU-ZQWBubrvC-kwOLouEzHtPt1cL\/view?usp=sharing<\/a>) sobre els seus avantatges la trobareu, tamb\u00e9, en el formulari. La informaci\u00f3 sobre la quota i el pagament la trobareu en el seg\u00fcent enlla\u00e7: <a href=\"https:\/\/drive.google.com\/file\/d\/1L3I6XFdBsVfYkLq1mzRetED-aFrRtULF\/view?usp=sharing\">https:\/\/drive.google.com\/file\/d\/1L3I6XFdBsVfYkLq1mzRetED-aFrRtULF\/view?usp=sharing<\/a><\/li>\n<li><span style=\"font-family: inherit; font-size: 1em;\">En cas de dubtes, podeu posar-vos en contacte amb el centre a trav\u00e9s de l\u2019adre\u00e7a de correu electr\u00f2nic general del centre: instorredemalla<\/span><span style=\"font-family: inherit; font-size: 1em;\">@xtec.cat<\/span><\/li>\n<\/ul>\n<h4><\/h4>\n<h4><span style=\"color: #800080;\"><strong>INDICACIONS PER A LA MATR\u00cdCULA DE 1r d&#8217;ESO<\/strong><\/span><\/h4>\n<p>Si l&#8217;alumne\/a \u00e9s menor d&#8217;edat, el tr\u00e0mit l&#8217;ha de realitzar el pare, la mare o el tutor legal.<br \/>\nSeguiu els seg\u00fcents passos per a la formalitzaci\u00f3 de la matr\u00edcula:<\/p>\n<ol>\n<li>Heu de llegir atentament tota la informaci\u00f3 continguda en el formulari.<\/li>\n<li>Contesteu les preguntes contingudes en el formulari, que tamb\u00e9 inclou enlla\u00e7os a documents que haureu de descarregar i llegir atentament.<\/li>\n<li>Heu de descarregar el document &#8220;<a href=\"https:\/\/drive.google.com\/file\/d\/1cGvO-B1RnCpKPBGAmZLM4xUo6fZGwrO6\/view?usp=sharing\">Matr\u00edcula 1r d&#8217;ESO<\/a>&#8221; que es troba enlla\u00e7at en el formulari (<a href=\"https:\/\/drive.google.com\/file\/d\/1cGvO-B1RnCpKPBGAmZLM4xUo6fZGwrO6\/view?usp=sharing\">https:\/\/drive.google.com\/file\/d\/1cGvO-B1RnCpKPBGAmZLM4xUo6fZGwrO6\/view?usp=sharing<\/a>), emplenar-lo, signar-lo i enviar-lo a l&#8217;adre\u00e7a que indica el mateix document, que \u00e9s: matricula+1eso@instorredemalla.cat. El per\u00edode de matr\u00edcula \u00e9s del 14 al 18 de juny. Juntament a aquest document heu d&#8217;enviar la seg\u00fcent documentaci\u00f3:<br \/>\n&#8211; C\u00f2pia del carnet de vacunacions.<br \/>\n&#8211; C\u00f2pia de la targeta sanit\u00e0ria de l&#8217;alumne\/a.<br \/>\n&#8211; C\u00f2pia del DNI, NIE o passaport de l&#8217;alumne\/a.<br \/>\n&#8211; Rebut del banc conforme s&#8217;ha fet el pagament de la quota de material i de sortides.<\/li>\n<li>Heu de realitzar el pagament de material i sortides i, en el seu cas, de l\u2019AMPA. La informaci\u00f3 per realitzar el pagament es troba en la secci\u00f3 corresponent del formulari. Recomanem fer el pagament per transfer\u00e8ncia banc\u00e0ria.<br \/>\nTota la informaci\u00f3 relativa a la <a href=\"https:\/\/drive.google.com\/file\/d\/1EmJDxdwchoe3XF9q2jENzvPIbJmYmjOX\/view?usp=sharing\">quota de material i sortides<\/a> (<a href=\"https:\/\/drive.google.com\/file\/d\/1EmJDxdwchoe3XF9q2jENzvPIbJmYmjOX\/view?usp=sharing\">https:\/\/drive.google.com\/file\/d\/1EmJDxdwchoe3XF9q2jENzvPIbJmYmjOX\/view?usp=sharing<\/a>) i de l&#8217;AMPA la trobareu en els documents enlla\u00e7ats en el mateix formulari. La informaci\u00f3 relativa a l&#8217;AMPA la trobareu en el seg\u00fcent document: <a href=\"https:\/\/drive.google.com\/file\/d\/1Nvjvp-UYczM7dh8CjoRV7PxbWllqj5k6\/view?usp=sharing\">https:\/\/drive.google.com\/file\/d\/1Nvjvp-UYczM7dh8CjoRV7PxbWllqj5k6\/view?usp=sharing<\/a>.<\/li>\n<li><span style=\"font-family: inherit; font-size: 1em;\">La <a href=\"https:\/\/drive.google.com\/file\/d\/1LWHNMTcVkEU34FOqzk5auFtzWMmn5UGd\/view?usp=sharing\">llista de llibres de 1r d&#8217;ESO<\/a> (<a href=\"https:\/\/drive.google.com\/file\/d\/1LWHNMTcVkEU34FOqzk5auFtzWMmn5UGd\/view?usp=sharing\">https:\/\/drive.google.com\/file\/d\/1LWHNMTcVkEU34FOqzk5auFtzWMmn5UGd\/view?usp=sharing<\/a>) la podreu descarregar fent clic en l&#8217;enlla\u00e7 que tamb\u00e9 trobareu en el formulari. <\/span>El centre ofereix un sistema de reutilitzaci\u00f3 de llibres a trav\u00e9s de l&#8217;empresa <a href=\"https:\/\/drive.google.com\/file\/d\/1cf9W8LDiTMNszlWrQ1BOzm8x6WsV8L6B\/view?usp=sharing\">IDDINK<\/a> (<a href=\"https:\/\/drive.google.com\/file\/d\/1cf9W8LDiTMNszlWrQ1BOzm8x6WsV8L6B\/view?usp=sharing\">https:\/\/drive.google.com\/file\/d\/1cf9W8LDiTMNszlWrQ1BOzm8x6WsV8L6B\/view?usp=sharing<\/a>) amb la qual col\u00b7labora l&#8217;AMPA. Tota la <a href=\"https:\/\/drive.google.com\/file\/d\/1d1jjTU-ZQWBubrvC-kwOLouEzHtPt1cL\/view?usp=sharing\">informaci\u00f3<\/a> (<a href=\"https:\/\/drive.google.com\/file\/d\/1d1jjTU-ZQWBubrvC-kwOLouEzHtPt1cL\/view?usp=sharing\">https:\/\/drive.google.com\/file\/d\/1d1jjTU-ZQWBubrvC-kwOLouEzHtPt1cL\/view?usp=sharing<\/a>) sobre els seus avantatges la trobareu, tamb\u00e9, en el formulari. La informaci\u00f3 sobre la quota i el pagament la trobareu en el seg\u00fcent enlla\u00e7: <a href=\"https:\/\/drive.google.com\/file\/d\/1L3I6XFdBsVfYkLq1mzRetED-aFrRtULF\/view?usp=sharing\">https:\/\/drive.google.com\/file\/d\/1L3I6XFdBsVfYkLq1mzRetED-aFrRtULF\/view?usp=sharing<\/a><\/li>\n<li><span style=\"font-family: inherit; font-size: 1em;\">En cas de dubtes, podeu posar-vos en contacte amb el centre a trav\u00e9s de l\u2019adre\u00e7a de correu electr\u00f2nic general del centre: instorredemalla<\/span><span style=\"font-family: inherit; font-size: 1em;\">@xtec.cat<\/span><\/li>\n<\/ol>\n<p>&nbsp;<\/p>\n","protected":false},"excerpt":{"rendered":"<p>Els per\u00edodes de matriculaci\u00f3 per a l&#8217;ESO s\u00f3n: Matriculaci\u00f3 1r d\u2019ESO: 14 al 18 de juny Matriculaci\u00f3 de 2n a 4t d\u2019ESO: 28 de juny al 2 de juliol PROC\u00c9S DE MATR\u00cdCULA Per matricular-se cal contestar el formulari online de matr\u00edcula del curs corresponent (al qual hi podeu accedir a trav\u00e9s de l&#8217;enlla\u00e7 indicat m\u00e9s [&hellip;]<\/p>\n","protected":false},"author":131,"featured_media":0,"parent":8612,"menu_order":0,"comment_status":"closed","ping_status":"closed","template":"","meta":{"_bbp_topic_count":0,"_bbp_reply_count":0,"_bbp_total_topic_count":0,"_bbp_total_reply_count":0,"_bbp_voice_count":0,"_bbp_anonymous_reply_count":0,"_bbp_topic_count_hidden":0,"_bbp_reply_count_hidden":0,"_bbp_forum_subforum_count":0,"site-sidebar-layout":"default","site-content-layout":"","ast-site-content-layout":"","site-content-style":"default","site-sidebar-style":"default","ast-global-header-display":"","ast-banner-title-visibility":"","ast-main-header-display":"","ast-hfb-above-header-display":"","ast-hfb-below-header-display":"","ast-hfb-mobile-header-display":"","site-post-title":"","ast-breadcrumbs-content":"","ast-featured-img":"","footer-sml-layout":"","theme-transparent-header-meta":"","adv-header-id-meta":"","stick-header-meta":"","header-above-stick-meta":"","header-main-stick-meta":"","header-below-stick-meta":"","astra-migrate-meta-layouts":"default","ast-page-background-enabled":"default","ast-page-background-meta":{"desktop":{"background-color":"var(--ast-global-color-4)","background-image":"","background-repeat":"repeat","background-position":"center center","background-size":"auto","background-attachment":"scroll","background-type":"","background-media":"","overlay-type":"","overlay-color":"","overlay-opacity":"","overlay-gradient":""},"tablet":{"background-color":"","background-image":"","background-repeat":"repeat","background-position":"center center","background-size":"auto","background-attachment":"scroll","background-type":"","background-media":"","overlay-type":"","overlay-color":"","overlay-opacity":"","overlay-gradient":""},"mobile":{"background-color":"","background-image":"","background-repeat":"repeat","background-position":"center center","background-size":"auto","background-attachment":"scroll","background-type":"","background-media":"","overlay-type":"","overlay-color":"","overlay-opacity":"","overlay-gradient":""}},"ast-content-background-meta":{"desktop":{"background-color":"var(--ast-global-color-5)","background-image":"","background-repeat":"repeat","background-position":"center center","background-size":"auto","background-attachment":"scroll","background-type":"","background-media":"","overlay-type":"","overlay-color":"","overlay-opacity":"","overlay-gradient":""},"tablet":{"background-color":"var(--ast-global-color-5)","background-image":"","background-repeat":"repeat","background-position":"center center","background-size":"auto","background-attachment":"scroll","background-type":"","background-media":"","overlay-type":"","overlay-color":"","overlay-opacity":"","overlay-gradient":""},"mobile":{"background-color":"var(--ast-global-color-5)","background-image":"","background-repeat":"repeat","background-position":"center center","background-size":"auto","background-attachment":"scroll","background-type":"","background-media":"","overlay-type":"","overlay-color":"","overlay-opacity":"","overlay-gradient":""}},"footnotes":""},"class_list":["post-8614","page","type-page","status-publish","hentry"],"post_mailing_queue_ids":[],"_links":{"self":[{"href":"https:\/\/agora.xtec.cat\/instorredemalla\/wp-json\/wp\/v2\/pages\/8614","targetHints":{"allow":["GET"]}}],"collection":[{"href":"https:\/\/agora.xtec.cat\/instorredemalla\/wp-json\/wp\/v2\/pages"}],"about":[{"href":"https:\/\/agora.xtec.cat\/instorredemalla\/wp-json\/wp\/v2\/types\/page"}],"author":[{"embeddable":true,"href":"https:\/\/agora.xtec.cat\/instorredemalla\/wp-json\/wp\/v2\/users\/131"}],"replies":[{"embeddable":true,"href":"https:\/\/agora.xtec.cat\/instorredemalla\/wp-json\/wp\/v2\/comments?post=8614"}],"version-history":[{"count":3,"href":"https:\/\/agora.xtec.cat\/instorredemalla\/wp-json\/wp\/v2\/pages\/8614\/revisions"}],"predecessor-version":[{"id":8712,"href":"https:\/\/agora.xtec.cat\/instorredemalla\/wp-json\/wp\/v2\/pages\/8614\/revisions\/8712"}],"up":[{"embeddable":true,"href":"https:\/\/agora.xtec.cat\/instorredemalla\/wp-json\/wp\/v2\/pages\/8612"}],"wp:attachment":[{"href":"https:\/\/agora.xtec.cat\/instorredemalla\/wp-json\/wp\/v2\/media?parent=8614"}],"curies":[{"name":"wp","href":"https:\/\/api.w.org\/{rel}","templated":true}]}}