{"id":8612,"date":"2021-06-04T18:40:56","date_gmt":"2021-06-04T16:40:56","guid":{"rendered":"http:\/\/agora.xtec.cat\/instorredemalla\/?page_id=8612"},"modified":"2021-07-06T09:26:15","modified_gmt":"2021-07-06T07:26:15","slug":"matricula-curs-2021-2022","status":"publish","type":"page","link":"https:\/\/agora.xtec.cat\/instorredemalla\/matricula-curs-2021-2022\/","title":{"rendered":"Matr\u00edcula curs 2021-2022"},"content":{"rendered":"<p>En aquesta secci\u00f3 trobareu tota la informaci\u00f3 relativa al proc\u00e9s de matriculaci\u00f3 per al curs escolar 2021-2022 organitzada per ensenyaments:<\/p>\n<ul style=\"list-style-type: square;\">\n<li><a href=\"http:\/\/agora.xtec.cat\/instorredemalla\/matricula-curs-2021-2022\/matricula-eso-curs-2021-2022\/\">ESO<\/a><\/li>\n<li><a href=\"http:\/\/agora.xtec.cat\/instorredemalla\/matricula-curs-2021-2022\/matricula-1r-de-batxillerat-curs-2021-2022\/\">1r de Batxillerat<\/a><\/li>\n<li><a href=\"https:\/\/agora.xtec.cat\/instorredemalla\/?page_id=8738&amp;preview=true\">2n de Batxillerat<\/a><\/li>\n<li>Cicles formatius de grau mitj\u00e0\n<ul style=\"list-style-type: square;\">\n<li><a href=\"http:\/\/agora.xtec.cat\/instorredemalla\/matricula-curs-2021-2022\/matricula-1r-cfgm-gestio-administrativa-del-12-al-16-de-juliol\/\">1r CFGM Gesti\u00f3 administrativa<\/a><\/li>\n<li><a href=\"https:\/\/agora.xtec.cat\/instorredemalla\/?page_id=8742&amp;preview=true\">2n CFGM Gesti\u00f3 administrativa<\/a><\/li>\n<li><a href=\"https:\/\/agora.xtec.cat\/instorredemalla\/?page_id=8756&amp;preview=true\">1r CFGM Activitats comercials<\/a><\/li>\n<li><a href=\"https:\/\/agora.xtec.cat\/instorredemalla\/?page_id=8747&amp;preview=true\">2n CFGM Activitats comercials<\/a><\/li>\n<li><a href=\"https:\/\/agora.xtec.cat\/instorredemalla\/?page_id=8753&amp;preview=true\">1r CFGM Sistemes microinform\u00e0tics i xarxes<\/a><\/li>\n<li><a href=\"https:\/\/agora.xtec.cat\/instorredemalla\/?page_id=8750&amp;preview=true\">2n CFGM Sistemes microinform\u00e0tics i xarxes<\/a><\/li>\n<\/ul>\n<\/li>\n<li>Cicles formatius de grau superior\n<ul style=\"list-style-type: square;\">\n<li>1r CFGS Administraci\u00f3 i finances<\/li>\n<li><a href=\"https:\/\/agora.xtec.cat\/instorredemalla\/?page_id=8761&amp;preview=true\">2n CFGS Administraci\u00f3 i finances<\/a><\/li>\n<\/ul>\n<\/li>\n<\/ul>\n","protected":false},"excerpt":{"rendered":"<p>En aquesta secci\u00f3 trobareu tota la informaci\u00f3 relativa al proc\u00e9s de matriculaci\u00f3 per al curs escolar 2021-2022 organitzada per ensenyaments: ESO 1r de Batxillerat 2n de Batxillerat Cicles formatius de grau mitj\u00e0 1r CFGM Gesti\u00f3 administrativa 2n CFGM Gesti\u00f3 administrativa 1r CFGM Activitats comercials 2n CFGM Activitats comercials 1r CFGM Sistemes microinform\u00e0tics i xarxes 2n [&hellip;]<\/p>\n","protected":false},"author":131,"featured_media":0,"parent":0,"menu_order":0,"comment_status":"closed","ping_status":"closed","template":"","meta":{"_bbp_topic_count":0,"_bbp_reply_count":0,"_bbp_total_topic_count":0,"_bbp_total_reply_count":0,"_bbp_voice_count":0,"_bbp_anonymous_reply_count":0,"_bbp_topic_count_hidden":0,"_bbp_reply_count_hidden":0,"_bbp_forum_subforum_count":0,"site-sidebar-layout":"default","site-content-layout":"","ast-site-content-layout":"","site-content-style":"default","site-sidebar-style":"default","ast-global-header-display":"","ast-banner-title-visibility":"","ast-main-header-display":"","ast-hfb-above-header-display":"","ast-hfb-below-header-display":"","ast-hfb-mobile-header-display":"","site-post-title":"","ast-breadcrumbs-content":"","ast-featured-img":"","footer-sml-layout":"","theme-transparent-header-meta":"","adv-header-id-meta":"","stick-header-meta":"","header-above-stick-meta":"","header-main-stick-meta":"","header-below-stick-meta":"","astra-migrate-meta-layouts":"default","ast-page-background-enabled":"default","ast-page-background-meta":{"desktop":{"background-color":"var(--ast-global-color-4)","background-image":"","background-repeat":"repeat","background-position":"center center","background-size":"auto","background-attachment":"scroll","background-type":"","background-media":"","overlay-type":"","overlay-color":"","overlay-opacity":"","overlay-gradient":""},"tablet":{"background-color":"","background-image":"","background-repeat":"repeat","background-position":"center center","background-size":"auto","background-attachment":"scroll","background-type":"","background-media":"","overlay-type":"","overlay-color":"","overlay-opacity":"","overlay-gradient":""},"mobile":{"background-color":"","background-image":"","background-repeat":"repeat","background-position":"center center","background-size":"auto","background-attachment":"scroll","background-type":"","background-media":"","overlay-type":"","overlay-color":"","overlay-opacity":"","overlay-gradient":""}},"ast-content-background-meta":{"desktop":{"background-color":"var(--ast-global-color-5)","background-image":"","background-repeat":"repeat","background-position":"center center","background-size":"auto","background-attachment":"scroll","background-type":"","background-media":"","overlay-type":"","overlay-color":"","overlay-opacity":"","overlay-gradient":""},"tablet":{"background-color":"var(--ast-global-color-5)","background-image":"","background-repeat":"repeat","background-position":"center center","background-size":"auto","background-attachment":"scroll","background-type":"","background-media":"","overlay-type":"","overlay-color":"","overlay-opacity":"","overlay-gradient":""},"mobile":{"background-color":"var(--ast-global-color-5)","background-image":"","background-repeat":"repeat","background-position":"center center","background-size":"auto","background-attachment":"scroll","background-type":"","background-media":"","overlay-type":"","overlay-color":"","overlay-opacity":"","overlay-gradient":""}},"footnotes":""},"class_list":["post-8612","page","type-page","status-publish","hentry"],"post_mailing_queue_ids":[],"_links":{"self":[{"href":"https:\/\/agora.xtec.cat\/instorredemalla\/wp-json\/wp\/v2\/pages\/8612","targetHints":{"allow":["GET"]}}],"collection":[{"href":"https:\/\/agora.xtec.cat\/instorredemalla\/wp-json\/wp\/v2\/pages"}],"about":[{"href":"https:\/\/agora.xtec.cat\/instorredemalla\/wp-json\/wp\/v2\/types\/page"}],"author":[{"embeddable":true,"href":"https:\/\/agora.xtec.cat\/instorredemalla\/wp-json\/wp\/v2\/users\/131"}],"replies":[{"embeddable":true,"href":"https:\/\/agora.xtec.cat\/instorredemalla\/wp-json\/wp\/v2\/comments?post=8612"}],"version-history":[{"count":3,"href":"https:\/\/agora.xtec.cat\/instorredemalla\/wp-json\/wp\/v2\/pages\/8612\/revisions"}],"predecessor-version":[{"id":8777,"href":"https:\/\/agora.xtec.cat\/instorredemalla\/wp-json\/wp\/v2\/pages\/8612\/revisions\/8777"}],"wp:attachment":[{"href":"https:\/\/agora.xtec.cat\/instorredemalla\/wp-json\/wp\/v2\/media?parent=8612"}],"curies":[{"name":"wp","href":"https:\/\/api.w.org\/{rel}","templated":true}]}}