{"id":81,"date":"2014-09-18T10:38:05","date_gmt":"2014-09-18T10:38:05","guid":{"rendered":"http:\/\/agora.xtec.cat\/instorredemalla\/?page_id=81"},"modified":"2025-03-18T12:29:39","modified_gmt":"2025-03-18T11:29:39","slug":"secretaria","status":"publish","type":"page","link":"https:\/\/agora.xtec.cat\/instorredemalla\/secretaria\/","title":{"rendered":"Contacte i horari"},"content":{"rendered":"<h4><strong>Contacte:<\/strong><\/h4>\n<p>Correu de centre:\u00a0 instorredemalla@xtec.cat<\/p>\n<p>Tel\u00e8fon: <a href=\"https:\/\/www.google.com\/search?q=torre+de+malla&amp;oq=torre+de+malla&amp;gs_lcrp=EgZjaHJvbWUqCggAEAAY4wIYgAQyCggAEAAY4wIYgAQyEAgBEC4YrwEYxwEYgAQYjgUyBggCEEUYPTIGCAMQRRg9MgYIBBBFGD0yBggFEEUYQTIGCAYQRRhBMgYIBxBFGEHSAQgxNTUxajBqN6gCALACAA&amp;sourceid=chrome&amp;ie=UTF-8&amp;safe=active&amp;ssui=on#\" data-dtype=\"d3ph\" data-local-attribute=\"d3ph\" data-ved=\"2ahUKEwiSo6Ggw5OMAxXZf6QEHYM2NvEQkAgoAHoECDwQAw\"><span aria-label=\"Llamar al n\u00famero de tel\u00e9fono 935 62 32 03\">935 62 32 03<\/span><\/a><\/p>\n<h4><\/h4>\n<h4><strong>Horaris:<\/strong><\/h4>\n<p><b>Atenci\u00f3 telef\u00f2nica:<\/b><\/p>\n<p>De dilluns a divendres de 8 a 15h<\/p>\n<p><b>Atenci\u00f3 presencial:<\/b><\/p>\n<p>De dilluns a divendres de 8 a 15h<\/p>\n<p>** Per qualsevol consulta fora d\u2019aquest horari, podeu enviar un correu electr\u00f2nic a\u00a0 instorredemalla@xtec.cat indicant nom i cognoms, tel\u00e8fon i motiu.<\/p>\n","protected":false},"excerpt":{"rendered":"<p>Contacte: Correu de centre:\u00a0 instorredemalla@xtec.cat Tel\u00e8fon: 935 62 32 03 Horaris: Atenci\u00f3 telef\u00f2nica: De dilluns a divendres de 8 a 15h Atenci\u00f3 presencial: De dilluns a divendres de 8 a 15h ** Per qualsevol consulta fora d\u2019aquest horari, podeu enviar un correu electr\u00f2nic a\u00a0 instorredemalla@xtec.cat indicant nom i cognoms, tel\u00e8fon i motiu.<\/p>\n","protected":false},"author":1,"featured_media":0,"parent":0,"menu_order":0,"comment_status":"closed","ping_status":"closed","template":"page-templates\/side-menu.php","meta":{"_bbp_topic_count":0,"_bbp_reply_count":0,"_bbp_total_topic_count":0,"_bbp_total_reply_count":0,"_bbp_voice_count":0,"_bbp_anonymous_reply_count":0,"_bbp_topic_count_hidden":0,"_bbp_reply_count_hidden":0,"_bbp_forum_subforum_count":0,"site-sidebar-layout":"default","site-content-layout":"","ast-site-content-layout":"","site-content-style":"default","site-sidebar-style":"default","ast-global-header-display":"","ast-banner-title-visibility":"","ast-main-header-display":"","ast-hfb-above-header-display":"","ast-hfb-below-header-display":"","ast-hfb-mobile-header-display":"","site-post-title":"","ast-breadcrumbs-content":"","ast-featured-img":"","footer-sml-layout":"","theme-transparent-header-meta":"","adv-header-id-meta":"","stick-header-meta":"","header-above-stick-meta":"","header-main-stick-meta":"","header-below-stick-meta":"","astra-migrate-meta-layouts":"default","ast-page-background-enabled":"default","ast-page-background-meta":{"desktop":{"background-color":"var(--ast-global-color-4)","background-image":"","background-repeat":"repeat","background-position":"center center","background-size":"auto","background-attachment":"scroll","background-type":"","background-media":"","overlay-type":"","overlay-color":"","overlay-opacity":"","overlay-gradient":""},"tablet":{"background-color":"","background-image":"","background-repeat":"repeat","background-position":"center center","background-size":"auto","background-attachment":"scroll","background-type":"","background-media":"","overlay-type":"","overlay-color":"","overlay-opacity":"","overlay-gradient":""},"mobile":{"background-color":"","background-image":"","background-repeat":"repeat","background-position":"center center","background-size":"auto","background-attachment":"scroll","background-type":"","background-media":"","overlay-type":"","overlay-color":"","overlay-opacity":"","overlay-gradient":""}},"ast-content-background-meta":{"desktop":{"background-color":"var(--ast-global-color-5)","background-image":"","background-repeat":"repeat","background-position":"center center","background-size":"auto","background-attachment":"scroll","background-type":"","background-media":"","overlay-type":"","overlay-color":"","overlay-opacity":"","overlay-gradient":""},"tablet":{"background-color":"var(--ast-global-color-5)","background-image":"","background-repeat":"repeat","background-position":"center center","background-size":"auto","background-attachment":"scroll","background-type":"","background-media":"","overlay-type":"","overlay-color":"","overlay-opacity":"","overlay-gradient":""},"mobile":{"background-color":"var(--ast-global-color-5)","background-image":"","background-repeat":"repeat","background-position":"center center","background-size":"auto","background-attachment":"scroll","background-type":"","background-media":"","overlay-type":"","overlay-color":"","overlay-opacity":"","overlay-gradient":""}},"footnotes":""},"class_list":["post-81","page","type-page","status-publish","hentry"],"post_mailing_queue_ids":[],"_links":{"self":[{"href":"https:\/\/agora.xtec.cat\/instorredemalla\/wp-json\/wp\/v2\/pages\/81","targetHints":{"allow":["GET"]}}],"collection":[{"href":"https:\/\/agora.xtec.cat\/instorredemalla\/wp-json\/wp\/v2\/pages"}],"about":[{"href":"https:\/\/agora.xtec.cat\/instorredemalla\/wp-json\/wp\/v2\/types\/page"}],"author":[{"embeddable":true,"href":"https:\/\/agora.xtec.cat\/instorredemalla\/wp-json\/wp\/v2\/users\/1"}],"replies":[{"embeddable":true,"href":"https:\/\/agora.xtec.cat\/instorredemalla\/wp-json\/wp\/v2\/comments?post=81"}],"version-history":[{"count":5,"href":"https:\/\/agora.xtec.cat\/instorredemalla\/wp-json\/wp\/v2\/pages\/81\/revisions"}],"predecessor-version":[{"id":15704,"href":"https:\/\/agora.xtec.cat\/instorredemalla\/wp-json\/wp\/v2\/pages\/81\/revisions\/15704"}],"wp:attachment":[{"href":"https:\/\/agora.xtec.cat\/instorredemalla\/wp-json\/wp\/v2\/media?parent=81"}],"curies":[{"name":"wp","href":"https:\/\/api.w.org\/{rel}","templated":true}]}}