{"id":8050,"date":"2021-03-16T08:52:55","date_gmt":"2021-03-16T07:52:55","guid":{"rendered":"http:\/\/agora.xtec.cat\/instorredemalla\/?page_id=8050"},"modified":"2021-03-17T10:18:33","modified_gmt":"2021-03-17T09:18:33","slug":"espais-centre-360","status":"publish","type":"page","link":"https:\/\/agora.xtec.cat\/instorredemalla\/espais-centre-360\/","title":{"rendered":"Espais del centre 360\u00ba"},"content":{"rendered":"<table class=\" aligncenter\" style=\"height: 100%; width: 100%;\">\n<tbody>\n<tr>\n<td>\n<h5><strong>PASSAD\u00cdS PRINCIPAL<\/strong><\/h5>\n<p><iframe src=\"https:\/\/www.google.com\/maps\/embed?pb=!4v1615972459348!6m8!1m7!1sCAoSLEFGMVFpcE1BQk9JOXc5cS1lOU1sMHg0Z2lEVHFrUDhJbmRQdlZTRUZaRWp5!2m2!1d41.5665579!2d2.2249075!3f266.12328550177597!4f0.6308671204113665!5f0.7820865974627469\" width=\"600\" height=\"450\" style=\"border:0;\" allowfullscreen=\"\" loading=\"lazy\"><\/iframe><\/td>\n<td>\n<h5><strong>PASSAD\u00cdS TALLERS<\/strong><\/h5>\n<p><iframe src=\"https:\/\/www.google.com\/maps\/embed?pb=!4v1615881815749!6m8!1m7!1sCAoSLEFGMVFpcE9KQjBTYjhqeTBob2txVVJOQXFsSEQ3RFZlZ3F0MkFYRHNzT2xV!2m2!1d41.5665579!2d2.2249075!3f326.0824793707073!4f-6.921528093365197!5f0.7820865974627469\" width=\"600\" height=\"450\" style=\"border:0;\" allowfullscreen=\"\" loading=\"lazy\"><\/iframe><\/td>\n<td>\n<h5><strong>BIBLIOTECA \/ SALA D&#8217;ACTES<\/strong><\/h5>\n<p><iframe src=\"https:\/\/www.google.com\/maps\/embed?pb=!4v1615972370358!6m8!1m7!1sCAoSLEFGMVFpcE1McDQ1LVJEWnR2X2NleUUwUFRnWml3SDlDaTR5d0ZYQ25pdzRP!2m2!1d41.5657802!2d2.225682!3f359!4f0!5f0.7820865974627469\" width=\"600\" height=\"450\" style=\"border:0;\" allowfullscreen=\"\" loading=\"lazy\"><\/iframe><\/td>\n<\/tr>\n<tr>\n<td>\n<h5><strong>AULA DE M\u00daSICA<\/strong><\/h5>\n<p><iframe src=\"https:\/\/www.google.com\/maps\/embed?pb=!4v1615882164503!6m8!1m7!1sCAoSLEFGMVFpcFBPTlZXNW1pX3ZHWFhhRjNxeFYwYkhoYzFDTUJnUFVqUUs0NGNV!2m2!1d41.56624830000001!2d2.22577!3f33.3993485418639!4f-5.596319613056522!5f0.7820865974627469\" width=\"600\" height=\"450\" style=\"border:0;\" allowfullscreen=\"\" loading=\"lazy\"><\/iframe><\/td>\n<td>\n<h5><strong>AULA INFORM\u00c0TICA INFO4<\/strong><\/h5>\n<p><iframe src=\"https:\/\/www.google.com\/maps\/embed?pb=!4v1615972499865!6m8!1m7!1sCAoSLEFGMVFpcE5JbGY3Tl9kQ0dOa0NBMDFyMXZldWpNeE11bGNlaFRDbHByVm5H!2m2!1d41.5657353!2d2.2257825!3f359!4f0!5f0.7820865974627469\" width=\"600\" height=\"450\" style=\"border:0;\" allowfullscreen=\"\" loading=\"lazy\"><\/iframe><\/td>\n<td>\n<h5><strong>AULA EVP<\/strong><\/h5>\n<p><iframe src=\"https:\/\/www.google.com\/maps\/embed?pb=!4v1615882252526!6m8!1m7!1sCAoSLEFGMVFpcE9BSVBzU0xnd3piLWdWVDRxSjB6M0pHbUVMTG1lTTVRdUdmRHJC!2m2!1d41.56652!2d2.22558!3f84.44508555650529!4f-1.1966514965389479!5f0.7820865974627469\" width=\"600\" height=\"450\" style=\"border:0;\" allowfullscreen=\"\" loading=\"lazy\"><\/iframe><\/td>\n<\/tr>\n<tr>\n<td>\n<h5><strong>LABORATORI<\/strong><\/h5>\n<p><iframe src=\"https:\/\/www.google.com\/maps\/embed?pb=!4v1615882380337!6m8!1m7!1sCAoSLEFGMVFpcE9mODdaS24yOGszaTFnVnZJZU42RUNzNTVody1oWjYyUGhzUEtt!2m2!1d41.56623829999999!2d2.2256017!3f250.56413650216314!4f-6.470498368038093!5f0.7820865974627469\" width=\"600\" height=\"450\" style=\"border:0;\" allowfullscreen=\"\" loading=\"lazy\"><\/iframe><\/td>\n<td>\n<h5><strong>AULA TALLER TAT2<\/strong><\/h5>\n<p><iframe src=\"https:\/\/www.google.com\/maps\/embed?pb=!4v1615972385934!6m8!1m7!1sCAoSLEFGMVFpcE54ZlB4b0FzYncyWUt6QjVVYUd6NTNieGVKUU9SRkhDQVZxU3lo!2m2!1d41.5657664!2d2.2257309!3f359!4f0!5f0.7820865974627469\" width=\"600\" height=\"450\" style=\"border:0;\" allowfullscreen=\"\" loading=\"lazy\"><\/iframe><\/td>\n<td>\n<h5><strong>TALLER ADMINISTRATIU TAD2<\/strong><\/h5>\n<p><iframe src=\"https:\/\/www.google.com\/maps\/embed?pb=!4v1615882589628!6m8!1m7!1sCAoSLEFGMVFpcE45THUwSmRORDZZTHF3Q2dqMUNBWUxQeHdUblZZM1FSekkxdzdp!2m2!1d41.5658483!2d2.2255517!3f187.1409160893617!4f-7.593869144166305!5f0.7820865974627469\" width=\"600\" height=\"450\" style=\"border:0;\" allowfullscreen=\"\" loading=\"lazy\"><\/iframe><\/iframe><\/td>\n<\/tr>\n<tr>\n<td>\n<h5><strong>AULA ACTIVITATS COMERCIALS 51<\/strong><\/h5>\n<p><iframe src=\"https:\/\/www.google.com\/maps\/embed?pb=!4v1615966791301!6m8!1m7!1sCAoSLEFGMVFpcE9aUHp1bGRNZUZ2eUlpNzJSSTg2WGEzeDlfdFY5XzVKZDV1d01k!2m2!1d41.5665579!2d2.2249075!3f359!4f0!5f0.7820865974627469\" width=\"600\" height=\"450\" style=\"border:0;\" allowfullscreen=\"\" loading=\"lazy\"><\/iframe><\/td>\n<td>\n<h5><strong>AULA ACTIVITATS COMERCIALS 52<\/strong><\/h5>\n<p><iframe src=\"https:\/\/www.google.com\/maps\/embed?pb=!4v1615966771179!6m8!1m7!1sCAoSLEFGMVFpcFByOVYyUzNTZVZxQXpJNU5jeWFjVmgyZThNT1VvLVY5bERVd1FB!2m2!1d41.5665579!2d2.2249075!3f163.42180499023866!4f-4.9992287506878625!5f0.7820865974627469\" width=\"600\" height=\"450\" style=\"border:0;\" allowfullscreen=\"\" loading=\"lazy\"><\/iframe><\/td>\n<td>\n<h5><strong>AULA ACTIVITATS COMERCIALS 53<\/strong><\/h5>\n<p><iframe src=\"https:\/\/www.google.com\/maps\/embed?pb=!4v1615972580404!6m8!1m7!1sCAoSLEFGMVFpcE9Ga3R0VFpIOHFKOGxtMHE3TkZKcW1lbVc2dUF6SHBBX19EdHds!2m2!1d41.5663817!2d2.2255033!3f139!4f0!5f0.7820865974627469\" width=\"600\" height=\"450\" style=\"border:0;\" allowfullscreen=\"\" loading=\"lazy\"><\/iframe><\/td>\n<\/tr>\n<tr>\n<td>\n<h5><strong>TALLER INFORM\u00c0TICA TSMX3<\/strong><\/h5>\n<p><iframe src=\"https:\/\/www.google.com\/maps\/embed?pb=!4v1615967788269!6m8!1m7!1sCAoSLEFGMVFpcFBSaWhxSTJrRkpEM04ydTA2V1JBNlIta204VExZd2NQTmFldzZa!2m2!1d41.5661533!2d2.2255017!3f33!4f0!5f0.7820865974627469\" width=\"600\" height=\"450\" style=\"border:0;\" allowfullscreen=\"\" loading=\"lazy\"><\/iframe><\/td>\n<td>\n<h5><strong>TALLER INFORM\u00c0TICA TSMX4<\/strong><\/h5>\n<p><iframe src=\"https:\/\/www.google.com\/maps\/embed?pb=!4v1615966735285!6m8!1m7!1sCAoSLEFGMVFpcE1lRUI5dnlkaVRLVWEtUS1GT1hHVUt1anZTU29BUF9tZzdFMUtx!2m2!1d41.5657313!2d2.225761!3f251.06531717618054!4f-15.883232517320224!5f0.7820865974627469\" width=\"600\" height=\"450\" style=\"border:0;\" allowfullscreen=\"\" loading=\"lazy\"><\/iframe><\/td>\n<td>\n<h5><strong>GIMN\u00c0S<\/strong><\/h5>\n<p><iframe src=\"https:\/\/www.google.com\/maps\/embed?pb=!4v1615882754552!6m8!1m7!1sCAoSLEFGMVFpcE0wQm1Dd1ZnVHFVLW91bi1KMmFsYmhPRWdlV2dwYU9OWndwZUp2!2m2!1d41.5665467!2d2.2253933!3f314!4f0!5f0.7820865974627469\" width=\"600\" height=\"450\" style=\"border:0;\" allowfullscreen=\"\" loading=\"lazy\"><\/iframe><\/td>\n<\/tr>\n<tr>\n<td>\n<h5><strong>HORT<\/strong><\/h5>\n<p><iframe src=\"https:\/\/www.google.com\/maps\/embed?pb=!4v1615882683335!6m8!1m7!1sCAoSLEFGMVFpcE4wZS16QjNFdXV4cFdXVWdjLVNBUnFSMUIwSHhmOHVrOExadVlB!2m2!1d41.5665579!2d2.2249075!3f277.9195120947975!4f-1.3068060376280215!5f0.7820865974627469\" width=\"600\" height=\"450\" style=\"border:0;\" allowfullscreen=\"\" loading=\"lazy\"><\/iframe><\/td>\n<td>\n<h5><strong>PATI<\/strong><\/h5>\n<p><iframe src=\"https:\/\/www.google.com\/maps\/embed?pb=!4v1615882704135!6m8!1m7!1sCAoSLEFGMVFpcE9GZ1JVUUR3dXRMd3pHU0syY0JKam5sUW9UcXFncmh5YU5FbldW!2m2!1d41.5662083!2d2.2255783!3f61.19655676135214!4f-1.909706432065036!5f0.7820865974627469\" width=\"600\" height=\"450\" style=\"border:0;\" allowfullscreen=\"\" loading=\"lazy\"><\/iframe><\/td>\n<td>\n<h5><strong>PISTES<\/strong><\/h5>\n<p><iframe src=\"https:\/\/www.google.com\/maps\/embed?pb=!4v1615882789182!6m8!1m7!1sCAoSLEFGMVFpcFBHZGlkQWpnNWFLTm00V2dBTGZTMFV5N3RQYzBYc2EzY2tubks4!2m2!1d41.5665579!2d2.2249075!3f0!4f0!5f0.7820865974627469\" width=\"600\" height=\"450\" style=\"border:0;\" allowfullscreen=\"\" loading=\"lazy\"><\/iframe><\/td>\n<\/tr>\n<\/tbody>\n<\/table>\n","protected":false},"excerpt":{"rendered":"<p>PASSAD\u00cdS PRINCIPAL PASSAD\u00cdS TALLERS BIBLIOTECA \/ SALA D&#8217;ACTES AULA DE M\u00daSICA AULA INFORM\u00c0TICA INFO4 AULA EVP LABORATORI AULA TALLER TAT2 TALLER ADMINISTRATIU TAD2 AULA ACTIVITATS COMERCIALS 51 AULA ACTIVITATS COMERCIALS 52 AULA ACTIVITATS COMERCIALS 53 TALLER INFORM\u00c0TICA TSMX3 TALLER INFORM\u00c0TICA TSMX4 GIMN\u00c0S HORT PATI PISTES<\/p>\n","protected":false},"author":130,"featured_media":0,"parent":0,"menu_order":0,"comment_status":"closed","ping_status":"closed","template":"","meta":{"_bbp_topic_count":0,"_bbp_reply_count":0,"_bbp_total_topic_count":0,"_bbp_total_reply_count":0,"_bbp_voice_count":0,"_bbp_anonymous_reply_count":0,"_bbp_topic_count_hidden":0,"_bbp_reply_count_hidden":0,"_bbp_forum_subforum_count":0,"site-sidebar-layout":"default","site-content-layout":"","ast-site-content-layout":"","site-content-style":"default","site-sidebar-style":"default","ast-global-header-display":"","ast-banner-title-visibility":"","ast-main-header-display":"","ast-hfb-above-header-display":"","ast-hfb-below-header-display":"","ast-hfb-mobile-header-display":"","site-post-title":"","ast-breadcrumbs-content":"","ast-featured-img":"","footer-sml-layout":"","theme-transparent-header-meta":"","adv-header-id-meta":"","stick-header-meta":"","header-above-stick-meta":"","header-main-stick-meta":"","header-below-stick-meta":"","astra-migrate-meta-layouts":"default","ast-page-background-enabled":"default","ast-page-background-meta":{"desktop":{"background-color":"var(--ast-global-color-4)","background-image":"","background-repeat":"repeat","background-position":"center center","background-size":"auto","background-attachment":"scroll","background-type":"","background-media":"","overlay-type":"","overlay-color":"","overlay-opacity":"","overlay-gradient":""},"tablet":{"background-color":"","background-image":"","background-repeat":"repeat","background-position":"center center","background-size":"auto","background-attachment":"scroll","background-type":"","background-media":"","overlay-type":"","overlay-color":"","overlay-opacity":"","overlay-gradient":""},"mobile":{"background-color":"","background-image":"","background-repeat":"repeat","background-position":"center center","background-size":"auto","background-attachment":"scroll","background-type":"","background-media":"","overlay-type":"","overlay-color":"","overlay-opacity":"","overlay-gradient":""}},"ast-content-background-meta":{"desktop":{"background-color":"var(--ast-global-color-5)","background-image":"","background-repeat":"repeat","background-position":"center center","background-size":"auto","background-attachment":"scroll","background-type":"","background-media":"","overlay-type":"","overlay-color":"","overlay-opacity":"","overlay-gradient":""},"tablet":{"background-color":"var(--ast-global-color-5)","background-image":"","background-repeat":"repeat","background-position":"center center","background-size":"auto","background-attachment":"scroll","background-type":"","background-media":"","overlay-type":"","overlay-color":"","overlay-opacity":"","overlay-gradient":""},"mobile":{"background-color":"var(--ast-global-color-5)","background-image":"","background-repeat":"repeat","background-position":"center center","background-size":"auto","background-attachment":"scroll","background-type":"","background-media":"","overlay-type":"","overlay-color":"","overlay-opacity":"","overlay-gradient":""}},"footnotes":""},"class_list":["post-8050","page","type-page","status-publish","hentry"],"post_mailing_queue_ids":[],"_links":{"self":[{"href":"https:\/\/agora.xtec.cat\/instorredemalla\/wp-json\/wp\/v2\/pages\/8050","targetHints":{"allow":["GET"]}}],"collection":[{"href":"https:\/\/agora.xtec.cat\/instorredemalla\/wp-json\/wp\/v2\/pages"}],"about":[{"href":"https:\/\/agora.xtec.cat\/instorredemalla\/wp-json\/wp\/v2\/types\/page"}],"author":[{"embeddable":true,"href":"https:\/\/agora.xtec.cat\/instorredemalla\/wp-json\/wp\/v2\/users\/130"}],"replies":[{"embeddable":true,"href":"https:\/\/agora.xtec.cat\/instorredemalla\/wp-json\/wp\/v2\/comments?post=8050"}],"version-history":[{"count":4,"href":"https:\/\/agora.xtec.cat\/instorredemalla\/wp-json\/wp\/v2\/pages\/8050\/revisions"}],"predecessor-version":[{"id":8073,"href":"https:\/\/agora.xtec.cat\/instorredemalla\/wp-json\/wp\/v2\/pages\/8050\/revisions\/8073"}],"wp:attachment":[{"href":"https:\/\/agora.xtec.cat\/instorredemalla\/wp-json\/wp\/v2\/media?parent=8050"}],"curies":[{"name":"wp","href":"https:\/\/api.w.org\/{rel}","templated":true}]}}