{"id":46,"date":"2014-09-17T16:53:45","date_gmt":"2014-09-17T16:53:45","guid":{"rendered":"http:\/\/agora.xtec.cat\/instorredemalla\/?page_id=46"},"modified":"2026-03-11T14:20:47","modified_gmt":"2026-03-11T13:20:47","slug":"organigrama","status":"publish","type":"page","link":"https:\/\/agora.xtec.cat\/instorredemalla\/linstitut\/organigrama\/","title":{"rendered":"Organigrama"},"content":{"rendered":"<p><strong>CURS 2025-2026<\/strong><\/p>\n<p><b>EQUIP DIRECTIU<\/b><\/p>\n<table>\n<tbody>\n<tr>\n<td><b>Director<\/b><\/td>\n<td>Jes\u00fas Paniego<\/td>\n<\/tr>\n<tr>\n<td><b>Cap d\u2019estudis<\/b><\/td>\n<td>Sergio G\u00f3mez<\/td>\n<\/tr>\n<tr>\n<td><b>Cap d\u2019estudis FP<\/b><\/td>\n<td>M\u00f3nica Plata<\/td>\n<\/tr>\n<tr>\n<td><b>Secretari<\/b><\/td>\n<td>Elies Martos<\/td>\n<\/tr>\n<tr>\n<td><b>Coordinadora pedag\u00f2gica<\/b><\/td>\n<td>Claudina Anta<\/td>\n<\/tr>\n<\/tbody>\n<\/table>\n<p>&nbsp;<\/p>\n<p><b>COORDINACIONS<\/b><\/p>\n<table>\n<tbody>\n<tr>\n<td><b>Coordinaci\u00f3 1r cicle<\/b><\/td>\n<td><span style=\"font-weight: 400;\">Sandra Hern\u00e1ndez<\/span><\/td>\n<\/tr>\n<tr>\n<td><b>Coordinaci\u00f3 2n cicle<\/b><\/td>\n<td><span style=\"font-weight: 400;\">Lola Gonzalo<\/span><\/td>\n<\/tr>\n<tr>\n<td><b>Coordinaci\u00f3 Batxillerat<\/b><\/td>\n<td><span style=\"font-weight: 400;\">\u00c0lex Ros<\/span><\/td>\n<\/tr>\n<tr>\n<td><b>Coordinaci\u00f3 FCT \/ FP DUAL<\/b><\/td>\n<td><span style=\"font-weight: 400;\">Marta Lorenzo<\/span><\/td>\n<\/tr>\n<tr>\n<td><b>Coordinaci\u00f3 EDC<\/b><\/td>\n<td><span style=\"font-weight: 400;\">Pilar Oliver<\/span><\/td>\n<\/tr>\n<tr>\n<td><b>Coordinaci\u00f3 riscos laborals<\/b><\/td>\n<td><span style=\"font-weight: 400;\">Gerard Sanjos\u00e9<\/span><\/td>\n<\/tr>\n<tr>\n<td><b>Coordinaci\u00f3 LIC<\/b><\/td>\n<td><span style=\"font-weight: 400;\">Marc Fabregat<\/span><\/td>\n<\/tr>\n<tr>\n<td><b>Coordinaci\u00f3 Qualitat i Millora<\/b><\/td>\n<td><span style=\"font-weight: 400;\">Laure Tinoco<\/span><\/td>\n<\/tr>\n<tr>\n<td><b>Coordinaci\u00f3 Mobilitat FP<\/b><\/td>\n<td><span style=\"font-weight: 400;\">Aintzane Santacoloma<\/span><\/td>\n<\/tr>\n<tr>\n<td><b>Coordinaci\u00f3 CASE<\/b><\/td>\n<td><span style=\"font-weight: 400;\">Montse Vi\u00f1as<\/span><\/td>\n<\/tr>\n<tr>\n<td><b>Coordinaci\u00f3 COCOBE<\/b><\/td>\n<td><span style=\"font-weight: 400;\">Claudina Anta<\/span><\/td>\n<\/tr>\n<\/tbody>\n<\/table>\n<p>&nbsp;<\/p>\n<p><b>CAPS DE DEPARTAMENT<\/b><\/p>\n<table>\n<tbody>\n<tr>\n<td><b>Lleng\u00fces<\/b><\/td>\n<td>V\u00edctor Hern\u00e1ndez<\/td>\n<\/tr>\n<tr>\n<td><b>Idiomes<\/b><\/td>\n<td>Laura Valc\u00e1rcel<\/td>\n<\/tr>\n<tr>\n<td><b>Matem\u00e0tiques<\/b><\/td>\n<td>Enrique Pastor<\/td>\n<\/tr>\n<tr>\n<td><b>Ci\u00e8ncies naturals i tecnologia<\/b><\/td>\n<td>Fran Catal\u00e1n<\/td>\n<\/tr>\n<tr>\n<td><b>Ci\u00e8ncies socials<\/b><\/td>\n<td>Manel Pirla<\/td>\n<\/tr>\n<tr>\n<td><b>Expressi\u00f3<\/b><\/td>\n<td>Claudi Cisneros<\/td>\n<\/tr>\n<tr>\n<td><b>Orientaci\u00f3<\/b><\/td>\n<td>Maria Garcia<\/td>\n<\/tr>\n<tr>\n<td><b>Administratiu<\/b><\/td>\n<td>Laia de Vargas<\/td>\n<\/tr>\n<tr>\n<td><b>Activitats comercials<\/b><\/td>\n<td>Laura Fuentes<\/td>\n<\/tr>\n<tr>\n<td><b>Sistemes microinform\u00e0tics<\/b><\/td>\n<td>Guillem Medialdea<\/td>\n<\/tr>\n<\/tbody>\n<\/table>\n<p><b>\u00a0<\/b><\/p>\n<p><b>TUTORIES<\/b><\/p>\n<table style=\"border-collapse: collapse; width: 71.9461%; height: 115px;\">\n<tbody>\n<tr style=\"height: 35px;\">\n<td style=\"width: 20%; text-align: center; height: 35px;\"><\/td>\n<td style=\"text-align: center; width: 19.9664%; height: 35px;\"><b>A<\/b><\/td>\n<td style=\"text-align: center; width: 19.9664%; height: 35px;\"><b>B<\/b><\/td>\n<td style=\"text-align: center; width: 19.9664%; height: 35px;\"><b>C<\/b><\/td>\n<td style=\"text-align: center; width: 19.9664%; height: 35px;\"><b>D<\/b><\/td>\n<\/tr>\n<tr style=\"height: 35px;\">\n<td style=\"width: 20%; text-align: center; height: 35px;\"><b>1r ESO<\/b><\/td>\n<td style=\"width: 19.9664%; text-align: center; height: 35px;\">Silvia de Andr\u00e9s<\/td>\n<td style=\"width: 19.9664%; text-align: center; height: 35px;\">Laia Bernaus<\/td>\n<td style=\"width: 19.9664%; text-align: center; height: 35px;\">Marina Castell\u00e0<\/td>\n<td style=\"width: 19.9664%; text-align: center; height: 35px;\">Pol Estopi\u00f1an<\/td>\n<\/tr>\n<tr style=\"height: 35px;\">\n<td style=\"width: 20%; text-align: center; height: 35px;\"><b>2n ESO<\/b><\/td>\n<td style=\"width: 19.9664%; text-align: center; height: 35px;\">Elisabeth Campuzano<\/td>\n<td style=\"width: 19.9664%; text-align: center; height: 35px;\">Mireia Casals<\/td>\n<td style=\"width: 19.9664%; text-align: center; height: 35px;\">Ivette Morales<\/td>\n<td style=\"width: 19.9664%; text-align: center; height: 35px;\">Anna Viader<\/td>\n<\/tr>\n<tr style=\"height: 35px;\">\n<td style=\"width: 20%; text-align: center; height: 35px;\"><b>3r ESO<\/b><\/td>\n<td style=\"width: 19.9664%; text-align: center; height: 35px;\">Puri Ar\u00e9valo<\/td>\n<td style=\"width: 19.9664%; text-align: center; height: 35px;\">Llu\u00eds Rodriguez<\/td>\n<td style=\"width: 19.9664%; text-align: center; height: 35px;\">Maria Garcia<\/td>\n<td style=\"width: 19.9664%; text-align: center; height: 35px;\">Margarita Lara<\/td>\n<\/tr>\n<tr style=\"height: 35px;\">\n<td style=\"width: 20%; text-align: center; height: 35px;\"><b>4t ESO<\/b><\/td>\n<td style=\"width: 19.9664%; text-align: center; height: 35px;\">Daniel G\u00f3mez<\/td>\n<td style=\"width: 19.9664%; text-align: center; height: 35px;\">Marina Vil\u00e0<\/td>\n<td style=\"width: 19.9664%; text-align: center; height: 35px;\">Ana Mata<\/td>\n<td style=\"width: 19.9664%; text-align: center; height: 35px;\">X\u00e8nia Sagrera<\/td>\n<\/tr>\n<\/tbody>\n<\/table>\n<table>\n<tbody>\n<tr>\n<td><\/td>\n<td style=\"text-align: center;\"><b>A<\/b><\/td>\n<td style=\"text-align: center;\"><b>B<\/b><\/td>\n<td style=\"text-align: center;\"><b>C<\/b><\/td>\n<\/tr>\n<tr>\n<td><b>1r BATX<\/b><\/td>\n<td><span style=\"font-weight: 400;\">Miquel Molero<\/span><\/td>\n<td><span style=\"font-weight: 400;\">Gemma Asins<\/span><\/td>\n<td><span style=\"font-weight: 400;\">Sara Ramon<\/span><\/td>\n<\/tr>\n<tr>\n<td><b>2n BATX<\/b><\/td>\n<td><span style=\"font-weight: 400;\">Diego S\u00e1nchez<\/span><\/td>\n<td><span style=\"font-weight: 400;\">Paco L\u00f3pez<\/span><\/td>\n<td><span style=\"font-weight: 400;\">Marysol L\u00f3pez<\/span><\/td>\n<\/tr>\n<\/tbody>\n<\/table>\n<table>\n<tbody>\n<tr>\n<td><\/td>\n<td style=\"text-align: center;\"><b>A<\/b><\/td>\n<td style=\"text-align: center;\"><b>B<\/b><\/td>\n<\/tr>\n<tr>\n<td><b>1r CFGM SMX<\/b><\/td>\n<td><span style=\"font-weight: 400;\">Carles Batalla<\/span><\/td>\n<td><span style=\"font-weight: 400;\">Jordi Busom<\/span><\/td>\n<\/tr>\n<tr>\n<td><b>2n CFGM SMX<\/b><\/td>\n<td><span style=\"font-weight: 400;\">Cesc Riba<\/span><\/td>\n<td><span style=\"font-weight: 400;\">Pilar Oliver<\/span><\/td>\n<\/tr>\n<\/tbody>\n<\/table>\n<table>\n<tbody>\n<tr>\n<td><b>1r CFGM ACO<\/b><\/td>\n<td><span style=\"font-weight: 400;\">David Campo<\/span><\/td>\n<\/tr>\n<tr>\n<td><b>2n CFGM ACO<\/b><\/td>\n<td><span style=\"font-weight: 400;\">Eva Guill\u00e9n<\/span><\/td>\n<\/tr>\n<\/tbody>\n<\/table>\n<table>\n<tbody>\n<tr>\n<td><b>1r CFGM GA<\/b><\/td>\n<td><span style=\"font-weight: 400;\">Jordi SItjes<\/span><\/td>\n<\/tr>\n<tr>\n<td><b>2n CFGM Ga<\/b><\/td>\n<td><span style=\"font-weight: 400;\">Carmen Espa\u00f1a<\/span><\/td>\n<\/tr>\n<\/tbody>\n<\/table>\n<table>\n<tbody>\n<tr>\n<td><b>1r CFGS AiF<\/b><\/td>\n<td><span style=\"font-weight: 400;\">Carles Rams<\/span><\/td>\n<\/tr>\n<tr>\n<td><b>2n CFGS AiF<\/b><\/td>\n<td>Miguel Corzo<\/td>\n<\/tr>\n<\/tbody>\n<\/table>\n<p>&nbsp;<\/p>\n<p><b>PAS<\/b><\/p>\n<table>\n<tbody>\n<tr>\n<td><strong>Consergeria<\/strong><\/td>\n<td><span style=\"font-weight: 400;\">S\u00edlvia Prieto i Ana Romeu<\/span><\/td>\n<\/tr>\n<tr>\n<td><strong>Administraci\u00f3<\/strong><\/td>\n<td><span style=\"font-weight: 400;\">Ester Hospital i Ver\u00f3nica Quir\u00f3s<\/span><\/td>\n<\/tr>\n<\/tbody>\n<\/table>\n<p>&nbsp;<\/p>\n<p><strong>CONSELL ESCOLAR<\/strong><\/p>\n<table>\n<tbody>\n<tr>\n<td><b>Director<\/b><\/td>\n<td><span style=\"font-weight: 400;\">Jes\u00fas Paniego<\/span><\/td>\n<\/tr>\n<tr>\n<td><b>Cap d\u2019estudis<\/b><\/td>\n<td><span style=\"font-weight: 400;\">Sergio G\u00f3mez<\/span><\/td>\n<\/tr>\n<tr>\n<td><b>Secretari<\/b><\/td>\n<td><span style=\"font-weight: 400;\">Elies Martos<\/span><\/td>\n<\/tr>\n<tr>\n<td><b>Representant de l\u2019ajuntament<\/b><\/td>\n<td><span style=\"font-weight: 400;\">D\u00eddac Cayuela<\/span><\/td>\n<\/tr>\n<tr>\n<td><b>Representant de l\u2019AMPA<\/b><\/td>\n<td><span style=\"font-weight: 400;\">Mercedes Fern\u00e1ndez<\/span><\/td>\n<\/tr>\n<tr>\n<td><b>Representant PAS<\/b><\/td>\n<td><span style=\"font-weight: 400;\">Ester Hospital<\/span><\/td>\n<\/tr>\n<tr>\n<td><b>Representant PAE<\/b><\/td>\n<td><span style=\"font-weight: 400;\">Elisa Trujillo<\/span><\/td>\n<\/tr>\n<tr>\n<td><b>Professorat<\/b><\/td>\n<td>Gemma Asins, David Campillo, Lola Gonzalo, \u00c0lex Ros, Aintzane Santacoloma i Laure Tinoco<\/td>\n<\/tr>\n<tr>\n<td><b>Alumnat<\/b><\/td>\n<td><span style=\"font-weight: 400;\">Paula L\u00f3pez, Paula Moreno i Daniel Torres<\/span><\/td>\n<\/tr>\n<tr>\n<td><b>Pares i mares<\/b><\/td>\n<td><span style=\"font-weight: 400;\">Magda Afailal i Ana de Jes\u00fas L\u00f3pez<\/span><\/td>\n<\/tr>\n<\/tbody>\n<\/table>\n<p>&nbsp;<\/p>\n","protected":false},"excerpt":{"rendered":"<p>CURS 2025-2026 EQUIP DIRECTIU Director Jes\u00fas Paniego Cap d\u2019estudis Sergio G\u00f3mez Cap d\u2019estudis FP M\u00f3nica Plata Secretari Elies Martos Coordinadora pedag\u00f2gica Claudina Anta &nbsp; COORDINACIONS Coordinaci\u00f3 1r cicle Sandra Hern\u00e1ndez Coordinaci\u00f3 2n cicle Lola Gonzalo Coordinaci\u00f3 Batxillerat \u00c0lex Ros Coordinaci\u00f3 FCT \/ FP DUAL Marta Lorenzo Coordinaci\u00f3 EDC Pilar Oliver Coordinaci\u00f3 riscos laborals Gerard Sanjos\u00e9 [&hellip;]<\/p>\n","protected":false},"author":1,"featured_media":0,"parent":19,"menu_order":4,"comment_status":"closed","ping_status":"closed","template":"","meta":{"_bbp_topic_count":0,"_bbp_reply_count":0,"_bbp_total_topic_count":0,"_bbp_total_reply_count":0,"_bbp_voice_count":0,"_bbp_anonymous_reply_count":0,"_bbp_topic_count_hidden":0,"_bbp_reply_count_hidden":0,"_bbp_forum_subforum_count":0,"site-sidebar-layout":"default","site-content-layout":"","ast-site-content-layout":"default","site-content-style":"default","site-sidebar-style":"default","ast-global-header-display":"","ast-banner-title-visibility":"","ast-main-header-display":"","ast-hfb-above-header-display":"","ast-hfb-below-header-display":"","ast-hfb-mobile-header-display":"","site-post-title":"","ast-breadcrumbs-content":"","ast-featured-img":"","footer-sml-layout":"","theme-transparent-header-meta":"default","adv-header-id-meta":"","stick-header-meta":"","header-above-stick-meta":"","header-main-stick-meta":"","header-below-stick-meta":"","astra-migrate-meta-layouts":"set","ast-page-background-enabled":"default","ast-page-background-meta":{"desktop":{"background-color":"var(--ast-global-color-4)","background-image":"","background-repeat":"repeat","background-position":"center center","background-size":"auto","background-attachment":"scroll","background-type":"","background-media":"","overlay-type":"","overlay-color":"","overlay-opacity":"","overlay-gradient":""},"tablet":{"background-color":"","background-image":"","background-repeat":"repeat","background-position":"center center","background-size":"auto","background-attachment":"scroll","background-type":"","background-media":"","overlay-type":"","overlay-color":"","overlay-opacity":"","overlay-gradient":""},"mobile":{"background-color":"","background-image":"","background-repeat":"repeat","background-position":"center center","background-size":"auto","background-attachment":"scroll","background-type":"","background-media":"","overlay-type":"","overlay-color":"","overlay-opacity":"","overlay-gradient":""}},"ast-content-background-meta":{"desktop":{"background-color":"var(--ast-global-color-5)","background-image":"","background-repeat":"repeat","background-position":"center center","background-size":"auto","background-attachment":"scroll","background-type":"","background-media":"","overlay-type":"","overlay-color":"","overlay-opacity":"","overlay-gradient":""},"tablet":{"background-color":"var(--ast-global-color-5)","background-image":"","background-repeat":"repeat","background-position":"center center","background-size":"auto","background-attachment":"scroll","background-type":"","background-media":"","overlay-type":"","overlay-color":"","overlay-opacity":"","overlay-gradient":""},"mobile":{"background-color":"var(--ast-global-color-5)","background-image":"","background-repeat":"repeat","background-position":"center center","background-size":"auto","background-attachment":"scroll","background-type":"","background-media":"","overlay-type":"","overlay-color":"","overlay-opacity":"","overlay-gradient":""}},"footnotes":""},"class_list":["post-46","page","type-page","status-publish","hentry"],"post_mailing_queue_ids":[],"_links":{"self":[{"href":"https:\/\/agora.xtec.cat\/instorredemalla\/wp-json\/wp\/v2\/pages\/46","targetHints":{"allow":["GET"]}}],"collection":[{"href":"https:\/\/agora.xtec.cat\/instorredemalla\/wp-json\/wp\/v2\/pages"}],"about":[{"href":"https:\/\/agora.xtec.cat\/instorredemalla\/wp-json\/wp\/v2\/types\/page"}],"author":[{"embeddable":true,"href":"https:\/\/agora.xtec.cat\/instorredemalla\/wp-json\/wp\/v2\/users\/1"}],"replies":[{"embeddable":true,"href":"https:\/\/agora.xtec.cat\/instorredemalla\/wp-json\/wp\/v2\/comments?post=46"}],"version-history":[{"count":8,"href":"https:\/\/agora.xtec.cat\/instorredemalla\/wp-json\/wp\/v2\/pages\/46\/revisions"}],"predecessor-version":[{"id":17349,"href":"https:\/\/agora.xtec.cat\/instorredemalla\/wp-json\/wp\/v2\/pages\/46\/revisions\/17349"}],"up":[{"embeddable":true,"href":"https:\/\/agora.xtec.cat\/instorredemalla\/wp-json\/wp\/v2\/pages\/19"}],"wp:attachment":[{"href":"https:\/\/agora.xtec.cat\/instorredemalla\/wp-json\/wp\/v2\/media?parent=46"}],"curies":[{"name":"wp","href":"https:\/\/api.w.org\/{rel}","templated":true}]}}