{"id":2462,"date":"2017-12-03T20:01:01","date_gmt":"2017-12-03T19:01:01","guid":{"rendered":"http:\/\/agora.xtec.cat\/instorredemalla\/?page_id=2462"},"modified":"2024-03-11T13:22:27","modified_gmt":"2024-03-11T12:22:27","slug":"projecte-educatiu","status":"publish","type":"page","link":"https:\/\/agora.xtec.cat\/instorredemalla\/projecte-educatiu\/","title":{"rendered":"DOCUMENTACI\u00d3 DEL CENTRE"},"content":{"rendered":"<p><strong>PEC- PROJECTE EDUCATIU DE CENTRE<\/strong><\/p>\n<p>El podeu llegir en el seg\u00fcent enlla\u00e7:\u00a0<a href=\"https:\/\/docs.google.com\/document\/d\/1ECL0d64El-PDRxgGjrdUUOIb3urPxzjV\/edit\"><em><strong>PEC<\/strong><\/em><\/a><\/p>\n<p><strong>PROJECTE DE CONVIV\u00c8NCIA<\/strong><\/p>\n<p>El podeu llegir en el seg\u00fcent enlla\u00e7:\u00a0<a href=\"https:\/\/agora.xtec.cat\/instorredemalla\/wp-content\/uploads\/usu377\/2019\/06\/Projecte-de-conviv%C3%A8ncia.pdf\"><strong>Projecte de conviv\u00e8ncia<\/strong><\/a><\/p>\n<p><strong>NOFC \u2013 Normes d\u2019organitzaci\u00f3 i funcionament de centre<\/strong><\/p>\n<p>Les podeu llegir en el seg\u00fcent enlla\u00e7:<a href=\"https:\/\/docs.google.com\/document\/d\/1Lw5PnKTBGkpTZojTzfHCRQVpyOGNoh3r\/edit#heading=h.3hv69ve\"><strong>\u00a0NOFC<\/strong><\/a><\/p>\n<p><strong>PGA \u2013 Programaci\u00f3 general anual<\/strong><\/p>\n<p>Les podeu llegir en el seg\u00fcent enlla\u00e7:<a href=\"https:\/\/agora.xtec.cat\/instorredemalla\/wp-content\/uploads\/usu377\/2023\/03\/PGA.docx.pdf\"><strong>\u00a0PGA<\/strong><\/a><\/p>\n<p><strong>PL \u2013 Projecte Ling\u00fc\u00edstic del centre<\/strong><\/p>\n<p>El podeu llegir en el seg\u00fcent enlla\u00e7:\u00a0<a href=\"https:\/\/docs.google.com\/document\/d\/1OAI5ydtF1ht19akfAoxAIBe5Uh_D7agB\/edit\"><strong>Projecte Ling\u00fc\u00edstic<\/strong><\/a><\/p>\n<p><strong>Pol\u00edtica de qualitat<\/strong><\/p>\n<p>El podeu llegir en el seg\u00fcent enlla\u00e7:\u00a0<strong><a href=\"https:\/\/agora.xtec.cat\/instorredemalla\/wp-content\/uploads\/usu377\/2023\/03\/PQ.pdf\">PQ<\/a><\/strong><\/p>\n","protected":false},"excerpt":{"rendered":"<p>PEC- PROJECTE EDUCATIU DE CENTRE El podeu llegir en el seg\u00fcent enlla\u00e7:\u00a0PEC PROJECTE DE CONVIV\u00c8NCIA El podeu llegir en el seg\u00fcent enlla\u00e7:\u00a0Projecte de conviv\u00e8ncia NOFC \u2013 Normes d\u2019organitzaci\u00f3 i funcionament de centre Les podeu llegir en el seg\u00fcent enlla\u00e7:\u00a0NOFC PGA \u2013 Programaci\u00f3 general anual Les podeu llegir en el seg\u00fcent enlla\u00e7:\u00a0PGA PL \u2013 Projecte Ling\u00fc\u00edstic [&hellip;]<\/p>\n","protected":false},"author":6,"featured_media":0,"parent":0,"menu_order":0,"comment_status":"closed","ping_status":"closed","template":"","meta":{"_bbp_topic_count":0,"_bbp_reply_count":0,"_bbp_total_topic_count":0,"_bbp_total_reply_count":0,"_bbp_voice_count":0,"_bbp_anonymous_reply_count":0,"_bbp_topic_count_hidden":0,"_bbp_reply_count_hidden":0,"_bbp_forum_subforum_count":0,"site-sidebar-layout":"default","site-content-layout":"","ast-site-content-layout":"","site-content-style":"default","site-sidebar-style":"default","ast-global-header-display":"","ast-banner-title-visibility":"","ast-main-header-display":"","ast-hfb-above-header-display":"","ast-hfb-below-header-display":"","ast-hfb-mobile-header-display":"","site-post-title":"","ast-breadcrumbs-content":"","ast-featured-img":"","footer-sml-layout":"","theme-transparent-header-meta":"","adv-header-id-meta":"","stick-header-meta":"","header-above-stick-meta":"","header-main-stick-meta":"","header-below-stick-meta":"","astra-migrate-meta-layouts":"default","ast-page-background-enabled":"default","ast-page-background-meta":{"desktop":{"background-color":"var(--ast-global-color-4)","background-image":"","background-repeat":"repeat","background-position":"center center","background-size":"auto","background-attachment":"scroll","background-type":"","background-media":"","overlay-type":"","overlay-color":"","overlay-opacity":"","overlay-gradient":""},"tablet":{"background-color":"","background-image":"","background-repeat":"repeat","background-position":"center center","background-size":"auto","background-attachment":"scroll","background-type":"","background-media":"","overlay-type":"","overlay-color":"","overlay-opacity":"","overlay-gradient":""},"mobile":{"background-color":"","background-image":"","background-repeat":"repeat","background-position":"center center","background-size":"auto","background-attachment":"scroll","background-type":"","background-media":"","overlay-type":"","overlay-color":"","overlay-opacity":"","overlay-gradient":""}},"ast-content-background-meta":{"desktop":{"background-color":"var(--ast-global-color-5)","background-image":"","background-repeat":"repeat","background-position":"center center","background-size":"auto","background-attachment":"scroll","background-type":"","background-media":"","overlay-type":"","overlay-color":"","overlay-opacity":"","overlay-gradient":""},"tablet":{"background-color":"var(--ast-global-color-5)","background-image":"","background-repeat":"repeat","background-position":"center center","background-size":"auto","background-attachment":"scroll","background-type":"","background-media":"","overlay-type":"","overlay-color":"","overlay-opacity":"","overlay-gradient":""},"mobile":{"background-color":"var(--ast-global-color-5)","background-image":"","background-repeat":"repeat","background-position":"center center","background-size":"auto","background-attachment":"scroll","background-type":"","background-media":"","overlay-type":"","overlay-color":"","overlay-opacity":"","overlay-gradient":""}},"footnotes":""},"class_list":["post-2462","page","type-page","status-publish","hentry"],"post_mailing_queue_ids":[],"_links":{"self":[{"href":"https:\/\/agora.xtec.cat\/instorredemalla\/wp-json\/wp\/v2\/pages\/2462","targetHints":{"allow":["GET"]}}],"collection":[{"href":"https:\/\/agora.xtec.cat\/instorredemalla\/wp-json\/wp\/v2\/pages"}],"about":[{"href":"https:\/\/agora.xtec.cat\/instorredemalla\/wp-json\/wp\/v2\/types\/page"}],"author":[{"embeddable":true,"href":"https:\/\/agora.xtec.cat\/instorredemalla\/wp-json\/wp\/v2\/users\/6"}],"replies":[{"embeddable":true,"href":"https:\/\/agora.xtec.cat\/instorredemalla\/wp-json\/wp\/v2\/comments?post=2462"}],"version-history":[{"count":6,"href":"https:\/\/agora.xtec.cat\/instorredemalla\/wp-json\/wp\/v2\/pages\/2462\/revisions"}],"predecessor-version":[{"id":13565,"href":"https:\/\/agora.xtec.cat\/instorredemalla\/wp-json\/wp\/v2\/pages\/2462\/revisions\/13565"}],"wp:attachment":[{"href":"https:\/\/agora.xtec.cat\/instorredemalla\/wp-json\/wp\/v2\/media?parent=2462"}],"curies":[{"name":"wp","href":"https:\/\/api.w.org\/{rel}","templated":true}]}}