{"id":1854,"date":"2017-07-09T19:26:23","date_gmt":"2017-07-09T17:26:23","guid":{"rendered":"http:\/\/agora.xtec.cat\/instorredemalla\/?page_id=1854"},"modified":"2020-11-16T18:48:33","modified_gmt":"2020-11-16T17:48:33","slug":"oferta-educativa","status":"publish","type":"page","link":"https:\/\/agora.xtec.cat\/instorredemalla\/linstitut\/oferta-educativa\/","title":{"rendered":"Oferta educativa"},"content":{"rendered":"<p>En el centre INSTITUT TORRE DE MALLA es poden cursar els seg\u00fcents estudis:<\/p>\n<ul style=\"list-style-type: circle;\">\n<li><strong>Educaci\u00f3 Secund\u00e0ria Obligat\u00f2ria<\/strong><br \/>\nEstructurada en dos cicles de dos cursos\u00a0cadascun<\/p>\n<ul style=\"list-style-type: disc;\">\n<li>1r cicle: (1r ESO i 2n ESO)<\/li>\n<li>2n cicle: (3r ESO i 4t ESO)<\/li>\n<\/ul>\n<\/li>\n<\/ul>\n<ul style=\"list-style-type: circle;\">\n<li><strong>Batxillerat<\/strong>\n<ul style=\"list-style-type: disc;\">\n<li>Modalitat de Ci\u00e8ncies i Tecnologia<\/li>\n<li>Modalitat de Ci\u00e8ncies Socials i Humanitats<\/li>\n<\/ul>\n<\/li>\n<\/ul>\n<ul style=\"list-style-type: circle;\">\n<li><strong>Cicles formatius de grau mitj\u00e0 \u00a0 \u00a0 <\/strong>\u00a0(es cursen de\u00a0<strong>mat\u00ed\u00a0<\/strong>en la franja horaria de 8:00 a 14:30)\n<ul style=\"list-style-type: disc;\">\n<li>Gesti\u00f3 administrativa (GA)<\/li>\n<li>Activitats comercials \u00a0(AC)<\/li>\n<li>Sistemes microinform\u00e0tics i xarxes (SMX)<\/li>\n<\/ul>\n<\/li>\n<\/ul>\n<ul style=\"list-style-type: circle;\">\n<li><strong>Cicle formatiu de grau superior \u00a0 \u00a0<\/strong> (es cursen de<strong>\u00a0mat\u00ed<\/strong>\u00a0en la franja hor\u00e0ria de 8:00 a 14:30)\n<ul style=\"list-style-type: disc;\">\n<li>Administraci\u00f3 i finances \u00a0(AIF)<\/li>\n<\/ul>\n<\/li>\n<\/ul>\n","protected":false},"excerpt":{"rendered":"<p>En el centre INSTITUT TORRE DE MALLA es poden cursar els seg\u00fcents estudis: Educaci\u00f3 Secund\u00e0ria Obligat\u00f2ria Estructurada en dos cicles de dos cursos\u00a0cadascun 1r cicle: (1r ESO i 2n ESO) 2n cicle: (3r ESO i 4t ESO) Batxillerat Modalitat de Ci\u00e8ncies i Tecnologia Modalitat de Ci\u00e8ncies Socials i Humanitats Cicles formatius de grau mitj\u00e0 \u00a0 [&hellip;]<\/p>\n","protected":false},"author":6,"featured_media":0,"parent":19,"menu_order":3,"comment_status":"closed","ping_status":"closed","template":"page-templates\/side-menu.php","meta":{"_bbp_topic_count":0,"_bbp_reply_count":0,"_bbp_total_topic_count":0,"_bbp_total_reply_count":0,"_bbp_voice_count":0,"_bbp_anonymous_reply_count":0,"_bbp_topic_count_hidden":0,"_bbp_reply_count_hidden":0,"_bbp_forum_subforum_count":0,"site-sidebar-layout":"default","site-content-layout":"","ast-site-content-layout":"","site-content-style":"default","site-sidebar-style":"default","ast-global-header-display":"","ast-banner-title-visibility":"","ast-main-header-display":"","ast-hfb-above-header-display":"","ast-hfb-below-header-display":"","ast-hfb-mobile-header-display":"","site-post-title":"","ast-breadcrumbs-content":"","ast-featured-img":"","footer-sml-layout":"","theme-transparent-header-meta":"","adv-header-id-meta":"","stick-header-meta":"","header-above-stick-meta":"","header-main-stick-meta":"","header-below-stick-meta":"","astra-migrate-meta-layouts":"default","ast-page-background-enabled":"default","ast-page-background-meta":{"desktop":{"background-color":"var(--ast-global-color-4)","background-image":"","background-repeat":"repeat","background-position":"center center","background-size":"auto","background-attachment":"scroll","background-type":"","background-media":"","overlay-type":"","overlay-color":"","overlay-opacity":"","overlay-gradient":""},"tablet":{"background-color":"","background-image":"","background-repeat":"repeat","background-position":"center center","background-size":"auto","background-attachment":"scroll","background-type":"","background-media":"","overlay-type":"","overlay-color":"","overlay-opacity":"","overlay-gradient":""},"mobile":{"background-color":"","background-image":"","background-repeat":"repeat","background-position":"center center","background-size":"auto","background-attachment":"scroll","background-type":"","background-media":"","overlay-type":"","overlay-color":"","overlay-opacity":"","overlay-gradient":""}},"ast-content-background-meta":{"desktop":{"background-color":"var(--ast-global-color-5)","background-image":"","background-repeat":"repeat","background-position":"center center","background-size":"auto","background-attachment":"scroll","background-type":"","background-media":"","overlay-type":"","overlay-color":"","overlay-opacity":"","overlay-gradient":""},"tablet":{"background-color":"var(--ast-global-color-5)","background-image":"","background-repeat":"repeat","background-position":"center center","background-size":"auto","background-attachment":"scroll","background-type":"","background-media":"","overlay-type":"","overlay-color":"","overlay-opacity":"","overlay-gradient":""},"mobile":{"background-color":"var(--ast-global-color-5)","background-image":"","background-repeat":"repeat","background-position":"center center","background-size":"auto","background-attachment":"scroll","background-type":"","background-media":"","overlay-type":"","overlay-color":"","overlay-opacity":"","overlay-gradient":""}},"footnotes":""},"class_list":["post-1854","page","type-page","status-publish","hentry"],"post_mailing_queue_ids":[],"_links":{"self":[{"href":"https:\/\/agora.xtec.cat\/instorredemalla\/wp-json\/wp\/v2\/pages\/1854","targetHints":{"allow":["GET"]}}],"collection":[{"href":"https:\/\/agora.xtec.cat\/instorredemalla\/wp-json\/wp\/v2\/pages"}],"about":[{"href":"https:\/\/agora.xtec.cat\/instorredemalla\/wp-json\/wp\/v2\/types\/page"}],"author":[{"embeddable":true,"href":"https:\/\/agora.xtec.cat\/instorredemalla\/wp-json\/wp\/v2\/users\/6"}],"replies":[{"embeddable":true,"href":"https:\/\/agora.xtec.cat\/instorredemalla\/wp-json\/wp\/v2\/comments?post=1854"}],"version-history":[{"count":4,"href":"https:\/\/agora.xtec.cat\/instorredemalla\/wp-json\/wp\/v2\/pages\/1854\/revisions"}],"predecessor-version":[{"id":7469,"href":"https:\/\/agora.xtec.cat\/instorredemalla\/wp-json\/wp\/v2\/pages\/1854\/revisions\/7469"}],"up":[{"embeddable":true,"href":"https:\/\/agora.xtec.cat\/instorredemalla\/wp-json\/wp\/v2\/pages\/19"}],"wp:attachment":[{"href":"https:\/\/agora.xtec.cat\/instorredemalla\/wp-json\/wp\/v2\/media?parent=1854"}],"curies":[{"name":"wp","href":"https:\/\/api.w.org\/{rel}","templated":true}]}}