{"id":1834,"date":"2017-07-09T13:35:11","date_gmt":"2017-07-09T11:35:11","guid":{"rendered":"http:\/\/agora.xtec.cat\/instorredemalla\/?page_id=1834"},"modified":"2026-02-18T14:21:47","modified_gmt":"2026-02-18T13:21:47","slug":"calendari-i-horaris-escolars","status":"publish","type":"page","link":"https:\/\/agora.xtec.cat\/instorredemalla\/linstitut\/calendari-i-horaris-escolars\/","title":{"rendered":"Horari i calendari"},"content":{"rendered":"<h2><strong>Horari<\/strong><\/h2>\n<p>El marc horari \u00e9s de <strong>8:00 a 14:30<\/strong>, amb un esbarjo de 30 minuts, d&#8217; 11:00 a 11:30. L&#8217;alumnat de postobligat\u00f2ria pot sortir a l&#8217;hora del pati.<\/p>\n<h2><strong>Calendari 2025-26<\/strong><\/h2>\n<p><a href=\"https:\/\/docs.google.com\/spreadsheets\/d\/1SUIzlquRDT83BZ_TQKMEVKjyjHXiyD6XMV9S6jK5aY0\/edit?usp=sharing\">Calendari escolar 2025-2026<\/a><\/p>\n<p>Per motius aliens al centre i directament relacionats amb decisions preses pel Departament d&#8217;Educaci\u00f3 i Formaci\u00f3 Professional, el calendari escolar pot veure&#8217;s modificat. Entenem que aquests canvis poden generar inconvenients i us agra\u00efm per avan\u00e7at la vostra comprensi\u00f3 i flexibilitat.<\/p>\n<p>Mantindrem informades les fam\u00edlies sobre qualsevol actualitzaci\u00f3 a trav\u00e9s dels nostres canals oficials. Us recomanem que consulteu regularment la nostra web per estar al dia de qualsevol modificaci\u00f3.<\/p>\n<p>Gr\u00e0cies per la vostra comprensi\u00f3 i col\u00b7laboraci\u00f3.<\/p>\n","protected":false},"excerpt":{"rendered":"<p>Horari El marc horari \u00e9s de 8:00 a 14:30, amb un esbarjo de 30 minuts, d&#8217; 11:00 a 11:30. L&#8217;alumnat de postobligat\u00f2ria pot sortir a l&#8217;hora del pati. Calendari 2025-26 Calendari escolar 2025-2026 Per motius aliens al centre i directament relacionats amb decisions preses pel Departament d&#8217;Educaci\u00f3 i Formaci\u00f3 Professional, el calendari escolar pot veure&#8217;s [&hellip;]<\/p>\n","protected":false},"author":6,"featured_media":0,"parent":19,"menu_order":6,"comment_status":"closed","ping_status":"closed","template":"","meta":{"_bbp_topic_count":0,"_bbp_reply_count":0,"_bbp_total_topic_count":0,"_bbp_total_reply_count":0,"_bbp_voice_count":0,"_bbp_anonymous_reply_count":0,"_bbp_topic_count_hidden":0,"_bbp_reply_count_hidden":0,"_bbp_forum_subforum_count":0,"site-sidebar-layout":"default","site-content-layout":"","ast-site-content-layout":"default","site-content-style":"default","site-sidebar-style":"default","ast-global-header-display":"","ast-banner-title-visibility":"","ast-main-header-display":"","ast-hfb-above-header-display":"","ast-hfb-below-header-display":"","ast-hfb-mobile-header-display":"","site-post-title":"","ast-breadcrumbs-content":"","ast-featured-img":"","footer-sml-layout":"","theme-transparent-header-meta":"default","adv-header-id-meta":"","stick-header-meta":"","header-above-stick-meta":"","header-main-stick-meta":"","header-below-stick-meta":"","astra-migrate-meta-layouts":"set","ast-page-background-enabled":"default","ast-page-background-meta":{"desktop":{"background-color":"var(--ast-global-color-4)","background-image":"","background-repeat":"repeat","background-position":"center center","background-size":"auto","background-attachment":"scroll","background-type":"","background-media":"","overlay-type":"","overlay-color":"","overlay-opacity":"","overlay-gradient":""},"tablet":{"background-color":"","background-image":"","background-repeat":"repeat","background-position":"center center","background-size":"auto","background-attachment":"scroll","background-type":"","background-media":"","overlay-type":"","overlay-color":"","overlay-opacity":"","overlay-gradient":""},"mobile":{"background-color":"","background-image":"","background-repeat":"repeat","background-position":"center center","background-size":"auto","background-attachment":"scroll","background-type":"","background-media":"","overlay-type":"","overlay-color":"","overlay-opacity":"","overlay-gradient":""}},"ast-content-background-meta":{"desktop":{"background-color":"var(--ast-global-color-5)","background-image":"","background-repeat":"repeat","background-position":"center center","background-size":"auto","background-attachment":"scroll","background-type":"","background-media":"","overlay-type":"","overlay-color":"","overlay-opacity":"","overlay-gradient":""},"tablet":{"background-color":"var(--ast-global-color-5)","background-image":"","background-repeat":"repeat","background-position":"center center","background-size":"auto","background-attachment":"scroll","background-type":"","background-media":"","overlay-type":"","overlay-color":"","overlay-opacity":"","overlay-gradient":""},"mobile":{"background-color":"var(--ast-global-color-5)","background-image":"","background-repeat":"repeat","background-position":"center center","background-size":"auto","background-attachment":"scroll","background-type":"","background-media":"","overlay-type":"","overlay-color":"","overlay-opacity":"","overlay-gradient":""}},"footnotes":""},"class_list":["post-1834","page","type-page","status-publish","hentry"],"post_mailing_queue_ids":[],"_links":{"self":[{"href":"https:\/\/agora.xtec.cat\/instorredemalla\/wp-json\/wp\/v2\/pages\/1834","targetHints":{"allow":["GET"]}}],"collection":[{"href":"https:\/\/agora.xtec.cat\/instorredemalla\/wp-json\/wp\/v2\/pages"}],"about":[{"href":"https:\/\/agora.xtec.cat\/instorredemalla\/wp-json\/wp\/v2\/types\/page"}],"author":[{"embeddable":true,"href":"https:\/\/agora.xtec.cat\/instorredemalla\/wp-json\/wp\/v2\/users\/6"}],"replies":[{"embeddable":true,"href":"https:\/\/agora.xtec.cat\/instorredemalla\/wp-json\/wp\/v2\/comments?post=1834"}],"version-history":[{"count":9,"href":"https:\/\/agora.xtec.cat\/instorredemalla\/wp-json\/wp\/v2\/pages\/1834\/revisions"}],"predecessor-version":[{"id":17119,"href":"https:\/\/agora.xtec.cat\/instorredemalla\/wp-json\/wp\/v2\/pages\/1834\/revisions\/17119"}],"up":[{"embeddable":true,"href":"https:\/\/agora.xtec.cat\/instorredemalla\/wp-json\/wp\/v2\/pages\/19"}],"wp:attachment":[{"href":"https:\/\/agora.xtec.cat\/instorredemalla\/wp-json\/wp\/v2\/media?parent=1834"}],"curies":[{"name":"wp","href":"https:\/\/api.w.org\/{rel}","templated":true}]}}