{"id":15662,"date":"2025-03-13T08:40:55","date_gmt":"2025-03-13T07:40:55","guid":{"rendered":"https:\/\/agora.xtec.cat\/instorredemalla\/?page_id=15662"},"modified":"2026-05-07T14:24:05","modified_gmt":"2026-05-07T12:24:05","slug":"transparencia-i-acces-a-la-informacio-publica-del-centre","status":"publish","type":"page","link":"https:\/\/agora.xtec.cat\/instorredemalla\/transparencia-i-acces-a-la-informacio-publica-del-centre\/","title":{"rendered":"Transpar\u00e8ncia"},"content":{"rendered":"<h4><strong>Pressupost<\/strong><\/h4>\n<ul>\n<li><a href=\"https:\/\/drive.google.com\/file\/d\/1xaPkFgUr6TvmKy4ZYDeBctgDZUxlXoNL\/view?usp=sharing\">Document Pressupost 2026<\/a><\/li>\n<\/ul>\n<h4><strong>Fitxes i traject\u00f2ria professional dels \u00f2rgans de govern<\/strong><\/h4>\n<ul>\n<li><a href=\"https:\/\/docs.google.com\/document\/d\/1Vv1vGiC_IyONhri4s4Ea8wrgi1oMC_rA\/edit?usp=sharing&amp;ouid=105234963023227589190&amp;rtpof=true&amp;sd=true\">Document traject\u00f2ria professional dels \u00f2rgans de gover<\/a><\/li>\n<\/ul>\n<h4><strong>Acords vigents del consell escolar del curs 25-26<\/strong><\/h4>\n<ul style=\"list-style-type: square;\">\n<li>Aprovaci\u00f3 de la Mem\u00f2ria anual (MA) del curs 24-25. (11\/11\/25)<\/li>\n<li>Aprovaci\u00f3 de la Programaci\u00f3 General Anual (PGA) del curs 25-26. (11\/11\/25)<\/li>\n<li>Aprovaci\u00f3 de les sortides de curs 25-26. (10\/09\/25)<\/li>\n<li>Aprovaci\u00f3 de la liquidaci\u00f3 del 2024. (25\/02\/25)<\/li>\n<li>Aprovaci\u00f3 del pressupost del 2025 (25\/02\/25)<\/li>\n<\/ul>\n<h4><strong>Relaci\u00f3 de convenis vigents<\/strong><\/h4>\n<ul style=\"list-style-type: square;\">\n<li>Conveni entre l&#8217;institut Torre de Malla i l&#8217;ajuntament de Parets per a la cessi\u00f3 de les instal\u00b7lacions esportives fora de l&#8217;horari lectiu.<\/li>\n<li>Conveni entre l&#8217;institut Torre de Malla i l&#8217;ajuntament de Parets per a la cessi\u00f3 d&#8217;aules durant horari de tarda per a la realitzaci\u00f3 de diversos cursos com ara el de catal\u00e0 per a adults o els de l&#8217;SLOP.<\/li>\n<li>Conveni entre l&#8217;institut Torre de Malla i les escoles de prim\u00e0ria Pau Vila, Pompeu Fabra i Vila Parietes per a qu\u00e8 el nostre alumnat de 4t faci suport docent com a part del servei comunitari.<\/li>\n<li>Conveni entre l&#8217;institut Torre de Malla i el centre de formaci\u00f3 d&#8217;adults de Parets per a qu\u00e8 el nostre alumnat de 4t faci alfabetitzaci\u00f3 digital a adults com a part del servei comunitari.<\/li>\n<\/ul>\n","protected":false},"excerpt":{"rendered":"<p>Pressupost Document Pressupost 2026 Fitxes i traject\u00f2ria professional dels \u00f2rgans de govern Document traject\u00f2ria professional dels \u00f2rgans de gover Acords vigents del consell escolar del curs 25-26 Aprovaci\u00f3 de la Mem\u00f2ria anual (MA) del curs 24-25. (11\/11\/25) Aprovaci\u00f3 de la Programaci\u00f3 General Anual (PGA) del curs 25-26. (11\/11\/25) Aprovaci\u00f3 de les sortides de curs 25-26. [&hellip;]<\/p>\n","protected":false},"author":130,"featured_media":0,"parent":0,"menu_order":0,"comment_status":"closed","ping_status":"closed","template":"","meta":{"_bbp_topic_count":0,"_bbp_reply_count":0,"_bbp_total_topic_count":0,"_bbp_total_reply_count":0,"_bbp_voice_count":0,"_bbp_anonymous_reply_count":0,"_bbp_topic_count_hidden":0,"_bbp_reply_count_hidden":0,"_bbp_forum_subforum_count":0,"site-sidebar-layout":"default","site-content-layout":"","ast-site-content-layout":"default","site-content-style":"default","site-sidebar-style":"default","ast-global-header-display":"","ast-banner-title-visibility":"","ast-main-header-display":"","ast-hfb-above-header-display":"","ast-hfb-below-header-display":"","ast-hfb-mobile-header-display":"","site-post-title":"","ast-breadcrumbs-content":"","ast-featured-img":"","footer-sml-layout":"","theme-transparent-header-meta":"default","adv-header-id-meta":"","stick-header-meta":"","header-above-stick-meta":"","header-main-stick-meta":"","header-below-stick-meta":"","astra-migrate-meta-layouts":"set","ast-page-background-enabled":"default","ast-page-background-meta":{"desktop":{"background-color":"var(--ast-global-color-4)","background-image":"","background-repeat":"repeat","background-position":"center center","background-size":"auto","background-attachment":"scroll","background-type":"","background-media":"","overlay-type":"","overlay-color":"","overlay-opacity":"","overlay-gradient":""},"tablet":{"background-color":"","background-image":"","background-repeat":"repeat","background-position":"center center","background-size":"auto","background-attachment":"scroll","background-type":"","background-media":"","overlay-type":"","overlay-color":"","overlay-opacity":"","overlay-gradient":""},"mobile":{"background-color":"","background-image":"","background-repeat":"repeat","background-position":"center center","background-size":"auto","background-attachment":"scroll","background-type":"","background-media":"","overlay-type":"","overlay-color":"","overlay-opacity":"","overlay-gradient":""}},"ast-content-background-meta":{"desktop":{"background-color":"var(--ast-global-color-5)","background-image":"","background-repeat":"repeat","background-position":"center center","background-size":"auto","background-attachment":"scroll","background-type":"","background-media":"","overlay-type":"","overlay-color":"","overlay-opacity":"","overlay-gradient":""},"tablet":{"background-color":"var(--ast-global-color-5)","background-image":"","background-repeat":"repeat","background-position":"center center","background-size":"auto","background-attachment":"scroll","background-type":"","background-media":"","overlay-type":"","overlay-color":"","overlay-opacity":"","overlay-gradient":""},"mobile":{"background-color":"var(--ast-global-color-5)","background-image":"","background-repeat":"repeat","background-position":"center center","background-size":"auto","background-attachment":"scroll","background-type":"","background-media":"","overlay-type":"","overlay-color":"","overlay-opacity":"","overlay-gradient":""}},"footnotes":""},"class_list":["post-15662","page","type-page","status-publish","hentry"],"post_mailing_queue_ids":[],"_links":{"self":[{"href":"https:\/\/agora.xtec.cat\/instorredemalla\/wp-json\/wp\/v2\/pages\/15662","targetHints":{"allow":["GET"]}}],"collection":[{"href":"https:\/\/agora.xtec.cat\/instorredemalla\/wp-json\/wp\/v2\/pages"}],"about":[{"href":"https:\/\/agora.xtec.cat\/instorredemalla\/wp-json\/wp\/v2\/types\/page"}],"author":[{"embeddable":true,"href":"https:\/\/agora.xtec.cat\/instorredemalla\/wp-json\/wp\/v2\/users\/130"}],"replies":[{"embeddable":true,"href":"https:\/\/agora.xtec.cat\/instorredemalla\/wp-json\/wp\/v2\/comments?post=15662"}],"version-history":[{"count":6,"href":"https:\/\/agora.xtec.cat\/instorredemalla\/wp-json\/wp\/v2\/pages\/15662\/revisions"}],"predecessor-version":[{"id":17729,"href":"https:\/\/agora.xtec.cat\/instorredemalla\/wp-json\/wp\/v2\/pages\/15662\/revisions\/17729"}],"wp:attachment":[{"href":"https:\/\/agora.xtec.cat\/instorredemalla\/wp-json\/wp\/v2\/media?parent=15662"}],"curies":[{"name":"wp","href":"https:\/\/api.w.org\/{rel}","templated":true}]}}