{"id":15655,"date":"2025-03-10T14:25:35","date_gmt":"2025-03-10T13:25:35","guid":{"rendered":"https:\/\/agora.xtec.cat\/instorredemalla\/?page_id=15655"},"modified":"2026-02-03T09:50:09","modified_gmt":"2026-02-03T08:50:09","slug":"erasmus","status":"publish","type":"page","link":"https:\/\/agora.xtec.cat\/instorredemalla\/erasmus\/","title":{"rendered":"Erasmus+"},"content":{"rendered":"<p style=\"text-align: center;\"><a href=\"https:\/\/agora.xtec.cat\/instorredemalla\/wp-content\/uploads\/usu377\/2025\/09\/Encapcalament-documents-oficials-centre_Erasmus.jpg\"><br \/>\n<img loading=\"lazy\" decoding=\"async\" class=\"aligncenter  wp-image-16512\" src=\"https:\/\/agora.xtec.cat\/instorredemalla\/wp-content\/uploads\/usu377\/2025\/09\/Encapcalament-documents-oficials-centre_Erasmus-1024x256.jpg\" alt=\"\" width=\"1408\" height=\"352\" srcset=\"https:\/\/agora.xtec.cat\/instorredemalla\/wp-content\/uploads\/usu377\/2025\/09\/Encapcalament-documents-oficials-centre_Erasmus-1024x256.jpg 1024w, https:\/\/agora.xtec.cat\/instorredemalla\/wp-content\/uploads\/usu377\/2025\/09\/Encapcalament-documents-oficials-centre_Erasmus-300x75.jpg 300w, https:\/\/agora.xtec.cat\/instorredemalla\/wp-content\/uploads\/usu377\/2025\/09\/Encapcalament-documents-oficials-centre_Erasmus-768x192.jpg 768w, https:\/\/agora.xtec.cat\/instorredemalla\/wp-content\/uploads\/usu377\/2025\/09\/Encapcalament-documents-oficials-centre_Erasmus-1536x384.jpg 1536w, https:\/\/agora.xtec.cat\/instorredemalla\/wp-content\/uploads\/usu377\/2025\/09\/Encapcalament-documents-oficials-centre_Erasmus.jpg 1920w\" sizes=\"auto, (max-width: 1408px) 100vw, 1408px\" \/><\/a><\/p>\n<p style=\"text-align: center;\"><strong>Si tens qualsevol dubte o suggeriment relacionat amb el Programa de Mobilitat FP, contacta a trav\u00e9s de la seg\u00fcent adre\u00e7a electr\u00f2nica:<\/strong><\/p>\n<p style=\"text-align: center;\"><img loading=\"lazy\" decoding=\"async\" class=\"aligncenter wp-image-16702\" src=\"https:\/\/agora.xtec.cat\/instorredemalla\/wp-content\/uploads\/usu377\/2025\/11\/Captura-de-pantalla-2025-11-13-095955.png\" alt=\"\" width=\"89\" height=\"81\" srcset=\"https:\/\/agora.xtec.cat\/instorredemalla\/wp-content\/uploads\/usu377\/2025\/11\/Captura-de-pantalla-2025-11-13-095955.png 390w, https:\/\/agora.xtec.cat\/instorredemalla\/wp-content\/uploads\/usu377\/2025\/11\/Captura-de-pantalla-2025-11-13-095955-300x275.png 300w\" sizes=\"auto, (max-width: 89px) 100vw, 89px\" \/><em><strong><a href=\"mobilitatfp@instorredemalla.cat\">mobilitatfp@instorredemalla.cat<\/a><\/strong><\/em><\/p>\n<p>&nbsp;<\/p>\n<p><span style=\"text-decoration: underline;\"><strong>DOCUMENTS DE CENTRE:<\/strong><\/span><\/p>\n<ul style=\"list-style-type: square;\">\n<li><a href=\"https:\/\/agora.xtec.cat\/instorredemalla\/wp-content\/uploads\/usu377\/2025\/09\/ERASMUS-POLICY-STATEMENT-2022-2029-INS-TORRE-DE-MALLA_compressed.pdf\">ERASMUS POLICY STATEMENT 2022-2029 INS TORRE DE MALLA<\/a><\/li>\n<li><a href=\"https:\/\/agora.xtec.cat\/instorredemalla\/wp-content\/uploads\/usu377\/2025\/09\/PARTNER-IDENTIFICATION-FORM-PIF-INS-TORRE-DE-MALLA_compressed.pdf\">PARTNER IDENTIFICATION FORM (PIF) &#8211; INS TORRE DE MALLA<\/a><\/li>\n<li><a href=\"https:\/\/agora.xtec.cat\/instorredemalla\/wp-content\/uploads\/usu377\/2025\/10\/Carta_ECHE_HE_2021-2027_English_signada.pdf\">CARTA ECHE EDUCACI\u00d3 SUPERIOR (KA130-HED) &#8211; EN<\/a><\/li>\n<li><a href=\"https:\/\/agora.xtec.cat\/instorredemalla\/wp-content\/uploads\/usu377\/2025\/10\/Carta_ECHE_HE_2021-2027_Castella_signada.pdf\">CARTA ECHE EDUCACI\u00d3 SUPERIOR &#8211; ES<\/a><\/li>\n<\/ul>\n<p><span style=\"text-decoration: underline;\"><strong>CONVOCAT\u00d2RIES ANTERIORS:<\/strong><\/span><\/p>\n<ul style=\"list-style-type: square;\">\n<li><a style=\"font-family: inherit; font-size: 1em;\" href=\"https:\/\/agora.xtec.cat\/instorredemalla\/wp-content\/uploads\/usu377\/2025\/10\/LLISTA-PROVISIONAL-CANDIDATS-SELECCIONATS-MOBILITAT-FP-CURS-2023-2024-CFGM.pdf\">LLISTA PROVISIONAL CANDIDATS SELECCIONATS MOBILITAT FP CURS 2023-2024 CFGM<\/a><\/li>\n<li><a href=\"https:\/\/agora.xtec.cat\/instorredemalla\/wp-content\/uploads\/usu377\/2025\/09\/LLISTA-DEFINITIVA-CANDIDATS-SELECCIONATS-MOBILITAT-FP-CURS-2023-2024-CFGM.pdf\">LLISTA DEFINITIVA CANDIDATS SELECCIONATS MOBILITAT FP CURS 2023-2024 CFGM<\/a><\/li>\n<li><a href=\"https:\/\/agora.xtec.cat\/instorredemalla\/wp-content\/uploads\/usu377\/2025\/10\/LLISTA-PROVISIONAL-CANDIDATS-SELECCIONATS-MOBILITAT-FP-CURS-2024-2025-CFGM.pdf\">LLISTA PROVISIONAL CANDIDATS SELECCIONATS MOBILITAT FP CURS 2024-2025 CFGM<\/a><\/li>\n<li><a href=\"https:\/\/agora.xtec.cat\/instorredemalla\/wp-content\/uploads\/usu377\/2025\/09\/LLISTA-DEFINITIVA-CANDIDATS-SELECCIONATS-MOBILITAT-FP-CURS-2024-2025-CFGM.pdf\">LLISTA DEFINITIVA CANDIDATS SELECCIONATS MOBILITAT FP CURS 2024-2025 CFGM<\/a><\/li>\n<\/ul>\n<p><span style=\"text-decoration: underline;\"><strong>CONVOCAT\u00d2RIA 2025-2026:\u00a0<\/strong><\/span><\/p>\n<p><a href=\"https:\/\/agora.xtec.cat\/instorredemalla\/wp-content\/uploads\/usu377\/2025\/10\/Convocatoria-Erasmus-2025-2026-alumnat-1.pdf\">CONVOCAT\u00d2RIA MOBILITAT FP (ERASMUS+) 2025-2026<\/a><\/p>\n<p><a href=\"https:\/\/agora.xtec.cat\/instorredemalla\/wp-content\/uploads\/usu377\/2026\/02\/LLISTA-PROVISIONAL-CANDIDATS-SELECCIONATS-MOBILITAT-FP-CURS-2025-2026-CFGS.pdf\">LLISTA PROVISIONAL CANDIDATS SELECCIONATS MOBILITAT FP CURS 2025-2026 CFGS<\/a><\/p>\n<p><a href=\"https:\/\/agora.xtec.cat\/instorredemalla\/wp-content\/uploads\/usu377\/2026\/02\/LLISTA-PROVISIONAL-CANDIDATS-SELECCIONATS-MOBILITAT-FP-CURS-2025-2026-CFGM-1.pdf\">LLISTA PROVISIONAL CANDIDATS SELECCIONATS MOBILITAT FP CURS 2025-2026 CFGM<\/a><\/p>\n<hr \/>\n<h4 style=\"text-align: center;\"><span style=\"text-decoration: underline;\"><strong>MOBILITATS CFGM (VET) 2023-2024 A PORTUGAL<\/strong><\/span><a href=\"https:\/\/agora.xtec.cat\/instorredemalla\/wp-content\/uploads\/usu377\/2025\/09\/Erasmus-2023-2024.png\"><img loading=\"lazy\" decoding=\"async\" class=\"aligncenter size-large wp-image-16515\" src=\"https:\/\/agora.xtec.cat\/instorredemalla\/wp-content\/uploads\/usu377\/2025\/09\/Erasmus-2023-2024-1024x724.png\" alt=\"\" width=\"1024\" height=\"724\" srcset=\"https:\/\/agora.xtec.cat\/instorredemalla\/wp-content\/uploads\/usu377\/2025\/09\/Erasmus-2023-2024-1024x724.png 1024w, https:\/\/agora.xtec.cat\/instorredemalla\/wp-content\/uploads\/usu377\/2025\/09\/Erasmus-2023-2024-300x212.png 300w, https:\/\/agora.xtec.cat\/instorredemalla\/wp-content\/uploads\/usu377\/2025\/09\/Erasmus-2023-2024-768x543.png 768w, https:\/\/agora.xtec.cat\/instorredemalla\/wp-content\/uploads\/usu377\/2025\/09\/Erasmus-2023-2024-1536x1086.png 1536w, https:\/\/agora.xtec.cat\/instorredemalla\/wp-content\/uploads\/usu377\/2025\/09\/Erasmus-2023-2024.png 2000w\" sizes=\"auto, (max-width: 1024px) 100vw, 1024px\" \/><\/a><span style=\"text-decoration: underline;\"><strong>MOBILITATS CFGM (VET) 2024-2025 A REP\u00daBLICA TXECA I IT\u00c0LIA<\/strong><\/span><\/h4>\n<p><a href=\"https:\/\/agora.xtec.cat\/instorredemalla\/wp-content\/uploads\/usu377\/2025\/09\/Erasmus-2024-2025.png\"><img loading=\"lazy\" decoding=\"async\" class=\"aligncenter size-large wp-image-16514\" src=\"https:\/\/agora.xtec.cat\/instorredemalla\/wp-content\/uploads\/usu377\/2025\/09\/Erasmus-2024-2025-1024x819.png\" alt=\"\" width=\"1024\" height=\"819\" srcset=\"https:\/\/agora.xtec.cat\/instorredemalla\/wp-content\/uploads\/usu377\/2025\/09\/Erasmus-2024-2025-1024x819.png 1024w, https:\/\/agora.xtec.cat\/instorredemalla\/wp-content\/uploads\/usu377\/2025\/09\/Erasmus-2024-2025-300x240.png 300w, https:\/\/agora.xtec.cat\/instorredemalla\/wp-content\/uploads\/usu377\/2025\/09\/Erasmus-2024-2025-768x614.png 768w, https:\/\/agora.xtec.cat\/instorredemalla\/wp-content\/uploads\/usu377\/2025\/09\/Erasmus-2024-2025-1536x1229.png 1536w, https:\/\/agora.xtec.cat\/instorredemalla\/wp-content\/uploads\/usu377\/2025\/09\/Erasmus-2024-2025.png 2000w\" sizes=\"auto, (max-width: 1024px) 100vw, 1024px\" \/><\/a><\/p>\n<h4 style=\"text-align: center;\"><span style=\"text-decoration: underline;\"><strong>ACOLLIDA ALUMNAT IVREA (IT\u00c0LIA) 2024-2025<\/strong><\/span><\/h4>\n\r\n\t<div class=\"slideshow_container slideshow_container_style-light\" style=\"height: 500px; \" data-slideshow-id=\"15866\" data-style-name=\"style-light\" data-style-version=\"2.3.1\" >\r\n\r\n\t\t\t\t\t<div class=\"slideshow_loading_icon\"><\/div>\r\n\t\t\r\n\t\t<div class=\"slideshow_content\" style=\"display: none;\">\r\n\r\n\t\t\t<div class=\"slideshow_view\">\r\n\t\t\t\t<div class=\"slideshow_slide slideshow_slide_image\">\r\n\t\t\t\t\t\t\t\t\t\t\t<img src=\"https:\/\/agora.xtec.cat\/instorredemalla\/wp-content\/uploads\/usu377\/2025\/04\/1.jpg\" alt=\"1\" width=\"1920\" height=\"1080\" \/>\r\n\t\t\t\t\t\t\t\t\t\t<div class=\"slideshow_description_box slideshow_transparent\">\r\n\t\t\t\t\t\t<div class=\"slideshow_title\">1<\/div>\t\t\t\t\t\t\t\t\t\t\t<\/div>\r\n\t\t\t\t<\/div>\r\n\r\n\t\t\t\t\t\t<div style=\"clear: both;\"><\/div><\/div><div class=\"slideshow_view\">\r\n\t\t\t\t<div class=\"slideshow_slide slideshow_slide_image\">\r\n\t\t\t\t\t\t\t\t\t\t\t<img src=\"https:\/\/agora.xtec.cat\/instorredemalla\/wp-content\/uploads\/usu377\/2025\/04\/2.jpg\" alt=\"2\" width=\"1920\" height=\"1080\" \/>\r\n\t\t\t\t\t\t\t\t\t\t<div class=\"slideshow_description_box slideshow_transparent\">\r\n\t\t\t\t\t\t<div class=\"slideshow_title\">2<\/div>\t\t\t\t\t\t\t\t\t\t\t<\/div>\r\n\t\t\t\t<\/div>\r\n\r\n\t\t\t\t\t\t<div style=\"clear: both;\"><\/div><\/div><div class=\"slideshow_view\">\r\n\t\t\t\t<div class=\"slideshow_slide slideshow_slide_image\">\r\n\t\t\t\t\t\t\t\t\t\t\t<img src=\"https:\/\/agora.xtec.cat\/instorredemalla\/wp-content\/uploads\/usu377\/2025\/04\/3.jpg\" alt=\"3\" width=\"1920\" height=\"1080\" \/>\r\n\t\t\t\t\t\t\t\t\t\t<div class=\"slideshow_description_box slideshow_transparent\">\r\n\t\t\t\t\t\t<div class=\"slideshow_title\">3<\/div>\t\t\t\t\t\t\t\t\t\t\t<\/div>\r\n\t\t\t\t<\/div>\r\n\r\n\t\t\t\t\t\t<div style=\"clear: both;\"><\/div><\/div><div class=\"slideshow_view\">\r\n\t\t\t\t<div class=\"slideshow_slide slideshow_slide_image\">\r\n\t\t\t\t\t\t\t\t\t\t\t<img src=\"https:\/\/agora.xtec.cat\/instorredemalla\/wp-content\/uploads\/usu377\/2025\/04\/4.jpg\" alt=\"4\" width=\"1920\" height=\"1080\" \/>\r\n\t\t\t\t\t\t\t\t\t\t<div class=\"slideshow_description_box slideshow_transparent\">\r\n\t\t\t\t\t\t<div class=\"slideshow_title\">4<\/div>\t\t\t\t\t\t\t\t\t\t\t<\/div>\r\n\t\t\t\t<\/div>\r\n\r\n\t\t\t\t\t\t<div style=\"clear: both;\"><\/div><\/div><div class=\"slideshow_view\">\r\n\t\t\t\t<div class=\"slideshow_slide slideshow_slide_image\">\r\n\t\t\t\t\t\t\t\t\t\t\t<img src=\"https:\/\/agora.xtec.cat\/instorredemalla\/wp-content\/uploads\/usu377\/2025\/04\/5.jpg\" alt=\"5\" width=\"1920\" height=\"1080\" \/>\r\n\t\t\t\t\t\t\t\t\t\t<div class=\"slideshow_description_box slideshow_transparent\">\r\n\t\t\t\t\t\t<div class=\"slideshow_title\">5<\/div>\t\t\t\t\t\t\t\t\t\t\t<\/div>\r\n\t\t\t\t<\/div>\r\n\r\n\t\t\t\t\t\t<div style=\"clear: both;\"><\/div><\/div>\r\n\t\t<\/div>\r\n\r\n\t\t<div class=\"slideshow_controlPanel slideshow_transparent\" style=\"display: none;\"><ul><li class=\"slideshow_togglePlay\" data-play-text=\"Visualitza\" data-pause-text=\"Pausa\"><\/li><\/ul><\/div>\r\n\r\n\t\t<div class=\"slideshow_button slideshow_previous slideshow_transparent\" role=\"button\" data-previous-text=\"Anterior\" style=\"display: none;\"><\/div>\r\n\t\t<div class=\"slideshow_button slideshow_next slideshow_transparent\" role=\"button\" data-next-text=\"Seg\u00fcent\" style=\"display: none;\"><\/div>\r\n\r\n\t\t<div class=\"slideshow_pagination\" style=\"display: none;\" data-go-to-text=\"V\u00e9s a la diapositiva\"><div class=\"slideshow_pagination_center\"><\/div><\/div>\r\n\r\n\t\t<!-- WordPress Slideshow Version 2.3.1 -->\r\n\r\n\t\t\t<\/div>\r\n\r\n\n<p style=\"text-align: center;\"><a href=\"https:\/\/agora.xtec.cat\/instorredemalla\/wp-content\/uploads\/usu377\/2025\/10\/SEPIE_erasmus_plus.gif\"><img loading=\"lazy\" decoding=\"async\" class=\"aligncenter wp-image-16598\" src=\"https:\/\/agora.xtec.cat\/instorredemalla\/wp-content\/uploads\/usu377\/2025\/10\/SEPIE_erasmus_plus.gif\" alt=\"\" width=\"289\" height=\"107\" \/><\/a><a tabindex=\"-1\" href=\"http:\/\/sepie.es\/\" target=\"_blank\" rel=\"noopener\">sepie.es<\/a><\/p>\n","protected":false},"excerpt":{"rendered":"<p>Si tens qualsevol dubte o suggeriment relacionat amb el Programa de Mobilitat FP, contacta a trav\u00e9s de la seg\u00fcent adre\u00e7a electr\u00f2nica: mobilitatfp@instorredemalla.cat &nbsp; DOCUMENTS DE CENTRE: ERASMUS POLICY STATEMENT 2022-2029 INS TORRE DE MALLA PARTNER IDENTIFICATION FORM (PIF) &#8211; INS TORRE DE MALLA CARTA ECHE EDUCACI\u00d3 SUPERIOR (KA130-HED) &#8211; EN CARTA ECHE EDUCACI\u00d3 SUPERIOR &#8211; [&hellip;]<\/p>\n","protected":false},"author":130,"featured_media":0,"parent":0,"menu_order":0,"comment_status":"closed","ping_status":"closed","template":"","meta":{"_bbp_topic_count":0,"_bbp_reply_count":0,"_bbp_total_topic_count":0,"_bbp_total_reply_count":0,"_bbp_voice_count":0,"_bbp_anonymous_reply_count":0,"_bbp_topic_count_hidden":0,"_bbp_reply_count_hidden":0,"_bbp_forum_subforum_count":0,"site-sidebar-layout":"default","site-content-layout":"","ast-site-content-layout":"default","site-content-style":"default","site-sidebar-style":"default","ast-global-header-display":"","ast-banner-title-visibility":"","ast-main-header-display":"","ast-hfb-above-header-display":"","ast-hfb-below-header-display":"","ast-hfb-mobile-header-display":"","site-post-title":"","ast-breadcrumbs-content":"","ast-featured-img":"","footer-sml-layout":"","theme-transparent-header-meta":"default","adv-header-id-meta":"","stick-header-meta":"","header-above-stick-meta":"","header-main-stick-meta":"","header-below-stick-meta":"","astra-migrate-meta-layouts":"set","ast-page-background-enabled":"default","ast-page-background-meta":{"desktop":{"background-color":"var(--ast-global-color-4)","background-image":"","background-repeat":"repeat","background-position":"center center","background-size":"auto","background-attachment":"scroll","background-type":"","background-media":"","overlay-type":"","overlay-color":"","overlay-opacity":"","overlay-gradient":""},"tablet":{"background-color":"","background-image":"","background-repeat":"repeat","background-position":"center center","background-size":"auto","background-attachment":"scroll","background-type":"","background-media":"","overlay-type":"","overlay-color":"","overlay-opacity":"","overlay-gradient":""},"mobile":{"background-color":"","background-image":"","background-repeat":"repeat","background-position":"center center","background-size":"auto","background-attachment":"scroll","background-type":"","background-media":"","overlay-type":"","overlay-color":"","overlay-opacity":"","overlay-gradient":""}},"ast-content-background-meta":{"desktop":{"background-color":"var(--ast-global-color-5)","background-image":"","background-repeat":"repeat","background-position":"center center","background-size":"auto","background-attachment":"scroll","background-type":"","background-media":"","overlay-type":"","overlay-color":"","overlay-opacity":"","overlay-gradient":""},"tablet":{"background-color":"var(--ast-global-color-5)","background-image":"","background-repeat":"repeat","background-position":"center center","background-size":"auto","background-attachment":"scroll","background-type":"","background-media":"","overlay-type":"","overlay-color":"","overlay-opacity":"","overlay-gradient":""},"mobile":{"background-color":"var(--ast-global-color-5)","background-image":"","background-repeat":"repeat","background-position":"center center","background-size":"auto","background-attachment":"scroll","background-type":"","background-media":"","overlay-type":"","overlay-color":"","overlay-opacity":"","overlay-gradient":""}},"footnotes":""},"class_list":["post-15655","page","type-page","status-publish","hentry"],"post_mailing_queue_ids":[],"_links":{"self":[{"href":"https:\/\/agora.xtec.cat\/instorredemalla\/wp-json\/wp\/v2\/pages\/15655","targetHints":{"allow":["GET"]}}],"collection":[{"href":"https:\/\/agora.xtec.cat\/instorredemalla\/wp-json\/wp\/v2\/pages"}],"about":[{"href":"https:\/\/agora.xtec.cat\/instorredemalla\/wp-json\/wp\/v2\/types\/page"}],"author":[{"embeddable":true,"href":"https:\/\/agora.xtec.cat\/instorredemalla\/wp-json\/wp\/v2\/users\/130"}],"replies":[{"embeddable":true,"href":"https:\/\/agora.xtec.cat\/instorredemalla\/wp-json\/wp\/v2\/comments?post=15655"}],"version-history":[{"count":6,"href":"https:\/\/agora.xtec.cat\/instorredemalla\/wp-json\/wp\/v2\/pages\/15655\/revisions"}],"predecessor-version":[{"id":17025,"href":"https:\/\/agora.xtec.cat\/instorredemalla\/wp-json\/wp\/v2\/pages\/15655\/revisions\/17025"}],"wp:attachment":[{"href":"https:\/\/agora.xtec.cat\/instorredemalla\/wp-json\/wp\/v2\/media?parent=15655"}],"curies":[{"name":"wp","href":"https:\/\/api.w.org\/{rel}","templated":true}]}}