{"id":769,"date":"2018-04-09T11:54:38","date_gmt":"2018-04-09T09:54:38","guid":{"rendered":"http:\/\/agora.xtec.cat\/instorrasibages\/?page_id=769"},"modified":"2024-03-07T09:41:36","modified_gmt":"2024-03-07T08:41:36","slug":"batxibac","status":"publish","type":"page","link":"https:\/\/agora.xtec.cat\/instorrasibages\/estudis-activitats\/batxibac\/","title":{"rendered":"Batxibac"},"content":{"rendered":"<div class=\"flex_column av_one_full av-animated-generic bottom-to-top flex_column_div av-zero-column-padding first avia-builder-el-5 el_after_av_one_full el_before_av_hr column-top-margin avia_start_animation avia_start_delayed_animation\">\n<section class=\"av_textblock_section \">\n<div class=\"avia_textblock \">\n<p>Un dels trets distintius de l&#8217;Institut Torras i Bages \u00e9s l&#8217;oferta de <strong>Batxibac<\/strong>: la possibilitat d&#8217;obtenir la doble titulaci\u00f3 en Batxillerat i Baccalaur\u00e9at, el batxillerat franc\u00e8s. Aquesta doble titulaci\u00f3 neix dels acords dels governs franc\u00e8s i espanyol, signat a Par\u00eds el 2008, per tal que l&#8217;alumnat que completi aquest curr\u00edculum mixt pugui accedir als estudis superiors i a la formaci\u00f3 i activitat professional, tant a Espanya com a qualsevol pa\u00eds fr\u00e0nc\u00f2fon.<\/p>\n<p>Aquests estudis consisteixen en un curr\u00edculum mixt i est\u00e0 integrat pels continguts propis del batxillerat i pels continguts essencials per al coneixement de la llengua i la literatura francesa, a m\u00e9s de la realitat hist\u00f2rica, social, cultural i pol\u00edtica de Fran\u00e7a.<\/p>\n<p>Els estudiants cursaran les mat\u00e8ries pr\u00f2pies de la modalitat triada i un ter\u00e7 de l&#8217;horari lectiu en llengua francesa. A m\u00e9s, hauran de realitzar una prova externa per dues mat\u00e8ries obligat\u00f2ries (Llengua francesa i Hist\u00f2ria de Fran\u00e7a). En acabar l&#8217;etapa, l&#8217;alumnat podr\u00e0 acreditar aut\u00f2maticament el nivell B2 en llengua francesa (Marc com\u00fa europeu de refer\u00e8ncia per a les lleng\u00fces).<\/p>\n<p><a href=\"https:\/\/drive.google.com\/file\/d\/13nV8z8jXIElp7GY7Ty6vGE_NsSzWeelv\/view?usp=share_link\"><img loading=\"lazy\" decoding=\"async\" class=\"aligncenter wp-image-4082 size-large\" src=\"https:\/\/agora.xtec.cat\/instorrasibages\/wp-content\/uploads\/usu1556\/2023\/03\/Presentacio_-Batxibac-23-24_page-0001-1024x576.jpg\" alt=\"\" width=\"1024\" height=\"576\" srcset=\"https:\/\/agora.xtec.cat\/instorrasibages\/wp-content\/uploads\/usu1556\/2023\/03\/Presentacio_-Batxibac-23-24_page-0001-1024x576.jpg 1024w, https:\/\/agora.xtec.cat\/instorrasibages\/wp-content\/uploads\/usu1556\/2023\/03\/Presentacio_-Batxibac-23-24_page-0001-300x169.jpg 300w, https:\/\/agora.xtec.cat\/instorrasibages\/wp-content\/uploads\/usu1556\/2023\/03\/Presentacio_-Batxibac-23-24_page-0001-768x432.jpg 768w, https:\/\/agora.xtec.cat\/instorrasibages\/wp-content\/uploads\/usu1556\/2023\/03\/Presentacio_-Batxibac-23-24_page-0001-1536x864.jpg 1536w, https:\/\/agora.xtec.cat\/instorrasibages\/wp-content\/uploads\/usu1556\/2023\/03\/Presentacio_-Batxibac-23-24_page-0001-2048x1152.jpg 2048w\" sizes=\"auto, (max-width: 1024px) 100vw, 1024px\" \/><\/a><\/p>\n<p>&nbsp;<\/p>\n<\/div>\n<\/section>\n<\/div>\n<p><a href=\"http:\/\/xtec.gencat.cat\/ca\/curriculum\/batxillerat\/baccalaureat\">http:\/\/xtec.gencat.cat\/ca\/curriculum\/batxillerat\/baccalaureat<\/a><\/p>\n<p><a href=\"http:\/\/xtec.gencat.cat\/ca\/projectes\/batxibac\/index.html\">http:\/\/xtec.gencat.cat\/ca\/projectes\/batxibac\/index.html<\/a><\/p>\n<p>&nbsp;<\/p>\n","protected":false},"excerpt":{"rendered":"<p>Un dels trets distintius de l&#8217;Institut Torras i Bages \u00e9s l&#8217;oferta de Batxibac: la possibilitat d&#8217;obtenir la doble titulaci\u00f3 en Batxillerat i Baccalaur\u00e9at, el batxillerat franc\u00e8s. Aquesta doble titulaci\u00f3 neix dels acords dels governs franc\u00e8s i espanyol, signat a Par\u00eds el 2008, per tal que l&#8217;alumnat que completi aquest curr\u00edculum mixt pugui accedir als estudis [&hellip;]<\/p>\n","protected":false},"author":1,"featured_media":0,"parent":3024,"menu_order":3,"comment_status":"closed","ping_status":"closed","template":"page-templates\/side-menu.php","meta":{"_bbp_topic_count":0,"_bbp_reply_count":0,"_bbp_total_topic_count":0,"_bbp_total_reply_count":0,"_bbp_voice_count":0,"_bbp_anonymous_reply_count":0,"_bbp_topic_count_hidden":0,"_bbp_reply_count_hidden":0,"_bbp_forum_subforum_count":0,"site-sidebar-layout":"default","site-content-layout":"","ast-site-content-layout":"","site-content-style":"default","site-sidebar-style":"default","ast-global-header-display":"","ast-banner-title-visibility":"","ast-main-header-display":"","ast-hfb-above-header-display":"","ast-hfb-below-header-display":"","ast-hfb-mobile-header-display":"","site-post-title":"","ast-breadcrumbs-content":"","ast-featured-img":"","footer-sml-layout":"","theme-transparent-header-meta":"","adv-header-id-meta":"","stick-header-meta":"","header-above-stick-meta":"","header-main-stick-meta":"","header-below-stick-meta":"","astra-migrate-meta-layouts":"default","ast-page-background-enabled":"default","ast-page-background-meta":{"desktop":{"background-color":"var(--ast-global-color-4)","background-image":"","background-repeat":"repeat","background-position":"center center","background-size":"auto","background-attachment":"scroll","background-type":"","background-media":"","overlay-type":"","overlay-color":"","overlay-opacity":"","overlay-gradient":""},"tablet":{"background-color":"","background-image":"","background-repeat":"repeat","background-position":"center center","background-size":"auto","background-attachment":"scroll","background-type":"","background-media":"","overlay-type":"","overlay-color":"","overlay-opacity":"","overlay-gradient":""},"mobile":{"background-color":"","background-image":"","background-repeat":"repeat","background-position":"center center","background-size":"auto","background-attachment":"scroll","background-type":"","background-media":"","overlay-type":"","overlay-color":"","overlay-opacity":"","overlay-gradient":""}},"ast-content-background-meta":{"desktop":{"background-color":"var(--ast-global-color-5)","background-image":"","background-repeat":"repeat","background-position":"center center","background-size":"auto","background-attachment":"scroll","background-type":"","background-media":"","overlay-type":"","overlay-color":"","overlay-opacity":"","overlay-gradient":""},"tablet":{"background-color":"var(--ast-global-color-5)","background-image":"","background-repeat":"repeat","background-position":"center center","background-size":"auto","background-attachment":"scroll","background-type":"","background-media":"","overlay-type":"","overlay-color":"","overlay-opacity":"","overlay-gradient":""},"mobile":{"background-color":"var(--ast-global-color-5)","background-image":"","background-repeat":"repeat","background-position":"center center","background-size":"auto","background-attachment":"scroll","background-type":"","background-media":"","overlay-type":"","overlay-color":"","overlay-opacity":"","overlay-gradient":""}},"footnotes":""},"class_list":["post-769","page","type-page","status-publish","hentry"],"post_mailing_queue_ids":[],"_links":{"self":[{"href":"https:\/\/agora.xtec.cat\/instorrasibages\/wp-json\/wp\/v2\/pages\/769","targetHints":{"allow":["GET"]}}],"collection":[{"href":"https:\/\/agora.xtec.cat\/instorrasibages\/wp-json\/wp\/v2\/pages"}],"about":[{"href":"https:\/\/agora.xtec.cat\/instorrasibages\/wp-json\/wp\/v2\/types\/page"}],"author":[{"embeddable":true,"href":"https:\/\/agora.xtec.cat\/instorrasibages\/wp-json\/wp\/v2\/users\/1"}],"replies":[{"embeddable":true,"href":"https:\/\/agora.xtec.cat\/instorrasibages\/wp-json\/wp\/v2\/comments?post=769"}],"version-history":[{"count":3,"href":"https:\/\/agora.xtec.cat\/instorrasibages\/wp-json\/wp\/v2\/pages\/769\/revisions"}],"predecessor-version":[{"id":4083,"href":"https:\/\/agora.xtec.cat\/instorrasibages\/wp-json\/wp\/v2\/pages\/769\/revisions\/4083"}],"up":[{"embeddable":true,"href":"https:\/\/agora.xtec.cat\/instorrasibages\/wp-json\/wp\/v2\/pages\/3024"}],"wp:attachment":[{"href":"https:\/\/agora.xtec.cat\/instorrasibages\/wp-json\/wp\/v2\/media?parent=769"}],"curies":[{"name":"wp","href":"https:\/\/api.w.org\/{rel}","templated":true}]}}