{"id":4739,"date":"2025-03-31T17:45:42","date_gmt":"2025-03-31T15:45:42","guid":{"rendered":"https:\/\/agora.xtec.cat\/instorrasibages\/?page_id=4739"},"modified":"2026-03-02T16:07:44","modified_gmt":"2026-03-02T15:07:44","slug":"activitats-extraescolars-2024-2025","status":"publish","type":"page","link":"https:\/\/agora.xtec.cat\/instorrasibages\/serveis\/activitats-extraescolars-2024-2025\/","title":{"rendered":"Suport educatiu extraescolar 2025-2026"},"content":{"rendered":"<p><span style=\"font-weight: 400;\">L&#8217;institut ofereix la possibilitat de realitzar diverses activitats extraescolars:<\/span><\/p>\n<p><span style=\"font-weight: 400;\">Activitats de refor\u00e7 escolar:<\/span><\/p>\n<p><span style=\"font-weight: 400;\">a) <strong>TALLERS DE SUPORT I ACOMPANYAMENT EDUCATIU (TSAE)<\/strong>: refor\u00e7 de llengua i de matem\u00e0tiques. Activitats gratu\u00eftes<\/span><\/p>\n<p><span style=\"font-weight: 400;\">b) <strong>TALLER D&#8217;ESTUDI ASSISTIT (TEA)<\/strong>: rep\u00e0s de totes les mat\u00e8ries per a l&#8217;alumnat de l&#8217;ESO. Tres hores setmanals, de dilluns a dijous (horari segons el curs), de 16:30 a 18:00 hores. Activitat gratu\u00efta<\/span><\/p>\n<p><span style=\"font-weight: 400;\">*Per a participar als tallers d&#8217;estudi assistit i rep\u00e0s, consulteu la disponibilitat de places a trav\u00e9s dels tutors i tutores dels vostres fills.<\/span><\/p>\n<p><a href=\"https:\/\/agora.xtec.cat\/instorrasibages\/wp-content\/uploads\/usu1556\/2026\/03\/HORARIS.jpg\"><img loading=\"lazy\" decoding=\"async\" class=\"alignnone size-full wp-image-5035\" src=\"https:\/\/agora.xtec.cat\/instorrasibages\/wp-content\/uploads\/usu1556\/2026\/03\/HORARIS.jpg\" alt=\"\" width=\"514\" height=\"529\" srcset=\"https:\/\/agora.xtec.cat\/instorrasibages\/wp-content\/uploads\/usu1556\/2026\/03\/HORARIS.jpg 514w, https:\/\/agora.xtec.cat\/instorrasibages\/wp-content\/uploads\/usu1556\/2026\/03\/HORARIS-291x300.jpg 291w\" sizes=\"auto, (max-width: 514px) 100vw, 514px\" \/><\/a><\/p>\n","protected":false},"excerpt":{"rendered":"<p>L&#8217;institut ofereix la possibilitat de realitzar diverses activitats extraescolars: Activitats de refor\u00e7 escolar: a) TALLERS DE SUPORT I ACOMPANYAMENT EDUCATIU (TSAE): refor\u00e7 de llengua i de matem\u00e0tiques. Activitats gratu\u00eftes b) TALLER D&#8217;ESTUDI ASSISTIT (TEA): rep\u00e0s de totes les mat\u00e8ries per a l&#8217;alumnat de l&#8217;ESO. Tres hores setmanals, de dilluns a dijous (horari segons el curs), [&hellip;]<\/p>\n","protected":false},"author":1,"featured_media":0,"parent":63,"menu_order":3,"comment_status":"closed","ping_status":"closed","template":"","meta":{"_bbp_topic_count":0,"_bbp_reply_count":0,"_bbp_total_topic_count":0,"_bbp_total_reply_count":0,"_bbp_voice_count":0,"_bbp_anonymous_reply_count":0,"_bbp_topic_count_hidden":0,"_bbp_reply_count_hidden":0,"_bbp_forum_subforum_count":0,"site-sidebar-layout":"default","site-content-layout":"","ast-site-content-layout":"default","site-content-style":"default","site-sidebar-style":"default","ast-global-header-display":"","ast-banner-title-visibility":"","ast-main-header-display":"","ast-hfb-above-header-display":"","ast-hfb-below-header-display":"","ast-hfb-mobile-header-display":"disabled","site-post-title":"","ast-breadcrumbs-content":"","ast-featured-img":"","footer-sml-layout":"","theme-transparent-header-meta":"default","adv-header-id-meta":"","stick-header-meta":"","header-above-stick-meta":"","header-main-stick-meta":"","header-below-stick-meta":"","astra-migrate-meta-layouts":"set","ast-page-background-enabled":"default","ast-page-background-meta":{"desktop":{"background-color":"var(--ast-global-color-4)","background-image":"","background-repeat":"repeat","background-position":"center center","background-size":"auto","background-attachment":"scroll","background-type":"","background-media":"","overlay-type":"","overlay-color":"","overlay-opacity":"","overlay-gradient":""},"tablet":{"background-color":"","background-image":"","background-repeat":"repeat","background-position":"center center","background-size":"auto","background-attachment":"scroll","background-type":"","background-media":"","overlay-type":"","overlay-color":"","overlay-opacity":"","overlay-gradient":""},"mobile":{"background-color":"","background-image":"","background-repeat":"repeat","background-position":"center center","background-size":"auto","background-attachment":"scroll","background-type":"","background-media":"","overlay-type":"","overlay-color":"","overlay-opacity":"","overlay-gradient":""}},"ast-content-background-meta":{"desktop":{"background-color":"var(--ast-global-color-5)","background-image":"","background-repeat":"repeat","background-position":"center center","background-size":"auto","background-attachment":"scroll","background-type":"","background-media":"","overlay-type":"","overlay-color":"","overlay-opacity":"","overlay-gradient":""},"tablet":{"background-color":"var(--ast-global-color-5)","background-image":"","background-repeat":"repeat","background-position":"center center","background-size":"auto","background-attachment":"scroll","background-type":"","background-media":"","overlay-type":"","overlay-color":"","overlay-opacity":"","overlay-gradient":""},"mobile":{"background-color":"var(--ast-global-color-5)","background-image":"","background-repeat":"repeat","background-position":"center center","background-size":"auto","background-attachment":"scroll","background-type":"","background-media":"","overlay-type":"","overlay-color":"","overlay-opacity":"","overlay-gradient":""}},"footnotes":""},"class_list":["post-4739","page","type-page","status-publish","hentry"],"post_mailing_queue_ids":[],"_links":{"self":[{"href":"https:\/\/agora.xtec.cat\/instorrasibages\/wp-json\/wp\/v2\/pages\/4739","targetHints":{"allow":["GET"]}}],"collection":[{"href":"https:\/\/agora.xtec.cat\/instorrasibages\/wp-json\/wp\/v2\/pages"}],"about":[{"href":"https:\/\/agora.xtec.cat\/instorrasibages\/wp-json\/wp\/v2\/types\/page"}],"author":[{"embeddable":true,"href":"https:\/\/agora.xtec.cat\/instorrasibages\/wp-json\/wp\/v2\/users\/1"}],"replies":[{"embeddable":true,"href":"https:\/\/agora.xtec.cat\/instorrasibages\/wp-json\/wp\/v2\/comments?post=4739"}],"version-history":[{"count":6,"href":"https:\/\/agora.xtec.cat\/instorrasibages\/wp-json\/wp\/v2\/pages\/4739\/revisions"}],"predecessor-version":[{"id":5036,"href":"https:\/\/agora.xtec.cat\/instorrasibages\/wp-json\/wp\/v2\/pages\/4739\/revisions\/5036"}],"up":[{"embeddable":true,"href":"https:\/\/agora.xtec.cat\/instorrasibages\/wp-json\/wp\/v2\/pages\/63"}],"wp:attachment":[{"href":"https:\/\/agora.xtec.cat\/instorrasibages\/wp-json\/wp\/v2\/media?parent=4739"}],"curies":[{"name":"wp","href":"https:\/\/api.w.org\/{rel}","templated":true}]}}