{"id":4716,"date":"2025-03-28T09:46:58","date_gmt":"2025-03-28T08:46:58","guid":{"rendered":"https:\/\/agora.xtec.cat\/instorrasibages\/?page_id=4716"},"modified":"2025-03-28T10:12:30","modified_gmt":"2025-03-28T09:12:30","slug":"criteris-de-baremacio","status":"publish","type":"page","link":"https:\/\/agora.xtec.cat\/instorrasibages\/secretaria\/preinscripcions-2025-2026\/criteris-de-baremacio\/","title":{"rendered":"Criteris de baremaci\u00f3"},"content":{"rendered":"<h5><strong>Criteris de baremaci\u00f3<\/strong><\/h5>\n<p>Es mant\u00e9 la prefer\u00e8ncia de les sol\u00b7licituds de centres adscrits i de les sol\u00b7licituds que declaren simultane\u00eftat d\u2019ensenyaments de m\u00fasica o dansa i\/o s\u00f3n esportistes d\u2019alt nivell,<br \/>\nper a l\u2019ESO.<\/p>\n<p><strong>CRITERIS PRIORITARIS:<\/strong><\/p>\n<ul style=\"list-style-type: disc;\">\n<li>Germans al centre <strong>50 punts<\/strong><\/li>\n<li>Proximitat: (no acumular)<br \/>\n\u25a0 Domicili a la ZE <strong>30<\/strong> p<strong>unts<\/strong><br \/>\n\u25a0 Lloc de treball del pare\/mare\/tutor\/tutora a la ZE del centre<strong> 20 punts<\/strong><br \/>\n\u25a0 Domicili al municipi per\u00f2 no a la ZE <strong>10 punts<\/strong><\/li>\n<li>Beneficiari de l\u2019ajut de la renda garantida de ciutadana<strong> 15 punts<\/strong><\/li>\n<\/ul>\n<p><strong>CRITERIS COMPLEMENTARIS:<\/strong><br \/>\n\u25cf Discapacitat 33% <strong>15 punts<\/strong><br \/>\n\u25cf Treball al centre <strong>10 punts<\/strong><br \/>\n\u25cf Fam\u00edlia nombrosa <strong>10 punts<\/strong><br \/>\n\u25cf Fam\u00edlia monoparental <strong>10 punts<\/strong><br \/>\n\u25cf Alumne\/a nascut de part m\u00faltiple <strong>10 punts<\/strong><br \/>\n\u25cf Situaci\u00f3 d\u2019acolliment familiar <strong>10 punts<\/strong><br \/>\n\u25cf V\u00edctima de viol\u00e8ncia de g\u00e8nere o terrorisme <strong>10 punts<\/strong><\/p>\n<p><strong>CRITERIS DE BAREMACI\u00d3<\/strong><\/p>\n<p>\u25cf art. 5.5. annex 2 de la R. \u201caltres situacions previstes a la norma\u201d<\/p>\n<ul style=\"list-style-type: disc;\">\n<li>Trasllat de la unitat familiar per mobilitat for\u00e7osa.<\/li>\n<li>Discapacitat sobrevinguda en qualsevol dels membres de la fam\u00edlia.<\/li>\n<li>Canvi de resid\u00e8ncia derivats d\u2019actes de viol\u00e8ncia de g\u00e8nere.<\/li>\n<\/ul>\n<p>Cal presentar la documentaci\u00f3 acreditativa que ser\u00e0 valorada pel centre i la CGA.<\/p>\n","protected":false},"excerpt":{"rendered":"<p>Criteris de baremaci\u00f3 Es mant\u00e9 la prefer\u00e8ncia de les sol\u00b7licituds de centres adscrits i de les sol\u00b7licituds que declaren simultane\u00eftat d\u2019ensenyaments de m\u00fasica o dansa i\/o s\u00f3n esportistes d\u2019alt nivell, per a l\u2019ESO. CRITERIS PRIORITARIS: Germans al centre 50 punts Proximitat: (no acumular) \u25a0 Domicili a la ZE 30 punts \u25a0 Lloc de treball del [&hellip;]<\/p>\n","protected":false},"author":1,"featured_media":0,"parent":1608,"menu_order":5,"comment_status":"closed","ping_status":"closed","template":"page-templates\/side-menu.php","meta":{"_bbp_topic_count":0,"_bbp_reply_count":0,"_bbp_total_topic_count":0,"_bbp_total_reply_count":0,"_bbp_voice_count":0,"_bbp_anonymous_reply_count":0,"_bbp_topic_count_hidden":0,"_bbp_reply_count_hidden":0,"_bbp_forum_subforum_count":0,"site-sidebar-layout":"default","site-content-layout":"","ast-site-content-layout":"","site-content-style":"default","site-sidebar-style":"default","ast-global-header-display":"","ast-banner-title-visibility":"","ast-main-header-display":"","ast-hfb-above-header-display":"","ast-hfb-below-header-display":"","ast-hfb-mobile-header-display":"","site-post-title":"","ast-breadcrumbs-content":"","ast-featured-img":"","footer-sml-layout":"","theme-transparent-header-meta":"","adv-header-id-meta":"","stick-header-meta":"","header-above-stick-meta":"","header-main-stick-meta":"","header-below-stick-meta":"","astra-migrate-meta-layouts":"default","ast-page-background-enabled":"default","ast-page-background-meta":{"desktop":{"background-color":"var(--ast-global-color-4)","background-image":"","background-repeat":"repeat","background-position":"center center","background-size":"auto","background-attachment":"scroll","background-type":"","background-media":"","overlay-type":"","overlay-color":"","overlay-opacity":"","overlay-gradient":""},"tablet":{"background-color":"","background-image":"","background-repeat":"repeat","background-position":"center center","background-size":"auto","background-attachment":"scroll","background-type":"","background-media":"","overlay-type":"","overlay-color":"","overlay-opacity":"","overlay-gradient":""},"mobile":{"background-color":"","background-image":"","background-repeat":"repeat","background-position":"center center","background-size":"auto","background-attachment":"scroll","background-type":"","background-media":"","overlay-type":"","overlay-color":"","overlay-opacity":"","overlay-gradient":""}},"ast-content-background-meta":{"desktop":{"background-color":"var(--ast-global-color-5)","background-image":"","background-repeat":"repeat","background-position":"center center","background-size":"auto","background-attachment":"scroll","background-type":"","background-media":"","overlay-type":"","overlay-color":"","overlay-opacity":"","overlay-gradient":""},"tablet":{"background-color":"var(--ast-global-color-5)","background-image":"","background-repeat":"repeat","background-position":"center center","background-size":"auto","background-attachment":"scroll","background-type":"","background-media":"","overlay-type":"","overlay-color":"","overlay-opacity":"","overlay-gradient":""},"mobile":{"background-color":"var(--ast-global-color-5)","background-image":"","background-repeat":"repeat","background-position":"center center","background-size":"auto","background-attachment":"scroll","background-type":"","background-media":"","overlay-type":"","overlay-color":"","overlay-opacity":"","overlay-gradient":""}},"footnotes":""},"class_list":["post-4716","page","type-page","status-publish","hentry"],"post_mailing_queue_ids":[],"_links":{"self":[{"href":"https:\/\/agora.xtec.cat\/instorrasibages\/wp-json\/wp\/v2\/pages\/4716","targetHints":{"allow":["GET"]}}],"collection":[{"href":"https:\/\/agora.xtec.cat\/instorrasibages\/wp-json\/wp\/v2\/pages"}],"about":[{"href":"https:\/\/agora.xtec.cat\/instorrasibages\/wp-json\/wp\/v2\/types\/page"}],"author":[{"embeddable":true,"href":"https:\/\/agora.xtec.cat\/instorrasibages\/wp-json\/wp\/v2\/users\/1"}],"replies":[{"embeddable":true,"href":"https:\/\/agora.xtec.cat\/instorrasibages\/wp-json\/wp\/v2\/comments?post=4716"}],"version-history":[{"count":2,"href":"https:\/\/agora.xtec.cat\/instorrasibages\/wp-json\/wp\/v2\/pages\/4716\/revisions"}],"predecessor-version":[{"id":4719,"href":"https:\/\/agora.xtec.cat\/instorrasibages\/wp-json\/wp\/v2\/pages\/4716\/revisions\/4719"}],"up":[{"embeddable":true,"href":"https:\/\/agora.xtec.cat\/instorrasibages\/wp-json\/wp\/v2\/pages\/1608"}],"wp:attachment":[{"href":"https:\/\/agora.xtec.cat\/instorrasibages\/wp-json\/wp\/v2\/media?parent=4716"}],"curies":[{"name":"wp","href":"https:\/\/api.w.org\/{rel}","templated":true}]}}