{"id":4711,"date":"2025-03-28T09:27:46","date_gmt":"2025-03-28T08:27:46","guid":{"rendered":"https:\/\/agora.xtec.cat\/instorrasibages\/?page_id=4711"},"modified":"2025-03-28T11:36:51","modified_gmt":"2025-03-28T10:36:51","slug":"informacio-sobre-necessitats-educatives-nee-i-nee-b","status":"publish","type":"page","link":"https:\/\/agora.xtec.cat\/instorrasibages\/secretaria\/preinscripcions-2025-2026\/informacio-sobre-necessitats-educatives-nee-i-nee-b\/","title":{"rendered":"Informaci\u00f3 sobre necessitats educatives (NEE I NEE B)"},"content":{"rendered":"<p><strong>\u00a0Unitat de detecci\u00f3 de necessitats educatives<\/strong><\/p>\n<p>A la ciutat de l&#8217;Hospitalet s&#8217;ha creat una unitat de detecci\u00f3 de necessitats educatives, com a acord de la TLP per al curs 2025-2026.<\/p>\n<p>\u25cf <strong>Objectiu<\/strong>: Coordinar les actuacions relacionades amb la detecci\u00f3 de l&#8217;alumnat amb necessitats educatives espec\u00edfiques i amb la valoraci\u00f3 de l\u2019evoluci\u00f3 d&#8217;aquestes necessitats.<\/p>\n<p>Est\u00e0 formada per:<\/p>\n<p>\u25cb Inspecci\u00f3 d\u2019educaci\u00f3<br \/>\n\u25cb Representant de l\u2019EAP<br \/>\n\u25cb Representant l\u2019OME<\/p>\n<p><strong>Necessitat espec\u00edfiques de suport educatiu (NESE)<\/strong><\/p>\n<p><img loading=\"lazy\" decoding=\"async\" class=\"aligncenter wp-image-4712\" src=\"https:\/\/agora.xtec.cat\/instorrasibages\/wp-content\/uploads\/usu1556\/2025\/03\/nese-1024x621.png\" alt=\"\" width=\"813\" height=\"493\" srcset=\"https:\/\/agora.xtec.cat\/instorrasibages\/wp-content\/uploads\/usu1556\/2025\/03\/nese-1024x621.png 1024w, https:\/\/agora.xtec.cat\/instorrasibages\/wp-content\/uploads\/usu1556\/2025\/03\/nese-300x182.png 300w, https:\/\/agora.xtec.cat\/instorrasibages\/wp-content\/uploads\/usu1556\/2025\/03\/nese-768x466.png 768w, https:\/\/agora.xtec.cat\/instorrasibages\/wp-content\/uploads\/usu1556\/2025\/03\/nese.png 1183w\" sizes=\"auto, (max-width: 813px) 100vw, 813px\" \/><\/p>\n<p><strong>Necessitat espec\u00edfiques de suport educatiu (NESE)<\/strong><br \/>\n\u25cf Es podr\u00e0 informar alumnat NEE-A, NEE-B i NEE-AB. En el darrer cas s\u2019assignar\u00e0 a una pla\u00e7a de reserva tipus NEE-A.<br \/>\n\u25cf La reserva de places per alumnat amb NEE-A es mant\u00e9 fins el dia d\u2019abans de la llista d\u2019admesos: 15 de juny de 2025. Les vacants no ocupades passaran a ordin\u00e0ries.<br \/>\n\u25cf La reserva de places per alumnat amb NEE- B es mant\u00e9 fins dos dies h\u00e0bils abans que finalitzi el per\u00edode de vig\u00e8ncia de la llista d&#8217;espera: 3 de setembre de 2025.Les vacants no ocupades passaran a ordin\u00e0ries.<br \/>\n\u25cf Els alumnes que es declaren i acrediten que es troben en situaci\u00f3 d\u2019acolliment tenen dret preferent a l\u2019escolaritzaci\u00f3 en el centre escolar m\u00e9s adequat a les seves circumst\u00e0ncies personals i per aix\u00f2, un cop la CGA hagi determinat aquest centre, assignar\u00e0 l\u2019alumne a una de les places reservades per a alumnes amb NEE-B.<\/p>\n<p><img loading=\"lazy\" decoding=\"async\" class=\" wp-image-4713 alignleft\" src=\"https:\/\/agora.xtec.cat\/instorrasibages\/wp-content\/uploads\/usu1556\/2025\/03\/nese2-1024x476.png\" alt=\"\" width=\"822\" height=\"382\" srcset=\"https:\/\/agora.xtec.cat\/instorrasibages\/wp-content\/uploads\/usu1556\/2025\/03\/nese2-1024x476.png 1024w, https:\/\/agora.xtec.cat\/instorrasibages\/wp-content\/uploads\/usu1556\/2025\/03\/nese2-300x139.png 300w, https:\/\/agora.xtec.cat\/instorrasibages\/wp-content\/uploads\/usu1556\/2025\/03\/nese2-768x357.png 768w, https:\/\/agora.xtec.cat\/instorrasibages\/wp-content\/uploads\/usu1556\/2025\/03\/nese2.png 1450w\" sizes=\"auto, (max-width: 822px) 100vw, 822px\" \/><\/p>\n<p>&nbsp;<\/p>\n<p>&nbsp;<\/p>\n<p>&nbsp;<\/p>\n<p>&nbsp;<\/p>\n<p>&nbsp;<\/p>\n<p>&nbsp;<\/p>\n<p>&nbsp;<\/p>\n<p>&nbsp;<\/p>\n<p>&nbsp;<\/p>\n<p><strong>Criteris detecci\u00f3 alumnat NEE B<\/strong><\/p>\n<p>\u25cf Fam\u00edlies benefici\u00e0ries de bonificaci\u00f3 del preu d\u2019escolaritzaci\u00f3 en el 1r cicle d\u2019Educaci\u00f3 Infantil (amb llindar de renda inferior a l\u2019IRSC).<\/p>\n<p>\u25cf Tenir germans o germanes amb consideraci\u00f3 de necessitats educatives espec\u00edfiques derivades de situacions Socioecon\u00f2miques i culturals desafavorides (NEE B)<\/p>\n<p>\u25cf Tenir germans o germanes que siguin beneficiaris o benefici\u00e0ries d\u2019un ajut individual de menjador<\/p>\n<p>\u25cf Fam\u00edlies benefici\u00e0ries d\u2019ajuts d\u2019urg\u00e8ncia social.<\/p>\n<p>\u25cf Fam\u00edlies en situaci\u00f3 d\u2019exclusi\u00f3 residencial amb resoluci\u00f3 favorable.<\/p>\n<p><strong>Criteris detecci\u00f3 alumnat NEE B<\/strong><\/p>\n<p>\u25cf Fam\u00edlies benefici\u00e0ries de la Renda Garantida de Ciutadania.<\/p>\n<p>\u25cf Fam\u00edlies benefici\u00e0ries d\u2019ajuts al lloguer de l\u2019habitatge.<\/p>\n<p>\u25cf Fam\u00edlies en seguiment de Serveis Socials en els darrers 24 mesos.<\/p>\n<p>\u25cf Infants nouvinguts en els darrers 24 mesos procedents de pa\u00efsos en vies de<br \/>\ndesenvolupament.<\/p>\n<p>\u25cf Progenitors estrangers sense resid\u00e8ncia legal a l\u2019Estat.<\/p>\n<p>\u25cf Infants amb resoluci\u00f3 d\u2019acolliment i\/o expedient de desemparament per part de la<br \/>\nDGAIA<br \/>\n\u25cf Altres circumst\u00e0ncies valorades pels Serveis Socials o l\u2019EAP.<\/p>\n","protected":false},"excerpt":{"rendered":"<p>\u00a0Unitat de detecci\u00f3 de necessitats educatives A la ciutat de l&#8217;Hospitalet s&#8217;ha creat una unitat de detecci\u00f3 de necessitats educatives, com a acord de la TLP per al curs 2025-2026. \u25cf Objectiu: Coordinar les actuacions relacionades amb la detecci\u00f3 de l&#8217;alumnat amb necessitats educatives espec\u00edfiques i amb la valoraci\u00f3 de l\u2019evoluci\u00f3 d&#8217;aquestes necessitats. Est\u00e0 formada [&hellip;]<\/p>\n","protected":false},"author":1,"featured_media":0,"parent":1608,"menu_order":4,"comment_status":"closed","ping_status":"closed","template":"page-templates\/side-menu.php","meta":{"_bbp_topic_count":0,"_bbp_reply_count":0,"_bbp_total_topic_count":0,"_bbp_total_reply_count":0,"_bbp_voice_count":0,"_bbp_anonymous_reply_count":0,"_bbp_topic_count_hidden":0,"_bbp_reply_count_hidden":0,"_bbp_forum_subforum_count":0,"site-sidebar-layout":"default","site-content-layout":"","ast-site-content-layout":"","site-content-style":"default","site-sidebar-style":"default","ast-global-header-display":"","ast-banner-title-visibility":"","ast-main-header-display":"","ast-hfb-above-header-display":"","ast-hfb-below-header-display":"","ast-hfb-mobile-header-display":"","site-post-title":"","ast-breadcrumbs-content":"","ast-featured-img":"","footer-sml-layout":"","theme-transparent-header-meta":"","adv-header-id-meta":"","stick-header-meta":"","header-above-stick-meta":"","header-main-stick-meta":"","header-below-stick-meta":"","astra-migrate-meta-layouts":"default","ast-page-background-enabled":"default","ast-page-background-meta":{"desktop":{"background-color":"var(--ast-global-color-4)","background-image":"","background-repeat":"repeat","background-position":"center center","background-size":"auto","background-attachment":"scroll","background-type":"","background-media":"","overlay-type":"","overlay-color":"","overlay-opacity":"","overlay-gradient":""},"tablet":{"background-color":"","background-image":"","background-repeat":"repeat","background-position":"center center","background-size":"auto","background-attachment":"scroll","background-type":"","background-media":"","overlay-type":"","overlay-color":"","overlay-opacity":"","overlay-gradient":""},"mobile":{"background-color":"","background-image":"","background-repeat":"repeat","background-position":"center center","background-size":"auto","background-attachment":"scroll","background-type":"","background-media":"","overlay-type":"","overlay-color":"","overlay-opacity":"","overlay-gradient":""}},"ast-content-background-meta":{"desktop":{"background-color":"var(--ast-global-color-5)","background-image":"","background-repeat":"repeat","background-position":"center center","background-size":"auto","background-attachment":"scroll","background-type":"","background-media":"","overlay-type":"","overlay-color":"","overlay-opacity":"","overlay-gradient":""},"tablet":{"background-color":"var(--ast-global-color-5)","background-image":"","background-repeat":"repeat","background-position":"center center","background-size":"auto","background-attachment":"scroll","background-type":"","background-media":"","overlay-type":"","overlay-color":"","overlay-opacity":"","overlay-gradient":""},"mobile":{"background-color":"var(--ast-global-color-5)","background-image":"","background-repeat":"repeat","background-position":"center center","background-size":"auto","background-attachment":"scroll","background-type":"","background-media":"","overlay-type":"","overlay-color":"","overlay-opacity":"","overlay-gradient":""}},"footnotes":""},"class_list":["post-4711","page","type-page","status-publish","hentry"],"post_mailing_queue_ids":[],"_links":{"self":[{"href":"https:\/\/agora.xtec.cat\/instorrasibages\/wp-json\/wp\/v2\/pages\/4711","targetHints":{"allow":["GET"]}}],"collection":[{"href":"https:\/\/agora.xtec.cat\/instorrasibages\/wp-json\/wp\/v2\/pages"}],"about":[{"href":"https:\/\/agora.xtec.cat\/instorrasibages\/wp-json\/wp\/v2\/types\/page"}],"author":[{"embeddable":true,"href":"https:\/\/agora.xtec.cat\/instorrasibages\/wp-json\/wp\/v2\/users\/1"}],"replies":[{"embeddable":true,"href":"https:\/\/agora.xtec.cat\/instorrasibages\/wp-json\/wp\/v2\/comments?post=4711"}],"version-history":[{"count":1,"href":"https:\/\/agora.xtec.cat\/instorrasibages\/wp-json\/wp\/v2\/pages\/4711\/revisions"}],"predecessor-version":[{"id":4715,"href":"https:\/\/agora.xtec.cat\/instorrasibages\/wp-json\/wp\/v2\/pages\/4711\/revisions\/4715"}],"up":[{"embeddable":true,"href":"https:\/\/agora.xtec.cat\/instorrasibages\/wp-json\/wp\/v2\/pages\/1608"}],"wp:attachment":[{"href":"https:\/\/agora.xtec.cat\/instorrasibages\/wp-json\/wp\/v2\/media?parent=4711"}],"curies":[{"name":"wp","href":"https:\/\/api.w.org\/{rel}","templated":true}]}}