{"id":46,"date":"2014-09-17T16:53:45","date_gmt":"2014-09-17T16:53:45","guid":{"rendered":"http:\/\/agora.xtec.cat\/instorrasibages\/?page_id=46"},"modified":"2025-09-07T17:06:53","modified_gmt":"2025-09-07T15:06:53","slug":"organigrama","status":"publish","type":"page","link":"https:\/\/agora.xtec.cat\/instorrasibages\/linstitut\/organigrama\/","title":{"rendered":"Organigrama"},"content":{"rendered":"<table style=\"height: 241px; width: 59.6141%;\" width=\"100%\">\n<tbody>\n<tr style=\"height: 55px;\">\n<td style=\"height: 55px; width: 58.6141%;\" colspan=\"2\" width=\"100%\">\n<p style=\"text-align: center;\"><strong>Equip directiu<\/strong><\/p>\n<\/td>\n<\/tr>\n<tr style=\"height: 31px;\">\n<td style=\"height: 31px; width: 28.3826%;\" width=\"53%\">Directora:<\/td>\n<td style=\"height: 31px; width: 30.2315%;\" width=\"46%\">Maria Josep Vercher<\/td>\n<\/tr>\n<tr style=\"height: 31px;\">\n<td style=\"height: 31px; width: 28.3826%;\" width=\"53%\">Cap d\u2019estudis:<\/td>\n<td style=\"height: 31px; width: 30.2315%;\" width=\"46%\">David Ramos<\/td>\n<\/tr>\n<tr style=\"height: 31px;\">\n<td style=\"height: 31px; width: 28.3826%;\" width=\"53%\">Coordinadora pedag\u00f2gica:<\/td>\n<td style=\"height: 31px; width: 30.2315%;\" width=\"46%\">Susanna Ib\u00e1\u00f1ez<\/td>\n<\/tr>\n<tr style=\"height: 31px;\">\n<td style=\"height: 31px; width: 28.3826%;\" width=\"53%\">Secretari:<\/td>\n<td style=\"height: 31px; width: 30.2315%;\" width=\"46%\">Adri\u00e0 Marcet<\/td>\n<\/tr>\n<tr style=\"height: 31px;\">\n<td style=\"height: 31px; width: 28.3826%;\" width=\"53%\">Coordinadora d\u2019activitats i serveis escolars<\/td>\n<td style=\"height: 31px; width: 30.2315%;\" width=\"46%\">Eva Guerrero<\/td>\n<\/tr>\n<\/tbody>\n<\/table>\n<p>&nbsp;<\/p>\n<table style=\"width: 59.4145%; height: 262px;\" width=\"100%\">\n<tbody>\n<tr style=\"height: 57px;\">\n<td style=\"width: 58.48%; height: 57px;\" colspan=\"2\" width=\"100%\">\n<p style=\"text-align: center;\"><strong>Coordinacions<\/strong><\/p>\n<\/td>\n<\/tr>\n<tr style=\"height: 47px;\">\n<td style=\"width: 28.183%; height: 47px;\" width=\"53%\">1r d\u2019ESO<\/td>\n<td style=\"width: 30.297%; height: 47px;\" width=\"46%\">Luis de Dios<\/td>\n<\/tr>\n<tr style=\"height: 32px;\">\n<td style=\"width: 28.183%; height: 32px;\" width=\"53%\">2n d\u2019ESO<\/td>\n<td style=\"width: 30.297%; height: 32px;\" width=\"46%\">Eric Sol\u00e9<\/td>\n<\/tr>\n<tr style=\"height: 47px;\">\n<td style=\"width: 28.183%; height: 47px;\" width=\"53%\">3r d\u2019ESO:<\/td>\n<td style=\"width: 30.297%; height: 47px;\" width=\"46%\">Laura Bodi<\/td>\n<\/tr>\n<tr style=\"height: 47px;\">\n<td style=\"width: 28.183%; height: 47px;\" width=\"53%\">4t d\u2019ESO:<\/td>\n<td style=\"width: 30.297%; height: 47px;\" width=\"46%\">Miguel Fern\u00e1ndez<\/td>\n<\/tr>\n<tr style=\"height: 32px;\">\n<td style=\"width: 28.183%; height: 32px;\" width=\"53%\">Batxillerat<\/td>\n<td style=\"width: 30.297%; height: 32px;\" width=\"46%\">Jos\u00e9 Manuel Hern\u00e1ndez<\/td>\n<\/tr>\n<\/tbody>\n<\/table>\n","protected":false},"excerpt":{"rendered":"<p>Equip directiu Directora: Maria Josep Vercher Cap d\u2019estudis: David Ramos Coordinadora pedag\u00f2gica: Susanna Ib\u00e1\u00f1ez Secretari: Adri\u00e0 Marcet Coordinadora d\u2019activitats i serveis escolars Eva Guerrero &nbsp; Coordinacions 1r d\u2019ESO Luis de Dios 2n d\u2019ESO Eric Sol\u00e9 3r d\u2019ESO: Laura Bodi 4t d\u2019ESO: Miguel Fern\u00e1ndez Batxillerat Jos\u00e9 Manuel Hern\u00e1ndez<\/p>\n","protected":false},"author":1,"featured_media":0,"parent":19,"menu_order":2,"comment_status":"closed","ping_status":"closed","template":"page-templates\/side-menu.php","meta":{"_bbp_topic_count":0,"_bbp_reply_count":0,"_bbp_total_topic_count":0,"_bbp_total_reply_count":0,"_bbp_voice_count":0,"_bbp_anonymous_reply_count":0,"_bbp_topic_count_hidden":0,"_bbp_reply_count_hidden":0,"_bbp_forum_subforum_count":0,"site-sidebar-layout":"default","site-content-layout":"","ast-site-content-layout":"","site-content-style":"default","site-sidebar-style":"default","ast-global-header-display":"","ast-banner-title-visibility":"","ast-main-header-display":"","ast-hfb-above-header-display":"","ast-hfb-below-header-display":"","ast-hfb-mobile-header-display":"","site-post-title":"","ast-breadcrumbs-content":"","ast-featured-img":"","footer-sml-layout":"","theme-transparent-header-meta":"","adv-header-id-meta":"","stick-header-meta":"","header-above-stick-meta":"","header-main-stick-meta":"","header-below-stick-meta":"","astra-migrate-meta-layouts":"default","ast-page-background-enabled":"default","ast-page-background-meta":{"desktop":{"background-color":"var(--ast-global-color-4)","background-image":"","background-repeat":"repeat","background-position":"center center","background-size":"auto","background-attachment":"scroll","background-type":"","background-media":"","overlay-type":"","overlay-color":"","overlay-opacity":"","overlay-gradient":""},"tablet":{"background-color":"","background-image":"","background-repeat":"repeat","background-position":"center center","background-size":"auto","background-attachment":"scroll","background-type":"","background-media":"","overlay-type":"","overlay-color":"","overlay-opacity":"","overlay-gradient":""},"mobile":{"background-color":"","background-image":"","background-repeat":"repeat","background-position":"center center","background-size":"auto","background-attachment":"scroll","background-type":"","background-media":"","overlay-type":"","overlay-color":"","overlay-opacity":"","overlay-gradient":""}},"ast-content-background-meta":{"desktop":{"background-color":"var(--ast-global-color-5)","background-image":"","background-repeat":"repeat","background-position":"center center","background-size":"auto","background-attachment":"scroll","background-type":"","background-media":"","overlay-type":"","overlay-color":"","overlay-opacity":"","overlay-gradient":""},"tablet":{"background-color":"var(--ast-global-color-5)","background-image":"","background-repeat":"repeat","background-position":"center center","background-size":"auto","background-attachment":"scroll","background-type":"","background-media":"","overlay-type":"","overlay-color":"","overlay-opacity":"","overlay-gradient":""},"mobile":{"background-color":"var(--ast-global-color-5)","background-image":"","background-repeat":"repeat","background-position":"center center","background-size":"auto","background-attachment":"scroll","background-type":"","background-media":"","overlay-type":"","overlay-color":"","overlay-opacity":"","overlay-gradient":""}},"footnotes":""},"class_list":["post-46","page","type-page","status-publish","hentry"],"post_mailing_queue_ids":[],"_links":{"self":[{"href":"https:\/\/agora.xtec.cat\/instorrasibages\/wp-json\/wp\/v2\/pages\/46","targetHints":{"allow":["GET"]}}],"collection":[{"href":"https:\/\/agora.xtec.cat\/instorrasibages\/wp-json\/wp\/v2\/pages"}],"about":[{"href":"https:\/\/agora.xtec.cat\/instorrasibages\/wp-json\/wp\/v2\/types\/page"}],"author":[{"embeddable":true,"href":"https:\/\/agora.xtec.cat\/instorrasibages\/wp-json\/wp\/v2\/users\/1"}],"replies":[{"embeddable":true,"href":"https:\/\/agora.xtec.cat\/instorrasibages\/wp-json\/wp\/v2\/comments?post=46"}],"version-history":[{"count":5,"href":"https:\/\/agora.xtec.cat\/instorrasibages\/wp-json\/wp\/v2\/pages\/46\/revisions"}],"predecessor-version":[{"id":4894,"href":"https:\/\/agora.xtec.cat\/instorrasibages\/wp-json\/wp\/v2\/pages\/46\/revisions\/4894"}],"up":[{"embeddable":true,"href":"https:\/\/agora.xtec.cat\/instorrasibages\/wp-json\/wp\/v2\/pages\/19"}],"wp:attachment":[{"href":"https:\/\/agora.xtec.cat\/instorrasibages\/wp-json\/wp\/v2\/media?parent=46"}],"curies":[{"name":"wp","href":"https:\/\/api.w.org\/{rel}","templated":true}]}}