{"id":4466,"date":"2024-03-22T12:39:01","date_gmt":"2024-03-22T11:39:01","guid":{"rendered":"https:\/\/agora.xtec.cat\/instorrasibages\/?page_id=4466"},"modified":"2025-03-25T11:59:08","modified_gmt":"2025-03-25T10:59:08","slug":"beques-per-a-estudis-postobligatoris","status":"publish","type":"page","link":"https:\/\/agora.xtec.cat\/instorrasibages\/secretaria\/beques-per-a-estudis-postobligatoris\/","title":{"rendered":"Beques per a estudis postobligatoris no universitaris 24-25"},"content":{"rendered":"<h1><strong>BEQUES MEC\u00a0<\/strong><\/h1>\n<p><strong><a href=\"https:\/\/www.becaseducacion.gob.es\/portada.html\" data-saferedirecturl=\"https:\/\/www.google.com\/url?q=https:\/\/www.becaseducacion.gob.es\/portada.html&amp;source=gmail&amp;ust=1711095528984000&amp;usg=AOvVaw2CpAHa1jJYEFbM6cPLcUQW\">Termini de presentaci\u00f3 de sol\u00b7licituds<\/a>: \u00a0des del dilluns 24 de mar\u00e7 fins al dimecres 14 de maig.<br \/>\n<\/strong><br \/>\nTot el proc\u00e9s de sol\u00b7licitud de la beca s\u2019ha de fer telem\u00e0ticament a la\u00a0<a href=\"https:\/\/www.becaseducacion.gob.es\/portada.html\">p\u00e0gina web<\/a>\u00a0del Ministerio de Educaci\u00f3n.<\/p>\n<ul>\n<li><em><strong><a href=\"https:\/\/www.boe.es\/boe\/dias\/2025\/03\/20\/pdfs\/BOE-B-2025-10203.pdf\" target=\"_blank\" rel=\"noopener\">Resoluci\u00f3n de 18 de marzo de 2025<\/a><\/strong><\/em>\u00a0de la Secretar\u00eda de Estado de Educaci\u00f3n, por la que se convocan becas de car\u00e0cter general para el curso acad\u00e9mico 2025-2026, para estudiantes que cursen estudios postobligatorios (BOE n\u00fam. 68 de 20-3-2025).<\/li>\n<\/ul>\n","protected":false},"excerpt":{"rendered":"<p>BEQUES MEC\u00a0 Termini de presentaci\u00f3 de sol\u00b7licituds: \u00a0des del dilluns 24 de mar\u00e7 fins al dimecres 14 de maig. Tot el proc\u00e9s de sol\u00b7licitud de la beca s\u2019ha de fer telem\u00e0ticament a la\u00a0p\u00e0gina web\u00a0del Ministerio de Educaci\u00f3n. Resoluci\u00f3n de 18 de marzo de 2025\u00a0de la Secretar\u00eda de Estado de Educaci\u00f3n, por la que se convocan [&hellip;]<\/p>\n","protected":false},"author":1,"featured_media":0,"parent":81,"menu_order":2,"comment_status":"closed","ping_status":"closed","template":"","meta":{"_bbp_topic_count":0,"_bbp_reply_count":0,"_bbp_total_topic_count":0,"_bbp_total_reply_count":0,"_bbp_voice_count":0,"_bbp_anonymous_reply_count":0,"_bbp_topic_count_hidden":0,"_bbp_reply_count_hidden":0,"_bbp_forum_subforum_count":0,"site-sidebar-layout":"default","site-content-layout":"","ast-site-content-layout":"","site-content-style":"default","site-sidebar-style":"default","ast-global-header-display":"","ast-banner-title-visibility":"","ast-main-header-display":"","ast-hfb-above-header-display":"","ast-hfb-below-header-display":"","ast-hfb-mobile-header-display":"","site-post-title":"","ast-breadcrumbs-content":"","ast-featured-img":"","footer-sml-layout":"","theme-transparent-header-meta":"","adv-header-id-meta":"","stick-header-meta":"","header-above-stick-meta":"","header-main-stick-meta":"","header-below-stick-meta":"","astra-migrate-meta-layouts":"default","ast-page-background-enabled":"default","ast-page-background-meta":{"desktop":{"background-color":"var(--ast-global-color-4)","background-image":"","background-repeat":"repeat","background-position":"center center","background-size":"auto","background-attachment":"scroll","background-type":"","background-media":"","overlay-type":"","overlay-color":"","overlay-opacity":"","overlay-gradient":""},"tablet":{"background-color":"","background-image":"","background-repeat":"repeat","background-position":"center center","background-size":"auto","background-attachment":"scroll","background-type":"","background-media":"","overlay-type":"","overlay-color":"","overlay-opacity":"","overlay-gradient":""},"mobile":{"background-color":"","background-image":"","background-repeat":"repeat","background-position":"center center","background-size":"auto","background-attachment":"scroll","background-type":"","background-media":"","overlay-type":"","overlay-color":"","overlay-opacity":"","overlay-gradient":""}},"ast-content-background-meta":{"desktop":{"background-color":"var(--ast-global-color-5)","background-image":"","background-repeat":"repeat","background-position":"center center","background-size":"auto","background-attachment":"scroll","background-type":"","background-media":"","overlay-type":"","overlay-color":"","overlay-opacity":"","overlay-gradient":""},"tablet":{"background-color":"var(--ast-global-color-5)","background-image":"","background-repeat":"repeat","background-position":"center center","background-size":"auto","background-attachment":"scroll","background-type":"","background-media":"","overlay-type":"","overlay-color":"","overlay-opacity":"","overlay-gradient":""},"mobile":{"background-color":"var(--ast-global-color-5)","background-image":"","background-repeat":"repeat","background-position":"center center","background-size":"auto","background-attachment":"scroll","background-type":"","background-media":"","overlay-type":"","overlay-color":"","overlay-opacity":"","overlay-gradient":""}},"footnotes":""},"class_list":["post-4466","page","type-page","status-publish","hentry"],"post_mailing_queue_ids":[],"_links":{"self":[{"href":"https:\/\/agora.xtec.cat\/instorrasibages\/wp-json\/wp\/v2\/pages\/4466","targetHints":{"allow":["GET"]}}],"collection":[{"href":"https:\/\/agora.xtec.cat\/instorrasibages\/wp-json\/wp\/v2\/pages"}],"about":[{"href":"https:\/\/agora.xtec.cat\/instorrasibages\/wp-json\/wp\/v2\/types\/page"}],"author":[{"embeddable":true,"href":"https:\/\/agora.xtec.cat\/instorrasibages\/wp-json\/wp\/v2\/users\/1"}],"replies":[{"embeddable":true,"href":"https:\/\/agora.xtec.cat\/instorrasibages\/wp-json\/wp\/v2\/comments?post=4466"}],"version-history":[{"count":6,"href":"https:\/\/agora.xtec.cat\/instorrasibages\/wp-json\/wp\/v2\/pages\/4466\/revisions"}],"predecessor-version":[{"id":4700,"href":"https:\/\/agora.xtec.cat\/instorrasibages\/wp-json\/wp\/v2\/pages\/4466\/revisions\/4700"}],"up":[{"embeddable":true,"href":"https:\/\/agora.xtec.cat\/instorrasibages\/wp-json\/wp\/v2\/pages\/81"}],"wp:attachment":[{"href":"https:\/\/agora.xtec.cat\/instorrasibages\/wp-json\/wp\/v2\/media?parent=4466"}],"curies":[{"name":"wp","href":"https:\/\/api.w.org\/{rel}","templated":true}]}}