{"id":43,"date":"2014-09-17T16:45:07","date_gmt":"2014-09-17T16:45:07","guid":{"rendered":"http:\/\/agora.xtec.cat\/instorrasibages\/?page_id=43"},"modified":"2026-01-23T10:53:29","modified_gmt":"2026-01-23T09:53:29","slug":"consell-escolar","status":"publish","type":"page","link":"https:\/\/agora.xtec.cat\/instorrasibages\/linstitut\/consell-escolar\/","title":{"rendered":"Consell escolar"},"content":{"rendered":"<p style=\"text-align: left;\">El Consell Escolar (CEC) \u00e9s el m\u00e0xim \u00f2rgan de participaci\u00f3 en el govern del centre, on s\u00f3n representats tots els sectors de la comunitat educativa. Entre les seves funcions, trobem les seg\u00fcents:<\/p>\n<ul>\n<li>Aprovar el projecte educatiu del centre.<\/li>\n<li>Aprovar la programaci\u00f3 general anual (Pla Anual) i avaluar-ne el seu desenvolupament.<\/li>\n<li>Aprovar les Normes d\u2019Organitzaci\u00f3 i Funcionament del centre (NOFC) i les seves modificacions i\/o actualitzacions.<\/li>\n<li>Aprovar el pressupost anual del centre i el rendiment de comptes.<\/li>\n<li>Participar en el procediment de selecci\u00f3 i proposa de cessament del director o directora del centre.<\/li>\n<li>Aprovar els criteris generals de la programaci\u00f3 d\u2019activitats escolars complement\u00e0ries i extraescolars.<\/li>\n<li>Participar en l\u2019an\u00e0lisi i l\u2019avaluaci\u00f3 del funcionament general del centre.<\/li>\n<li>Altres<\/li>\n<\/ul>\n<p>La seva composici\u00f3 al nostre Institut \u00e9s la seg\u00fcent:<\/p>\n<table style=\"height: 279px; width: 60.5099%;\">\n<tbody>\n<tr style=\"height: 31px;\">\n<td style=\"height: 31px; width: 35.6718%;\">La Directora<\/td>\n<td style=\"height: 31px; width: 63.3769%;\">Maria Josep Vercher Alberola<\/td>\n<\/tr>\n<tr style=\"height: 31px;\">\n<td style=\"height: 31px; width: 35.6718%;\">El Cap d\u2019Estudis<\/td>\n<td style=\"height: 31px; width: 63.3769%;\">David Ramos Arcos<\/td>\n<\/tr>\n<tr style=\"height: 31px;\">\n<td style=\"height: 31px; width: 35.6718%;\">El Secretari<\/td>\n<td style=\"height: 31px; width: 63.3769%;\">Adri\u00e0 Marcet Pav\u00f3n<\/td>\n<\/tr>\n<tr style=\"height: 31px;\">\n<td style=\"height: 31px; width: 35.6718%;\">8 representants del Professorat<\/td>\n<td style=\"height: 31px; width: 63.3769%;\">Miguel Fern\u00e1ndez Mart\u00edn<\/p>\n<p>Daniel Garc\u00eda Mart\u00ednez<\/p>\n<p>Mar Gibernau S\u00e1nchez<\/p>\n<p>Virtudes Gonz\u00e1lez Ram\u00edrez<\/p>\n<p>Jos\u00e9 Manuel Hern\u00e1ndez L\u00f3pez<\/p>\n<p>Esther Luj\u00e1n Baixauli<\/p>\n<p>Juan Carlos Moreno Agea<\/p>\n<p>Ferran Peris Serrano<\/td>\n<\/tr>\n<tr style=\"height: 31px;\">\n<td style=\"height: 31px; width: 35.6718%;\">Representants de les fam\u00edlies<\/td>\n<td style=\"height: 31px; width: 63.3769%;\">Laura Atoche Ib\u00e1\u00f1ez<\/p>\n<p>Elisabeth G\u00f3mez D\u00edaz<\/p>\n<p>Mar\u00eda Jos\u00e9 Moro Janel<\/p>\n<p>Soraya Ram\u00edrez Fabero<\/td>\n<\/tr>\n<tr style=\"height: 31px;\">\n<td style=\"height: 31px; width: 35.6718%;\">1 representant de l\u2019AFA<\/td>\n<td style=\"height: 31px; width: 63.3769%;\"><span style=\"font-weight: 400;\">Sonia Caballero Ru\u00edz<\/span><\/td>\n<\/tr>\n<tr style=\"height: 31px;\">\n<td style=\"height: 31px; width: 35.6718%;\">4 representants de l\u2019alumnat<\/td>\n<td style=\"height: 31px; width: 63.3769%;\"><span style=\"font-family: inherit; font-size: 1em;\">Alexander Ben\u00edtez Ben\u00edtez<\/span><\/p>\n<p>Daniel de los Santos Ram\u00edrez<\/p>\n<p>Ayoub Harouach<\/p>\n<p>Michael Su\u00e1rez Mar\u00edn<\/td>\n<\/tr>\n<tr style=\"height: 31px;\">\n<td style=\"height: 31px; width: 35.6718%;\">1 representant del PAS<\/td>\n<td style=\"height: 31px; width: 63.3769%;\">Nuria Cano Ruiz<\/td>\n<\/tr>\n<tr style=\"height: 31px;\">\n<td style=\"height: 31px; width: 35.6718%;\">1 representant de l\u2019Ajuntament<\/td>\n<td style=\"height: 31px; width: 63.3769%;\">Fatiha Berchak El Mejdoubi<\/td>\n<\/tr>\n<\/tbody>\n<\/table>\n<p>Habitualment, hi ha cinc reunions anuals del CEC: una a l\u2019inici del curs escolar (mes d&#8217;octubre), i una altra al final (mes de juny), i una m\u00e9s a cada trimestre del curs.<\/p>\n","protected":false},"excerpt":{"rendered":"<p>El Consell Escolar (CEC) \u00e9s el m\u00e0xim \u00f2rgan de participaci\u00f3 en el govern del centre, on s\u00f3n representats tots els sectors de la comunitat educativa. Entre les seves funcions, trobem les seg\u00fcents: Aprovar el projecte educatiu del centre. Aprovar la programaci\u00f3 general anual (Pla Anual) i avaluar-ne el seu desenvolupament. Aprovar les Normes d\u2019Organitzaci\u00f3 i [&hellip;]<\/p>\n","protected":false},"author":1,"featured_media":0,"parent":19,"menu_order":40,"comment_status":"closed","ping_status":"closed","template":"","meta":{"_bbp_topic_count":0,"_bbp_reply_count":0,"_bbp_total_topic_count":0,"_bbp_total_reply_count":0,"_bbp_voice_count":0,"_bbp_anonymous_reply_count":0,"_bbp_topic_count_hidden":0,"_bbp_reply_count_hidden":0,"_bbp_forum_subforum_count":0,"site-sidebar-layout":"default","site-content-layout":"","ast-site-content-layout":"default","site-content-style":"default","site-sidebar-style":"default","ast-global-header-display":"","ast-banner-title-visibility":"","ast-main-header-display":"","ast-hfb-above-header-display":"","ast-hfb-below-header-display":"","ast-hfb-mobile-header-display":"","site-post-title":"","ast-breadcrumbs-content":"","ast-featured-img":"","footer-sml-layout":"","theme-transparent-header-meta":"default","adv-header-id-meta":"","stick-header-meta":"","header-above-stick-meta":"","header-main-stick-meta":"","header-below-stick-meta":"","astra-migrate-meta-layouts":"set","ast-page-background-enabled":"default","ast-page-background-meta":{"desktop":{"background-color":"var(--ast-global-color-4)","background-image":"","background-repeat":"repeat","background-position":"center center","background-size":"auto","background-attachment":"scroll","background-type":"","background-media":"","overlay-type":"","overlay-color":"","overlay-opacity":"","overlay-gradient":""},"tablet":{"background-color":"","background-image":"","background-repeat":"repeat","background-position":"center center","background-size":"auto","background-attachment":"scroll","background-type":"","background-media":"","overlay-type":"","overlay-color":"","overlay-opacity":"","overlay-gradient":""},"mobile":{"background-color":"","background-image":"","background-repeat":"repeat","background-position":"center center","background-size":"auto","background-attachment":"scroll","background-type":"","background-media":"","overlay-type":"","overlay-color":"","overlay-opacity":"","overlay-gradient":""}},"ast-content-background-meta":{"desktop":{"background-color":"var(--ast-global-color-5)","background-image":"","background-repeat":"repeat","background-position":"center center","background-size":"auto","background-attachment":"scroll","background-type":"","background-media":"","overlay-type":"","overlay-color":"","overlay-opacity":"","overlay-gradient":""},"tablet":{"background-color":"var(--ast-global-color-5)","background-image":"","background-repeat":"repeat","background-position":"center center","background-size":"auto","background-attachment":"scroll","background-type":"","background-media":"","overlay-type":"","overlay-color":"","overlay-opacity":"","overlay-gradient":""},"mobile":{"background-color":"var(--ast-global-color-5)","background-image":"","background-repeat":"repeat","background-position":"center center","background-size":"auto","background-attachment":"scroll","background-type":"","background-media":"","overlay-type":"","overlay-color":"","overlay-opacity":"","overlay-gradient":""}},"footnotes":""},"class_list":["post-43","page","type-page","status-publish","hentry"],"post_mailing_queue_ids":[],"_links":{"self":[{"href":"https:\/\/agora.xtec.cat\/instorrasibages\/wp-json\/wp\/v2\/pages\/43","targetHints":{"allow":["GET"]}}],"collection":[{"href":"https:\/\/agora.xtec.cat\/instorrasibages\/wp-json\/wp\/v2\/pages"}],"about":[{"href":"https:\/\/agora.xtec.cat\/instorrasibages\/wp-json\/wp\/v2\/types\/page"}],"author":[{"embeddable":true,"href":"https:\/\/agora.xtec.cat\/instorrasibages\/wp-json\/wp\/v2\/users\/1"}],"replies":[{"embeddable":true,"href":"https:\/\/agora.xtec.cat\/instorrasibages\/wp-json\/wp\/v2\/comments?post=43"}],"version-history":[{"count":6,"href":"https:\/\/agora.xtec.cat\/instorrasibages\/wp-json\/wp\/v2\/pages\/43\/revisions"}],"predecessor-version":[{"id":5002,"href":"https:\/\/agora.xtec.cat\/instorrasibages\/wp-json\/wp\/v2\/pages\/43\/revisions\/5002"}],"up":[{"embeddable":true,"href":"https:\/\/agora.xtec.cat\/instorrasibages\/wp-json\/wp\/v2\/pages\/19"}],"wp:attachment":[{"href":"https:\/\/agora.xtec.cat\/instorrasibages\/wp-json\/wp\/v2\/media?parent=43"}],"curies":[{"name":"wp","href":"https:\/\/api.w.org\/{rel}","templated":true}]}}