{"id":3307,"date":"2021-05-04T11:09:22","date_gmt":"2021-05-04T09:09:22","guid":{"rendered":"http:\/\/agora.xtec.cat\/instorrasibages\/?page_id=3307"},"modified":"2026-03-03T12:49:46","modified_gmt":"2026-03-03T11:49:46","slug":"batxibac","status":"publish","type":"page","link":"https:\/\/agora.xtec.cat\/instorrasibages\/linstitut\/portesobertes\/batxibac\/","title":{"rendered":"Batxibac"},"content":{"rendered":"<header class=\"entry-header\">\n<h6 class=\"entry-title\"><span style=\"color: #000000;\"><span style=\"font-family: inherit; font-size: 1em; font-weight: normal;\">Un dels trets distintius de l\u2019Institut Torras i Bages \u00e9s l\u2019oferta de <\/span><strong style=\"font-family: inherit; font-size: 1em;\">Batxibac<\/strong><span style=\"font-family: inherit; font-size: 1em; font-weight: normal;\">: la possibilitat d\u2019obtenir la doble titulaci\u00f3 en Batxillerat i Baccalaur\u00e9at, el batxillerat franc\u00e8s. Aquesta doble titulaci\u00f3 neix dels acords dels governs franc\u00e8s i espanyol, signat a Par\u00eds el 2008, per tal que l\u2019alumnat que completi aquest curr\u00edculum mixt pugui accedir als estudis superiors i a la formaci\u00f3 i activitat professional, tant a Espanya com a qualsevol pa\u00eds fr\u00e0nc\u00f2fon.<\/span><\/span><\/h6>\n<\/header>\n<div class=\"entry-content\">\n<div class=\"flex_column av_one_full av-animated-generic bottom-to-top flex_column_div av-zero-column-padding first avia-builder-el-5 el_after_av_one_full el_before_av_hr column-top-margin avia_start_animation avia_start_delayed_animation\">\n<section class=\"av_textblock_section \">\n<div class=\"avia_textblock \">\n<p>Aquests estudis consisteixen en un curr\u00edculum mixt i est\u00e0 integrat pels continguts propis del batxillerat i pels continguts essencials per al coneixement de la llengua i la literatura francesa, a m\u00e9s de la realitat hist\u00f2rica, social, cultural i pol\u00edtica de Fran\u00e7a.<\/p>\n<p>Els estudiants cursaran les mat\u00e8ries pr\u00f2pies de la modalitat triada i un ter\u00e7 de l\u2019horari lectiu en llengua francesa. A m\u00e9s, hauran de realitzar una prova externa per dues mat\u00e8ries obligat\u00f2ries (Llengua francesa i Hist\u00f2ria de Fran\u00e7a). En acabar l\u2019etapa, l\u2019alumnat podr\u00e0 acreditar aut\u00f2maticament el nivell B2 en llengua francesa (Marc com\u00fa europeu de refer\u00e8ncia per a les lleng\u00fces).<\/p>\n<\/div>\n<\/section>\n<\/div>\n<p>En aquesta imatge teniu la informaci\u00f3 b\u00e0sica sobre el Batxibac i el proc\u00e9s de matriculaci\u00f3, per\u00f2 si hi cliqueu, us redirigirem a <a href=\"https:\/\/agora.xtec.cat\/instorrasibages\/estudis-activitats\/batxibac\/\">l&#8217;apartat de Batxibac de la nostra web<\/a>.<\/p>\n<p><iframe loading=\"lazy\" title=\"YouTube video player\" src=\"\/\/www.youtube.com\/embed\/LZBrRGZYRes?si=s9HyfngfZAunLErw\" width=\"560\" height=\"315\" frameborder=\"0\" allowfullscreen=\"allowfullscreen\"><\/iframe><\/p>\n<\/div>\n","protected":false},"excerpt":{"rendered":"<p>Un dels trets distintius de l\u2019Institut Torras i Bages \u00e9s l\u2019oferta de Batxibac: la possibilitat d\u2019obtenir la doble titulaci\u00f3 en Batxillerat i Baccalaur\u00e9at, el batxillerat franc\u00e8s. Aquesta doble titulaci\u00f3 neix dels acords dels governs franc\u00e8s i espanyol, signat a Par\u00eds el 2008, per tal que l\u2019alumnat que completi aquest curr\u00edculum mixt pugui accedir als estudis [&hellip;]<\/p>\n","protected":false},"author":1,"featured_media":0,"parent":2782,"menu_order":3,"comment_status":"closed","ping_status":"closed","template":"","meta":{"_bbp_topic_count":0,"_bbp_reply_count":0,"_bbp_total_topic_count":0,"_bbp_total_reply_count":0,"_bbp_voice_count":0,"_bbp_anonymous_reply_count":0,"_bbp_topic_count_hidden":0,"_bbp_reply_count_hidden":0,"_bbp_forum_subforum_count":0,"site-sidebar-layout":"default","site-content-layout":"","ast-site-content-layout":"default","site-content-style":"default","site-sidebar-style":"default","ast-global-header-display":"","ast-banner-title-visibility":"","ast-main-header-display":"","ast-hfb-above-header-display":"","ast-hfb-below-header-display":"","ast-hfb-mobile-header-display":"","site-post-title":"","ast-breadcrumbs-content":"","ast-featured-img":"","footer-sml-layout":"","theme-transparent-header-meta":"default","adv-header-id-meta":"","stick-header-meta":"","header-above-stick-meta":"","header-main-stick-meta":"","header-below-stick-meta":"","astra-migrate-meta-layouts":"set","ast-page-background-enabled":"default","ast-page-background-meta":{"desktop":{"background-color":"var(--ast-global-color-4)","background-image":"","background-repeat":"repeat","background-position":"center center","background-size":"auto","background-attachment":"scroll","background-type":"","background-media":"","overlay-type":"","overlay-color":"","overlay-opacity":"","overlay-gradient":""},"tablet":{"background-color":"","background-image":"","background-repeat":"repeat","background-position":"center center","background-size":"auto","background-attachment":"scroll","background-type":"","background-media":"","overlay-type":"","overlay-color":"","overlay-opacity":"","overlay-gradient":""},"mobile":{"background-color":"","background-image":"","background-repeat":"repeat","background-position":"center center","background-size":"auto","background-attachment":"scroll","background-type":"","background-media":"","overlay-type":"","overlay-color":"","overlay-opacity":"","overlay-gradient":""}},"ast-content-background-meta":{"desktop":{"background-color":"var(--ast-global-color-5)","background-image":"","background-repeat":"repeat","background-position":"center center","background-size":"auto","background-attachment":"scroll","background-type":"","background-media":"","overlay-type":"","overlay-color":"","overlay-opacity":"","overlay-gradient":""},"tablet":{"background-color":"var(--ast-global-color-5)","background-image":"","background-repeat":"repeat","background-position":"center center","background-size":"auto","background-attachment":"scroll","background-type":"","background-media":"","overlay-type":"","overlay-color":"","overlay-opacity":"","overlay-gradient":""},"mobile":{"background-color":"var(--ast-global-color-5)","background-image":"","background-repeat":"repeat","background-position":"center center","background-size":"auto","background-attachment":"scroll","background-type":"","background-media":"","overlay-type":"","overlay-color":"","overlay-opacity":"","overlay-gradient":""}},"footnotes":""},"class_list":["post-3307","page","type-page","status-publish","hentry"],"post_mailing_queue_ids":[],"_links":{"self":[{"href":"https:\/\/agora.xtec.cat\/instorrasibages\/wp-json\/wp\/v2\/pages\/3307","targetHints":{"allow":["GET"]}}],"collection":[{"href":"https:\/\/agora.xtec.cat\/instorrasibages\/wp-json\/wp\/v2\/pages"}],"about":[{"href":"https:\/\/agora.xtec.cat\/instorrasibages\/wp-json\/wp\/v2\/types\/page"}],"author":[{"embeddable":true,"href":"https:\/\/agora.xtec.cat\/instorrasibages\/wp-json\/wp\/v2\/users\/1"}],"replies":[{"embeddable":true,"href":"https:\/\/agora.xtec.cat\/instorrasibages\/wp-json\/wp\/v2\/comments?post=3307"}],"version-history":[{"count":4,"href":"https:\/\/agora.xtec.cat\/instorrasibages\/wp-json\/wp\/v2\/pages\/3307\/revisions"}],"predecessor-version":[{"id":4425,"href":"https:\/\/agora.xtec.cat\/instorrasibages\/wp-json\/wp\/v2\/pages\/3307\/revisions\/4425"}],"up":[{"embeddable":true,"href":"https:\/\/agora.xtec.cat\/instorrasibages\/wp-json\/wp\/v2\/pages\/2782"}],"wp:attachment":[{"href":"https:\/\/agora.xtec.cat\/instorrasibages\/wp-json\/wp\/v2\/media?parent=3307"}],"curies":[{"name":"wp","href":"https:\/\/api.w.org\/{rel}","templated":true}]}}