{"id":3147,"date":"2021-03-03T13:58:39","date_gmt":"2021-03-03T12:58:39","guid":{"rendered":"http:\/\/agora.xtec.cat\/instorrasibages\/?page_id=3147"},"modified":"2021-03-03T14:40:50","modified_gmt":"2021-03-03T13:40:50","slug":"tutorials-per-fer-la-preinscripcio","status":"publish","type":"page","link":"https:\/\/agora.xtec.cat\/instorrasibages\/secretaria\/preinscripcions-2025-2026\/tutorials-per-fer-la-preinscripcio\/","title":{"rendered":"Tutorials per fer la preinscripci\u00f3"},"content":{"rendered":"<p style=\"text-align: center;\"><em>A la web<strong><a href=\"https:\/\/preinscripcio.gencat.cat\/ca\/estudis\/eso\/ajuda\/pindoles-multimedia\/\"> preinscripcio.gencat.cat<\/a><\/strong> tamb\u00e9 trobaran podcasts amb explicacions sobre altres dubtes que puguin tenir<\/em><\/p>\n<p><strong>Com fer la preinscripci\u00f3 en l\u00ednia<\/strong><\/p>\n<div style=\"width: 1280px;\" class=\"wp-video\"><!--[if lt IE 9]><script>document.createElement('video');<\/script><![endif]-->\n<video class=\"wp-video-shortcode\" id=\"video-3147-1\" width=\"1280\" height=\"720\" preload=\"metadata\" controls=\"controls\"><source type=\"video\/mp4\" src=\"https:\/\/agora.xtec.cat\/instorrasibages\/wp-content\/uploads\/usu1556\/2021\/03\/IMG_2506.mp4?_=1\" \/><a href=\"https:\/\/agora.xtec.cat\/instorrasibages\/wp-content\/uploads\/usu1556\/2021\/03\/IMG_2506.mp4\">https:\/\/agora.xtec.cat\/instorrasibages\/wp-content\/uploads\/usu1556\/2021\/03\/IMG_2506.mp4<\/a><\/video><\/div>\n<p><strong>Com digitalitzar els documents<\/strong><\/p>\n<div style=\"width: 1280px;\" class=\"wp-video\"><video class=\"wp-video-shortcode\" id=\"video-3147-2\" width=\"1280\" height=\"720\" preload=\"metadata\" controls=\"controls\"><source type=\"video\/mp4\" src=\"https:\/\/agora.xtec.cat\/instorrasibages\/wp-content\/uploads\/usu1556\/2021\/03\/IMG_2507.mp4?_=2\" \/><a href=\"https:\/\/agora.xtec.cat\/instorrasibages\/wp-content\/uploads\/usu1556\/2021\/03\/IMG_2507.mp4\">https:\/\/agora.xtec.cat\/instorrasibages\/wp-content\/uploads\/usu1556\/2021\/03\/IMG_2507.mp4<\/a><\/video><\/div>\n","protected":false},"excerpt":{"rendered":"<p>A la web preinscripcio.gencat.cat tamb\u00e9 trobaran podcasts amb explicacions sobre altres dubtes que puguin tenir Com fer la preinscripci\u00f3 en l\u00ednia Com digitalitzar els documents<\/p>\n","protected":false},"author":1,"featured_media":0,"parent":1608,"menu_order":4,"comment_status":"closed","ping_status":"closed","template":"page-templates\/side-menu.php","meta":{"_bbp_topic_count":0,"_bbp_reply_count":0,"_bbp_total_topic_count":0,"_bbp_total_reply_count":0,"_bbp_voice_count":0,"_bbp_anonymous_reply_count":0,"_bbp_topic_count_hidden":0,"_bbp_reply_count_hidden":0,"_bbp_forum_subforum_count":0,"site-sidebar-layout":"default","site-content-layout":"","ast-site-content-layout":"","site-content-style":"default","site-sidebar-style":"default","ast-global-header-display":"","ast-banner-title-visibility":"","ast-main-header-display":"","ast-hfb-above-header-display":"","ast-hfb-below-header-display":"","ast-hfb-mobile-header-display":"","site-post-title":"","ast-breadcrumbs-content":"","ast-featured-img":"","footer-sml-layout":"","theme-transparent-header-meta":"","adv-header-id-meta":"","stick-header-meta":"","header-above-stick-meta":"","header-main-stick-meta":"","header-below-stick-meta":"","astra-migrate-meta-layouts":"default","ast-page-background-enabled":"default","ast-page-background-meta":{"desktop":{"background-color":"var(--ast-global-color-4)","background-image":"","background-repeat":"repeat","background-position":"center center","background-size":"auto","background-attachment":"scroll","background-type":"","background-media":"","overlay-type":"","overlay-color":"","overlay-opacity":"","overlay-gradient":""},"tablet":{"background-color":"","background-image":"","background-repeat":"repeat","background-position":"center center","background-size":"auto","background-attachment":"scroll","background-type":"","background-media":"","overlay-type":"","overlay-color":"","overlay-opacity":"","overlay-gradient":""},"mobile":{"background-color":"","background-image":"","background-repeat":"repeat","background-position":"center center","background-size":"auto","background-attachment":"scroll","background-type":"","background-media":"","overlay-type":"","overlay-color":"","overlay-opacity":"","overlay-gradient":""}},"ast-content-background-meta":{"desktop":{"background-color":"var(--ast-global-color-5)","background-image":"","background-repeat":"repeat","background-position":"center center","background-size":"auto","background-attachment":"scroll","background-type":"","background-media":"","overlay-type":"","overlay-color":"","overlay-opacity":"","overlay-gradient":""},"tablet":{"background-color":"var(--ast-global-color-5)","background-image":"","background-repeat":"repeat","background-position":"center center","background-size":"auto","background-attachment":"scroll","background-type":"","background-media":"","overlay-type":"","overlay-color":"","overlay-opacity":"","overlay-gradient":""},"mobile":{"background-color":"var(--ast-global-color-5)","background-image":"","background-repeat":"repeat","background-position":"center center","background-size":"auto","background-attachment":"scroll","background-type":"","background-media":"","overlay-type":"","overlay-color":"","overlay-opacity":"","overlay-gradient":""}},"footnotes":""},"class_list":["post-3147","page","type-page","status-publish","hentry"],"post_mailing_queue_ids":[],"_links":{"self":[{"href":"https:\/\/agora.xtec.cat\/instorrasibages\/wp-json\/wp\/v2\/pages\/3147","targetHints":{"allow":["GET"]}}],"collection":[{"href":"https:\/\/agora.xtec.cat\/instorrasibages\/wp-json\/wp\/v2\/pages"}],"about":[{"href":"https:\/\/agora.xtec.cat\/instorrasibages\/wp-json\/wp\/v2\/types\/page"}],"author":[{"embeddable":true,"href":"https:\/\/agora.xtec.cat\/instorrasibages\/wp-json\/wp\/v2\/users\/1"}],"replies":[{"embeddable":true,"href":"https:\/\/agora.xtec.cat\/instorrasibages\/wp-json\/wp\/v2\/comments?post=3147"}],"version-history":[{"count":3,"href":"https:\/\/agora.xtec.cat\/instorrasibages\/wp-json\/wp\/v2\/pages\/3147\/revisions"}],"predecessor-version":[{"id":3166,"href":"https:\/\/agora.xtec.cat\/instorrasibages\/wp-json\/wp\/v2\/pages\/3147\/revisions\/3166"}],"up":[{"embeddable":true,"href":"https:\/\/agora.xtec.cat\/instorrasibages\/wp-json\/wp\/v2\/pages\/1608"}],"wp:attachment":[{"href":"https:\/\/agora.xtec.cat\/instorrasibages\/wp-json\/wp\/v2\/media?parent=3147"}],"curies":[{"name":"wp","href":"https:\/\/api.w.org\/{rel}","templated":true}]}}