{"id":3145,"date":"2021-03-03T13:24:38","date_gmt":"2021-03-03T12:24:38","guid":{"rendered":"http:\/\/agora.xtec.cat\/instorrasibages\/?page_id=3145"},"modified":"2025-04-25T09:30:29","modified_gmt":"2025-04-25T07:30:29","slug":"calendari-i-terminiseso","status":"publish","type":"page","link":"https:\/\/agora.xtec.cat\/instorrasibages\/secretaria\/preinscripcions-2025-2026\/calendari-i-terminiseso\/","title":{"rendered":"Calendari, terminis i llistats ESO"},"content":{"rendered":"<p style=\"text-align: center;\"><em>Tota la informaci\u00f3 sobre el calendari<\/em><em>, <a href=\"https:\/\/preinscripcio.gencat.cat\/ca\/estudis\/eso\/informat\/calendari\/\">aqu\u00ed<\/a><\/em><\/p>\n<h5><span style=\"color: #0000ff;\"><b>Presentaci\u00f3 de la sol\u00b7licitud de preinscripci\u00f3 i seguiment<\/b><\/span><\/h5>\n<ul>\n<li style=\"font-weight: 400;\" aria-level=\"1\">\n<h6>Del 6 al 20 de mar\u00e7 de 2024 (a partir de les 9 hores): presentaci\u00f3 de sol\u00b7licituds<\/h6>\n<\/li>\n<\/ul>\n<p><span style=\"font-weight: 400;\">\u00c9s molt important respectar les dates de presentaci\u00f3, perqu\u00e8 totes les sol\u00b7licituds que es presentin fora d&#8217;aquest termini perdran qualsevol prioritat a l&#8217;hora d&#8217;obtenir la pla\u00e7a. En la sol\u00b7licitud de preinscripci\u00f3 cal indicar si el centre escollit \u00e9s un centre adscrit a l&#8217;escola de prim\u00e0ria on s&#8217;han cursat els cursos anteriors. L&#8217;adscripci\u00f3 dels centres i els criteris de prioritat general serveixen per adjudicar una puntuaci\u00f3 a cada sol\u00b7licitud i establir l&#8217;ordre d&#8217;acc\u00e9s a les places dels centres. Cal presentar la sol\u00b7licitud i adjuntar-hi la documentaci\u00f3 d&#8217;identificaci\u00f3 o de criteris que correspongui.<\/span><\/p>\n<ul>\n<li><strong>Fins al 22 de mar\u00e7 de 2024: presentaci\u00f3 de documentaci\u00f3<\/strong><\/li>\n<\/ul>\n<div class=\"bloc-mobil\">\n<div class=\"descripcio link-dotted\">\n<p>Aquests dies pots presentar documentaci\u00f3 acreditativa que no hagis pogut adjuntar durant el per\u00edode de presentaci\u00f3 de sol\u00b7licituds.<\/p>\n<\/div>\n<\/div>\n<ul>\n<li style=\"font-weight: 400;\" aria-level=\"1\">\n<h6>17 d&#8217;abril de 2024: llista de sol\u00b7licituds amb la puntuaci\u00f3 provisional<\/h6>\n<\/li>\n<\/ul>\n<p><span style=\"font-weight: 400;\">Un cop acabat el per\u00edode de presentaci\u00f3 de sol\u00b7licituds, els centres educatius estudien cadascuna de les peticions que han rebut: n&#8217;analitzen les dades, els criteris de prioritat que les fam\u00edlies demanen que es tinguin en compte, i tamb\u00e9 els documents justificatius. Tot seguit, publiquen la llista de sol\u00b7licituds amb els barems provisionals. En aquesta llista hi ha les sol\u00b7licituds ordenades alfab\u00e8ticament amb la puntuaci\u00f3 que ha rebut cada sol\u00b7licitud en aplicar-hi el barem.<\/span><\/p>\n<p><a href=\"https:\/\/drive.google.com\/file\/d\/1Rp3rQUx9b3jkMyd3Kyqo9C1lzzihsLeM\/view?usp=drive_link\"><span style=\"color: #333399;\"><strong>Consulteu aqu\u00ed la puntuaci\u00f3 provisional!<\/strong><\/span><\/a><\/p>\n<ul>\n<li style=\"font-weight: 400;\" aria-level=\"1\">\n<h6>Del 17 al 22 d&#8217;abril de 2024: presentaci\u00f3 de reclamacions<\/h6>\n<\/li>\n<\/ul>\n<p><span style=\"font-weight: 400;\">Durant aquest per\u00edode, si detectes alguna errada o anomalia en el barem assignat, pots presentar una reclamaci\u00f3.<\/span><\/p>\n<ul>\n<li style=\"font-weight: 400;\" aria-level=\"1\">\n<h6><b>25 d&#8217;abril de 2024: llista de sol\u00b7licituds amb la puntuaci\u00f3 un cop resoltes les reclamacions<\/b><\/h6>\n<\/li>\n<\/ul>\n<p><span style=\"font-weight: 400;\">Un cop resoltes totes les reclamacions presentades, el centre publica la llista definitiva de sol\u00b7licituds amb la puntuaci\u00f3 i el n\u00famero de desempat corresponent.<\/span><\/p>\n<p><a href=\"https:\/\/drive.google.com\/file\/d\/1fueELEWIVaWB1Vjjw863Zb3i2rWwmCTL\/view?usp=drive_link\"><span style=\"color: #333399;\"><strong>Consulteu aqu\u00ed la llista!<\/strong><\/span><\/a><\/p>\n<ul>\n<li style=\"font-weight: 400;\" aria-level=\"1\">\n<h6>30 d&#8217;abril de 2024 a les 11 hores: sorteig per resoldre les sol\u00b7licituds de preinscripci\u00f3 empatades en punts<\/h6>\n<\/li>\n<\/ul>\n<p><span style=\"font-weight: 400;\">El nombre de places a cada centre educatiu \u00e9s limitat. Si el nombre de peticions supera el d&#8217;alumnes que l&#8217;escola pot acollir, cal aplicar un sistema de desempat entre les sol\u00b7licituds que tenen la mateixa puntuaci\u00f3. Per fer-ho, s&#8217;obt\u00e9 un n\u00famero per sorteig a partir del qual s&#8217;ordenen totes les peticions empatades en punts, tenint en compte el n\u00famero de desempat que s&#8217;ha assignat a cada sol\u00b7licitud. El sorteig tindr\u00e0 lloc a les 11 hores, als serveis centrals del Departament d\u2019Educaci\u00f3 (Via Augusta, 202, Barcelona).<\/span><\/p>\n<ul>\n<li style=\"font-weight: 400;\" aria-level=\"1\">\n<h6>2 de maig de 2024: llista ordenada<\/h6>\n<\/li>\n<\/ul>\n<p><span style=\"font-weight: 400;\">Despr\u00e9s del sorteig, s&#8217;elabora la llista de sol\u00b7licituds per a l&#8217;assignaci\u00f3 de places. Per fer aquesta llista, en primer lloc es t\u00e9 en compte l&#8217;alumnat amb necessitats educatives espec\u00edfiques; despr\u00e9s, la resta d&#8217;alumnes, tenint en compte les puntuacions de cada sol\u00b7licitud, de m\u00e9s a menys.<\/span><\/p>\n<ul>\n<li style=\"font-weight: 400;\" aria-level=\"1\">\n<h6>Del 29 al 31 de maig de 2024: ampliaci\u00f3 de peticions de preinscripci\u00f3 per a alumnes sense pla\u00e7a assignada a cap centre<\/h6>\n<\/li>\n<\/ul>\n<p><span style=\"font-weight: 400;\">Si no s&#8217;ha obtingut cap pla\u00e7a en els centres demanats i es tracta de sol\u00b7licituds per a P3, o en les quals s\u2019ha marcat expressament que es vol una assignaci\u00f3 d\u2019ofici, durant aquest per\u00edode es poden ampliar les peticions originals i demanar places en centres que en tinguin de disponibles, un cop fets ja els processos d\u2019assignaci\u00f3. Despr\u00e9s d\u2019aquesta ampliaci\u00f3 de la sol\u00b7licitud, es fa l\u2019\u00faltim proc\u00e9s d\u2019assignaci\u00f3 tenint en compte aquestes peticions ampliades.<\/span><\/p>\n<ul>\n<li style=\"font-weight: 400;\" aria-level=\"1\"><strong>7 de juny de 2024: oferta final de places escolars<\/strong>\n<div class=\"bloc-mobil\">\n<div class=\"descripcio link-dotted\"><span style=\"font-family: inherit; font-size: 1em;\">Publicaci\u00f3 del nombre de places escolars per centre i curs.<\/span><\/div>\n<\/div>\n<\/li>\n<\/ul>\n<ul>\n<li style=\"font-weight: 400;\" aria-level=\"1\"><b>7 de juny de 2021: llista d&#8217;alumnes admesos i llista d&#8217;espera<\/b><\/li>\n<\/ul>\n<p><span style=\"font-weight: 400;\">Finalment, es publica la llista d&#8217;alumnes admesos al centre i tamb\u00e9 la llista d&#8217;espera.<\/span><\/p>\n<h5><span style=\"color: #0000ff;\"><b>Formalitzaci\u00f3 de la matr\u00edcula<\/b><\/span><\/h5>\n<ul>\n<li aria-level=\"1\"><strong>Del 18 al 26 de juny de 2024: matriculaci\u00f3<\/strong><\/li>\n<\/ul>\n<p><span style=\"font-weight: 400;\">Un cop s&#8217;ha publicat la llista final d&#8217;alumnes admesos en cada centre, comen\u00e7a el per\u00edode de matriculaci\u00f3 dels preinscrits amb pla\u00e7a assignada.<\/span><\/p>\n<p>&nbsp;<\/p>\n","protected":false},"excerpt":{"rendered":"<p>Tota la informaci\u00f3 sobre el calendari, aqu\u00ed Presentaci\u00f3 de la sol\u00b7licitud de preinscripci\u00f3 i seguiment Del 6 al 20 de mar\u00e7 de 2024 (a partir de les 9 hores): presentaci\u00f3 de sol\u00b7licituds \u00c9s molt important respectar les dates de presentaci\u00f3, perqu\u00e8 totes les sol\u00b7licituds que es presentin fora d&#8217;aquest termini perdran qualsevol prioritat a l&#8217;hora [&hellip;]<\/p>\n","protected":false},"author":1,"featured_media":0,"parent":1608,"menu_order":3,"comment_status":"closed","ping_status":"closed","template":"page-templates\/side-menu.php","meta":{"_bbp_topic_count":0,"_bbp_reply_count":0,"_bbp_total_topic_count":0,"_bbp_total_reply_count":0,"_bbp_voice_count":0,"_bbp_anonymous_reply_count":0,"_bbp_topic_count_hidden":0,"_bbp_reply_count_hidden":0,"_bbp_forum_subforum_count":0,"site-sidebar-layout":"default","site-content-layout":"","ast-site-content-layout":"","site-content-style":"default","site-sidebar-style":"default","ast-global-header-display":"","ast-banner-title-visibility":"","ast-main-header-display":"","ast-hfb-above-header-display":"","ast-hfb-below-header-display":"","ast-hfb-mobile-header-display":"","site-post-title":"","ast-breadcrumbs-content":"","ast-featured-img":"","footer-sml-layout":"","theme-transparent-header-meta":"","adv-header-id-meta":"","stick-header-meta":"","header-above-stick-meta":"","header-main-stick-meta":"","header-below-stick-meta":"","astra-migrate-meta-layouts":"default","ast-page-background-enabled":"default","ast-page-background-meta":{"desktop":{"background-color":"var(--ast-global-color-4)","background-image":"","background-repeat":"repeat","background-position":"center center","background-size":"auto","background-attachment":"scroll","background-type":"","background-media":"","overlay-type":"","overlay-color":"","overlay-opacity":"","overlay-gradient":""},"tablet":{"background-color":"","background-image":"","background-repeat":"repeat","background-position":"center center","background-size":"auto","background-attachment":"scroll","background-type":"","background-media":"","overlay-type":"","overlay-color":"","overlay-opacity":"","overlay-gradient":""},"mobile":{"background-color":"","background-image":"","background-repeat":"repeat","background-position":"center center","background-size":"auto","background-attachment":"scroll","background-type":"","background-media":"","overlay-type":"","overlay-color":"","overlay-opacity":"","overlay-gradient":""}},"ast-content-background-meta":{"desktop":{"background-color":"var(--ast-global-color-5)","background-image":"","background-repeat":"repeat","background-position":"center center","background-size":"auto","background-attachment":"scroll","background-type":"","background-media":"","overlay-type":"","overlay-color":"","overlay-opacity":"","overlay-gradient":""},"tablet":{"background-color":"var(--ast-global-color-5)","background-image":"","background-repeat":"repeat","background-position":"center center","background-size":"auto","background-attachment":"scroll","background-type":"","background-media":"","overlay-type":"","overlay-color":"","overlay-opacity":"","overlay-gradient":""},"mobile":{"background-color":"var(--ast-global-color-5)","background-image":"","background-repeat":"repeat","background-position":"center center","background-size":"auto","background-attachment":"scroll","background-type":"","background-media":"","overlay-type":"","overlay-color":"","overlay-opacity":"","overlay-gradient":""}},"footnotes":""},"class_list":["post-3145","page","type-page","status-publish","hentry"],"post_mailing_queue_ids":[],"_links":{"self":[{"href":"https:\/\/agora.xtec.cat\/instorrasibages\/wp-json\/wp\/v2\/pages\/3145","targetHints":{"allow":["GET"]}}],"collection":[{"href":"https:\/\/agora.xtec.cat\/instorrasibages\/wp-json\/wp\/v2\/pages"}],"about":[{"href":"https:\/\/agora.xtec.cat\/instorrasibages\/wp-json\/wp\/v2\/types\/page"}],"author":[{"embeddable":true,"href":"https:\/\/agora.xtec.cat\/instorrasibages\/wp-json\/wp\/v2\/users\/1"}],"replies":[{"embeddable":true,"href":"https:\/\/agora.xtec.cat\/instorrasibages\/wp-json\/wp\/v2\/comments?post=3145"}],"version-history":[{"count":6,"href":"https:\/\/agora.xtec.cat\/instorrasibages\/wp-json\/wp\/v2\/pages\/3145\/revisions"}],"predecessor-version":[{"id":4818,"href":"https:\/\/agora.xtec.cat\/instorrasibages\/wp-json\/wp\/v2\/pages\/3145\/revisions\/4818"}],"up":[{"embeddable":true,"href":"https:\/\/agora.xtec.cat\/instorrasibages\/wp-json\/wp\/v2\/pages\/1608"}],"wp:attachment":[{"href":"https:\/\/agora.xtec.cat\/instorrasibages\/wp-json\/wp\/v2\/media?parent=3145"}],"curies":[{"name":"wp","href":"https:\/\/api.w.org\/{rel}","templated":true}]}}