{"id":3054,"date":"2021-02-16T11:21:47","date_gmt":"2021-02-16T10:21:47","guid":{"rendered":"http:\/\/agora.xtec.cat\/instorrasibages\/?page_id=3054"},"modified":"2024-10-20T17:10:21","modified_gmt":"2024-10-20T15:10:21","slug":"ieduca","status":"publish","type":"page","link":"https:\/\/agora.xtec.cat\/instorrasibages\/serveis-digitals\/ieduca\/","title":{"rendered":"iEduca"},"content":{"rendered":"<p>A l&#8217;institut Torras i Bages considerem que un dels pilars b\u00e0sics per a aconseguir l&#8217;\u00e8xit educatiu \u00e9s mantenir contacte directe i constant amb les fam\u00edlies, i per aix\u00f2 comptem amb la<strong> plataforma <span style=\"color: #0000ff;\">iEduca<\/span><\/strong><span style=\"color: #0000ff;\">,<\/span> a m\u00e9s del correu electr\u00f2nic corporatiu.<\/p>\n<p>A trav\u00e9s de l&#8217;aplicaci\u00f3 per a m\u00f2bils i tauletes<strong><span style=\"color: #0000ff;\"> iEduca Tokapp<\/span>\u00a0<\/strong>o a la p\u00e0gina <a href=\"https:\/\/instorrasibages.ieduca.com\/index.php?seccio=138\"><strong><span style=\"color: #0000ff;\">instorrasibages.ieduca.com<\/span><\/strong><\/a>, les fam\u00edlies poden:<\/p>\n<ul>\n<li>comprovar l&#8217;<strong>assist\u00e8ncia<\/strong> dels seus fills\/es<\/li>\n<li>rebre informaci\u00f3 sobre el <strong>seguiment diari<\/strong> de qualsevol mat\u00e8ria<\/li>\n<li>rebre <strong>comunicats oficials<\/strong> de la direcci\u00f3 del centre<\/li>\n<li>rebre i enviar <strong>missatges<\/strong> als tutors\/es<\/li>\n<li>rebre els <strong>butlletins de notes<\/strong> (no entreguem notes f\u00edsiques)<\/li>\n<li>fer <strong>pagaments<\/strong> de sortides i activitats<\/li>\n<\/ul>\n<p>Cada dia i nom\u00e9s <strong>quan hi hagi algun tipus d&#8217;incid\u00e8ncia,<\/strong> rebran notificacions:<\/p>\n<ul style=\"list-style-type: disc;\">\n<li>a les <strong>9.00 hores<\/strong>, per controlar l&#8217;assist\u00e8ncia a primera hora<\/li>\n<li>a les <strong>16.00 hores<\/strong> amb el resum d&#8217;incid\u00e8ncies del dia. Els enllacem a uns tutorials per tal d&#8217;ajudar-los a donar d&#8217;alta el compte i consultar la p\u00e0gina. Si no troben la informaci\u00f3 que necessiten, contactin amb els tutors i tutores assignats.<\/li>\n<\/ul>\n<p>&nbsp;<\/p>\n<p><span style=\"text-decoration: underline;\"><strong>TUTORIALS<\/strong><\/span><\/p>\n<p>Els enllacem a uns tutorials per tal d&#8217;ajudar-los a donar d&#8217;alta el compte i consultar la p\u00e0gina. Si no troben la informaci\u00f3 que necessiten, contactin amb els tutors i tutores.<\/p>\n<p><strong>Recordeu que, abans d&#8217;instal\u00b7lar Tokapp, cal activar i tenir actiu el compte de correu de fam\u00edlies de l&#8217;institut.<\/strong><\/p>\n<ul style=\"list-style-type: disc;\">\n<li><a href=\"https:\/\/www.youtube.com\/watch?v=J1A1eLSb450\">Com instal\u00b7lar Tokapp<\/a><\/li>\n<li><a href=\"https:\/\/www.youtube.com\/watch?v=uXd3RJxJ8m8\">Com justificar una falta o enviar un missatge al tutor<\/a><\/li>\n<li><a href=\"https:\/\/www.youtube.com\/watch?v=FI2hzoF8w50\">Com veure les notes<\/a><\/li>\n<li><a href=\"https:\/\/youtu.be\/G3JEMnshrDg?si=2iVK4gPSkbx630bs&amp;t=51\">Com recuperar la contrasenya<\/a><\/li>\n<li><a href=\"https:\/\/www.youtube.com\/watch?v=6_Z8UqLiqgI&amp;list=PLh6RbrqunrkUoTp8TdfsW3wEvQhprV8l-&amp;index=5\">Com fer un pagament a trav\u00e9s de iEduca Tokapp<\/a><\/li>\n<\/ul>\n<p><img loading=\"lazy\" decoding=\"async\" class=\"aligncenter size-full wp-image-4280\" src=\"https:\/\/agora.xtec.cat\/instorrasibages\/wp-content\/uploads\/usu1556\/2023\/09\/ieDUCA...png\" alt=\"\" width=\"287\" height=\"98\" \/><\/p>\n<p>&nbsp;<\/p>\n<p>&nbsp;<\/p>\n","protected":false},"excerpt":{"rendered":"<p>A l&#8217;institut Torras i Bages considerem que un dels pilars b\u00e0sics per a aconseguir l&#8217;\u00e8xit educatiu \u00e9s mantenir contacte directe i constant amb les fam\u00edlies, i per aix\u00f2 comptem amb la plataforma iEduca, a m\u00e9s del correu electr\u00f2nic corporatiu. A trav\u00e9s de l&#8217;aplicaci\u00f3 per a m\u00f2bils i tauletes iEduca Tokapp\u00a0o a la p\u00e0gina instorrasibages.ieduca.com, les [&hellip;]<\/p>\n","protected":false},"author":1,"featured_media":0,"parent":1396,"menu_order":3,"comment_status":"closed","ping_status":"closed","template":"page-templates\/side-menu.php","meta":{"_bbp_topic_count":0,"_bbp_reply_count":0,"_bbp_total_topic_count":0,"_bbp_total_reply_count":0,"_bbp_voice_count":0,"_bbp_anonymous_reply_count":0,"_bbp_topic_count_hidden":0,"_bbp_reply_count_hidden":0,"_bbp_forum_subforum_count":0,"site-sidebar-layout":"default","site-content-layout":"","ast-site-content-layout":"","site-content-style":"default","site-sidebar-style":"default","ast-global-header-display":"","ast-banner-title-visibility":"","ast-main-header-display":"","ast-hfb-above-header-display":"","ast-hfb-below-header-display":"","ast-hfb-mobile-header-display":"","site-post-title":"","ast-breadcrumbs-content":"","ast-featured-img":"","footer-sml-layout":"","theme-transparent-header-meta":"","adv-header-id-meta":"","stick-header-meta":"","header-above-stick-meta":"","header-main-stick-meta":"","header-below-stick-meta":"","astra-migrate-meta-layouts":"default","ast-page-background-enabled":"default","ast-page-background-meta":{"desktop":{"background-color":"var(--ast-global-color-4)","background-image":"","background-repeat":"repeat","background-position":"center center","background-size":"auto","background-attachment":"scroll","background-type":"","background-media":"","overlay-type":"","overlay-color":"","overlay-opacity":"","overlay-gradient":""},"tablet":{"background-color":"","background-image":"","background-repeat":"repeat","background-position":"center center","background-size":"auto","background-attachment":"scroll","background-type":"","background-media":"","overlay-type":"","overlay-color":"","overlay-opacity":"","overlay-gradient":""},"mobile":{"background-color":"","background-image":"","background-repeat":"repeat","background-position":"center center","background-size":"auto","background-attachment":"scroll","background-type":"","background-media":"","overlay-type":"","overlay-color":"","overlay-opacity":"","overlay-gradient":""}},"ast-content-background-meta":{"desktop":{"background-color":"var(--ast-global-color-5)","background-image":"","background-repeat":"repeat","background-position":"center center","background-size":"auto","background-attachment":"scroll","background-type":"","background-media":"","overlay-type":"","overlay-color":"","overlay-opacity":"","overlay-gradient":""},"tablet":{"background-color":"var(--ast-global-color-5)","background-image":"","background-repeat":"repeat","background-position":"center center","background-size":"auto","background-attachment":"scroll","background-type":"","background-media":"","overlay-type":"","overlay-color":"","overlay-opacity":"","overlay-gradient":""},"mobile":{"background-color":"var(--ast-global-color-5)","background-image":"","background-repeat":"repeat","background-position":"center center","background-size":"auto","background-attachment":"scroll","background-type":"","background-media":"","overlay-type":"","overlay-color":"","overlay-opacity":"","overlay-gradient":""}},"footnotes":""},"class_list":["post-3054","page","type-page","status-publish","hentry"],"post_mailing_queue_ids":[],"_links":{"self":[{"href":"https:\/\/agora.xtec.cat\/instorrasibages\/wp-json\/wp\/v2\/pages\/3054","targetHints":{"allow":["GET"]}}],"collection":[{"href":"https:\/\/agora.xtec.cat\/instorrasibages\/wp-json\/wp\/v2\/pages"}],"about":[{"href":"https:\/\/agora.xtec.cat\/instorrasibages\/wp-json\/wp\/v2\/types\/page"}],"author":[{"embeddable":true,"href":"https:\/\/agora.xtec.cat\/instorrasibages\/wp-json\/wp\/v2\/users\/1"}],"replies":[{"embeddable":true,"href":"https:\/\/agora.xtec.cat\/instorrasibages\/wp-json\/wp\/v2\/comments?post=3054"}],"version-history":[{"count":6,"href":"https:\/\/agora.xtec.cat\/instorrasibages\/wp-json\/wp\/v2\/pages\/3054\/revisions"}],"predecessor-version":[{"id":4593,"href":"https:\/\/agora.xtec.cat\/instorrasibages\/wp-json\/wp\/v2\/pages\/3054\/revisions\/4593"}],"up":[{"embeddable":true,"href":"https:\/\/agora.xtec.cat\/instorrasibages\/wp-json\/wp\/v2\/pages\/1396"}],"wp:attachment":[{"href":"https:\/\/agora.xtec.cat\/instorrasibages\/wp-json\/wp\/v2\/media?parent=3054"}],"curies":[{"name":"wp","href":"https:\/\/api.w.org\/{rel}","templated":true}]}}