{"id":3014,"date":"2021-02-10T15:06:33","date_gmt":"2021-02-10T14:06:33","guid":{"rendered":"http:\/\/agora.xtec.cat\/instorrasibages\/?page_id=3014"},"modified":"2026-03-23T14:52:49","modified_gmt":"2026-03-23T13:52:49","slug":"batxillerat","status":"publish","type":"page","link":"https:\/\/agora.xtec.cat\/instorrasibages\/batxillerat\/","title":{"rendered":"Batxillerat"},"content":{"rendered":"<h5 style=\"text-align: center;\"><a href=\"#que-es-batx\">Qu\u00e8 \u00e9s?<\/a> | <a href=\"#mod\">Modalitats <\/a>| <a href=\"#org\">Organitzaci\u00f3<\/a> | <a href=\"#pre\">Preinscripci\u00f3<\/a> | <a href=\"https:\/\/agora.xtec.cat\/instorrasibages\/portesobertes\/\">Coneix el nostre centre<\/a><\/h5>\n<h3 style=\"text-align: left;\"><span style=\"font-weight: 400;\"><a id=\"que-es-batx\"><\/a>Qu\u00e8 \u00e9s el batxillerat?<\/span><\/h3>\n<p>El\u00a0<strong>Batxillerat\u00a0<\/strong>\u00e9s la darrera etapa de l&#8217;Educaci\u00f3 Secund\u00e0ria, t\u00e9 car\u00e0cter voluntari i la seva durada \u00e9s de dos cursos, normalment es realitza entre els 16 i els 18 anys. Es desenvolupa en modalitats diferents, de manera flexible i podent cursar diferents vies dins de cada modalitat per poder oferir una formaci\u00f3 m\u00e9s especialitzada tenint en compte els interessos professionals de l&#8217;alumnat.<\/p>\n<p>Els estudis d&#8217;aquesta etapa tenen les seg\u00fcents finalitats:<\/p>\n<ul>\n<li>Impartir una<strong>\u00a0formaci\u00f3 general<\/strong>\u00a0per a adquirir una \u00e0mplia gamma de sabers i habilitats.<\/li>\n<li>Assegurar les<strong>\u00a0bases per a estudis posteriors<\/strong>, tant\u00a0universitaris\u00a0com de\u00a0formaci\u00f3 professional.<\/li>\n<li>Fomentar\u00a0el pensament cr\u00edtic per consolidar una\u00a0<strong>maduresa intel\u00b7lectual i personal<\/strong>\u00a0que permeti\u00a0incorporar-se a la vida activa amb responsabilitat i compet\u00e8ncia.<\/li>\n<\/ul>\n<p>Per accedir al Batxillerat cal que estiguis en possessi\u00f3 del t\u00edtol de graduat en Educaci\u00f3 Secund\u00e0ria Obligat\u00f2ria (ESO). En finalitzar satisfact\u00f2riament els estudis, rebr\u00e0s el t\u00edtol de batxillerat, en qualsevol de les seves modalitats.<\/p>\n<h3><span style=\"font-weight: 400;\"><a id=\"mod\"><\/a>Modalitats que oferim<\/span><\/h3>\n<p>A l&#8217;Institut Torras i Bages es poden estudiar les seg\u00fcents modalitats:<\/p>\n<ul>\n<li>Ci\u00e8ncies i tecnologia\n<ul>\n<li>itinerari cient\u00edfic<\/li>\n<li>itinerari tecnol\u00f2gic<\/li>\n<\/ul>\n<\/li>\n<li>Humanitats i ci\u00e8ncies socials\n<ul>\n<li>itinerari Humanitats<\/li>\n<li>itinerari Ci\u00e8ncies socials<\/li>\n<\/ul>\n<\/li>\n<\/ul>\n<p>Totes les modalitats es poden cursar amb opci\u00f3 <a href=\"https:\/\/agora.xtec.cat\/instorrasibages\/portesobertes\/batxibac\/\"><strong>batxibac<\/strong><\/a>, en exclusiva a la ciutat de l&#8217;Hospitalet de Llobregat.<\/p>\n<h3><span style=\"font-weight: 400;\"><a id=\"org\"><\/a>Organitzaci\u00f3 del batxillerat<\/span><\/h3>\n<ul>\n<li><span style=\"font-weight: 400;\"><strong>Presentaci\u00f3 general de l&#8217;etapa<\/strong><\/span><\/li>\n<\/ul>\n<p><iframe loading=\"lazy\" src=\"https:\/\/docs.google.com\/presentation\/d\/14aXkV8n2tlyNB4sCGR5FUR9PVZejO5jtvn0LlTTmfZw\/embed?start=false&amp;loop=false&amp;delayms=3000\" width=\"960\" height=\"569\" frameborder=\"0\" allowfullscreen=\"allowfullscreen\"><span data-mce-type=\"bookmark\" style=\"display: inline-block; width: 0px; overflow: hidden; line-height: 0;\" class=\"mce_SELRES_start\">\ufeff<\/span><\/iframe><\/p>\n<ul>\n<li><span style=\"font-weight: 400;\"><strong>Oferta curricular de batxillerat (promoci\u00f3 2026-2028)<\/strong><\/span><\/li>\n<\/ul>\n<p style=\"text-align: left;\"><iframe loading=\"lazy\" style=\"border: 0;\" src=\"https:\/\/drive.google.com\/file\/d\/1dTBfsvBq56cyJpAOGsmUZjBTPbyF5Y0b\/preview\" width=\"90%\" height=\"600px\"><\/iframe><\/p>\n<h3 style=\"text-align: left;\"><span style=\"font-weight: 400;\"><a id=\"pre\"><\/a>Preinscripci\u00f3 (alumnes externs) per al curs 2026-2027<\/span><\/h3>\n<p>En <a href=\"https:\/\/preinscripcio.gencat.cat\/ca\/estudis\/batxillerat\/inici\/\">aquest enlla\u00e7<\/a> trobareu la informaci\u00f3 sobre el proc\u00e9s de preinscripci\u00f3 per a batxillerat.<\/p>\n<p style=\"text-align: left;\"><strong>Dates de preinscripci\u00f3 de batxillerat (alumnes externs): del 9 al 16 d&#8217;abril de 2026<\/strong><\/p>\n<h3><span style=\"font-weight: 400;\">Contacte<\/span><\/h3>\n<p>Si necessiteu m\u00e9s informaci\u00f3, podeu posar-vos en contacte amb l&#8217;institut mitjan\u00e7ant el correu <a href=\"mailto:a8019320@xtec.cat\">a8019320@xtec.cat<\/a><\/p>\n","protected":false},"excerpt":{"rendered":"<p>Qu\u00e8 \u00e9s? | Modalitats | Organitzaci\u00f3 | Preinscripci\u00f3 | Coneix el nostre centre Qu\u00e8 \u00e9s el batxillerat? El\u00a0Batxillerat\u00a0\u00e9s la darrera etapa de l&#8217;Educaci\u00f3 Secund\u00e0ria, t\u00e9 car\u00e0cter voluntari i la seva durada \u00e9s de dos cursos, normalment es realitza entre els 16 i els 18 anys. Es desenvolupa en modalitats diferents, de manera flexible i podent [&hellip;]<\/p>\n","protected":false},"author":1,"featured_media":0,"parent":0,"menu_order":2,"comment_status":"closed","ping_status":"closed","template":"","meta":{"_bbp_topic_count":0,"_bbp_reply_count":0,"_bbp_total_topic_count":0,"_bbp_total_reply_count":0,"_bbp_voice_count":0,"_bbp_anonymous_reply_count":0,"_bbp_topic_count_hidden":0,"_bbp_reply_count_hidden":0,"_bbp_forum_subforum_count":0,"site-sidebar-layout":"default","site-content-layout":"","ast-site-content-layout":"default","site-content-style":"default","site-sidebar-style":"default","ast-global-header-display":"","ast-banner-title-visibility":"","ast-main-header-display":"","ast-hfb-above-header-display":"","ast-hfb-below-header-display":"","ast-hfb-mobile-header-display":"","site-post-title":"","ast-breadcrumbs-content":"","ast-featured-img":"","footer-sml-layout":"","theme-transparent-header-meta":"default","adv-header-id-meta":"","stick-header-meta":"","header-above-stick-meta":"","header-main-stick-meta":"","header-below-stick-meta":"","astra-migrate-meta-layouts":"set","ast-page-background-enabled":"default","ast-page-background-meta":{"desktop":{"background-color":"var(--ast-global-color-4)","background-image":"","background-repeat":"repeat","background-position":"center center","background-size":"auto","background-attachment":"scroll","background-type":"","background-media":"","overlay-type":"","overlay-color":"","overlay-opacity":"","overlay-gradient":""},"tablet":{"background-color":"","background-image":"","background-repeat":"repeat","background-position":"center center","background-size":"auto","background-attachment":"scroll","background-type":"","background-media":"","overlay-type":"","overlay-color":"","overlay-opacity":"","overlay-gradient":""},"mobile":{"background-color":"","background-image":"","background-repeat":"repeat","background-position":"center center","background-size":"auto","background-attachment":"scroll","background-type":"","background-media":"","overlay-type":"","overlay-color":"","overlay-opacity":"","overlay-gradient":""}},"ast-content-background-meta":{"desktop":{"background-color":"var(--ast-global-color-5)","background-image":"","background-repeat":"repeat","background-position":"center center","background-size":"auto","background-attachment":"scroll","background-type":"","background-media":"","overlay-type":"","overlay-color":"","overlay-opacity":"","overlay-gradient":""},"tablet":{"background-color":"var(--ast-global-color-5)","background-image":"","background-repeat":"repeat","background-position":"center center","background-size":"auto","background-attachment":"scroll","background-type":"","background-media":"","overlay-type":"","overlay-color":"","overlay-opacity":"","overlay-gradient":""},"mobile":{"background-color":"var(--ast-global-color-5)","background-image":"","background-repeat":"repeat","background-position":"center center","background-size":"auto","background-attachment":"scroll","background-type":"","background-media":"","overlay-type":"","overlay-color":"","overlay-opacity":"","overlay-gradient":""}},"footnotes":""},"class_list":["post-3014","page","type-page","status-publish","hentry"],"post_mailing_queue_ids":[],"_links":{"self":[{"href":"https:\/\/agora.xtec.cat\/instorrasibages\/wp-json\/wp\/v2\/pages\/3014","targetHints":{"allow":["GET"]}}],"collection":[{"href":"https:\/\/agora.xtec.cat\/instorrasibages\/wp-json\/wp\/v2\/pages"}],"about":[{"href":"https:\/\/agora.xtec.cat\/instorrasibages\/wp-json\/wp\/v2\/types\/page"}],"author":[{"embeddable":true,"href":"https:\/\/agora.xtec.cat\/instorrasibages\/wp-json\/wp\/v2\/users\/1"}],"replies":[{"embeddable":true,"href":"https:\/\/agora.xtec.cat\/instorrasibages\/wp-json\/wp\/v2\/comments?post=3014"}],"version-history":[{"count":6,"href":"https:\/\/agora.xtec.cat\/instorrasibages\/wp-json\/wp\/v2\/pages\/3014\/revisions"}],"predecessor-version":[{"id":5061,"href":"https:\/\/agora.xtec.cat\/instorrasibages\/wp-json\/wp\/v2\/pages\/3014\/revisions\/5061"}],"wp:attachment":[{"href":"https:\/\/agora.xtec.cat\/instorrasibages\/wp-json\/wp\/v2\/media?parent=3014"}],"curies":[{"name":"wp","href":"https:\/\/api.w.org\/{rel}","templated":true}]}}