{"id":2999,"date":"2021-02-10T13:41:37","date_gmt":"2021-02-10T12:41:37","guid":{"rendered":"http:\/\/agora.xtec.cat\/instorrasibages\/?page_id=2999"},"modified":"2021-02-18T14:48:55","modified_gmt":"2021-02-18T13:48:55","slug":"acces-a-la-universitat","status":"publish","type":"page","link":"https:\/\/agora.xtec.cat\/instorrasibages\/estudis-activitats\/batxibac\/acces-a-la-universitat\/","title":{"rendered":"Acc\u00e9s a la universitat"},"content":{"rendered":"<p>L&#8217;alumnat amb la doble titulaci\u00f3 tenen l&#8217;avantatge de poder accedir a les universitats espanyoles fent servir el seu t\u00edtol de Batxillerat o el Dipl\u00f4me du Baccalaur\u00e9at.<\/p>\n<p>Tanmateix, tamb\u00e9 poden accedir a la universitat francesa en les mateixes condicions que un estudiant procedent del sistema educatiu franc\u00e8s (amb el Dipl\u00f4me du Baccalaur\u00e9at) o de l&#8217;espanyol (amb el t\u00edtol de Batxillerat), i poden acollidr-se als beneficis que el sistema franc\u00e8s concedeix als aspirants que hagin cursat estudis biling\u00fces<\/p>\n<p><strong>Acc\u00e9s a les universitats espanyoles<\/strong><\/p>\n<p>L&#8217;alumnat de Batxibac que hagin superat la prova externa i vulguin accedir a la universitat espanyola <strong>mitjan\u00e7ant el t\u00edtol de<\/strong> <strong>Batxillerat<\/strong> podran realitzar les proves PAU amb la resta dels seus companys, per\u00f2 no necessiten fer les proves d&#8217;Hist\u00f2ria d&#8217;Espanya i la de Primera llengua estrangera. Si ho desitgen, aquestes mat\u00e8ries seran qualificades amb la nota que van obtenir a les proves externes d&#8217;Hist\u00f2ria d&#8217;Espanya i Fran\u00e7a i Llengua i literatura franceses.<\/p>\n<p>A m\u00e9s, els estudiants que desitgin millorar la seva nota d&#8217;admissi\u00f3 podran examinar-se, com a m\u00ednim, de dues mat\u00e8ries d&#8217;opci\u00f3 del bloc d&#8217;assignatures troncals de 2n de Batxillerat, o d&#8217;una llengua estrangera diferent de la cursada com a troncal.<\/p>\n<p>L&#8217;alumnat de Batxibac que ho desitgi pot accedir directament a la universitat<strong> mitjan\u00e7ant el Dipl\u00f4me du Baccalaur\u00e9at<\/strong>, com qualsevol estudiant procedent del sistema educatiu franc\u00e8s. En aquest cas, la seva nota d&#8217;acc\u00e9s ser\u00e0 la del seu Dipl\u00f4me, que es calcula aix\u00ed: nota mitjana de les seves qualificacions de Batxillerat (70%) + nota obtinguda en la prova externa (30%).<\/p>\n<p>Per millorar la seva nota d&#8217;admissi\u00f3, aquests estudiants poden requerir que la universitat tingui en compte les qualificacions obtingudes en les proves que hagu\u00e9ssin realitzat com a part de les proves de selectivitat (PAU). Poden, per tant, examinar-se de, com a m\u00ednim, dues mat\u00e8ries d&#8217;opci\u00f3 al bloc d&#8217;assignatures troncals de 2n curs, o d&#8217;una segona llengua estrangera diferent de la cursada com a troncal.<\/p>\n<p><img loading=\"lazy\" decoding=\"async\" class=\"aligncenter\" src=\"https:\/\/www.educacionyfp.gob.es\/dam\/jcr:405b4ecc-36c3-4c9e-afa1-207332af06f5\/esquema%20acceso%20universidad%20aula%20ppt%20definitivo.png\" width=\"583\" height=\"328\" \/><\/p>\n<p><strong>Acc\u00e9s a les universitats franceses<\/strong><\/p>\n<div class=\"cte\">\n<p>L&#8217;Espai Campus France Espanya est\u00e0 dirigit a tots els estudiants espanyols o estrangers residenta a Espanya interessats en una estada d&#8217;estudis a Fran\u00e7a:<\/p>\n<ul>\n<li>Alumnes d&#8217;ESO i Batxillerat que vulguin comen\u00e7ar els seus estudis a fran\u00e7a despr\u00e9s d&#8217;haver superat el Batxillerat i les proves d&#8217;acc\u00e9s a la universitat.<\/li>\n<li>Estudiants de Grau o Postgrau que desitgen continuar els seus estudis a Fran\u00e7a<\/li>\n<\/ul>\n<p>Proporciona a m\u00e9s informaci\u00f3 d&#8217;inter\u00e8s, com ara:<\/p>\n<ul>\n<li>Cursos de franc\u00e8s<\/li>\n<li>Feines o per\u00edodes de pr\u00e0ctiques<\/li>\n<li>Consells personalitzats, en franc\u00e8s i en espanyol<\/li>\n<li>Confer\u00e8ncies externes en universitats, en instituts espanyols i francesos d&#8217;Espanya o en fires<\/li>\n<\/ul>\n<p><a href=\"https:\/\/drive.google.com\/file\/d\/1XlfeAEvI4Qmp9DbW7eLfsuE7kQUWBUXQ\/view?usp=sharing\">Preguntes i respostes Dossier Parcoursoup 2020<\/a><\/p>\n<p>&nbsp;<\/p>\n<\/div>\n<div class=\"cgi nlt1 nlp1 \">\n<div class=\"cim md formato-m borde enlace \"><a title=\"Enlace externo, se abre en ventana nueva.\" href=\"https:\/\/www.espagne.campusfrance.org\/\" target=\"_blank\" rel=\"external noopener noreferrer\"><br \/>\n<img loading=\"lazy\" decoding=\"async\" class=\"aligncenter\" title=\"Logo campus france\" src=\"https:\/\/www.educacionyfp.gob.es\/.imaging\/mte\/mefp-theme\/contenido-cgi-mdm\/dam\/mefp\/mc\/bachibac\/acceso-universidad\/campus-france-logo\/jcr:content\/campus-france-logo.png.png\" alt=\"Logo campus france\" width=\"307\" height=\"115\" \/><\/a><\/div>\n<\/div>\n","protected":false},"excerpt":{"rendered":"<p>L&#8217;alumnat amb la doble titulaci\u00f3 tenen l&#8217;avantatge de poder accedir a les universitats espanyoles fent servir el seu t\u00edtol de Batxillerat o el Dipl\u00f4me du Baccalaur\u00e9at. Tanmateix, tamb\u00e9 poden accedir a la universitat francesa en les mateixes condicions que un estudiant procedent del sistema educatiu franc\u00e8s (amb el Dipl\u00f4me du Baccalaur\u00e9at) o de l&#8217;espanyol (amb [&hellip;]<\/p>\n","protected":false},"author":1,"featured_media":0,"parent":769,"menu_order":3,"comment_status":"closed","ping_status":"closed","template":"page-templates\/side-menu.php","meta":{"_bbp_topic_count":0,"_bbp_reply_count":0,"_bbp_total_topic_count":0,"_bbp_total_reply_count":0,"_bbp_voice_count":0,"_bbp_anonymous_reply_count":0,"_bbp_topic_count_hidden":0,"_bbp_reply_count_hidden":0,"_bbp_forum_subforum_count":0,"site-sidebar-layout":"default","site-content-layout":"","ast-site-content-layout":"","site-content-style":"default","site-sidebar-style":"default","ast-global-header-display":"","ast-banner-title-visibility":"","ast-main-header-display":"","ast-hfb-above-header-display":"","ast-hfb-below-header-display":"","ast-hfb-mobile-header-display":"","site-post-title":"","ast-breadcrumbs-content":"","ast-featured-img":"","footer-sml-layout":"","theme-transparent-header-meta":"","adv-header-id-meta":"","stick-header-meta":"","header-above-stick-meta":"","header-main-stick-meta":"","header-below-stick-meta":"","astra-migrate-meta-layouts":"default","ast-page-background-enabled":"default","ast-page-background-meta":{"desktop":{"background-color":"var(--ast-global-color-4)","background-image":"","background-repeat":"repeat","background-position":"center center","background-size":"auto","background-attachment":"scroll","background-type":"","background-media":"","overlay-type":"","overlay-color":"","overlay-opacity":"","overlay-gradient":""},"tablet":{"background-color":"","background-image":"","background-repeat":"repeat","background-position":"center center","background-size":"auto","background-attachment":"scroll","background-type":"","background-media":"","overlay-type":"","overlay-color":"","overlay-opacity":"","overlay-gradient":""},"mobile":{"background-color":"","background-image":"","background-repeat":"repeat","background-position":"center center","background-size":"auto","background-attachment":"scroll","background-type":"","background-media":"","overlay-type":"","overlay-color":"","overlay-opacity":"","overlay-gradient":""}},"ast-content-background-meta":{"desktop":{"background-color":"var(--ast-global-color-5)","background-image":"","background-repeat":"repeat","background-position":"center center","background-size":"auto","background-attachment":"scroll","background-type":"","background-media":"","overlay-type":"","overlay-color":"","overlay-opacity":"","overlay-gradient":""},"tablet":{"background-color":"var(--ast-global-color-5)","background-image":"","background-repeat":"repeat","background-position":"center center","background-size":"auto","background-attachment":"scroll","background-type":"","background-media":"","overlay-type":"","overlay-color":"","overlay-opacity":"","overlay-gradient":""},"mobile":{"background-color":"var(--ast-global-color-5)","background-image":"","background-repeat":"repeat","background-position":"center center","background-size":"auto","background-attachment":"scroll","background-type":"","background-media":"","overlay-type":"","overlay-color":"","overlay-opacity":"","overlay-gradient":""}},"footnotes":""},"class_list":["post-2999","page","type-page","status-publish","hentry"],"post_mailing_queue_ids":[],"_links":{"self":[{"href":"https:\/\/agora.xtec.cat\/instorrasibages\/wp-json\/wp\/v2\/pages\/2999","targetHints":{"allow":["GET"]}}],"collection":[{"href":"https:\/\/agora.xtec.cat\/instorrasibages\/wp-json\/wp\/v2\/pages"}],"about":[{"href":"https:\/\/agora.xtec.cat\/instorrasibages\/wp-json\/wp\/v2\/types\/page"}],"author":[{"embeddable":true,"href":"https:\/\/agora.xtec.cat\/instorrasibages\/wp-json\/wp\/v2\/users\/1"}],"replies":[{"embeddable":true,"href":"https:\/\/agora.xtec.cat\/instorrasibages\/wp-json\/wp\/v2\/comments?post=2999"}],"version-history":[{"count":3,"href":"https:\/\/agora.xtec.cat\/instorrasibages\/wp-json\/wp\/v2\/pages\/2999\/revisions"}],"predecessor-version":[{"id":3091,"href":"https:\/\/agora.xtec.cat\/instorrasibages\/wp-json\/wp\/v2\/pages\/2999\/revisions\/3091"}],"up":[{"embeddable":true,"href":"https:\/\/agora.xtec.cat\/instorrasibages\/wp-json\/wp\/v2\/pages\/769"}],"wp:attachment":[{"href":"https:\/\/agora.xtec.cat\/instorrasibages\/wp-json\/wp\/v2\/media?parent=2999"}],"curies":[{"name":"wp","href":"https:\/\/api.w.org\/{rel}","templated":true}]}}