{"id":2997,"date":"2021-02-10T12:53:42","date_gmt":"2021-02-10T11:53:42","guid":{"rendered":"http:\/\/agora.xtec.cat\/instorrasibages\/?page_id=2997"},"modified":"2021-02-10T12:53:42","modified_gmt":"2021-02-10T11:53:42","slug":"prova-externa","status":"publish","type":"page","link":"https:\/\/agora.xtec.cat\/instorrasibages\/estudis-activitats\/batxibac\/prova-externa\/","title":{"rendered":"Prova externa"},"content":{"rendered":"<p>Per obtenir el Dipl\u00f4me du Baccalaur\u00e9at s&#8217;han de complir dues condicions:<\/p>\n<ul>\n<li>Estar en condicions d&#8217;obtenir el t\u00edtol de Batxillerat (superar totes les mat\u00e8ries de 1r i 2n de Batxillerat).<\/li>\n<li>Superar la prova externa establerta sobre les mat\u00e8ries espec\u00edfiques del curr\u00edculm mixt corresponents al segon curs de Batxillerat.<\/li>\n<\/ul>\n<p>Aquesta prova externa es convoca al final del 2n curs de Batxillerat i \u00e9s \u00fanica per a tot l&#8217;alumnat del programa. Els ex\u00e0mens s&#8217;han de realitzar \u00edntegrament en llengua francesa i s\u00f3n avaluats per un tribunal extern al centre, al qual poden incorporar-se, si ho desitgen, observadors francesos.<\/p>\n<p><strong>Prova de Llengua i literatura franceses (escrit i oral)<\/strong><\/p>\n<ol>\n<li>Exercici escrit<\/li>\n<\/ol>\n<p>La prova es divideix en dues parts de dues hores de durada cadascuna.<\/p>\n<ul>\n<li>A la primera part, l&#8217;alumne ha de respondre breument unes q\u00fcestions i redactar una exposici\u00f3, de 250 paraules com a m\u00e0xim, sobre un text proposat.<\/li>\n<li>La segona part consisteix en l&#8217;elaboraci\u00f3 d&#8217;un assais, de 300 paraules com a m\u00e0xim, sobre un dels temes d&#8217;estudi del programa de literatura.<\/li>\n<\/ul>\n<p>2. Exercici oral<\/p>\n<p>La prova consta de dues parts i t\u00e9 una durada de 40 minuts.<\/p>\n<ul>\n<li>A la primera part, de 20 minuts, l&#8217;aumne ha de preparar un tema a partir d&#8217;un text i\/o document gr\u00e0fic proposat, en relaci\u00f3 als continguts treballats al 2n curs de Batxillerat.<\/li>\n<li>A la segona part, de 20 minuts, s&#8217;avalua la comprensi\u00f3 i l&#8217;expressi\u00f3 oral, tant individualment com en interacci\u00f3, a partir del document proposat.<\/li>\n<\/ul>\n<p>Per a cada exercici es proposen dues opcions diferents entre les quals cada estudiant n&#8217;haur\u00e0 de triar una.<\/p>\n<div class=\"ctar esc-l rwd-l gr\">\n<div class=\"elemento\">\n<div class=\"info\">\n<p>Prova d&#8217;Hist\u00f2ria d&#8217;Espanya i de Fran\u00e7a (escrita)<\/p>\n<p>La prova externa d&#8217;Hist\u00f2ria d&#8217;Espanya i de Fran\u00e7a consta d&#8217;un exercici escrit sobre la Hist\u00f2ria des de mitjans del segle XIX fins als nostres dies, dividit en dues parts de dues hores de durada cadascuna.<\/p>\n<ul>\n<li>La primera part consisteix en la realitzaci\u00f3 d&#8217;un comentari guiat sobre un text i\/o un document gr\u00e0fic.<\/li>\n<li>La segona part consisteix en el desenvolupament d&#8217;un tema relacionat amb el curr\u00edculum integrat que s&#8217;ha estudiat a 2n de Batxillerat.<\/li>\n<\/ul>\n<p>Per a cada part es proposen dues opcions diferents entre les quals cada estudiants n&#8217;hauran de triar una.<\/p>\n<\/div>\n<\/div>\n<div class=\"elemento\">\n<div class=\"info\">\n<p>&nbsp;<\/p>\n<\/div>\n<\/div>\n<\/div>\n","protected":false},"excerpt":{"rendered":"<p>Per obtenir el Dipl\u00f4me du Baccalaur\u00e9at s&#8217;han de complir dues condicions: Estar en condicions d&#8217;obtenir el t\u00edtol de Batxillerat (superar totes les mat\u00e8ries de 1r i 2n de Batxillerat). Superar la prova externa establerta sobre les mat\u00e8ries espec\u00edfiques del curr\u00edculm mixt corresponents al segon curs de Batxillerat. Aquesta prova externa es convoca al final del [&hellip;]<\/p>\n","protected":false},"author":1,"featured_media":0,"parent":769,"menu_order":2,"comment_status":"closed","ping_status":"closed","template":"page-templates\/side-menu.php","meta":{"_bbp_topic_count":0,"_bbp_reply_count":0,"_bbp_total_topic_count":0,"_bbp_total_reply_count":0,"_bbp_voice_count":0,"_bbp_anonymous_reply_count":0,"_bbp_topic_count_hidden":0,"_bbp_reply_count_hidden":0,"_bbp_forum_subforum_count":0,"site-sidebar-layout":"default","site-content-layout":"","ast-site-content-layout":"","site-content-style":"default","site-sidebar-style":"default","ast-global-header-display":"","ast-banner-title-visibility":"","ast-main-header-display":"","ast-hfb-above-header-display":"","ast-hfb-below-header-display":"","ast-hfb-mobile-header-display":"","site-post-title":"","ast-breadcrumbs-content":"","ast-featured-img":"","footer-sml-layout":"","theme-transparent-header-meta":"","adv-header-id-meta":"","stick-header-meta":"","header-above-stick-meta":"","header-main-stick-meta":"","header-below-stick-meta":"","astra-migrate-meta-layouts":"default","ast-page-background-enabled":"default","ast-page-background-meta":{"desktop":{"background-color":"var(--ast-global-color-4)","background-image":"","background-repeat":"repeat","background-position":"center center","background-size":"auto","background-attachment":"scroll","background-type":"","background-media":"","overlay-type":"","overlay-color":"","overlay-opacity":"","overlay-gradient":""},"tablet":{"background-color":"","background-image":"","background-repeat":"repeat","background-position":"center center","background-size":"auto","background-attachment":"scroll","background-type":"","background-media":"","overlay-type":"","overlay-color":"","overlay-opacity":"","overlay-gradient":""},"mobile":{"background-color":"","background-image":"","background-repeat":"repeat","background-position":"center center","background-size":"auto","background-attachment":"scroll","background-type":"","background-media":"","overlay-type":"","overlay-color":"","overlay-opacity":"","overlay-gradient":""}},"ast-content-background-meta":{"desktop":{"background-color":"var(--ast-global-color-5)","background-image":"","background-repeat":"repeat","background-position":"center center","background-size":"auto","background-attachment":"scroll","background-type":"","background-media":"","overlay-type":"","overlay-color":"","overlay-opacity":"","overlay-gradient":""},"tablet":{"background-color":"var(--ast-global-color-5)","background-image":"","background-repeat":"repeat","background-position":"center center","background-size":"auto","background-attachment":"scroll","background-type":"","background-media":"","overlay-type":"","overlay-color":"","overlay-opacity":"","overlay-gradient":""},"mobile":{"background-color":"var(--ast-global-color-5)","background-image":"","background-repeat":"repeat","background-position":"center center","background-size":"auto","background-attachment":"scroll","background-type":"","background-media":"","overlay-type":"","overlay-color":"","overlay-opacity":"","overlay-gradient":""}},"footnotes":""},"class_list":["post-2997","page","type-page","status-publish","hentry"],"post_mailing_queue_ids":[],"_links":{"self":[{"href":"https:\/\/agora.xtec.cat\/instorrasibages\/wp-json\/wp\/v2\/pages\/2997","targetHints":{"allow":["GET"]}}],"collection":[{"href":"https:\/\/agora.xtec.cat\/instorrasibages\/wp-json\/wp\/v2\/pages"}],"about":[{"href":"https:\/\/agora.xtec.cat\/instorrasibages\/wp-json\/wp\/v2\/types\/page"}],"author":[{"embeddable":true,"href":"https:\/\/agora.xtec.cat\/instorrasibages\/wp-json\/wp\/v2\/users\/1"}],"replies":[{"embeddable":true,"href":"https:\/\/agora.xtec.cat\/instorrasibages\/wp-json\/wp\/v2\/comments?post=2997"}],"version-history":[{"count":1,"href":"https:\/\/agora.xtec.cat\/instorrasibages\/wp-json\/wp\/v2\/pages\/2997\/revisions"}],"predecessor-version":[{"id":2998,"href":"https:\/\/agora.xtec.cat\/instorrasibages\/wp-json\/wp\/v2\/pages\/2997\/revisions\/2998"}],"up":[{"embeddable":true,"href":"https:\/\/agora.xtec.cat\/instorrasibages\/wp-json\/wp\/v2\/pages\/769"}],"wp:attachment":[{"href":"https:\/\/agora.xtec.cat\/instorrasibages\/wp-json\/wp\/v2\/media?parent=2997"}],"curies":[{"name":"wp","href":"https:\/\/api.w.org\/{rel}","templated":true}]}}