{"id":2982,"date":"2021-02-10T10:29:27","date_gmt":"2021-02-10T09:29:27","guid":{"rendered":"http:\/\/agora.xtec.cat\/instorrasibages\/?page_id=2982"},"modified":"2023-03-16T15:39:21","modified_gmt":"2023-03-16T14:39:21","slug":"que-es-el-batxibac","status":"publish","type":"page","link":"https:\/\/agora.xtec.cat\/instorrasibages\/estudis-activitats\/batxibac\/que-es-el-batxibac\/","title":{"rendered":"Qu\u00e8 \u00e9s el Batxibac?"},"content":{"rendered":"<p>El\u00a0<strong>Batxibac\u00a0<\/strong>et permet obtenir a la vegada el\u00a0t\u00edtol de<strong>\u00a0Batxillerat espanyol\u00a0<\/strong>i el\u00a0<strong>dipl\u00f4me du\u00a0<\/strong><strong>Baccalaur\u00e9at franc\u00e8s<\/strong> complint amb els requisits que tots dos pa\u00efsos van acordar a Par\u00eds el 10 de gener de 2008. Aquest programa de doble titulaci\u00f3 et permet aconseguir simult\u00e0niament els dos t\u00edtols nacionals en acabar aquesta formaci\u00f3 postobligatoria. Per accedir-hi, cal d&#8217;acreditar un nivell de coneixement de la llengua francesa equivalent al<strong>\u00a0B1<\/strong>\u00a0del\u00a0Marc Com\u00fa Europeu de Refer\u00e8ncia per a les lleng\u00fces.<\/p>\n<p>Els centres escolars p\u00fablics i privats que imparteixen el Batxibac han implantat un\u00a0<strong>curr\u00edculum mixt<\/strong> que integra els continguts b\u00e0sics per al coneixement de la realitat social, hist\u00f2rica i pol\u00edtica de Fran\u00e7a. Per aquest motiu, cursant el Batxibac, es cursa un ter\u00e7 de les hores lectives en franc\u00e8s, i es realitzen les mat\u00e8ries de <strong>Llengua i literatura franceses<\/strong> i <strong>Hist\u00f2ria de Fran\u00e7a<\/strong>.<\/p>\n<p>Les mat\u00e8ries espec\u00edfiques del curr\u00edculum del Batxibac inclouran la llengua, literatura i cultura francesa i, almenys, una altra mat\u00e8ria no ling\u00fc\u00edstica de l&#8217;\u00e0mbit cient\u00edfic o social.<\/p>\n<p>Per obtenir la<strong>\u00a0doble titulaci\u00f3<\/strong>, si est\u00e0s cursant el segon curs de Batxillerat, s&#8217;haur\u00e0 de realitzar una <strong>prova externa<\/strong>\u00a0que consisteix en un exercici oral i un d&#8217;escrit de l&#8217;assignatura de\u00a0<strong>Llengua i Literatura Franceses<\/strong>, i un exercici escrit sobre la\u00a0<strong>Hist\u00f2ria d&#8217;Espanya i Fran\u00e7a<\/strong>.<\/p>\n<p>La superaci\u00f3 de la prova externa dona dret a la doble titulaci\u00f3: t\u00edtol de Batxillerat i\u00a0Dipl\u00f4me du\u00a0Baccalaur\u00e9at.<\/p>\n<p>Amb la doble titulaci\u00f3 (Batxillerat espanyol i <em>Baccalaur\u00e9at<\/em> franc\u00e8s) es tenen dues notes per accedir a la universitat i es pot utilitzar aquella que convingui m\u00e9s en qualsevol dels dos pa\u00efsos. A m\u00e9s, la nota de la part espec\u00edfica de la selectivitat, volunt\u00e0ria, es pot sumar a qualsevol de les dues notes obtingudes. Obtenint la doble titulaci\u00f3 es pot accedir a les universitats d&#8217;ambd\u00f3s pa\u00efsos.<\/p>\n<h5>Normativa<\/h5>\n<ul>\n<li style=\"list-style-type: none;\">\n<ul>\n<li style=\"list-style-type: none;\">\n<ul>\n<li><a href=\"http:\/\/xtec.gencat.cat\/web\/.content\/alfresco\/d\/d\/workspace\/SpacesStore\/0033\/09d65dae-c8ea-415d-a600-4eb2e3b68906\/resolucio_edu_3741_2010.pdf\" target=\"_blank\" rel=\"noopener noreferrer\"><strong>Resoluci\u00f3 EDU\/3741\/2010<\/strong><\/a>, d\u201911 de novembre, per la qual s\u2019aproven les instruccions que estableixen el procediment i els requisits per impartir el curr\u00edculum mixt relatiu a la doble titulaci\u00f3 de batxiller i baccalaur\u00e9at.<\/li>\n<\/ul>\n<\/li>\n<\/ul>\n<\/li>\n<\/ul>\n<ul>\n<li style=\"list-style-type: none;\">\n<ul>\n<li style=\"list-style-type: none;\">\n<ul>\n<li><a href=\"http:\/\/xtec.gencat.cat\/web\/.content\/alfresco\/d\/d\/workspace\/SpacesStore\/0089\/db777e4a-d9d4-46ec-9264-7c70b814e91f\/reial_decret_102_20110.pdf\" target=\"_blank\" rel=\"noopener noreferrer\"><strong>Reial Decret 102\/ 2010<\/strong><\/a>, de 5 de febrer, pel qual es regula l\u2019ordenaci\u00f3 dels ensenyaments acollits a l\u2019acord entre el Govern d\u2019Espanya i el Govern de Fran\u00e7a relatiu a la doble titulaci\u00f3 de batxiller\u00a0 i baccalaur\u00e9at en centres docents espanyols. (BOE 62, de 12 de mar\u00e7 de 2010).<\/li>\n<li><a href=\"http:\/\/xtec.gencat.cat\/web\/.content\/alfresco\/d\/d\/workspace\/SpacesStore\/0006\/1e41faa7-8985-450e-b0fb-a276760b5f41\/ordre_edu_2157_2010.pdf\" target=\"_blank\" rel=\"noopener noreferrer\"><strong>Ordre EDU\/2157\/2010<\/strong><\/a>, de 30 de juliol, per la qual es regula el curr\u00edculum mixt dels ensenyaments acollits a l\u2019acord entre el Govern d\u2019Espanya i el Govern de Fran\u00e7a relatiu a la doble titulaci\u00f3 de batxiller\u00a0 i baccalaur\u00e9at en centres docents espanyols, aix\u00ed com els requisits per a la seva obtenci\u00f3. (BOE 191, de 7 de agosto de 2010).<\/li>\n<li><a href=\"https:\/\/portaldogc.gencat.cat\/utilsEADOP\/PDF\/8163\/1801469.pdf\" target=\"_blank\" rel=\"noopener noreferrer\" data-saferedirecturl=\"https:\/\/www.google.com\/url?q=https:\/\/portaldogc.gencat.cat\/utilsEADOP\/PDF\/8163\/1801469.pdf&amp;source=gmail&amp;ust=1594291232179000&amp;usg=AFQjCNG0_D16ChvW05NJ467f1FRDB88SvA\"><strong>Resoluci\u00f3 EDU\/1469\/2020<\/strong><\/a>, de 18 de juny, per la qual s\u2019autoritza determinats centres educatius i es deixa sense efectes l\u2019autoritzaci\u00f3 d\u2019altres centres educatius, per impartir el curr\u00edculum mixt de batxillerat i baccalaur\u00e9at.<\/li>\n<\/ul>\n<\/li>\n<\/ul>\n<\/li>\n<\/ul>\n<p>&nbsp;<\/p>\n<p><a href=\"https:\/\/drive.google.com\/file\/d\/13nV8z8jXIElp7GY7Ty6vGE_NsSzWeelv\/view?usp=share_link\"><img loading=\"lazy\" decoding=\"async\" class=\"aligncenter wp-image-4082 size-large\" src=\"https:\/\/agora.xtec.cat\/instorrasibages\/wp-content\/uploads\/usu1556\/2023\/03\/Presentacio_-Batxibac-23-24_page-0001-1024x576.jpg\" alt=\"\" width=\"1024\" height=\"576\" srcset=\"https:\/\/agora.xtec.cat\/instorrasibages\/wp-content\/uploads\/usu1556\/2023\/03\/Presentacio_-Batxibac-23-24_page-0001-1024x576.jpg 1024w, https:\/\/agora.xtec.cat\/instorrasibages\/wp-content\/uploads\/usu1556\/2023\/03\/Presentacio_-Batxibac-23-24_page-0001-300x169.jpg 300w, https:\/\/agora.xtec.cat\/instorrasibages\/wp-content\/uploads\/usu1556\/2023\/03\/Presentacio_-Batxibac-23-24_page-0001-768x432.jpg 768w, https:\/\/agora.xtec.cat\/instorrasibages\/wp-content\/uploads\/usu1556\/2023\/03\/Presentacio_-Batxibac-23-24_page-0001-1536x864.jpg 1536w, https:\/\/agora.xtec.cat\/instorrasibages\/wp-content\/uploads\/usu1556\/2023\/03\/Presentacio_-Batxibac-23-24_page-0001-2048x1152.jpg 2048w\" sizes=\"auto, (max-width: 1024px) 100vw, 1024px\" \/><\/a><\/p>\n","protected":false},"excerpt":{"rendered":"<p>El\u00a0Batxibac\u00a0et permet obtenir a la vegada el\u00a0t\u00edtol de\u00a0Batxillerat espanyol\u00a0i el\u00a0dipl\u00f4me du\u00a0Baccalaur\u00e9at franc\u00e8s complint amb els requisits que tots dos pa\u00efsos van acordar a Par\u00eds el 10 de gener de 2008. Aquest programa de doble titulaci\u00f3 et permet aconseguir simult\u00e0niament els dos t\u00edtols nacionals en acabar aquesta formaci\u00f3 postobligatoria. Per accedir-hi, cal d&#8217;acreditar un nivell de [&hellip;]<\/p>\n","protected":false},"author":1,"featured_media":0,"parent":769,"menu_order":1,"comment_status":"closed","ping_status":"closed","template":"page-templates\/side-menu.php","meta":{"_bbp_topic_count":0,"_bbp_reply_count":0,"_bbp_total_topic_count":0,"_bbp_total_reply_count":0,"_bbp_voice_count":0,"_bbp_anonymous_reply_count":0,"_bbp_topic_count_hidden":0,"_bbp_reply_count_hidden":0,"_bbp_forum_subforum_count":0,"site-sidebar-layout":"default","site-content-layout":"","ast-site-content-layout":"","site-content-style":"default","site-sidebar-style":"default","ast-global-header-display":"","ast-banner-title-visibility":"","ast-main-header-display":"","ast-hfb-above-header-display":"","ast-hfb-below-header-display":"","ast-hfb-mobile-header-display":"","site-post-title":"","ast-breadcrumbs-content":"","ast-featured-img":"","footer-sml-layout":"","theme-transparent-header-meta":"","adv-header-id-meta":"","stick-header-meta":"","header-above-stick-meta":"","header-main-stick-meta":"","header-below-stick-meta":"","astra-migrate-meta-layouts":"default","ast-page-background-enabled":"default","ast-page-background-meta":{"desktop":{"background-color":"var(--ast-global-color-4)","background-image":"","background-repeat":"repeat","background-position":"center center","background-size":"auto","background-attachment":"scroll","background-type":"","background-media":"","overlay-type":"","overlay-color":"","overlay-opacity":"","overlay-gradient":""},"tablet":{"background-color":"","background-image":"","background-repeat":"repeat","background-position":"center center","background-size":"auto","background-attachment":"scroll","background-type":"","background-media":"","overlay-type":"","overlay-color":"","overlay-opacity":"","overlay-gradient":""},"mobile":{"background-color":"","background-image":"","background-repeat":"repeat","background-position":"center center","background-size":"auto","background-attachment":"scroll","background-type":"","background-media":"","overlay-type":"","overlay-color":"","overlay-opacity":"","overlay-gradient":""}},"ast-content-background-meta":{"desktop":{"background-color":"var(--ast-global-color-5)","background-image":"","background-repeat":"repeat","background-position":"center center","background-size":"auto","background-attachment":"scroll","background-type":"","background-media":"","overlay-type":"","overlay-color":"","overlay-opacity":"","overlay-gradient":""},"tablet":{"background-color":"var(--ast-global-color-5)","background-image":"","background-repeat":"repeat","background-position":"center center","background-size":"auto","background-attachment":"scroll","background-type":"","background-media":"","overlay-type":"","overlay-color":"","overlay-opacity":"","overlay-gradient":""},"mobile":{"background-color":"var(--ast-global-color-5)","background-image":"","background-repeat":"repeat","background-position":"center center","background-size":"auto","background-attachment":"scroll","background-type":"","background-media":"","overlay-type":"","overlay-color":"","overlay-opacity":"","overlay-gradient":""}},"footnotes":""},"class_list":["post-2982","page","type-page","status-publish","hentry"],"post_mailing_queue_ids":[],"_links":{"self":[{"href":"https:\/\/agora.xtec.cat\/instorrasibages\/wp-json\/wp\/v2\/pages\/2982","targetHints":{"allow":["GET"]}}],"collection":[{"href":"https:\/\/agora.xtec.cat\/instorrasibages\/wp-json\/wp\/v2\/pages"}],"about":[{"href":"https:\/\/agora.xtec.cat\/instorrasibages\/wp-json\/wp\/v2\/types\/page"}],"author":[{"embeddable":true,"href":"https:\/\/agora.xtec.cat\/instorrasibages\/wp-json\/wp\/v2\/users\/1"}],"replies":[{"embeddable":true,"href":"https:\/\/agora.xtec.cat\/instorrasibages\/wp-json\/wp\/v2\/comments?post=2982"}],"version-history":[{"count":3,"href":"https:\/\/agora.xtec.cat\/instorrasibages\/wp-json\/wp\/v2\/pages\/2982\/revisions"}],"predecessor-version":[{"id":4091,"href":"https:\/\/agora.xtec.cat\/instorrasibages\/wp-json\/wp\/v2\/pages\/2982\/revisions\/4091"}],"up":[{"embeddable":true,"href":"https:\/\/agora.xtec.cat\/instorrasibages\/wp-json\/wp\/v2\/pages\/769"}],"wp:attachment":[{"href":"https:\/\/agora.xtec.cat\/instorrasibages\/wp-json\/wp\/v2\/media?parent=2982"}],"curies":[{"name":"wp","href":"https:\/\/api.w.org\/{rel}","templated":true}]}}