{"id":2949,"date":"2021-02-04T09:46:57","date_gmt":"2021-02-04T08:46:57","guid":{"rendered":"http:\/\/agora.xtec.cat\/instorrasibages\/?page_id=2949"},"modified":"2021-02-11T11:23:25","modified_gmt":"2021-02-11T10:23:25","slug":"criterisdavaluacio","status":"publish","type":"page","link":"https:\/\/agora.xtec.cat\/instorrasibages\/estudis-activitats\/criterisdavaluacio\/","title":{"rendered":"Criteris d&#8217;avaluaci\u00f3 dels departaments"},"content":{"rendered":"<ol>\n<li><a href=\"http:\/\/agora.xtec.cat\/instorrasibages\/linstitut\/documents-del-centre\/criterisdavaluacio\/\">Llengua castellana<\/a><\/li>\n<li><a href=\"https:\/\/drive.google.com\/drive\/folders\/1LVTo3F2RpbD7082PtBQYG3m2sx2sca_x?usp=sharing\">Llengua catalana<\/a><\/li>\n<li>Lleng\u00fces estrangeres<\/li>\n<li><a href=\"https:\/\/drive.google.com\/drive\/folders\/1JlZa-b_jPtXa5Untfzqlg1OqOyWC7HVn?usp=sharing\">Matem\u00e0tiques<\/a><\/li>\n<li><a href=\"https:\/\/drive.google.com\/drive\/folders\/1ROBLRTP1-s1U4jslUG-Mk36yhY_vP-2d?usp=sharing\">Ci\u00e8ncies socials<\/a><\/li>\n<li><a href=\"https:\/\/drive.google.com\/drive\/folders\/18ibaJV2cc0X48QJj3o2vjDWH-ZSaaA0w?usp=sharing\">Biologia<\/a><\/li>\n<li><a href=\"https:\/\/drive.google.com\/drive\/folders\/1nwdU9MSH_C7PqSJIdlDcdLXWY-5o1Xmd?usp=sharing\">F\u00edsica i qu\u00edmica<\/a><\/li>\n<li><a href=\"https:\/\/drive.google.com\/drive\/folders\/15XsF9uWGeV0gwHSSc6xCwRAQ5gwgYifZ?usp=sharing\">Tecnologia<\/a><\/li>\n<li><a href=\"https:\/\/drive.google.com\/drive\/folders\/1m9K2H8wyRbm0t7Vy4F6rOAlbG3qrrVMM?usp=sharing\">Visual i pl\u00e0stica<\/a><\/li>\n<li><a href=\"https:\/\/drive.google.com\/drive\/folders\/1xClwSuY1XV5bS4kJeI4MxuBdBaf13XCQ?usp=sharing\">Educaci\u00f3 f\u00edsica<\/a><\/li>\n<li><a href=\"https:\/\/drive.google.com\/drive\/folders\/1GAxWieLlVByLgQRCahZGeBZScfkTb9be?usp=sharing\">Cultura cl\u00e0ssica<\/a><\/li>\n<li><a href=\"https:\/\/drive.google.com\/drive\/folders\/1_jP-VWEnT4-UEl_pd9N9kKifaeVw05_Q?usp=sharing\">Filosofia<\/a><\/li>\n<li><a href=\"https:\/\/drive.google.com\/drive\/folders\/1gfbLrR7VEMJRacCGDKjl4c9avppQBnN7?usp=sharing\">Orientaci\u00f3 i Aula d&#8217;acollida<\/a><\/li>\n<\/ol>\n","protected":false},"excerpt":{"rendered":"<p>Llengua castellana Llengua catalana Lleng\u00fces estrangeres Matem\u00e0tiques Ci\u00e8ncies socials Biologia F\u00edsica i qu\u00edmica Tecnologia Visual i pl\u00e0stica Educaci\u00f3 f\u00edsica Cultura cl\u00e0ssica Filosofia Orientaci\u00f3 i Aula d&#8217;acollida<\/p>\n","protected":false},"author":1,"featured_media":0,"parent":3024,"menu_order":4,"comment_status":"closed","ping_status":"closed","template":"page-templates\/side-menu.php","meta":{"_bbp_topic_count":0,"_bbp_reply_count":0,"_bbp_total_topic_count":0,"_bbp_total_reply_count":0,"_bbp_voice_count":0,"_bbp_anonymous_reply_count":0,"_bbp_topic_count_hidden":0,"_bbp_reply_count_hidden":0,"_bbp_forum_subforum_count":0,"site-sidebar-layout":"default","site-content-layout":"","ast-site-content-layout":"","site-content-style":"default","site-sidebar-style":"default","ast-global-header-display":"","ast-banner-title-visibility":"","ast-main-header-display":"","ast-hfb-above-header-display":"","ast-hfb-below-header-display":"","ast-hfb-mobile-header-display":"","site-post-title":"","ast-breadcrumbs-content":"","ast-featured-img":"","footer-sml-layout":"","theme-transparent-header-meta":"","adv-header-id-meta":"","stick-header-meta":"","header-above-stick-meta":"","header-main-stick-meta":"","header-below-stick-meta":"","astra-migrate-meta-layouts":"default","ast-page-background-enabled":"default","ast-page-background-meta":{"desktop":{"background-color":"var(--ast-global-color-4)","background-image":"","background-repeat":"repeat","background-position":"center center","background-size":"auto","background-attachment":"scroll","background-type":"","background-media":"","overlay-type":"","overlay-color":"","overlay-opacity":"","overlay-gradient":""},"tablet":{"background-color":"","background-image":"","background-repeat":"repeat","background-position":"center center","background-size":"auto","background-attachment":"scroll","background-type":"","background-media":"","overlay-type":"","overlay-color":"","overlay-opacity":"","overlay-gradient":""},"mobile":{"background-color":"","background-image":"","background-repeat":"repeat","background-position":"center center","background-size":"auto","background-attachment":"scroll","background-type":"","background-media":"","overlay-type":"","overlay-color":"","overlay-opacity":"","overlay-gradient":""}},"ast-content-background-meta":{"desktop":{"background-color":"var(--ast-global-color-5)","background-image":"","background-repeat":"repeat","background-position":"center center","background-size":"auto","background-attachment":"scroll","background-type":"","background-media":"","overlay-type":"","overlay-color":"","overlay-opacity":"","overlay-gradient":""},"tablet":{"background-color":"var(--ast-global-color-5)","background-image":"","background-repeat":"repeat","background-position":"center center","background-size":"auto","background-attachment":"scroll","background-type":"","background-media":"","overlay-type":"","overlay-color":"","overlay-opacity":"","overlay-gradient":""},"mobile":{"background-color":"var(--ast-global-color-5)","background-image":"","background-repeat":"repeat","background-position":"center center","background-size":"auto","background-attachment":"scroll","background-type":"","background-media":"","overlay-type":"","overlay-color":"","overlay-opacity":"","overlay-gradient":""}},"footnotes":""},"class_list":["post-2949","page","type-page","status-publish","hentry"],"post_mailing_queue_ids":[],"_links":{"self":[{"href":"https:\/\/agora.xtec.cat\/instorrasibages\/wp-json\/wp\/v2\/pages\/2949","targetHints":{"allow":["GET"]}}],"collection":[{"href":"https:\/\/agora.xtec.cat\/instorrasibages\/wp-json\/wp\/v2\/pages"}],"about":[{"href":"https:\/\/agora.xtec.cat\/instorrasibages\/wp-json\/wp\/v2\/types\/page"}],"author":[{"embeddable":true,"href":"https:\/\/agora.xtec.cat\/instorrasibages\/wp-json\/wp\/v2\/users\/1"}],"replies":[{"embeddable":true,"href":"https:\/\/agora.xtec.cat\/instorrasibages\/wp-json\/wp\/v2\/comments?post=2949"}],"version-history":[{"count":3,"href":"https:\/\/agora.xtec.cat\/instorrasibages\/wp-json\/wp\/v2\/pages\/2949\/revisions"}],"predecessor-version":[{"id":3034,"href":"https:\/\/agora.xtec.cat\/instorrasibages\/wp-json\/wp\/v2\/pages\/2949\/revisions\/3034"}],"up":[{"embeddable":true,"href":"https:\/\/agora.xtec.cat\/instorrasibages\/wp-json\/wp\/v2\/pages\/3024"}],"wp:attachment":[{"href":"https:\/\/agora.xtec.cat\/instorrasibages\/wp-json\/wp\/v2\/media?parent=2949"}],"curies":[{"name":"wp","href":"https:\/\/api.w.org\/{rel}","templated":true}]}}