{"id":2922,"date":"2021-02-03T11:49:12","date_gmt":"2021-02-03T10:49:12","guid":{"rendered":"http:\/\/agora.xtec.cat\/instorrasibages\/?page_id=2922"},"modified":"2021-02-03T12:15:19","modified_gmt":"2021-02-03T11:15:19","slug":"per-que-vam-triar-el-torras","status":"publish","type":"page","link":"https:\/\/agora.xtec.cat\/instorrasibages\/linstitut\/portesobertes\/per-que-vam-triar-el-torras\/","title":{"rendered":"Per qu\u00e8 vam triar el Torras?"},"content":{"rendered":"<p>Agra\u00efm la participaci\u00f3 d&#8217;algunes fam\u00edlies dels nostres alumnes han volgut explicar-nos els motius de triar l&#8217;institut Torras i Bages i la seva experi\u00e8ncia en el centre.<\/p>\n<div class=\"ast-oembed-container \" style=\"height: 100%;\"><iframe loading=\"lazy\" title=\"Fam\u00edlies de l&#039;institut Torras i Bages\" width=\"500\" height=\"281\" src=\"https:\/\/www.youtube.com\/embed\/WTRbMPHOaIM?feature=oembed\" frameborder=\"0\" allow=\"accelerometer; autoplay; clipboard-write; encrypted-media; gyroscope; picture-in-picture; web-share\" referrerpolicy=\"strict-origin-when-cross-origin\" allowfullscreen><\/iframe><\/div>\n","protected":false},"excerpt":{"rendered":"<p>Agra\u00efm la participaci\u00f3 d&#8217;algunes fam\u00edlies dels nostres alumnes han volgut explicar-nos els motius de triar l&#8217;institut Torras i Bages i la seva experi\u00e8ncia en el centre.<\/p>\n","protected":false},"author":1,"featured_media":0,"parent":2782,"menu_order":6,"comment_status":"closed","ping_status":"closed","template":"page-templates\/side-menu.php","meta":{"_bbp_topic_count":0,"_bbp_reply_count":0,"_bbp_total_topic_count":0,"_bbp_total_reply_count":0,"_bbp_voice_count":0,"_bbp_anonymous_reply_count":0,"_bbp_topic_count_hidden":0,"_bbp_reply_count_hidden":0,"_bbp_forum_subforum_count":0,"site-sidebar-layout":"default","site-content-layout":"","ast-site-content-layout":"","site-content-style":"default","site-sidebar-style":"default","ast-global-header-display":"","ast-banner-title-visibility":"","ast-main-header-display":"","ast-hfb-above-header-display":"","ast-hfb-below-header-display":"","ast-hfb-mobile-header-display":"","site-post-title":"","ast-breadcrumbs-content":"","ast-featured-img":"","footer-sml-layout":"","theme-transparent-header-meta":"","adv-header-id-meta":"","stick-header-meta":"","header-above-stick-meta":"","header-main-stick-meta":"","header-below-stick-meta":"","astra-migrate-meta-layouts":"default","ast-page-background-enabled":"default","ast-page-background-meta":{"desktop":{"background-color":"var(--ast-global-color-4)","background-image":"","background-repeat":"repeat","background-position":"center center","background-size":"auto","background-attachment":"scroll","background-type":"","background-media":"","overlay-type":"","overlay-color":"","overlay-opacity":"","overlay-gradient":""},"tablet":{"background-color":"","background-image":"","background-repeat":"repeat","background-position":"center center","background-size":"auto","background-attachment":"scroll","background-type":"","background-media":"","overlay-type":"","overlay-color":"","overlay-opacity":"","overlay-gradient":""},"mobile":{"background-color":"","background-image":"","background-repeat":"repeat","background-position":"center center","background-size":"auto","background-attachment":"scroll","background-type":"","background-media":"","overlay-type":"","overlay-color":"","overlay-opacity":"","overlay-gradient":""}},"ast-content-background-meta":{"desktop":{"background-color":"var(--ast-global-color-5)","background-image":"","background-repeat":"repeat","background-position":"center center","background-size":"auto","background-attachment":"scroll","background-type":"","background-media":"","overlay-type":"","overlay-color":"","overlay-opacity":"","overlay-gradient":""},"tablet":{"background-color":"var(--ast-global-color-5)","background-image":"","background-repeat":"repeat","background-position":"center center","background-size":"auto","background-attachment":"scroll","background-type":"","background-media":"","overlay-type":"","overlay-color":"","overlay-opacity":"","overlay-gradient":""},"mobile":{"background-color":"var(--ast-global-color-5)","background-image":"","background-repeat":"repeat","background-position":"center center","background-size":"auto","background-attachment":"scroll","background-type":"","background-media":"","overlay-type":"","overlay-color":"","overlay-opacity":"","overlay-gradient":""}},"footnotes":""},"class_list":["post-2922","page","type-page","status-publish","hentry"],"post_mailing_queue_ids":[],"_links":{"self":[{"href":"https:\/\/agora.xtec.cat\/instorrasibages\/wp-json\/wp\/v2\/pages\/2922","targetHints":{"allow":["GET"]}}],"collection":[{"href":"https:\/\/agora.xtec.cat\/instorrasibages\/wp-json\/wp\/v2\/pages"}],"about":[{"href":"https:\/\/agora.xtec.cat\/instorrasibages\/wp-json\/wp\/v2\/types\/page"}],"author":[{"embeddable":true,"href":"https:\/\/agora.xtec.cat\/instorrasibages\/wp-json\/wp\/v2\/users\/1"}],"replies":[{"embeddable":true,"href":"https:\/\/agora.xtec.cat\/instorrasibages\/wp-json\/wp\/v2\/comments?post=2922"}],"version-history":[{"count":1,"href":"https:\/\/agora.xtec.cat\/instorrasibages\/wp-json\/wp\/v2\/pages\/2922\/revisions"}],"predecessor-version":[{"id":2923,"href":"https:\/\/agora.xtec.cat\/instorrasibages\/wp-json\/wp\/v2\/pages\/2922\/revisions\/2923"}],"up":[{"embeddable":true,"href":"https:\/\/agora.xtec.cat\/instorrasibages\/wp-json\/wp\/v2\/pages\/2782"}],"wp:attachment":[{"href":"https:\/\/agora.xtec.cat\/instorrasibages\/wp-json\/wp\/v2\/media?parent=2922"}],"curies":[{"name":"wp","href":"https:\/\/api.w.org\/{rel}","templated":true}]}}