{"id":2878,"date":"2021-01-28T11:58:07","date_gmt":"2021-01-28T10:58:07","guid":{"rendered":"http:\/\/agora.xtec.cat\/instorrasibages\/?page_id=2878"},"modified":"2024-03-22T12:48:32","modified_gmt":"2024-03-22T11:48:32","slug":"graduat-en-educacio-secundaria-obligatoria-alumnes-que-no-lhan-obtingut-en-finalitzar-letapa","status":"publish","type":"page","link":"https:\/\/agora.xtec.cat\/instorrasibages\/secretaria\/graduat-en-educacio-secundaria-obligatoria-alumnes-que-no-lhan-obtingut-en-finalitzar-letapa\/","title":{"rendered":"Graduat en educaci\u00f3 secund\u00e0ria obligat\u00f2ria (alumnes que no l&#8217;han obtingut en finalitzar l&#8217;etapa)"},"content":{"rendered":"<p>Els alumnes que no obtenen el t\u00edtol de graduat en educaci\u00f3 secund\u00e0ria obligat\u00f2ria (ESO) en finalitzar l&#8217;etapa es poden presentar a les proves que el mes de mar\u00e7 de cada any organitzen els centres educatius; a cada centre es constitueix una junta d&#8217;avaluaci\u00f3 formada per professors de quart d&#8217;ESO i presidida pel cap d&#8217;estudis.<\/p>\n<p><span style=\"color: #0000ff;\"><strong>REQUISITS<\/strong><\/span><\/p>\n<p>Es poden presentar a la prova les persones que compleixen els\u00a0<strong>requisits<\/strong>\u00a0seg\u00fcents:<\/p>\n<ol>\n<li>Tenir 18 anys o complir-los dins l&#8217;any natural de la prova. Tamb\u00e9 s&#8217;hi poden presentar amb 17 anys o complir-los dins l&#8217;any natural de la prova si es troben en alguna d&#8217;aquestes situacions (cal presentar la documentaci\u00f3 que ho acrediti):<br \/>\n&#8211; tenir un contracte laboral que els impedeixi d&#8217;assistir al centre educatiu en r\u00e8gim ordinari,<br \/>\n&#8211; trobar-se en proc\u00e9s d&#8217;obtenir un perm\u00eds de treball o<br \/>\n&#8211; ser esportista d&#8217;alt rendiment.<\/li>\n<li>Haver finalitzat l&#8217;ESO sense obtenir el t\u00edtol i no tenir m\u00e9s de 5 mat\u00e8ries pendents de qualificaci\u00f3 positiva (compten com una sola mat\u00e8ria les cursades amb el mateix nom en diferents cursos).<\/li>\n<li>Haver finalitzat l&#8217;ESO durant un dels 2 cursos anteriors al qual es presentin a les proves.<\/li>\n<\/ol>\n<p>En aplicaci\u00f3 d\u2019aquests requisits, queden exclosos de les proves els alumnes inscrits per repetir quart d&#8217;ESO en el present curs 2021-2022.<\/p>\n<p>&nbsp;<\/p>\n<p><span style=\"color: #0000ff;\"><strong>INSCRIPCI\u00d3 I REALITZACI\u00d3 DE LA PROVA<\/strong><\/span><\/p>\n<div id=\"bloc2\" class=\"panel-collapse collapse in\">\n<div class=\"col-xs-12 columna_esquerra\">\n<div class=\"cos_bloc basic_text_peq pd-15\">\n<p>Abans que s&#8217;obri el per\u00edode d&#8217;inscripci\u00f3, els centres publiquen al tauler d&#8217;anuncis o al web els criteris d&#8217;avaluaci\u00f3 i els continguts m\u00ednims exigibles per a la superaci\u00f3 de cadascuna de les mat\u00e8ries.<\/p>\n<p>La\u00a0<strong>sol\u00b7licitud<\/strong>\u00a0per fer les proves s\u2019ha de presentar entre l&#8217;<strong>1 i el 14 de febrer<\/strong>\u00a0<strong>de 2022<\/strong>\u00a0a la secretaria del centre on la persona sol\u00b7licitant va estar matriculada de quart d&#8217;ESO per \u00faltima vegada.<\/p>\n<p>Si a causa de les restriccions sanit\u00e0ries, el centre est\u00e0 tancat durant aquest per\u00edode, el document de sol\u00b7licitud per fer les proves s&#8217;ha d&#8217;enviar per correu electr\u00f2nic al centre, que ha de respondre en un termini m\u00e0xim de dos dies.<\/p>\n<p>El centre publica el\u00a0<strong>calendari de les proves<\/strong>\u00a0i les\u00a0<strong>llistes<\/strong>\u00a0de persones admeses i excloses, que es poden consultar entre\u00a0<strong>el 15 i el 21 de febrer\u00a0de 2022<\/strong>.\u00a0Durant els tres dies h\u00e0bils posteriors a la publicaci\u00f3 d&#8217;aquestes llistes,\u00a0<strong>del 22 al 25 de febrer<\/strong>, els aspirants exclosos poden presentar una\u00a0<strong>reclamaci\u00f3<\/strong>\u00a0davant la direcci\u00f3 del centre.<\/p>\n<p>Si a causa de les restriccions sanit\u00e0ries el centre est\u00e0 tancat durant aquest per\u00edode (del 15 al 25 de febrer), ha d&#8217;informar per correu electr\u00f2nic a totes les persones que han presentat la sol\u00b7licitud si han estat admeses o excloses.<\/p>\n<p>El termini per fer les proves \u00e9s del<strong> 2 al 15 de mar\u00e7<\/strong>. Es fan, preferentment, del 2 al 4 de mar\u00e7 perqu\u00e8 les persones que estiguin confinades en aquell moment, tinguin temps de ser convocades una segona vegada, dins del temini.<\/p>\n<p>Si a causa de les restriccions sanit\u00e0ries, el centre est\u00e0 tancat el dia de\u00a0<strong>la prova<\/strong>, ha d&#8217;informar les persones admeses sobre com es fa la prova de forma no presencial, dins del per\u00edode establert.<\/p>\n<p>El\u00a0<strong>dia de la prova<\/strong>, els alumnes han de portar l&#8217;original del DNI, targeta de resid\u00e8ncia, passaport o qualsevol altre document identificatiu oficial en vigor. El temps m\u00ednim per fer-la \u00e9s de 60 minuts per a cada mat\u00e8ria. Es poden portar diccionaris i\/o calculadora.<\/p>\n<p>Si a causa de les restriccions sanit\u00e0ries,\u00a0<strong>la prova<\/strong>\u00a0no \u00e9s presencial, el centre informa les persones admeses sobre les condicions de la seva realitzaci\u00f3 per tal de garantir la identitat de l&#8217;examinat.<\/p>\n<p>&nbsp;<\/p>\n<p><span style=\"color: #0000ff;\"><strong>QUALIFICACIONS<\/strong><\/span><\/p>\n<div class=\"col-xs-12 columna_esquerra\">\n<div class=\"cos_bloc basic_text_peq pd-15 link-dotted\">\n<p>La llista d&#8217;aspirants presentats i de les\u00a0<strong>qualificacions<\/strong>\u00a0obtingudes es publicar\u00e0 al tauler d&#8217;anuncis dels centres deu dies lectius despr\u00e9s de les proves. Els alumnes que aprovin totes les mat\u00e8ries pendents obtindran el t\u00edtol de graduat en ESO.<\/p>\n<p>Si a causa de les restriccions sanit\u00e0ries, el centre est\u00e0 tancat durant aquest per\u00edode, ha d&#8217;informar\u00a0per correu electr\u00f2nic de les\u00a0<strong>qualificacions<\/strong>\u00a0obtingudes a totes les persones que han fet la prova .<\/p>\n<p>Els alumnes, els seus pares, mares o tutors legals poden reclamar contra les qualificacions obtingudes en una o m\u00e9s mat\u00e8ries i contra les decisions que, com a resultat del proc\u00e9s d&#8217;avaluaci\u00f3, s&#8217;hagin adoptat. La reclamaci\u00f3 es pot cursar durant els tres dies h\u00e0bils seg\u00fcents a la data de publicaci\u00f3 de les actes al tauler d&#8217;anuncis, davant la direcci\u00f3 del centre, la qual convocar\u00e0 una reuni\u00f3 extraordin\u00e0ria de la junta d&#8217;avaluaci\u00f3. Aquesta pren, per majoria simple, la decisi\u00f3 que confirmar\u00e0 o modificar\u00e0 els resultats, en un termini de 48 hores.<\/p>\n<p>Si a causa de les restriccions sanit\u00e0ries, el centre est\u00e0 tancat durant aquest per\u00edode, ha d&#8217;informar per correu electr\u00f2nic de les\u00a0<strong>qualificacions<\/strong> obtingudes a totes les persones que han fet la prova.<\/p>\n<\/div>\n<\/div>\n<p>&nbsp;<\/p>\n<p><span style=\"color: #0000ff;\"><strong>NORMATIVA<\/strong><\/span><\/p>\n<p><a title=\"Aquest enlla\u00e7 s'obre en una nova pestanya: Resoluci\u00f3 EDU\/3445\/2009,\" href=\"https:\/\/dogc.gencat.cat\/ca\/pdogc_canals_interns\/pdogc_resultats_fitxa\/?documentId=536047&amp;language=ca_ES&amp;action=fitxa\" target=\"_blank\" rel=\"noopener noreferrer\">Resoluci\u00f3 EDU\/3445\/2009, <\/a>de 2 de desembre, per la qual es regula la convocat\u00f2ria anual de les proves per a l&#8217;obtenci\u00f3 del t\u00edtol de graduat en educaci\u00f3 secund\u00e0ria obligat\u00f2ria per a l&#8217;alumnat que no l&#8217;hagi obtingut en finalitzar l&#8217;etapa esmentada. (DOGC n\u00fam. 5523, 10.12.2009).<\/p>\n<p>Informaci\u00f3 extreta de la web del <a href=\"http:\/\/educacio.gencat.cat\/ca\/serveis-tramits\/proves\/proves-lliures-obtencio-titols\/obtencio-titol-eso\/\"><strong>Departament d&#8217;Educaci\u00f3<\/strong><\/a>.<\/p>\n<\/div>\n<div><\/div>\n<\/div>\n<\/div>\n","protected":false},"excerpt":{"rendered":"<p>Els alumnes que no obtenen el t\u00edtol de graduat en educaci\u00f3 secund\u00e0ria obligat\u00f2ria (ESO) en finalitzar l&#8217;etapa es poden presentar a les proves que el mes de mar\u00e7 de cada any organitzen els centres educatius; a cada centre es constitueix una junta d&#8217;avaluaci\u00f3 formada per professors de quart d&#8217;ESO i presidida pel cap d&#8217;estudis. REQUISITS [&hellip;]<\/p>\n","protected":false},"author":1,"featured_media":0,"parent":81,"menu_order":4,"comment_status":"closed","ping_status":"closed","template":"page-templates\/side-menu.php","meta":{"_bbp_topic_count":0,"_bbp_reply_count":0,"_bbp_total_topic_count":0,"_bbp_total_reply_count":0,"_bbp_voice_count":0,"_bbp_anonymous_reply_count":0,"_bbp_topic_count_hidden":0,"_bbp_reply_count_hidden":0,"_bbp_forum_subforum_count":0,"site-sidebar-layout":"default","site-content-layout":"","ast-site-content-layout":"","site-content-style":"default","site-sidebar-style":"default","ast-global-header-display":"","ast-banner-title-visibility":"","ast-main-header-display":"","ast-hfb-above-header-display":"","ast-hfb-below-header-display":"","ast-hfb-mobile-header-display":"","site-post-title":"","ast-breadcrumbs-content":"","ast-featured-img":"","footer-sml-layout":"","theme-transparent-header-meta":"","adv-header-id-meta":"","stick-header-meta":"","header-above-stick-meta":"","header-main-stick-meta":"","header-below-stick-meta":"","astra-migrate-meta-layouts":"default","ast-page-background-enabled":"default","ast-page-background-meta":{"desktop":{"background-color":"var(--ast-global-color-4)","background-image":"","background-repeat":"repeat","background-position":"center center","background-size":"auto","background-attachment":"scroll","background-type":"","background-media":"","overlay-type":"","overlay-color":"","overlay-opacity":"","overlay-gradient":""},"tablet":{"background-color":"","background-image":"","background-repeat":"repeat","background-position":"center center","background-size":"auto","background-attachment":"scroll","background-type":"","background-media":"","overlay-type":"","overlay-color":"","overlay-opacity":"","overlay-gradient":""},"mobile":{"background-color":"","background-image":"","background-repeat":"repeat","background-position":"center center","background-size":"auto","background-attachment":"scroll","background-type":"","background-media":"","overlay-type":"","overlay-color":"","overlay-opacity":"","overlay-gradient":""}},"ast-content-background-meta":{"desktop":{"background-color":"var(--ast-global-color-5)","background-image":"","background-repeat":"repeat","background-position":"center center","background-size":"auto","background-attachment":"scroll","background-type":"","background-media":"","overlay-type":"","overlay-color":"","overlay-opacity":"","overlay-gradient":""},"tablet":{"background-color":"var(--ast-global-color-5)","background-image":"","background-repeat":"repeat","background-position":"center center","background-size":"auto","background-attachment":"scroll","background-type":"","background-media":"","overlay-type":"","overlay-color":"","overlay-opacity":"","overlay-gradient":""},"mobile":{"background-color":"var(--ast-global-color-5)","background-image":"","background-repeat":"repeat","background-position":"center center","background-size":"auto","background-attachment":"scroll","background-type":"","background-media":"","overlay-type":"","overlay-color":"","overlay-opacity":"","overlay-gradient":""}},"footnotes":""},"class_list":["post-2878","page","type-page","status-publish","hentry"],"post_mailing_queue_ids":[],"_links":{"self":[{"href":"https:\/\/agora.xtec.cat\/instorrasibages\/wp-json\/wp\/v2\/pages\/2878","targetHints":{"allow":["GET"]}}],"collection":[{"href":"https:\/\/agora.xtec.cat\/instorrasibages\/wp-json\/wp\/v2\/pages"}],"about":[{"href":"https:\/\/agora.xtec.cat\/instorrasibages\/wp-json\/wp\/v2\/types\/page"}],"author":[{"embeddable":true,"href":"https:\/\/agora.xtec.cat\/instorrasibages\/wp-json\/wp\/v2\/users\/1"}],"replies":[{"embeddable":true,"href":"https:\/\/agora.xtec.cat\/instorrasibages\/wp-json\/wp\/v2\/comments?post=2878"}],"version-history":[{"count":3,"href":"https:\/\/agora.xtec.cat\/instorrasibages\/wp-json\/wp\/v2\/pages\/2878\/revisions"}],"predecessor-version":[{"id":3568,"href":"https:\/\/agora.xtec.cat\/instorrasibages\/wp-json\/wp\/v2\/pages\/2878\/revisions\/3568"}],"up":[{"embeddable":true,"href":"https:\/\/agora.xtec.cat\/instorrasibages\/wp-json\/wp\/v2\/pages\/81"}],"wp:attachment":[{"href":"https:\/\/agora.xtec.cat\/instorrasibages\/wp-json\/wp\/v2\/media?parent=2878"}],"curies":[{"name":"wp","href":"https:\/\/api.w.org\/{rel}","templated":true}]}}