{"id":2782,"date":"2020-11-27T10:24:39","date_gmt":"2020-11-27T09:24:39","guid":{"rendered":"http:\/\/agora.xtec.cat\/instorrasibages\/?page_id=2782"},"modified":"2026-03-03T12:44:57","modified_gmt":"2026-03-03T11:44:57","slug":"portesobertes","status":"publish","type":"page","link":"https:\/\/agora.xtec.cat\/instorrasibages\/linstitut\/portesobertes\/","title":{"rendered":"Portes obertes ESO i Batxillerat"},"content":{"rendered":"<p style=\"text-align: left;\">El dia <b>9 de febrer, a les 17 h, <\/b>obrirem les portes del nostre centre a les fam\u00edlies i<span style=\"font-family: inherit; font-size: 1em;\"> futurs alumnes que vulguin con\u00e8ixer de prop el nostre centre, per veure com \u00e9s l&#8217;institut, <\/span>com treballem, quina \u00e9s la nostra oferta educativa i quins serveis oferim per al curs 2026-2027.<\/p>\n<p>Aquest curs tornem a convocar les fam\u00edlies presencialment, per\u00f2\u00a0\u00a0per motius d&#8217;organitzaci\u00f3 i poder-los donar la millor atenci\u00f3<span style=\"font-family: inherit; font-size: 1em;\">, ens agradaria que omplissin el <\/span><a href=\"https:\/\/forms.gle\/aP9NV69RRqunvqNG9\"><strong>formulari de previsi\u00f3 <\/strong><strong>d&#8217;assist\u00e8ncia<\/strong><span style=\"font-family: inherit; font-size: 1em;\">.<\/span><\/a><\/p>\n<p>Totes aquelles fam\u00edlies que vulguin con\u00e8ixer-nos per avan\u00e7at o que no puguin venir aquests dies, poden con\u00e8ixer les nostres instal\u00b7lacions i el nostre projecte educatiu a trav\u00e9s de les <strong><a style=\"color: #2795b6;\" href=\"https:\/\/agora.xtec.cat\/instorrasibages\/portesobertes\/portes-obertes-virtuals-2\/\">Portes obertes virtuals.\u00a0<\/a><\/strong><\/p>\n<p>Us hi esperem!<\/p>\n<p>&nbsp;<\/p>\n<p>&nbsp;<\/p>\n","protected":false},"excerpt":{"rendered":"<p>El dia 9 de febrer, a les 17 h, obrirem les portes del nostre centre a les fam\u00edlies i futurs alumnes que vulguin con\u00e8ixer de prop el nostre centre, per veure com \u00e9s l&#8217;institut, com treballem, quina \u00e9s la nostra oferta educativa i quins serveis oferim per al curs 2026-2027. Aquest curs tornem a convocar [&hellip;]<\/p>\n","protected":false},"author":1,"featured_media":0,"parent":19,"menu_order":4,"comment_status":"closed","ping_status":"closed","template":"","meta":{"_bbp_topic_count":0,"_bbp_reply_count":0,"_bbp_total_topic_count":0,"_bbp_total_reply_count":0,"_bbp_voice_count":0,"_bbp_anonymous_reply_count":0,"_bbp_topic_count_hidden":0,"_bbp_reply_count_hidden":0,"_bbp_forum_subforum_count":0,"site-sidebar-layout":"default","site-content-layout":"","ast-site-content-layout":"default","site-content-style":"default","site-sidebar-style":"default","ast-global-header-display":"","ast-banner-title-visibility":"","ast-main-header-display":"","ast-hfb-above-header-display":"","ast-hfb-below-header-display":"","ast-hfb-mobile-header-display":"","site-post-title":"","ast-breadcrumbs-content":"","ast-featured-img":"","footer-sml-layout":"","theme-transparent-header-meta":"default","adv-header-id-meta":"","stick-header-meta":"","header-above-stick-meta":"","header-main-stick-meta":"","header-below-stick-meta":"","astra-migrate-meta-layouts":"set","ast-page-background-enabled":"default","ast-page-background-meta":{"desktop":{"background-color":"var(--ast-global-color-4)","background-image":"","background-repeat":"repeat","background-position":"center center","background-size":"auto","background-attachment":"scroll","background-type":"","background-media":"","overlay-type":"","overlay-color":"","overlay-opacity":"","overlay-gradient":""},"tablet":{"background-color":"","background-image":"","background-repeat":"repeat","background-position":"center center","background-size":"auto","background-attachment":"scroll","background-type":"","background-media":"","overlay-type":"","overlay-color":"","overlay-opacity":"","overlay-gradient":""},"mobile":{"background-color":"","background-image":"","background-repeat":"repeat","background-position":"center center","background-size":"auto","background-attachment":"scroll","background-type":"","background-media":"","overlay-type":"","overlay-color":"","overlay-opacity":"","overlay-gradient":""}},"ast-content-background-meta":{"desktop":{"background-color":"var(--ast-global-color-5)","background-image":"","background-repeat":"repeat","background-position":"center center","background-size":"auto","background-attachment":"scroll","background-type":"","background-media":"","overlay-type":"","overlay-color":"","overlay-opacity":"","overlay-gradient":""},"tablet":{"background-color":"var(--ast-global-color-5)","background-image":"","background-repeat":"repeat","background-position":"center center","background-size":"auto","background-attachment":"scroll","background-type":"","background-media":"","overlay-type":"","overlay-color":"","overlay-opacity":"","overlay-gradient":""},"mobile":{"background-color":"var(--ast-global-color-5)","background-image":"","background-repeat":"repeat","background-position":"center center","background-size":"auto","background-attachment":"scroll","background-type":"","background-media":"","overlay-type":"","overlay-color":"","overlay-opacity":"","overlay-gradient":""}},"footnotes":""},"class_list":["post-2782","page","type-page","status-publish","hentry"],"post_mailing_queue_ids":[],"_links":{"self":[{"href":"https:\/\/agora.xtec.cat\/instorrasibages\/wp-json\/wp\/v2\/pages\/2782","targetHints":{"allow":["GET"]}}],"collection":[{"href":"https:\/\/agora.xtec.cat\/instorrasibages\/wp-json\/wp\/v2\/pages"}],"about":[{"href":"https:\/\/agora.xtec.cat\/instorrasibages\/wp-json\/wp\/v2\/types\/page"}],"author":[{"embeddable":true,"href":"https:\/\/agora.xtec.cat\/instorrasibages\/wp-json\/wp\/v2\/users\/1"}],"replies":[{"embeddable":true,"href":"https:\/\/agora.xtec.cat\/instorrasibages\/wp-json\/wp\/v2\/comments?post=2782"}],"version-history":[{"count":6,"href":"https:\/\/agora.xtec.cat\/instorrasibages\/wp-json\/wp\/v2\/pages\/2782\/revisions"}],"predecessor-version":[{"id":4994,"href":"https:\/\/agora.xtec.cat\/instorrasibages\/wp-json\/wp\/v2\/pages\/2782\/revisions\/4994"}],"up":[{"embeddable":true,"href":"https:\/\/agora.xtec.cat\/instorrasibages\/wp-json\/wp\/v2\/pages\/19"}],"wp:attachment":[{"href":"https:\/\/agora.xtec.cat\/instorrasibages\/wp-json\/wp\/v2\/media?parent=2782"}],"curies":[{"name":"wp","href":"https:\/\/api.w.org\/{rel}","templated":true}]}}