{"id":2533,"date":"2020-05-18T04:08:01","date_gmt":"2020-05-18T02:08:01","guid":{"rendered":"http:\/\/agora.xtec.cat\/instorrasibages\/?page_id=2533"},"modified":"2021-10-03T00:35:22","modified_gmt":"2021-10-02T22:35:22","slug":"correu-corporatiu","status":"publish","type":"page","link":"https:\/\/agora.xtec.cat\/instorrasibages\/serveis-digitals\/correu-corporatiu\/","title":{"rendered":"Correu corporatiu"},"content":{"rendered":"<p><a href=\"https:\/\/accounts.google.com\/signin\/v2\/identifier?continue=https%3A%2F%2Fmail.google.com%2Fmail%2F&amp;ltmpl=default&amp;hd=instorrasibages.cat&amp;service=mail&amp;sacu=1&amp;rip=1&amp;flowName=GlifWebSignIn&amp;flowEntry=ServiceLogin\"><img loading=\"lazy\" decoding=\"async\" class=\"aligncenter size-medium wp-image-2545\" src=\"https:\/\/agora.xtec.cat\/instorrasibages\/wp-content\/uploads\/usu1556\/2020\/05\/correu-Google-300x250.jpg\" alt=\"\" width=\"300\" height=\"250\" \/><\/a><\/p>\n<p>El Pla TAC i el projecte de direcci\u00f3 del centre\u00a0 actual ha apostat per\u00a0 la creaci\u00f3 d\u2019un domini de centre per accedir a la plataforma\u00a0 <strong>G Suite for Education<\/strong> de Google, per tal de donar un impuls al treball amb noves tecnologies a l\u2019aula.<\/p>\n<p>Tota la comunitat educativa: professorat, personal no docent, alumnat i fam\u00edlies disposen d&#8217;un compte del nostre domini (<strong>@instorrasibages.cat<\/strong>) i ser\u00e0 la via exclusiva per la qual rebran totes les informacions relacionades amb l&#8217;institut.<\/p>\n<p>Aquest correu \u00e9s molt semblant al d\u2019un Gmail convencional i dona acc\u00e9s a una s\u00e8rie d\u2019eines educatives on-line: amb aquest compte de correu. A m\u00e9s, ofereix unes condicions de seguretat i privacitat de qualitat amb emmagatzematge de dades en servidors a Europa i per tant sota la normativa europea de privacitat i seguretat.<\/p>\n<p>L<span style=\"font-family: inherit; font-size: 1em;\">&#8216;alumnat tindr\u00e0 tamb\u00e9 acc\u00e9s a totes les aplicacions de Google, amb acc\u00e9s exclusiu per a membres del nostre domini. Les aplicacions destacades en l&#8217;\u00e0mbit educatiu, s\u00f3n:<\/span><\/p>\n<ul>\n<li><strong>Google Classroom<\/strong> (gestiona aules virtuals, on el professorat pot interactuar amb l&#8217;alumnat, compartir-los activitats i rebre els treballs realitzats).<\/li>\n<li><strong>Google Drive<\/strong>, el n\u00favol de Google.<\/li>\n<li><strong>Google Meet\u00a0<\/strong>\u00e9s el punt de trobada en les classes virtuals.<\/li>\n<\/ul>\n","protected":false},"excerpt":{"rendered":"<p>El Pla TAC i el projecte de direcci\u00f3 del centre\u00a0 actual ha apostat per\u00a0 la creaci\u00f3 d\u2019un domini de centre per accedir a la plataforma\u00a0 G Suite for Education de Google, per tal de donar un impuls al treball amb noves tecnologies a l\u2019aula. Tota la comunitat educativa: professorat, personal no docent, alumnat i fam\u00edlies [&hellip;]<\/p>\n","protected":false},"author":1,"featured_media":0,"parent":1396,"menu_order":2,"comment_status":"closed","ping_status":"closed","template":"page-templates\/side-menu.php","meta":{"_bbp_topic_count":0,"_bbp_reply_count":0,"_bbp_total_topic_count":0,"_bbp_total_reply_count":0,"_bbp_voice_count":0,"_bbp_anonymous_reply_count":0,"_bbp_topic_count_hidden":0,"_bbp_reply_count_hidden":0,"_bbp_forum_subforum_count":0,"site-sidebar-layout":"default","site-content-layout":"","ast-site-content-layout":"","site-content-style":"default","site-sidebar-style":"default","ast-global-header-display":"","ast-banner-title-visibility":"","ast-main-header-display":"","ast-hfb-above-header-display":"","ast-hfb-below-header-display":"","ast-hfb-mobile-header-display":"","site-post-title":"","ast-breadcrumbs-content":"","ast-featured-img":"","footer-sml-layout":"","theme-transparent-header-meta":"","adv-header-id-meta":"","stick-header-meta":"","header-above-stick-meta":"","header-main-stick-meta":"","header-below-stick-meta":"","astra-migrate-meta-layouts":"default","ast-page-background-enabled":"default","ast-page-background-meta":{"desktop":{"background-color":"var(--ast-global-color-4)","background-image":"","background-repeat":"repeat","background-position":"center center","background-size":"auto","background-attachment":"scroll","background-type":"","background-media":"","overlay-type":"","overlay-color":"","overlay-opacity":"","overlay-gradient":""},"tablet":{"background-color":"","background-image":"","background-repeat":"repeat","background-position":"center center","background-size":"auto","background-attachment":"scroll","background-type":"","background-media":"","overlay-type":"","overlay-color":"","overlay-opacity":"","overlay-gradient":""},"mobile":{"background-color":"","background-image":"","background-repeat":"repeat","background-position":"center center","background-size":"auto","background-attachment":"scroll","background-type":"","background-media":"","overlay-type":"","overlay-color":"","overlay-opacity":"","overlay-gradient":""}},"ast-content-background-meta":{"desktop":{"background-color":"var(--ast-global-color-5)","background-image":"","background-repeat":"repeat","background-position":"center center","background-size":"auto","background-attachment":"scroll","background-type":"","background-media":"","overlay-type":"","overlay-color":"","overlay-opacity":"","overlay-gradient":""},"tablet":{"background-color":"var(--ast-global-color-5)","background-image":"","background-repeat":"repeat","background-position":"center center","background-size":"auto","background-attachment":"scroll","background-type":"","background-media":"","overlay-type":"","overlay-color":"","overlay-opacity":"","overlay-gradient":""},"mobile":{"background-color":"var(--ast-global-color-5)","background-image":"","background-repeat":"repeat","background-position":"center center","background-size":"auto","background-attachment":"scroll","background-type":"","background-media":"","overlay-type":"","overlay-color":"","overlay-opacity":"","overlay-gradient":""}},"footnotes":""},"class_list":["post-2533","page","type-page","status-publish","hentry"],"post_mailing_queue_ids":[],"_links":{"self":[{"href":"https:\/\/agora.xtec.cat\/instorrasibages\/wp-json\/wp\/v2\/pages\/2533","targetHints":{"allow":["GET"]}}],"collection":[{"href":"https:\/\/agora.xtec.cat\/instorrasibages\/wp-json\/wp\/v2\/pages"}],"about":[{"href":"https:\/\/agora.xtec.cat\/instorrasibages\/wp-json\/wp\/v2\/types\/page"}],"author":[{"embeddable":true,"href":"https:\/\/agora.xtec.cat\/instorrasibages\/wp-json\/wp\/v2\/users\/1"}],"replies":[{"embeddable":true,"href":"https:\/\/agora.xtec.cat\/instorrasibages\/wp-json\/wp\/v2\/comments?post=2533"}],"version-history":[{"count":3,"href":"https:\/\/agora.xtec.cat\/instorrasibages\/wp-json\/wp\/v2\/pages\/2533\/revisions"}],"predecessor-version":[{"id":2544,"href":"https:\/\/agora.xtec.cat\/instorrasibages\/wp-json\/wp\/v2\/pages\/2533\/revisions\/2544"}],"up":[{"embeddable":true,"href":"https:\/\/agora.xtec.cat\/instorrasibages\/wp-json\/wp\/v2\/pages\/1396"}],"wp:attachment":[{"href":"https:\/\/agora.xtec.cat\/instorrasibages\/wp-json\/wp\/v2\/media?parent=2533"}],"curies":[{"name":"wp","href":"https:\/\/api.w.org\/{rel}","templated":true}]}}