{"id":2229,"date":"2020-02-10T15:10:17","date_gmt":"2020-02-10T14:10:17","guid":{"rendered":"http:\/\/agora.xtec.cat\/instorrasibages\/?page_id=2229"},"modified":"2020-02-10T15:17:33","modified_gmt":"2020-02-10T14:17:33","slug":"drastics-amb-els-plastics-3r-deso","status":"publish","type":"page","link":"https:\/\/agora.xtec.cat\/instorrasibages\/estudis-activitats\/projectesiaps\/drastics-amb-els-plastics-3r-deso\/","title":{"rendered":"Dr\u00e0stics amb els pl\u00e0stics (3r d&#8217;ESO)"},"content":{"rendered":"<div class=\"columns section view-side mediumlarge-4 mediumlarge-push-8 large-3 large-push-9\">\n<div class=\"card text-center\">\n<div class=\"card__content\"><\/div>\n<\/div>\n<\/div>\n<div class=\"columns mediumlarge-8 mediumlarge-pull-4\">\n<div class=\"section\">\n<p>A 3r d&#8217;ESO es amb l\u2019objectiu de treballar la cadena de producci\u00f3 dels pl\u00e0stics i el seu impacte, per tal que l\u2019acci\u00f3 de servei incideixi en desplegar mesures de prevenci\u00f3 i reducci\u00f3 d\u2019aquests residus en l\u2019entorn on es desenvolupa.<\/p>\n<p>Els grups que participen en aquesta activitat ho fan amb tot el grup classe i, com a activitat de servei a la comunitat, escriuran obres de teatre amb titelles fets amb materials reutilitzats, i aniran a representar-les a escoles de prim\u00e0ria. Aix\u00ed doncs, a m\u00e9s de ser una activitat de presa de consci\u00e8ncia sobre la gesti\u00f3 de residus, es treballar\u00e0 transversalment llengua catalana, llengua castellana i educaci\u00f3 visual i pl\u00e0stica, en la creaci\u00f3 del text teatral i dels titelles i l&#8217;atrezzo.<\/p>\n<p><img loading=\"lazy\" decoding=\"async\" class=\"aligncenter size-medium wp-image-2230\" src=\"https:\/\/agora.xtec.cat\/instorrasibages\/wp-content\/uploads\/usu1556\/2020\/02\/E5DB9FE4-CC10-42BA-8AB0-3B96DA42257B-300x225.jpeg\" alt=\"\" width=\"300\" height=\"225\" srcset=\"https:\/\/agora.xtec.cat\/instorrasibages\/wp-content\/uploads\/usu1556\/2020\/02\/E5DB9FE4-CC10-42BA-8AB0-3B96DA42257B-300x225.jpeg 300w, https:\/\/agora.xtec.cat\/instorrasibages\/wp-content\/uploads\/usu1556\/2020\/02\/E5DB9FE4-CC10-42BA-8AB0-3B96DA42257B-768x576.jpeg 768w, https:\/\/agora.xtec.cat\/instorrasibages\/wp-content\/uploads\/usu1556\/2020\/02\/E5DB9FE4-CC10-42BA-8AB0-3B96DA42257B-1024x768.jpeg 1024w, https:\/\/agora.xtec.cat\/instorrasibages\/wp-content\/uploads\/usu1556\/2020\/02\/E5DB9FE4-CC10-42BA-8AB0-3B96DA42257B-200x150.jpeg 200w, https:\/\/agora.xtec.cat\/instorrasibages\/wp-content\/uploads\/usu1556\/2020\/02\/E5DB9FE4-CC10-42BA-8AB0-3B96DA42257B.jpeg 1184w\" sizes=\"auto, (max-width: 300px) 100vw, 300px\" \/><\/p>\n<\/div>\n<\/div>\n","protected":false},"excerpt":{"rendered":"<p>A 3r d&#8217;ESO es amb l\u2019objectiu de treballar la cadena de producci\u00f3 dels pl\u00e0stics i el seu impacte, per tal que l\u2019acci\u00f3 de servei incideixi en desplegar mesures de prevenci\u00f3 i reducci\u00f3 d\u2019aquests residus en l\u2019entorn on es desenvolupa. Els grups que participen en aquesta activitat ho fan amb tot el grup classe i, com [&hellip;]<\/p>\n","protected":false},"author":1,"featured_media":0,"parent":2184,"menu_order":0,"comment_status":"closed","ping_status":"closed","template":"","meta":{"_bbp_topic_count":0,"_bbp_reply_count":0,"_bbp_total_topic_count":0,"_bbp_total_reply_count":0,"_bbp_voice_count":0,"_bbp_anonymous_reply_count":0,"_bbp_topic_count_hidden":0,"_bbp_reply_count_hidden":0,"_bbp_forum_subforum_count":0,"site-sidebar-layout":"default","site-content-layout":"","ast-site-content-layout":"","site-content-style":"default","site-sidebar-style":"default","ast-global-header-display":"","ast-banner-title-visibility":"","ast-main-header-display":"","ast-hfb-above-header-display":"","ast-hfb-below-header-display":"","ast-hfb-mobile-header-display":"","site-post-title":"","ast-breadcrumbs-content":"","ast-featured-img":"","footer-sml-layout":"","theme-transparent-header-meta":"","adv-header-id-meta":"","stick-header-meta":"","header-above-stick-meta":"","header-main-stick-meta":"","header-below-stick-meta":"","astra-migrate-meta-layouts":"default","ast-page-background-enabled":"default","ast-page-background-meta":{"desktop":{"background-color":"var(--ast-global-color-4)","background-image":"","background-repeat":"repeat","background-position":"center center","background-size":"auto","background-attachment":"scroll","background-type":"","background-media":"","overlay-type":"","overlay-color":"","overlay-opacity":"","overlay-gradient":""},"tablet":{"background-color":"","background-image":"","background-repeat":"repeat","background-position":"center center","background-size":"auto","background-attachment":"scroll","background-type":"","background-media":"","overlay-type":"","overlay-color":"","overlay-opacity":"","overlay-gradient":""},"mobile":{"background-color":"","background-image":"","background-repeat":"repeat","background-position":"center center","background-size":"auto","background-attachment":"scroll","background-type":"","background-media":"","overlay-type":"","overlay-color":"","overlay-opacity":"","overlay-gradient":""}},"ast-content-background-meta":{"desktop":{"background-color":"var(--ast-global-color-5)","background-image":"","background-repeat":"repeat","background-position":"center center","background-size":"auto","background-attachment":"scroll","background-type":"","background-media":"","overlay-type":"","overlay-color":"","overlay-opacity":"","overlay-gradient":""},"tablet":{"background-color":"var(--ast-global-color-5)","background-image":"","background-repeat":"repeat","background-position":"center center","background-size":"auto","background-attachment":"scroll","background-type":"","background-media":"","overlay-type":"","overlay-color":"","overlay-opacity":"","overlay-gradient":""},"mobile":{"background-color":"var(--ast-global-color-5)","background-image":"","background-repeat":"repeat","background-position":"center center","background-size":"auto","background-attachment":"scroll","background-type":"","background-media":"","overlay-type":"","overlay-color":"","overlay-opacity":"","overlay-gradient":""}},"footnotes":""},"class_list":["post-2229","page","type-page","status-publish","hentry"],"post_mailing_queue_ids":[],"_links":{"self":[{"href":"https:\/\/agora.xtec.cat\/instorrasibages\/wp-json\/wp\/v2\/pages\/2229","targetHints":{"allow":["GET"]}}],"collection":[{"href":"https:\/\/agora.xtec.cat\/instorrasibages\/wp-json\/wp\/v2\/pages"}],"about":[{"href":"https:\/\/agora.xtec.cat\/instorrasibages\/wp-json\/wp\/v2\/types\/page"}],"author":[{"embeddable":true,"href":"https:\/\/agora.xtec.cat\/instorrasibages\/wp-json\/wp\/v2\/users\/1"}],"replies":[{"embeddable":true,"href":"https:\/\/agora.xtec.cat\/instorrasibages\/wp-json\/wp\/v2\/comments?post=2229"}],"version-history":[{"count":1,"href":"https:\/\/agora.xtec.cat\/instorrasibages\/wp-json\/wp\/v2\/pages\/2229\/revisions"}],"predecessor-version":[{"id":2234,"href":"https:\/\/agora.xtec.cat\/instorrasibages\/wp-json\/wp\/v2\/pages\/2229\/revisions\/2234"}],"up":[{"embeddable":true,"href":"https:\/\/agora.xtec.cat\/instorrasibages\/wp-json\/wp\/v2\/pages\/2184"}],"wp:attachment":[{"href":"https:\/\/agora.xtec.cat\/instorrasibages\/wp-json\/wp\/v2\/media?parent=2229"}],"curies":[{"name":"wp","href":"https:\/\/api.w.org\/{rel}","templated":true}]}}