{"id":2223,"date":"2020-02-10T14:52:11","date_gmt":"2020-02-10T13:52:11","guid":{"rendered":"http:\/\/agora.xtec.cat\/instorrasibages\/?page_id=2223"},"modified":"2020-02-10T14:55:03","modified_gmt":"2020-02-10T13:55:03","slug":"fem-tandem-lh-1r-deso","status":"publish","type":"page","link":"https:\/\/agora.xtec.cat\/instorrasibages\/estudis-activitats\/projectesiaps\/fem-tandem-lh-1r-deso\/","title":{"rendered":"Fem T\u00e0ndem L&#8217;H (1r d&#8217;ESO)"},"content":{"rendered":"<p><strong>Fem t\u00e0ndem L&#8217;H<\/strong> \u00e9s un projecte de singularitzaci\u00f3 de les escoles p\u00fabliques de l&#8217;Hospitalet mitjan\u00e7ant un element d&#8217;excel\u00b7l\u00e8ncia en el camp de les arts, la cultura o les ci\u00e8ncies, organitzat per la Regidoria de cultura i Regidoria d&#8217;innovaci\u00f3 social de l&#8217;ajuntament de la ciutat. El projecte t\u00e9 com a objectiu desenvolupar la funci\u00f3 educativa de la cultura mitjan\u00e7ant la col\u2022laboraci\u00f3 d\u2019equipaments culturals i cient\u00edfics, institucions o entitats amb els centres p\u00fablics per portar a terme projectes dins el curr\u00edculum acad\u00e8mic que contribueixin a millorar l\u2019\u00e8xit educatiu.<\/p>\n<p>El nostre centre realitza un projecte relacionat amb la impressi\u00f3 3D en T\u00e0ndem amb l&#8217;Associaci\u00f3 Anadromes.<\/p>\n<p><a href=\"https:\/\/photos.app.goo.gl\/27iNrbe1ZUnCG6LV7\"><img loading=\"lazy\" decoding=\"async\" class=\"aligncenter size-medium wp-image-2224\" src=\"https:\/\/agora.xtec.cat\/instorrasibages\/wp-content\/uploads\/usu1556\/2020\/02\/BE224FBF-80B9-47D9-B202-943D20EA95A5-225x300.jpeg\" alt=\"\" width=\"225\" height=\"300\" srcset=\"https:\/\/agora.xtec.cat\/instorrasibages\/wp-content\/uploads\/usu1556\/2020\/02\/BE224FBF-80B9-47D9-B202-943D20EA95A5-225x300.jpeg 225w, https:\/\/agora.xtec.cat\/instorrasibages\/wp-content\/uploads\/usu1556\/2020\/02\/BE224FBF-80B9-47D9-B202-943D20EA95A5.jpeg 667w\" sizes=\"auto, (max-width: 225px) 100vw, 225px\" \/><\/a><\/p>\n","protected":false},"excerpt":{"rendered":"<p>Fem t\u00e0ndem L&#8217;H \u00e9s un projecte de singularitzaci\u00f3 de les escoles p\u00fabliques de l&#8217;Hospitalet mitjan\u00e7ant un element d&#8217;excel\u00b7l\u00e8ncia en el camp de les arts, la cultura o les ci\u00e8ncies, organitzat per la Regidoria de cultura i Regidoria d&#8217;innovaci\u00f3 social de l&#8217;ajuntament de la ciutat. El projecte t\u00e9 com a objectiu desenvolupar la funci\u00f3 educativa de [&hellip;]<\/p>\n","protected":false},"author":1,"featured_media":0,"parent":2184,"menu_order":1,"comment_status":"closed","ping_status":"closed","template":"page-templates\/side-menu.php","meta":{"_bbp_topic_count":0,"_bbp_reply_count":0,"_bbp_total_topic_count":0,"_bbp_total_reply_count":0,"_bbp_voice_count":0,"_bbp_anonymous_reply_count":0,"_bbp_topic_count_hidden":0,"_bbp_reply_count_hidden":0,"_bbp_forum_subforum_count":0,"site-sidebar-layout":"default","site-content-layout":"","ast-site-content-layout":"","site-content-style":"default","site-sidebar-style":"default","ast-global-header-display":"","ast-banner-title-visibility":"","ast-main-header-display":"","ast-hfb-above-header-display":"","ast-hfb-below-header-display":"","ast-hfb-mobile-header-display":"","site-post-title":"","ast-breadcrumbs-content":"","ast-featured-img":"","footer-sml-layout":"","theme-transparent-header-meta":"","adv-header-id-meta":"","stick-header-meta":"","header-above-stick-meta":"","header-main-stick-meta":"","header-below-stick-meta":"","astra-migrate-meta-layouts":"default","ast-page-background-enabled":"default","ast-page-background-meta":{"desktop":{"background-color":"var(--ast-global-color-4)","background-image":"","background-repeat":"repeat","background-position":"center center","background-size":"auto","background-attachment":"scroll","background-type":"","background-media":"","overlay-type":"","overlay-color":"","overlay-opacity":"","overlay-gradient":""},"tablet":{"background-color":"","background-image":"","background-repeat":"repeat","background-position":"center center","background-size":"auto","background-attachment":"scroll","background-type":"","background-media":"","overlay-type":"","overlay-color":"","overlay-opacity":"","overlay-gradient":""},"mobile":{"background-color":"","background-image":"","background-repeat":"repeat","background-position":"center center","background-size":"auto","background-attachment":"scroll","background-type":"","background-media":"","overlay-type":"","overlay-color":"","overlay-opacity":"","overlay-gradient":""}},"ast-content-background-meta":{"desktop":{"background-color":"var(--ast-global-color-5)","background-image":"","background-repeat":"repeat","background-position":"center center","background-size":"auto","background-attachment":"scroll","background-type":"","background-media":"","overlay-type":"","overlay-color":"","overlay-opacity":"","overlay-gradient":""},"tablet":{"background-color":"var(--ast-global-color-5)","background-image":"","background-repeat":"repeat","background-position":"center center","background-size":"auto","background-attachment":"scroll","background-type":"","background-media":"","overlay-type":"","overlay-color":"","overlay-opacity":"","overlay-gradient":""},"mobile":{"background-color":"var(--ast-global-color-5)","background-image":"","background-repeat":"repeat","background-position":"center center","background-size":"auto","background-attachment":"scroll","background-type":"","background-media":"","overlay-type":"","overlay-color":"","overlay-opacity":"","overlay-gradient":""}},"footnotes":""},"class_list":["post-2223","page","type-page","status-publish","hentry"],"post_mailing_queue_ids":[],"_links":{"self":[{"href":"https:\/\/agora.xtec.cat\/instorrasibages\/wp-json\/wp\/v2\/pages\/2223","targetHints":{"allow":["GET"]}}],"collection":[{"href":"https:\/\/agora.xtec.cat\/instorrasibages\/wp-json\/wp\/v2\/pages"}],"about":[{"href":"https:\/\/agora.xtec.cat\/instorrasibages\/wp-json\/wp\/v2\/types\/page"}],"author":[{"embeddable":true,"href":"https:\/\/agora.xtec.cat\/instorrasibages\/wp-json\/wp\/v2\/users\/1"}],"replies":[{"embeddable":true,"href":"https:\/\/agora.xtec.cat\/instorrasibages\/wp-json\/wp\/v2\/comments?post=2223"}],"version-history":[{"count":2,"href":"https:\/\/agora.xtec.cat\/instorrasibages\/wp-json\/wp\/v2\/pages\/2223\/revisions"}],"predecessor-version":[{"id":2226,"href":"https:\/\/agora.xtec.cat\/instorrasibages\/wp-json\/wp\/v2\/pages\/2223\/revisions\/2226"}],"up":[{"embeddable":true,"href":"https:\/\/agora.xtec.cat\/instorrasibages\/wp-json\/wp\/v2\/pages\/2184"}],"wp:attachment":[{"href":"https:\/\/agora.xtec.cat\/instorrasibages\/wp-json\/wp\/v2\/media?parent=2223"}],"curies":[{"name":"wp","href":"https:\/\/api.w.org\/{rel}","templated":true}]}}