{"id":2062,"date":"2019-11-11T12:45:09","date_gmt":"2019-11-11T11:45:09","guid":{"rendered":"http:\/\/agora.xtec.cat\/instorrasibages\/?page_id=2062"},"modified":"2021-07-01T12:50:31","modified_gmt":"2021-07-01T10:50:31","slug":"fons-social-europeu","status":"publish","type":"page","link":"https:\/\/agora.xtec.cat\/instorrasibages\/fons-social-europeu\/","title":{"rendered":"Fons Social Europeu"},"content":{"rendered":"<p><span style=\"font-weight: 400;\">El Fons Social Europeu (FSE) \u00e9s un dels fons estructurals de la Uni\u00f3 Europea que impulsa inversions en totes les regions de la UE amb la finalitat de promoure la cohesi\u00f3 social i econ\u00f2mica.<\/span><\/p>\n<p><span style=\"font-weight: 400;\">A trav\u00e9s de diversos programes operatius, acordats per cada Estat membre i la Comissi\u00f3 Europea, vol complir amb diversos objectius orientats al suport de l\u2019ocupaci\u00f3, a la promoci\u00f3 de la inclusi\u00f3 social, a la lluita contra la pobresa i a l\u2019efic\u00e0cia de l\u2019administraci\u00f3 p\u00fablica.<\/span><\/p>\n<p><span style=\"font-weight: 400;\">Aquests programes descriuen les prioritats de l\u2019FSE per a cada Estat membre i donen suport econ\u00f2mic a projectes relacionats amb l\u2019ocupaci\u00f3 que duen a terme diferents organitzacions p\u00fabliques i privades que s\u00f3n benefici\u00e0ries en l\u2019Estat membre.<\/span><\/p>\n<p><span style=\"font-weight: 400;\">L\u2019Estrat\u00e8gia Europa 2020 de mar\u00e7 de 2010 per a un creixement intel\u00b7ligent, sostenible i innovador va establir cinc ambiciosos objectius en mat\u00e8ria d\u2019ocupaci\u00f3, innovaci\u00f3, educaci\u00f3, integraci\u00f3 social i clima\/energia.<\/span><\/p>\n<p><span style=\"font-weight: 400;\">Els programes operatius del per\u00edode 2014-2020 s\u2019han definit com el full de ruta que ha de conduir a la consecuci\u00f3 d\u2019aquests objectius i que se centra en els quatre eixos seg\u00fcents:<\/span><\/p>\n<ul>\n<li style=\"font-weight: 400;\"><span style=\"font-weight: 400;\">Eix 1: Foment de l\u2019ocupaci\u00f3 sostenible i de qualitat de la mobilitat laboral<\/span><\/li>\n<li style=\"font-weight: 400;\"><span style=\"font-weight: 400;\">Eix 2: Foment de la inclusi\u00f3 social i de la lluita contra la pobresa i la discriminaci\u00f3<\/span><\/li>\n<li style=\"font-weight: 400;\"><span style=\"font-weight: 400;\">Eix 3: Inversi\u00f3 en educaci\u00f3, formaci\u00f3 i millora de les compet\u00e8ncies professionals i de l\u2019aprenentatge permanent<\/span><\/li>\n<li style=\"font-weight: 400;\"><span style=\"font-weight: 400;\">Eix 4:\u00a0 Assist\u00e8ncia t\u00e8cnica\u00a0<\/span><\/li>\n<\/ul>\n<p><strong>El programa operatiu a Catalunya del Fons Social Europeu 2014-2020 se situa en el tercer eix d\u2019actuaci\u00f3: invertir en educaci\u00f3, formaci\u00f3 per a l\u2019adquisici\u00f3 de capacitats i l\u2019aprenentatge permanent.<\/strong><\/p>\n<p><strong>El nostre centre ha estat seleccionat per participar en tres projectes impulsats pel Fons Social europeu:<\/strong><\/p>\n<p><strong>\u00b7 <a href=\"https:\/\/agora.xtec.cat\/instorrasibages\/linstitut\/fons-social-europeu\/orienta4yel\/\">El projecte Orienta4YEL\u00a0<\/a> (2019-2021)<\/strong><\/p>\n<p><strong>\u00b7 Les estades d&#8217;immersi\u00f3 ling\u00fc\u00edstica en llengua anglesa, <\/strong>que no es van poder realitzar a causa del confinament per la COVID-19 i es van substituir per la <strong><a href=\"https:\/\/agora.xtec.cat\/instorrasibages\/fons-social-europeu\/estades-linguistiques-en-llengua-anglesa\/\">Fantastic Week in English: Tallers d&#8217;immersi\u00f3 ling\u00fc\u00edstica.<\/a> (curs 2020-2021).<\/strong><\/p>\n<p>\u00b7 <strong>Les estades d&#8217;immersi\u00f3 ling\u00fc\u00edstica durant l&#8217;estiu per al refor\u00e7 i l&#8217;aprenentatge de la llengua anglesa adre\u00e7ades a alumnat de secund\u00e0ria escolaritzat en centres educatius de m\u00e0xima complexitat<\/strong> (juliol de 2021)<\/p>\n<p>&nbsp;<\/p>\n<p>&nbsp;<\/p>\n<p><span style=\"font-weight: 400;\">M\u00e9s informaci\u00f3:\u00a0<\/span><\/p>\n<ul>\n<li style=\"font-weight: 400;\"><a href=\"http:\/\/ec.europa.eu\/esf\/home.jsp?langId=es\"><span style=\"font-weight: 400;\">Fons Social Europeu<\/span><\/a><\/li>\n<li style=\"font-weight: 400;\"><a href=\"https:\/\/www.educacionyfp.gob.es\/educacion\/mc\/fse\/actuaciones\/orientacion-refuerzo-educacion1.html\"><span style=\"font-weight: 400;\">Programa d\u2019Orientaci\u00f3 i Refor\u00e7 per a la Millora i Suport en l\u2019Educaci\u00f3<\/span><\/a><\/li>\n<\/ul>\n<p>&nbsp;<\/p>\n<table class=\" aligncenter\">\n<tbody>\n<tr>\n<td><img loading=\"lazy\" decoding=\"async\" class=\"aligncenter wp-image-486\" src=\"https:\/\/agora.xtec.cat\/instorrasibages\/wp-content\/uploads\/usu1556\/2017\/02\/LOGO-TORRAS.png\" alt=\"\" width=\"165\" height=\"84\" srcset=\"https:\/\/agora.xtec.cat\/instorrasibages\/wp-content\/uploads\/usu1556\/2017\/02\/LOGO-TORRAS.png 2541w, https:\/\/agora.xtec.cat\/instorrasibages\/wp-content\/uploads\/usu1556\/2017\/02\/LOGO-TORRAS-300x153.png 300w, https:\/\/agora.xtec.cat\/instorrasibages\/wp-content\/uploads\/usu1556\/2017\/02\/LOGO-TORRAS-768x393.png 768w, https:\/\/agora.xtec.cat\/instorrasibages\/wp-content\/uploads\/usu1556\/2017\/02\/LOGO-TORRAS-1024x524.png 1024w\" sizes=\"auto, (max-width: 165px) 100vw, 165px\" \/><\/td>\n<td><img loading=\"lazy\" decoding=\"async\" class=\"aligncenter wp-image-2060\" src=\"https:\/\/agora.xtec.cat\/instorrasibages\/wp-content\/uploads\/usu1556\/2019\/11\/fons-social.jpg\" alt=\"\" width=\"430\" height=\"100\" srcset=\"https:\/\/agora.xtec.cat\/instorrasibages\/wp-content\/uploads\/usu1556\/2019\/11\/fons-social.jpg 1024w, https:\/\/agora.xtec.cat\/instorrasibages\/wp-content\/uploads\/usu1556\/2019\/11\/fons-social-300x70.jpg 300w, https:\/\/agora.xtec.cat\/instorrasibages\/wp-content\/uploads\/usu1556\/2019\/11\/fons-social-768x179.jpg 768w\" sizes=\"auto, (max-width: 430px) 100vw, 430px\" \/><\/td>\n<td><img loading=\"lazy\" decoding=\"async\" class=\"aligncenter size-full wp-image-2072\" src=\"https:\/\/agora.xtec.cat\/instorrasibages\/wp-content\/uploads\/usu1556\/2019\/11\/gobierno.png\" alt=\"\" width=\"448\" height=\"112\" srcset=\"https:\/\/agora.xtec.cat\/instorrasibages\/wp-content\/uploads\/usu1556\/2019\/11\/gobierno.png 448w, https:\/\/agora.xtec.cat\/instorrasibages\/wp-content\/uploads\/usu1556\/2019\/11\/gobierno-300x75.png 300w\" sizes=\"auto, (max-width: 448px) 100vw, 448px\" \/><\/td>\n<\/tr>\n<\/tbody>\n<\/table>\n<p style=\"text-align: center;\">\n","protected":false},"excerpt":{"rendered":"<p>El Fons Social Europeu (FSE) \u00e9s un dels fons estructurals de la Uni\u00f3 Europea que impulsa inversions en totes les regions de la UE amb la finalitat de promoure la cohesi\u00f3 social i econ\u00f2mica. A trav\u00e9s de diversos programes operatius, acordats per cada Estat membre i la Comissi\u00f3 Europea, vol complir amb diversos objectius orientats [&hellip;]<\/p>\n","protected":false},"author":1,"featured_media":0,"parent":0,"menu_order":0,"comment_status":"closed","ping_status":"closed","template":"page-templates\/side-menu.php","meta":{"_bbp_topic_count":0,"_bbp_reply_count":0,"_bbp_total_topic_count":0,"_bbp_total_reply_count":0,"_bbp_voice_count":0,"_bbp_anonymous_reply_count":0,"_bbp_topic_count_hidden":0,"_bbp_reply_count_hidden":0,"_bbp_forum_subforum_count":0,"site-sidebar-layout":"default","site-content-layout":"","ast-site-content-layout":"","site-content-style":"default","site-sidebar-style":"default","ast-global-header-display":"","ast-banner-title-visibility":"","ast-main-header-display":"","ast-hfb-above-header-display":"","ast-hfb-below-header-display":"","ast-hfb-mobile-header-display":"","site-post-title":"","ast-breadcrumbs-content":"","ast-featured-img":"","footer-sml-layout":"","theme-transparent-header-meta":"","adv-header-id-meta":"","stick-header-meta":"","header-above-stick-meta":"","header-main-stick-meta":"","header-below-stick-meta":"","astra-migrate-meta-layouts":"default","ast-page-background-enabled":"default","ast-page-background-meta":{"desktop":{"background-color":"var(--ast-global-color-4)","background-image":"","background-repeat":"repeat","background-position":"center center","background-size":"auto","background-attachment":"scroll","background-type":"","background-media":"","overlay-type":"","overlay-color":"","overlay-opacity":"","overlay-gradient":""},"tablet":{"background-color":"","background-image":"","background-repeat":"repeat","background-position":"center center","background-size":"auto","background-attachment":"scroll","background-type":"","background-media":"","overlay-type":"","overlay-color":"","overlay-opacity":"","overlay-gradient":""},"mobile":{"background-color":"","background-image":"","background-repeat":"repeat","background-position":"center center","background-size":"auto","background-attachment":"scroll","background-type":"","background-media":"","overlay-type":"","overlay-color":"","overlay-opacity":"","overlay-gradient":""}},"ast-content-background-meta":{"desktop":{"background-color":"var(--ast-global-color-5)","background-image":"","background-repeat":"repeat","background-position":"center center","background-size":"auto","background-attachment":"scroll","background-type":"","background-media":"","overlay-type":"","overlay-color":"","overlay-opacity":"","overlay-gradient":""},"tablet":{"background-color":"var(--ast-global-color-5)","background-image":"","background-repeat":"repeat","background-position":"center center","background-size":"auto","background-attachment":"scroll","background-type":"","background-media":"","overlay-type":"","overlay-color":"","overlay-opacity":"","overlay-gradient":""},"mobile":{"background-color":"var(--ast-global-color-5)","background-image":"","background-repeat":"repeat","background-position":"center center","background-size":"auto","background-attachment":"scroll","background-type":"","background-media":"","overlay-type":"","overlay-color":"","overlay-opacity":"","overlay-gradient":""}},"footnotes":""},"class_list":["post-2062","page","type-page","status-publish","hentry"],"post_mailing_queue_ids":[],"_links":{"self":[{"href":"https:\/\/agora.xtec.cat\/instorrasibages\/wp-json\/wp\/v2\/pages\/2062","targetHints":{"allow":["GET"]}}],"collection":[{"href":"https:\/\/agora.xtec.cat\/instorrasibages\/wp-json\/wp\/v2\/pages"}],"about":[{"href":"https:\/\/agora.xtec.cat\/instorrasibages\/wp-json\/wp\/v2\/types\/page"}],"author":[{"embeddable":true,"href":"https:\/\/agora.xtec.cat\/instorrasibages\/wp-json\/wp\/v2\/users\/1"}],"replies":[{"embeddable":true,"href":"https:\/\/agora.xtec.cat\/instorrasibages\/wp-json\/wp\/v2\/comments?post=2062"}],"version-history":[{"count":3,"href":"https:\/\/agora.xtec.cat\/instorrasibages\/wp-json\/wp\/v2\/pages\/2062\/revisions"}],"predecessor-version":[{"id":3397,"href":"https:\/\/agora.xtec.cat\/instorrasibages\/wp-json\/wp\/v2\/pages\/2062\/revisions\/3397"}],"wp:attachment":[{"href":"https:\/\/agora.xtec.cat\/instorrasibages\/wp-json\/wp\/v2\/media?parent=2062"}],"curies":[{"name":"wp","href":"https:\/\/api.w.org\/{rel}","templated":true}]}}