{"id":1971,"date":"2019-09-23T12:05:40","date_gmt":"2019-09-23T10:05:40","guid":{"rendered":"http:\/\/agora.xtec.cat\/instorrasibages\/?page_id=1971"},"modified":"2021-07-01T10:04:15","modified_gmt":"2021-07-01T08:04:15","slug":"orienta4yel","status":"publish","type":"page","link":"https:\/\/agora.xtec.cat\/instorrasibages\/fons-social-europeu\/orienta4yel\/","title":{"rendered":"Projecte Orienta4YEL"},"content":{"rendered":"<p>L&#8217;Institut Torras i Bages col\u00b7labora amb la Universitat Aut\u00f2noma de Barcelona (UAB) en el projecte Orienta4YEL, un programa impulsat i finan\u00e7at per la Comissi\u00f3 Europea (Erasmus+) per tal de donar suport a la inclusi\u00f3 educativa i social dels joves amb risc d\u2019abandonar prematurament a trav\u00e9s de mecanismes d\u2019orientaci\u00f3 i acci\u00f3 tutorial. \u00c9s un projecte que durar\u00e0 tres cursos escolars (del 2019-2020 al 2021-2022), es realitza a deu instituts de la provincia de Barcelona, aix\u00ed com tamb\u00e9 en altres pa\u00efsos Regne Unit, Portugal, Fran\u00e7a i Hongria.\u00a0 Es que va n\u00e9ixer per poder desenvolupar, implementar i avaluar m\u00e8todes i pr\u00e0ctiques innovadores centrades en els mecanismes d&#8217;orientaci\u00f3 de l&#8217;alumne i accions tutorials per fomentar l&#8217;educaci\u00f3 inclusiva dels joves que abandonen prematurament o que estan en risc d&#8217;abandonar prematurament els seus estudis, ja sigui en contextos educatius formals com no formals.<\/p>\n<p>&nbsp;<\/p>\n<p><a href=\"https:\/\/docs.google.com\/forms\/d\/e\/1FAIpQLScFJm10UE4qgT-uJ8o1zZda7ncyzh616ez72flCbcquL81YRA\/viewform\"><br \/>\n<\/a><a href=\"https:\/\/docs.google.com\/forms\/d\/e\/1FAIpQLScFJm10UE4qgT-uJ8o1zZda7ncyzh616ez72flCbcquL81YRA\/viewform\"><img loading=\"lazy\" decoding=\"async\" class=\"aligncenter wp-image-1972 size-full\" src=\"https:\/\/agora.xtec.cat\/instorrasibages\/wp-content\/uploads\/usu1556\/2019\/09\/cuestionario.jpg\" alt=\"\" width=\"425\" height=\"282\" srcset=\"https:\/\/agora.xtec.cat\/instorrasibages\/wp-content\/uploads\/usu1556\/2019\/09\/cuestionario.jpg 425w, https:\/\/agora.xtec.cat\/instorrasibages\/wp-content\/uploads\/usu1556\/2019\/09\/cuestionario-300x199.jpg 300w\" sizes=\"auto, (max-width: 425px) 100vw, 425px\" \/><\/a><\/p>\n","protected":false},"excerpt":{"rendered":"<p>L&#8217;Institut Torras i Bages col\u00b7labora amb la Universitat Aut\u00f2noma de Barcelona (UAB) en el projecte Orienta4YEL, un programa impulsat i finan\u00e7at per la Comissi\u00f3 Europea (Erasmus+) per tal de donar suport a la inclusi\u00f3 educativa i social dels joves amb risc d\u2019abandonar prematurament a trav\u00e9s de mecanismes d\u2019orientaci\u00f3 i acci\u00f3 tutorial. \u00c9s un projecte que [&hellip;]<\/p>\n","protected":false},"author":1,"featured_media":0,"parent":2062,"menu_order":0,"comment_status":"closed","ping_status":"closed","template":"page-templates\/side-menu.php","meta":{"_bbp_topic_count":0,"_bbp_reply_count":0,"_bbp_total_topic_count":0,"_bbp_total_reply_count":0,"_bbp_voice_count":0,"_bbp_anonymous_reply_count":0,"_bbp_topic_count_hidden":0,"_bbp_reply_count_hidden":0,"_bbp_forum_subforum_count":0,"site-sidebar-layout":"default","site-content-layout":"","ast-site-content-layout":"","site-content-style":"default","site-sidebar-style":"default","ast-global-header-display":"","ast-banner-title-visibility":"","ast-main-header-display":"","ast-hfb-above-header-display":"","ast-hfb-below-header-display":"","ast-hfb-mobile-header-display":"","site-post-title":"","ast-breadcrumbs-content":"","ast-featured-img":"","footer-sml-layout":"","theme-transparent-header-meta":"","adv-header-id-meta":"","stick-header-meta":"","header-above-stick-meta":"","header-main-stick-meta":"","header-below-stick-meta":"","astra-migrate-meta-layouts":"default","ast-page-background-enabled":"default","ast-page-background-meta":{"desktop":{"background-color":"var(--ast-global-color-4)","background-image":"","background-repeat":"repeat","background-position":"center center","background-size":"auto","background-attachment":"scroll","background-type":"","background-media":"","overlay-type":"","overlay-color":"","overlay-opacity":"","overlay-gradient":""},"tablet":{"background-color":"","background-image":"","background-repeat":"repeat","background-position":"center center","background-size":"auto","background-attachment":"scroll","background-type":"","background-media":"","overlay-type":"","overlay-color":"","overlay-opacity":"","overlay-gradient":""},"mobile":{"background-color":"","background-image":"","background-repeat":"repeat","background-position":"center center","background-size":"auto","background-attachment":"scroll","background-type":"","background-media":"","overlay-type":"","overlay-color":"","overlay-opacity":"","overlay-gradient":""}},"ast-content-background-meta":{"desktop":{"background-color":"var(--ast-global-color-5)","background-image":"","background-repeat":"repeat","background-position":"center center","background-size":"auto","background-attachment":"scroll","background-type":"","background-media":"","overlay-type":"","overlay-color":"","overlay-opacity":"","overlay-gradient":""},"tablet":{"background-color":"var(--ast-global-color-5)","background-image":"","background-repeat":"repeat","background-position":"center center","background-size":"auto","background-attachment":"scroll","background-type":"","background-media":"","overlay-type":"","overlay-color":"","overlay-opacity":"","overlay-gradient":""},"mobile":{"background-color":"var(--ast-global-color-5)","background-image":"","background-repeat":"repeat","background-position":"center center","background-size":"auto","background-attachment":"scroll","background-type":"","background-media":"","overlay-type":"","overlay-color":"","overlay-opacity":"","overlay-gradient":""}},"footnotes":""},"class_list":["post-1971","page","type-page","status-publish","hentry"],"post_mailing_queue_ids":[],"_links":{"self":[{"href":"https:\/\/agora.xtec.cat\/instorrasibages\/wp-json\/wp\/v2\/pages\/1971","targetHints":{"allow":["GET"]}}],"collection":[{"href":"https:\/\/agora.xtec.cat\/instorrasibages\/wp-json\/wp\/v2\/pages"}],"about":[{"href":"https:\/\/agora.xtec.cat\/instorrasibages\/wp-json\/wp\/v2\/types\/page"}],"author":[{"embeddable":true,"href":"https:\/\/agora.xtec.cat\/instorrasibages\/wp-json\/wp\/v2\/users\/1"}],"replies":[{"embeddable":true,"href":"https:\/\/agora.xtec.cat\/instorrasibages\/wp-json\/wp\/v2\/comments?post=1971"}],"version-history":[{"count":3,"href":"https:\/\/agora.xtec.cat\/instorrasibages\/wp-json\/wp\/v2\/pages\/1971\/revisions"}],"predecessor-version":[{"id":3404,"href":"https:\/\/agora.xtec.cat\/instorrasibages\/wp-json\/wp\/v2\/pages\/1971\/revisions\/3404"}],"up":[{"embeddable":true,"href":"https:\/\/agora.xtec.cat\/instorrasibages\/wp-json\/wp\/v2\/pages\/2062"}],"wp:attachment":[{"href":"https:\/\/agora.xtec.cat\/instorrasibages\/wp-json\/wp\/v2\/media?parent=1971"}],"curies":[{"name":"wp","href":"https:\/\/api.w.org\/{rel}","templated":true}]}}